{"id":9628,"date":"2019-01-16T12:24:08","date_gmt":"2019-01-16T17:24:08","guid":{"rendered":"https:\/\/nelidesign.com\/?page_id=9628"},"modified":"2024-09-24T15:48:04","modified_gmt":"2024-09-24T19:48:04","slug":"confirmation-dinscription","status":"publish","type":"page","link":"https:\/\/nelidesign.com\/fr\/confirmation-dinscription\/","title":{"rendered":"Confirmation d'inscription"},"content":{"rendered":"\n<div style=\"background-color:#e8f5f4;padding-left:2%;padding-right:2%;padding-bottom:1%;padding-top:1%\" class=\"wp-block-genesis-blocks-gb-container gb-block-container\"><div class=\"gb-container-inside\"><div class=\"gb-container-content\">\n<p class=\"has-text-align-center\" style=\"font-size:22px\"><strong> Merci de vous \u00eatre abonn\u00e9! <\/strong><\/p>\n\n\n\n<p class=\"has-text-align-center\" style=\"font-size:22px\"><strong>V\u00c9RIFIEZ VOTRE BO\u00ceTE DE R\u00c9CEPTION<\/strong> pour le prochain courriel! <br>Il contiendra de l'information tr\u00e8s utile pour vous aider \u00e0 <em>cr\u00e9er en toute confiance!<\/em><\/p>\n<\/div><\/div><\/div>\n\n\n\n<hr class=\"wp-block-separator has-text-color has-turquoise-2-color has-css-opacity has-turquoise-2-background-color has-background is-style-wide\"\/>\n\n\n\n<div class=\"wp-block-group\"><div class=\"wp-block-group__inner-container is-layout-constrained wp-block-group-is-layout-constrained\">\n<h2 class=\"wp-block-heading\">Biblioth\u00e8que gratuite<\/h2>\n\n\n\n<p>Cliquez sur le bouton ci-dessous pour acc\u00e9der \u00e0 la biblioth\u00e8que de ressources gratuites de NeliDesign.<\/p>\n\n\n\n<p style=\"font-size:22px\"><strong>Le mot de passe est: nelifree<\/strong><\/p>\n\n\n\n<div class=\"wp-block-buttons is-horizontal is-content-justification-center is-layout-flex wp-container-core-buttons-is-layout-03627597 wp-block-buttons-is-layout-flex\">\n<div class=\"wp-block-button\"><a class=\"wp-block-button__link has-white-color has-text-color has-background has-link-color wp-element-button\" href=\"https:\/\/nelidesign.com\/fr\/bibliotheque-gratuite\/\" style=\"border-radius:4px;background-color:#f89a31\"><strong>Acc\u00e9dez \u00e0 la biblioth\u00e8que de NeliDesign ici<\/strong><\/a><\/div>\n<\/div>\n\n\n\n<p>** Enregistrez le lien dans votre navigateur pour la prochaine fois!<\/p>\n\n\n\n<hr class=\"wp-block-separator has-text-color has-turquoise-2-color has-css-opacity has-turquoise-2-background-color has-background is-style-wide\"\/>\n<\/div><\/div>\n\n\n\n<div class=\"wp-block-group\"><div class=\"wp-block-group__inner-container is-layout-constrained wp-block-group-is-layout-constrained\">\n<h2 class=\"wp-block-heading\">Groupe Facebook<\/h2>\n\n\n\n<p>Vous pouvez \u00e9galement faire une demande pour adh\u00e9rer au Groupe Facebook* \"Cr\u00e9er en toute confiance avec Cricut par NeliDesign\" en utilisant le m\u00eame mot de passe (nelifree) :<\/p>\n\n\n\n<div class=\"wp-block-buttons is-content-justification-center is-layout-flex wp-container-core-buttons-is-layout-a89b3969 wp-block-buttons-is-layout-flex\">\n<div class=\"wp-block-button\"><a class=\"wp-block-button__link has-white-color has-text-color has-background has-link-color wp-element-button\" href=\"https:\/\/www.facebook.com\/groups\/creerentouteconfiancecricut\" style=\"border-radius:4px;background-color:#f89a31\"><strong>Adh\u00e9rez au groupe Facebook ici<\/strong><\/a><\/div>\n<\/div>\n\n\n\n<p>*Ce groupe Facebook n'est pas simplement \"juste un autre groupe Facebook\". J'y suis particuli\u00e8rement active et mon \u00e9quipe et moi prenons soin de r\u00e9pondre \u00e0 vos questions avec attention. Les publications sont scrut\u00e9es \u00e0 la loupe pour s'assurer du respect des r\u00e8gles et de la bienveillance de tous. Un mot passe ou une adresse mail est requise pour y acc\u00e9der ce qui \u00e9limine la majorit\u00e9 des spams qu'on retrouve dans les autres groupes! Alors n'h\u00e9sitez pas \u00e0 le joindre vous aussi!<\/p>\n\n\n\n<hr class=\"wp-block-separator has-text-color has-turquoise-2-color has-css-opacity has-turquoise-2-background-color has-background is-style-wide\"\/>\n<\/div><\/div>\n\n\n\n<div class=\"wp-block-group\"><div class=\"wp-block-group__inner-container is-layout-constrained wp-block-group-is-layout-constrained\">\n<h2 class=\"wp-block-heading\">Ne manquez pas ces projets populaires<\/h2>\n\n\n\n<figure class=\"wp-block-embed is-type-video is-provider-youtube wp-block-embed-youtube wp-embed-aspect-16-9 wp-has-aspect-ratio\"><div class=\"wp-block-embed__wrapper\">\n<iframe title=\"Wrap pour verres canettes de bi\u00e8re et vinyle qui change de couleur\" width=\"500\" height=\"281\" src=\"https:\/\/www.youtube.com\/embed\/wNMqW8ZI5rg?feature=oembed\" frameborder=\"0\" allow=\"accelerometer; autoplay; clipboard-write; encrypted-media; gyroscope; picture-in-picture; web-share\" referrerpolicy=\"strict-origin-when-cross-origin\" allowfullscreen><\/iframe>\n<\/div><\/figure>\n\n\n\n<div class=\"wp-block-group has-gris-tres-pale-background-color has-background\"><div class=\"wp-block-group__inner-container is-layout-flow wp-block-group-is-layout-flow\">\n<p class=\"has-text-align-center\">Pour ne rien manquez inscrivez-vous \u00e0 ma cha\u00eene YouTube<\/p>\n\n\n\n<div class=\"wp-block-buttons is-horizontal is-content-justification-center is-layout-flex wp-container-core-buttons-is-layout-03627597 wp-block-buttons-is-layout-flex\">\n<div class=\"wp-block-button\"><a class=\"wp-block-button__link has-background wp-element-button\" href=\"https:\/\/www.youtube.com\/nelidesignenfrancais?sub_confirmation=1\" style=\"border-radius:4px;background-color:#f89a31\" target=\"_blank\" rel=\"noreferrer noopener\"><strong>Inscrivez \u00e0 ma cha\u00eene YouTube ici<\/strong><\/a><\/div>\n<\/div>\n<\/div><\/div>\n\n\n\n<figure class=\"wp-block-embed is-type-video is-provider-youtube wp-block-embed-youtube wp-embed-aspect-16-9 wp-has-aspect-ratio\"><div class=\"wp-block-embed__wrapper\">\n<iframe title=\"Vinyle phosphorescent ou Glow-in-the-dark: R\u00e9aliser un t-shirt pour enfant amusant\" width=\"500\" height=\"281\" src=\"https:\/\/www.youtube.com\/embed\/DSDup_bvYEY?feature=oembed\" frameborder=\"0\" allow=\"accelerometer; autoplay; clipboard-write; encrypted-media; gyroscope; picture-in-picture; web-share\" referrerpolicy=\"strict-origin-when-cross-origin\" allowfullscreen><\/iframe>\n<\/div><\/figure>\n<\/div><\/div>\n","protected":false},"excerpt":{"rendered":"<p>Biblioth\u00e8que gratuite Cliquez sur le bouton ci-dessous pour acc\u00e9der \u00e0 la biblioth\u00e8que de ressources gratuites de NeliDesign. Le mot de passe est: nelifree ** Enregistrez le lien dans votre navigateur pour la prochaine fois! Groupe Facebook Vous pouvez \u00e9galement faire une demande pour adh\u00e9rer au Groupe Facebook* \"Cr\u00e9er en toute confiance avec Cricut par NeliDesign\" [&hellip;]<\/p>\n","protected":false},"author":1,"featured_media":0,"parent":0,"menu_order":0,"comment_status":"closed","ping_status":"closed","template":"","meta":{"_genesis_hide_title":false,"_genesis_hide_breadcrumbs":false,"_genesis_hide_singular_image":false,"_genesis_hide_footer_widgets":false,"_genesis_custom_body_class":"","_genesis_custom_post_class":"","_genesis_layout":"","footnotes":""},"class_list":{"0":"post-9628","1":"page","2":"type-page","3":"status-publish","5":"entry"},"yoast_head":"<!-- This site is optimized with the Yoast SEO plugin v27.4 - https:\/\/yoast.com\/product\/yoast-seo-wordpress\/ -->\n<title>Confirmation d&#039;inscription - NeliDesign<\/title>\n<meta name=\"robots\" content=\"index, follow, max-snippet:-1, max-image-preview:large, max-video-preview:-1\" \/>\n<link rel=\"canonical\" href=\"https:\/\/nelidesign.com\/fr\/confirmation-dinscription\/\" \/>\n<meta property=\"og:locale\" content=\"fr_FR\" \/>\n<meta property=\"og:type\" content=\"article\" \/>\n<meta property=\"og:title\" content=\"Confirmation d&#039;inscription - NeliDesign\" \/>\n<meta property=\"og:description\" content=\"Biblioth\u00e8que gratuite Cliquez sur le bouton ci-dessous pour acc\u00e9der \u00e0 la biblioth\u00e8que de ressources gratuites de NeliDesign. Le mot de passe est: nelifree ** Enregistrez le lien dans votre navigateur pour la prochaine fois! Groupe Facebook Vous pouvez \u00e9galement faire une demande pour adh\u00e9rer au Groupe Facebook* &quot;Cr\u00e9er en toute confiance avec Cricut par NeliDesign&quot; [&hellip;]\" \/>\n<meta property=\"og:url\" content=\"https:\/\/nelidesign.com\/fr\/confirmation-dinscription\/\" \/>\n<meta property=\"og:site_name\" content=\"NeliDesign\" \/>\n<meta property=\"article:publisher\" content=\"https:\/\/www.facebook.com\/Natalie.NeliDesign\/\" \/>\n<meta property=\"article:modified_time\" content=\"2024-09-24T19:48:04+00:00\" \/>\n<meta property=\"og:image\" content=\"https:\/\/nelidesign.com\/wp-content\/uploads\/2020\/11\/Neli-Design-Yoast-FB-1.png\" \/>\n\t<meta property=\"og:image:width\" content=\"1200\" \/>\n\t<meta property=\"og:image:height\" content=\"630\" \/>\n\t<meta property=\"og:image:type\" content=\"image\/png\" \/>\n<meta name=\"twitter:card\" content=\"summary_large_image\" \/>\n<meta name=\"twitter:site\" content=\"@nelidesign\" \/>\n<meta name=\"twitter:label1\" content=\"Dur\u00e9e de lecture estim\u00e9e\" \/>\n\t<meta name=\"twitter:data1\" content=\"1 minute\" \/>\n<script type=\"application\/ld+json\" class=\"yoast-schema-graph\">{\"@context\":\"https:\\\/\\\/schema.org\",\"@graph\":[{\"@type\":\"WebPage\",\"@id\":\"https:\\\/\\\/nelidesign.com\\\/fr\\\/confirmation-dinscription\\\/\",\"url\":\"https:\\\/\\\/nelidesign.com\\\/fr\\\/confirmation-dinscription\\\/\",\"name\":\"Confirmation d'inscription - NeliDesign\",\"isPartOf\":{\"@id\":\"https:\\\/\\\/nelidesign.com\\\/fr\\\/#website\"},\"datePublished\":\"2019-01-16T17:24:08+00:00\",\"dateModified\":\"2024-09-24T19:48:04+00:00\",\"breadcrumb\":{\"@id\":\"https:\\\/\\\/nelidesign.com\\\/fr\\\/confirmation-dinscription\\\/#breadcrumb\"},\"inLanguage\":\"fr-FR\",\"potentialAction\":[{\"@type\":\"ReadAction\",\"target\":[\"https:\\\/\\\/nelidesign.com\\\/fr\\\/confirmation-dinscription\\\/\"]}]},{\"@type\":\"BreadcrumbList\",\"@id\":\"https:\\\/\\\/nelidesign.com\\\/fr\\\/confirmation-dinscription\\\/#breadcrumb\",\"itemListElement\":[{\"@type\":\"ListItem\",\"position\":1,\"name\":\"Home\",\"item\":\"https:\\\/\\\/nelidesign.com\\\/fr\\\/\"},{\"@type\":\"ListItem\",\"position\":2,\"name\":\"Confirmation d'inscription\"}]},{\"@type\":\"WebSite\",\"@id\":\"https:\\\/\\\/nelidesign.com\\\/fr\\\/#website\",\"url\":\"https:\\\/\\\/nelidesign.com\\\/fr\\\/\",\"name\":\"NeliDesign\",\"description\":\"Projets cr\u00e9atifs pour une d\u00e9co qui vous plait\",\"publisher\":{\"@id\":\"https:\\\/\\\/nelidesign.com\\\/fr\\\/#\\\/schema\\\/person\\\/07194ebfb7711949a8cdd1a9da087cdd\"},\"potentialAction\":[{\"@type\":\"SearchAction\",\"target\":{\"@type\":\"EntryPoint\",\"urlTemplate\":\"https:\\\/\\\/nelidesign.com\\\/fr\\\/?s={search_term_string}\"},\"query-input\":{\"@type\":\"PropertyValueSpecification\",\"valueRequired\":true,\"valueName\":\"search_term_string\"}}],\"inLanguage\":\"fr-FR\"},{\"@type\":[\"Person\",\"Organization\"],\"@id\":\"https:\\\/\\\/nelidesign.com\\\/fr\\\/#\\\/schema\\\/person\\\/07194ebfb7711949a8cdd1a9da087cdd\",\"name\":\"Natalie\",\"image\":{\"@type\":\"ImageObject\",\"inLanguage\":\"fr-FR\",\"@id\":\"https:\\\/\\\/nelidesign.com\\\/wp-content\\\/uploads\\\/2021\\\/10\\\/Natalie2021-1.jpg\",\"url\":\"https:\\\/\\\/nelidesign.com\\\/wp-content\\\/uploads\\\/2021\\\/10\\\/Natalie2021-1.jpg\",\"contentUrl\":\"https:\\\/\\\/nelidesign.com\\\/wp-content\\\/uploads\\\/2021\\\/10\\\/Natalie2021-1.jpg\",\"width\":350,\"height\":500,\"caption\":\"Natalie\"},\"logo\":{\"@id\":\"https:\\\/\\\/nelidesign.com\\\/wp-content\\\/uploads\\\/2021\\\/10\\\/Natalie2021-1.jpg\"},\"sameAs\":[\"https:\\\/\\\/nelidesign.com\\\/about-me2\\\/\",\"https:\\\/\\\/www.facebook.com\\\/Natalie.NeliDesign\\\/\",\"https:\\\/\\\/www.instagram.com\\\/Natalie.NeliDesign\\\/\",\"https:\\\/\\\/www.pinterest.com\\\/nelidesign\\\/\",\"https:\\\/\\\/www.youtube.com\\\/nelidesign\"]}]}<\/script>\n<!-- \/ Yoast SEO plugin. -->","yoast_head_json":{"title":"Confirmation d'inscription - NeliDesign","robots":{"index":"index","follow":"follow","max-snippet":"max-snippet:-1","max-image-preview":"max-image-preview:large","max-video-preview":"max-video-preview:-1"},"canonical":"https:\/\/nelidesign.com\/fr\/confirmation-dinscription\/","og_locale":"fr_FR","og_type":"article","og_title":"Confirmation d'inscription - NeliDesign","og_description":"Biblioth\u00e8que gratuite Cliquez sur le bouton ci-dessous pour acc\u00e9der \u00e0 la biblioth\u00e8que de ressources gratuites de NeliDesign. Le mot de passe est: nelifree ** Enregistrez le lien dans votre navigateur pour la prochaine fois! Groupe Facebook Vous pouvez \u00e9galement faire une demande pour adh\u00e9rer au Groupe Facebook* \"Cr\u00e9er en toute confiance avec Cricut par NeliDesign\" [&hellip;]","og_url":"https:\/\/nelidesign.com\/fr\/confirmation-dinscription\/","og_site_name":"NeliDesign","article_publisher":"https:\/\/www.facebook.com\/Natalie.NeliDesign\/","article_modified_time":"2024-09-24T19:48:04+00:00","og_image":[{"width":1200,"height":630,"url":"https:\/\/nelidesign.com\/wp-content\/uploads\/2020\/11\/Neli-Design-Yoast-FB-1.png","type":"image\/png"}],"twitter_card":"summary_large_image","twitter_site":"@nelidesign","twitter_misc":{"Dur\u00e9e de lecture estim\u00e9e":"1 minute"},"schema":{"@context":"https:\/\/schema.org","@graph":[{"@type":"WebPage","@id":"https:\/\/nelidesign.com\/fr\/confirmation-dinscription\/","url":"https:\/\/nelidesign.com\/fr\/confirmation-dinscription\/","name":"Confirmation d'inscription - NeliDesign","isPartOf":{"@id":"https:\/\/nelidesign.com\/fr\/#website"},"datePublished":"2019-01-16T17:24:08+00:00","dateModified":"2024-09-24T19:48:04+00:00","breadcrumb":{"@id":"https:\/\/nelidesign.com\/fr\/confirmation-dinscription\/#breadcrumb"},"inLanguage":"fr-FR","potentialAction":[{"@type":"ReadAction","target":["https:\/\/nelidesign.com\/fr\/confirmation-dinscription\/"]}]},{"@type":"BreadcrumbList","@id":"https:\/\/nelidesign.com\/fr\/confirmation-dinscription\/#breadcrumb","itemListElement":[{"@type":"ListItem","position":1,"name":"Home","item":"https:\/\/nelidesign.com\/fr\/"},{"@type":"ListItem","position":2,"name":"Confirmation d'inscription"}]},{"@type":"WebSite","@id":"https:\/\/nelidesign.com\/fr\/#website","url":"https:\/\/nelidesign.com\/fr\/","name":"NeliDesign","description":"Projets cr\u00e9atifs pour une d\u00e9co qui vous plait","publisher":{"@id":"https:\/\/nelidesign.com\/fr\/#\/schema\/person\/07194ebfb7711949a8cdd1a9da087cdd"},"potentialAction":[{"@type":"SearchAction","target":{"@type":"EntryPoint","urlTemplate":"https:\/\/nelidesign.com\/fr\/?s={search_term_string}"},"query-input":{"@type":"PropertyValueSpecification","valueRequired":true,"valueName":"search_term_string"}}],"inLanguage":"fr-FR"},{"@type":["Person","Organization"],"@id":"https:\/\/nelidesign.com\/fr\/#\/schema\/person\/07194ebfb7711949a8cdd1a9da087cdd","name":"Natalie","image":{"@type":"ImageObject","inLanguage":"fr-FR","@id":"https:\/\/nelidesign.com\/wp-content\/uploads\/2021\/10\/Natalie2021-1.jpg","url":"https:\/\/nelidesign.com\/wp-content\/uploads\/2021\/10\/Natalie2021-1.jpg","contentUrl":"https:\/\/nelidesign.com\/wp-content\/uploads\/2021\/10\/Natalie2021-1.jpg","width":350,"height":500,"caption":"Natalie"},"logo":{"@id":"https:\/\/nelidesign.com\/wp-content\/uploads\/2021\/10\/Natalie2021-1.jpg"},"sameAs":["https:\/\/nelidesign.com\/about-me2\/","https:\/\/www.facebook.com\/Natalie.NeliDesign\/","https:\/\/www.instagram.com\/Natalie.NeliDesign\/","https:\/\/www.pinterest.com\/nelidesign\/","https:\/\/www.youtube.com\/nelidesign"]}]}},"featured_image_src":null,"featured_image_src_square":null,"_links":{"self":[{"href":"https:\/\/nelidesign.com\/fr\/wp-json\/wp\/v2\/pages\/9628","targetHints":{"allow":["GET"]}}],"collection":[{"href":"https:\/\/nelidesign.com\/fr\/wp-json\/wp\/v2\/pages"}],"about":[{"href":"https:\/\/nelidesign.com\/fr\/wp-json\/wp\/v2\/types\/page"}],"author":[{"embeddable":true,"href":"https:\/\/nelidesign.com\/fr\/wp-json\/wp\/v2\/users\/1"}],"replies":[{"embeddable":true,"href":"https:\/\/nelidesign.com\/fr\/wp-json\/wp\/v2\/comments?post=9628"}],"version-history":[{"count":13,"href":"https:\/\/nelidesign.com\/fr\/wp-json\/wp\/v2\/pages\/9628\/revisions"}],"predecessor-version":[{"id":43211,"href":"https:\/\/nelidesign.com\/fr\/wp-json\/wp\/v2\/pages\/9628\/revisions\/43211"}],"wp:attachment":[{"href":"https:\/\/nelidesign.com\/fr\/wp-json\/wp\/v2\/media?parent=9628"}],"curies":[{"name":"wp","href":"https:\/\/api.w.org\/{rel}","templated":true}]}}