{"id":8459,"date":"2018-08-09T07:57:06","date_gmt":"2018-08-09T11:57:06","guid":{"rendered":"https:\/\/nelidesign.com\/?page_id=8459"},"modified":"2021-12-01T11:45:09","modified_gmt":"2021-12-01T16:45:09","slug":"en-francais","status":"publish","type":"page","link":"https:\/\/nelidesign.com\/fr\/en-francais\/","title":{"rendered":"En Fran\u00e7ais"},"content":{"rendered":"\n<p class=\"has-text-align-center\">Votre requ\u00eate pour faire parti&nbsp;de la liste de NeliDesign <strong>en fran\u00e7ais<\/strong> a \u00e9t\u00e9 enregistr\u00e9e.<\/p>\n\n\n\n<p class=\"has-text-align-center\">Veuillez v\u00e9rifier vos&nbsp;courriels. Vous recevrez de nouveau le m\u00eame courriel, mais en fran\u00e7ais!<\/p>\n\n\n\n<p class=\"has-text-align-center\">Merci d'\u00eatre mon VIP et de vivre cette aventure avec moi! \ud83d\ude42<\/p>\n\n\n\n<p class=\"has-text-align-center\"><\/p>\n","protected":false},"excerpt":{"rendered":"<p>Votre requ\u00eate pour faire parti&nbsp;de la liste de NeliDesign en fran\u00e7ais a \u00e9t\u00e9 enregistr\u00e9e. Veuillez v\u00e9rifier vos&nbsp;courriels. Vous recevrez de nouveau le m\u00eame courriel, mais en fran\u00e7ais! Merci d'\u00eatre mon VIP et de vivre cette aventure avec moi! \ud83d\ude42<\/p>\n","protected":false},"author":1,"featured_media":0,"parent":0,"menu_order":0,"comment_status":"closed","ping_status":"closed","template":"","meta":{"_genesis_hide_title":false,"_genesis_hide_breadcrumbs":false,"_genesis_hide_singular_image":false,"_genesis_hide_footer_widgets":false,"_genesis_custom_body_class":"","_genesis_custom_post_class":"","_genesis_layout":"","footnotes":""},"class_list":{"0":"post-8459","1":"page","2":"type-page","3":"status-publish","5":"entry"},"yoast_head":"<!-- This site is optimized with the Yoast SEO plugin v27.2 - https:\/\/yoast.com\/product\/yoast-seo-wordpress\/ -->\n<title>En Fran\u00e7ais - NeliDesign<\/title>\n<meta name=\"robots\" content=\"index, follow, max-snippet:-1, max-image-preview:large, max-video-preview:-1\" \/>\n<link rel=\"canonical\" href=\"https:\/\/nelidesign.com\/fr\/en-francais\/\" \/>\n<meta property=\"og:locale\" content=\"fr_FR\" \/>\n<meta property=\"og:type\" content=\"article\" \/>\n<meta property=\"og:title\" content=\"En Fran\u00e7ais - NeliDesign\" \/>\n<meta property=\"og:description\" content=\"Votre requ\u00eate pour faire parti&nbsp;de la liste de NeliDesign en fran\u00e7ais a \u00e9t\u00e9 enregistr\u00e9e. Veuillez v\u00e9rifier vos&nbsp;courriels. Vous recevrez de nouveau le m\u00eame courriel, mais en fran\u00e7ais! Merci d&#039;\u00eatre mon VIP et de vivre cette aventure avec moi! \ud83d\ude42\" \/>\n<meta property=\"og:url\" content=\"https:\/\/nelidesign.com\/fr\/en-francais\/\" \/>\n<meta property=\"og:site_name\" content=\"NeliDesign\" \/>\n<meta property=\"article:publisher\" content=\"https:\/\/www.facebook.com\/Natalie.NeliDesign\/\" \/>\n<meta property=\"article:modified_time\" content=\"2021-12-01T16:45:09+00:00\" \/>\n<meta property=\"og:image\" content=\"https:\/\/nelidesign.com\/wp-content\/uploads\/2020\/11\/Neli-Design-Yoast-FB-1.png\" \/>\n\t<meta property=\"og:image:width\" content=\"1200\" \/>\n\t<meta property=\"og:image:height\" content=\"630\" \/>\n\t<meta property=\"og:image:type\" content=\"image\/png\" \/>\n<meta name=\"twitter:card\" content=\"summary_large_image\" \/>\n<meta name=\"twitter:site\" content=\"@nelidesign\" \/>\n<meta name=\"twitter:label1\" content=\"Dur\u00e9e de lecture estim\u00e9e\" \/>\n\t<meta name=\"twitter:data1\" content=\"1 minute\" \/>\n<script type=\"application\/ld+json\" class=\"yoast-schema-graph\">{\"@context\":\"https:\/\/schema.org\",\"@graph\":[{\"@type\":\"WebPage\",\"@id\":\"https:\/\/nelidesign.com\/fr\/en-francais\/\",\"url\":\"https:\/\/nelidesign.com\/fr\/en-francais\/\",\"name\":\"En Fran\u00e7ais - NeliDesign\",\"isPartOf\":{\"@id\":\"https:\/\/nelidesign.com\/fr\/#website\"},\"datePublished\":\"2018-08-09T11:57:06+00:00\",\"dateModified\":\"2021-12-01T16:45:09+00:00\",\"breadcrumb\":{\"@id\":\"https:\/\/nelidesign.com\/fr\/en-francais\/#breadcrumb\"},\"inLanguage\":\"fr-FR\",\"potentialAction\":[{\"@type\":\"ReadAction\",\"target\":[\"https:\/\/nelidesign.com\/fr\/en-francais\/\"]}]},{\"@type\":\"BreadcrumbList\",\"@id\":\"https:\/\/nelidesign.com\/fr\/en-francais\/#breadcrumb\",\"itemListElement\":[{\"@type\":\"ListItem\",\"position\":1,\"name\":\"Home\",\"item\":\"https:\/\/nelidesign.com\/fr\/\"},{\"@type\":\"ListItem\",\"position\":2,\"name\":\"En Fran\u00e7ais\"}]},{\"@type\":\"WebSite\",\"@id\":\"https:\/\/nelidesign.com\/fr\/#website\",\"url\":\"https:\/\/nelidesign.com\/fr\/\",\"name\":\"NeliDesign\",\"description\":\"Projets cr\u00e9atifs pour une d\u00e9co qui vous plait\",\"publisher\":{\"@id\":\"https:\/\/nelidesign.com\/fr\/#\/schema\/person\/07194ebfb7711949a8cdd1a9da087cdd\"},\"potentialAction\":[{\"@type\":\"SearchAction\",\"target\":{\"@type\":\"EntryPoint\",\"urlTemplate\":\"https:\/\/nelidesign.com\/fr\/?s={search_term_string}\"},\"query-input\":{\"@type\":\"PropertyValueSpecification\",\"valueRequired\":true,\"valueName\":\"search_term_string\"}}],\"inLanguage\":\"fr-FR\"},{\"@type\":[\"Person\",\"Organization\"],\"@id\":\"https:\/\/nelidesign.com\/fr\/#\/schema\/person\/07194ebfb7711949a8cdd1a9da087cdd\",\"name\":\"Natalie\",\"image\":{\"@type\":\"ImageObject\",\"inLanguage\":\"fr-FR\",\"@id\":\"https:\/\/nelidesign.com\/wp-content\/uploads\/2021\/10\/Natalie2021-1.jpg\",\"url\":\"https:\/\/nelidesign.com\/wp-content\/uploads\/2021\/10\/Natalie2021-1.jpg\",\"contentUrl\":\"https:\/\/nelidesign.com\/wp-content\/uploads\/2021\/10\/Natalie2021-1.jpg\",\"width\":350,\"height\":500,\"caption\":\"Natalie\"},\"logo\":{\"@id\":\"https:\/\/nelidesign.com\/wp-content\/uploads\/2021\/10\/Natalie2021-1.jpg\"},\"sameAs\":[\"https:\/\/nelidesign.com\/about-me2\/\",\"https:\/\/www.facebook.com\/Natalie.NeliDesign\/\",\"https:\/\/www.instagram.com\/Natalie.NeliDesign\/\",\"https:\/\/www.pinterest.com\/nelidesign\/\",\"https:\/\/www.youtube.com\/nelidesign\"]}]}<\/script>\n<!-- \/ Yoast SEO plugin. -->","yoast_head_json":{"title":"En Fran\u00e7ais - NeliDesign","robots":{"index":"index","follow":"follow","max-snippet":"max-snippet:-1","max-image-preview":"max-image-preview:large","max-video-preview":"max-video-preview:-1"},"canonical":"https:\/\/nelidesign.com\/fr\/en-francais\/","og_locale":"fr_FR","og_type":"article","og_title":"En Fran\u00e7ais - NeliDesign","og_description":"Votre requ\u00eate pour faire parti&nbsp;de la liste de NeliDesign en fran\u00e7ais a \u00e9t\u00e9 enregistr\u00e9e. Veuillez v\u00e9rifier vos&nbsp;courriels. Vous recevrez de nouveau le m\u00eame courriel, mais en fran\u00e7ais! Merci d'\u00eatre mon VIP et de vivre cette aventure avec moi! \ud83d\ude42","og_url":"https:\/\/nelidesign.com\/fr\/en-francais\/","og_site_name":"NeliDesign","article_publisher":"https:\/\/www.facebook.com\/Natalie.NeliDesign\/","article_modified_time":"2021-12-01T16:45:09+00:00","og_image":[{"width":1200,"height":630,"url":"https:\/\/nelidesign.com\/wp-content\/uploads\/2020\/11\/Neli-Design-Yoast-FB-1.png","type":"image\/png"}],"twitter_card":"summary_large_image","twitter_site":"@nelidesign","twitter_misc":{"Dur\u00e9e de lecture estim\u00e9e":"1 minute"},"schema":{"@context":"https:\/\/schema.org","@graph":[{"@type":"WebPage","@id":"https:\/\/nelidesign.com\/fr\/en-francais\/","url":"https:\/\/nelidesign.com\/fr\/en-francais\/","name":"En Fran\u00e7ais - NeliDesign","isPartOf":{"@id":"https:\/\/nelidesign.com\/fr\/#website"},"datePublished":"2018-08-09T11:57:06+00:00","dateModified":"2021-12-01T16:45:09+00:00","breadcrumb":{"@id":"https:\/\/nelidesign.com\/fr\/en-francais\/#breadcrumb"},"inLanguage":"fr-FR","potentialAction":[{"@type":"ReadAction","target":["https:\/\/nelidesign.com\/fr\/en-francais\/"]}]},{"@type":"BreadcrumbList","@id":"https:\/\/nelidesign.com\/fr\/en-francais\/#breadcrumb","itemListElement":[{"@type":"ListItem","position":1,"name":"Home","item":"https:\/\/nelidesign.com\/fr\/"},{"@type":"ListItem","position":2,"name":"En Fran\u00e7ais"}]},{"@type":"WebSite","@id":"https:\/\/nelidesign.com\/fr\/#website","url":"https:\/\/nelidesign.com\/fr\/","name":"NeliDesign","description":"Projets cr\u00e9atifs pour une d\u00e9co qui vous plait","publisher":{"@id":"https:\/\/nelidesign.com\/fr\/#\/schema\/person\/07194ebfb7711949a8cdd1a9da087cdd"},"potentialAction":[{"@type":"SearchAction","target":{"@type":"EntryPoint","urlTemplate":"https:\/\/nelidesign.com\/fr\/?s={search_term_string}"},"query-input":{"@type":"PropertyValueSpecification","valueRequired":true,"valueName":"search_term_string"}}],"inLanguage":"fr-FR"},{"@type":["Person","Organization"],"@id":"https:\/\/nelidesign.com\/fr\/#\/schema\/person\/07194ebfb7711949a8cdd1a9da087cdd","name":"Natalie","image":{"@type":"ImageObject","inLanguage":"fr-FR","@id":"https:\/\/nelidesign.com\/wp-content\/uploads\/2021\/10\/Natalie2021-1.jpg","url":"https:\/\/nelidesign.com\/wp-content\/uploads\/2021\/10\/Natalie2021-1.jpg","contentUrl":"https:\/\/nelidesign.com\/wp-content\/uploads\/2021\/10\/Natalie2021-1.jpg","width":350,"height":500,"caption":"Natalie"},"logo":{"@id":"https:\/\/nelidesign.com\/wp-content\/uploads\/2021\/10\/Natalie2021-1.jpg"},"sameAs":["https:\/\/nelidesign.com\/about-me2\/","https:\/\/www.facebook.com\/Natalie.NeliDesign\/","https:\/\/www.instagram.com\/Natalie.NeliDesign\/","https:\/\/www.pinterest.com\/nelidesign\/","https:\/\/www.youtube.com\/nelidesign"]}]}},"featured_image_src":null,"featured_image_src_square":null,"_links":{"self":[{"href":"https:\/\/nelidesign.com\/fr\/wp-json\/wp\/v2\/pages\/8459","targetHints":{"allow":["GET"]}}],"collection":[{"href":"https:\/\/nelidesign.com\/fr\/wp-json\/wp\/v2\/pages"}],"about":[{"href":"https:\/\/nelidesign.com\/fr\/wp-json\/wp\/v2\/types\/page"}],"author":[{"embeddable":true,"href":"https:\/\/nelidesign.com\/fr\/wp-json\/wp\/v2\/users\/1"}],"replies":[{"embeddable":true,"href":"https:\/\/nelidesign.com\/fr\/wp-json\/wp\/v2\/comments?post=8459"}],"version-history":[{"count":2,"href":"https:\/\/nelidesign.com\/fr\/wp-json\/wp\/v2\/pages\/8459\/revisions"}],"predecessor-version":[{"id":24626,"href":"https:\/\/nelidesign.com\/fr\/wp-json\/wp\/v2\/pages\/8459\/revisions\/24626"}],"wp:attachment":[{"href":"https:\/\/nelidesign.com\/fr\/wp-json\/wp\/v2\/media?parent=8459"}],"curies":[{"name":"wp","href":"https:\/\/api.w.org\/{rel}","templated":true}]}}