{"id":5842,"date":"2017-06-17T15:05:14","date_gmt":"2017-06-17T19:05:14","guid":{"rendered":"https:\/\/nelidesign.com\/divulgation\/"},"modified":"2024-02-02T16:32:48","modified_gmt":"2024-02-02T21:32:48","slug":"divulgation","status":"publish","type":"page","link":"https:\/\/nelidesign.com\/fr\/divulgation\/","title":{"rendered":"Divulgation"},"content":{"rendered":"\n<h2 class=\"wp-block-heading\"><span data-blogger-escaped-style=\"font-size: x-large; font-weight: normal;\">Politique de divulgation<\/span><\/h2>\n\n\n\n<p>Cette politique est valide \u00e0 partir du 03 mai 2017<\/p>\n\n\n\n<p>Ce Site est un blogue personnel \u00e9crit et \u00e9dit\u00e9 par moi. Pour toute question sur ce Site, contactez\u00a0<span data-blogger-escaped-style=\"color: #111111;\">\u00a0<\/span><span style=\"font-weight: 400;\">info{arobas}nelidesign{point}com<\/span>.<\/p>\n\n\n\n<h2 class=\"wp-block-heading\">Amazon<\/h2>\n\n\n\n<p><span data-blogger-escaped-style=\"background-color: white; color: #111111;\">NeliDesign est un participant \u00e0 Amazon Services LLC Associates Program, &nbsp;un programme publicitaire d'affili\u00e9s con\u00e7u pour fournir un moyen pour les sites de gagner des frais de publicit\u00e9, en faisant de la publicit\u00e9 et en faisant des liens <a href=\"http:\/\/www.amazon.com\" target=\"_blank\" rel=\"noopener\">Amazon.com<\/a> En tant qu'Associ\u00e9 (Associate) Amazon, je gagne des revenus gr\u00e2ce aux achats \u00e9ligibles.<\/span><\/p>\n\n\n\n<p>Ma participation au programme d'affiliation n'influence pas ma d\u00e9cision quant aux produits que je partage. Je n'utilise que des \u00e9l\u00e9ments auxquels je crois et que je r\u00e9f\u00e8rerais m\u00eame sans aucun lien d'affili\u00e9.<\/p>\n\n\n\n<h2 class=\"wp-block-heading\">Autres<\/h2>\n\n\n\n<p>Ce Site accepte des formes de publicit\u00e9 en esp\u00e8ces, de parrainage, d'insertions pay\u00e9es ou d'autres formes de compensation.<\/p>\n\n\n\n<p>La compensation re\u00e7ue peut influer sur le contenu publicitaire, les sujets ou les publications r\u00e9alis\u00e9es dans ce site. Le contenu, l'espace publicitaire ou la publication peuvent ne pas toujours \u00eatre identifi\u00e9s comme un contenu payant ou parrain\u00e9.<\/p>\n\n\n\n<p>Le propri\u00e9taire de ce site est compens\u00e9 pour fournir des avis sur les produits, les services, les sites Web et divers autres sujets. M\u00eame si le propri\u00e9taire de ce site re\u00e7oit une compensation pour nos publications ou publicit\u00e9s, nous donnons toujours nos opinions, nos constatations, nos croyances ou nos exp\u00e9riences honn\u00eates sur ces sujets ou produits. Les opinions exprim\u00e9es sur ce site appartiennent au propri\u00e9taire. Toute demande de produit, une statistique, une citation ou une autre repr\u00e9sentation concernant un produit ou un service doit \u00eatre v\u00e9rifi\u00e9e avec le fabricant, le fournisseur ou la partie en question.<\/p>\n\n\n\n<p>Ce site ne contient aucun contenu pouvant pr\u00e9senter un conflit d'int\u00e9r\u00eats.<\/p>\n\n\n\n<h2 class=\"wp-block-heading\">D\u00e9sistement<\/h2>\n\n\n\n<p>J'essaie de fournir&nbsp;des explications claires et visuelles pour chaque&nbsp;projet que je r\u00e9alise. Je ne&nbsp;partage que&nbsp;ce&nbsp;qui&nbsp;fonctionne&nbsp;pour moi. Vous devez assumer les risques lorsque vous choisissez d'essayer ces projets vous-m\u00eames.<\/p>\n\n\n\n<p>Je ne&nbsp;suis&nbsp;aucunement&nbsp;responsable&nbsp;de projets r\u00e9alis\u00e9s \u00e0 partir des id\u00e9es et inspirations partag\u00e9es sur NeliDesign.<\/p>\n\n\n\n<p>Je ne suis pas responsable&nbsp;de la publication du contenu de NeliDesign sur&nbsp;d'autres&nbsp;blogues&nbsp;ou site Web sans ma permission.<\/p>\n","protected":false},"excerpt":{"rendered":"<p>Politique de divulgation Cette politique est valide \u00e0 partir du 03 mai 2017 Ce Site est un blogue personnel \u00e9crit et \u00e9dit\u00e9 par moi. Pour toute question sur ce Site, contactez\u00a0\u00a0info{arobas}nelidesign{point}com. Amazon NeliDesign est un participant \u00e0 Amazon Services LLC Associates Program, &nbsp;un programme publicitaire d'affili\u00e9s con\u00e7u pour fournir un moyen pour les sites de [&hellip;]<\/p>\n","protected":false},"author":1,"featured_media":0,"parent":0,"menu_order":0,"comment_status":"closed","ping_status":"closed","template":"","meta":{"_genesis_hide_title":false,"_genesis_hide_breadcrumbs":false,"_genesis_hide_singular_image":false,"_genesis_hide_footer_widgets":false,"_genesis_custom_body_class":"","_genesis_custom_post_class":"","_genesis_layout":"","footnotes":""},"class_list":{"0":"post-5842","1":"page","2":"type-page","3":"status-publish","5":"entry"},"yoast_head":"<!-- This site is optimized with the Yoast SEO plugin v27.2 - https:\/\/yoast.com\/product\/yoast-seo-wordpress\/ -->\n<title>Divulgation - NeliDesign<\/title>\n<meta name=\"robots\" content=\"index, follow, max-snippet:-1, max-image-preview:large, max-video-preview:-1\" \/>\n<link rel=\"canonical\" href=\"https:\/\/nelidesign.com\/fr\/divulgation\/\" \/>\n<meta property=\"og:locale\" content=\"fr_FR\" \/>\n<meta property=\"og:type\" content=\"article\" \/>\n<meta property=\"og:title\" content=\"Divulgation - NeliDesign\" \/>\n<meta property=\"og:description\" content=\"Politique de divulgation Cette politique est valide \u00e0 partir du 03 mai 2017 Ce Site est un blogue personnel \u00e9crit et \u00e9dit\u00e9 par moi. Pour toute question sur ce Site, contactez\u00a0\u00a0info{arobas}nelidesign{point}com. Amazon NeliDesign est un participant \u00e0 Amazon Services LLC Associates Program, &nbsp;un programme publicitaire d&#039;affili\u00e9s con\u00e7u pour fournir un moyen pour les sites de [&hellip;]\" \/>\n<meta property=\"og:url\" content=\"https:\/\/nelidesign.com\/fr\/divulgation\/\" \/>\n<meta property=\"og:site_name\" content=\"NeliDesign\" \/>\n<meta property=\"article:publisher\" content=\"https:\/\/www.facebook.com\/Natalie.NeliDesign\/\" \/>\n<meta property=\"article:modified_time\" content=\"2024-02-02T21:32:48+00:00\" \/>\n<meta property=\"og:image\" content=\"https:\/\/nelidesign.com\/wp-content\/uploads\/2020\/11\/Neli-Design-Yoast-FB-1.png\" \/>\n\t<meta property=\"og:image:width\" content=\"1200\" \/>\n\t<meta property=\"og:image:height\" content=\"630\" \/>\n\t<meta property=\"og:image:type\" content=\"image\/png\" \/>\n<meta name=\"twitter:card\" content=\"summary_large_image\" \/>\n<meta name=\"twitter:site\" content=\"@nelidesign\" \/>\n<meta name=\"twitter:label1\" content=\"Dur\u00e9e de lecture estim\u00e9e\" \/>\n\t<meta name=\"twitter:data1\" content=\"2 minutes\" \/>\n<script type=\"application\/ld+json\" class=\"yoast-schema-graph\">{\"@context\":\"https:\/\/schema.org\",\"@graph\":[{\"@type\":\"WebPage\",\"@id\":\"https:\/\/nelidesign.com\/fr\/divulgation\/\",\"url\":\"https:\/\/nelidesign.com\/fr\/divulgation\/\",\"name\":\"Divulgation - NeliDesign\",\"isPartOf\":{\"@id\":\"https:\/\/nelidesign.com\/fr\/#website\"},\"datePublished\":\"2017-06-17T19:05:14+00:00\",\"dateModified\":\"2024-02-02T21:32:48+00:00\",\"breadcrumb\":{\"@id\":\"https:\/\/nelidesign.com\/fr\/divulgation\/#breadcrumb\"},\"inLanguage\":\"fr-FR\",\"potentialAction\":[{\"@type\":\"ReadAction\",\"target\":[\"https:\/\/nelidesign.com\/fr\/divulgation\/\"]}]},{\"@type\":\"BreadcrumbList\",\"@id\":\"https:\/\/nelidesign.com\/fr\/divulgation\/#breadcrumb\",\"itemListElement\":[{\"@type\":\"ListItem\",\"position\":1,\"name\":\"Home\",\"item\":\"https:\/\/nelidesign.com\/fr\/\"},{\"@type\":\"ListItem\",\"position\":2,\"name\":\"Divulgation\"}]},{\"@type\":\"WebSite\",\"@id\":\"https:\/\/nelidesign.com\/fr\/#website\",\"url\":\"https:\/\/nelidesign.com\/fr\/\",\"name\":\"NeliDesign\",\"description\":\"Projets cr\u00e9atifs pour une d\u00e9co qui vous plait\",\"publisher\":{\"@id\":\"https:\/\/nelidesign.com\/fr\/#\/schema\/person\/07194ebfb7711949a8cdd1a9da087cdd\"},\"potentialAction\":[{\"@type\":\"SearchAction\",\"target\":{\"@type\":\"EntryPoint\",\"urlTemplate\":\"https:\/\/nelidesign.com\/fr\/?s={search_term_string}\"},\"query-input\":{\"@type\":\"PropertyValueSpecification\",\"valueRequired\":true,\"valueName\":\"search_term_string\"}}],\"inLanguage\":\"fr-FR\"},{\"@type\":[\"Person\",\"Organization\"],\"@id\":\"https:\/\/nelidesign.com\/fr\/#\/schema\/person\/07194ebfb7711949a8cdd1a9da087cdd\",\"name\":\"Natalie\",\"image\":{\"@type\":\"ImageObject\",\"inLanguage\":\"fr-FR\",\"@id\":\"https:\/\/nelidesign.com\/wp-content\/uploads\/2021\/10\/Natalie2021-1.jpg\",\"url\":\"https:\/\/nelidesign.com\/wp-content\/uploads\/2021\/10\/Natalie2021-1.jpg\",\"contentUrl\":\"https:\/\/nelidesign.com\/wp-content\/uploads\/2021\/10\/Natalie2021-1.jpg\",\"width\":350,\"height\":500,\"caption\":\"Natalie\"},\"logo\":{\"@id\":\"https:\/\/nelidesign.com\/wp-content\/uploads\/2021\/10\/Natalie2021-1.jpg\"},\"sameAs\":[\"https:\/\/nelidesign.com\/about-me2\/\",\"https:\/\/www.facebook.com\/Natalie.NeliDesign\/\",\"https:\/\/www.instagram.com\/Natalie.NeliDesign\/\",\"https:\/\/www.pinterest.com\/nelidesign\/\",\"https:\/\/www.youtube.com\/nelidesign\"]}]}<\/script>\n<!-- \/ Yoast SEO plugin. -->","yoast_head_json":{"title":"Divulgation - NeliDesign","robots":{"index":"index","follow":"follow","max-snippet":"max-snippet:-1","max-image-preview":"max-image-preview:large","max-video-preview":"max-video-preview:-1"},"canonical":"https:\/\/nelidesign.com\/fr\/divulgation\/","og_locale":"fr_FR","og_type":"article","og_title":"Divulgation - NeliDesign","og_description":"Politique de divulgation Cette politique est valide \u00e0 partir du 03 mai 2017 Ce Site est un blogue personnel \u00e9crit et \u00e9dit\u00e9 par moi. Pour toute question sur ce Site, contactez\u00a0\u00a0info{arobas}nelidesign{point}com. Amazon NeliDesign est un participant \u00e0 Amazon Services LLC Associates Program, &nbsp;un programme publicitaire d'affili\u00e9s con\u00e7u pour fournir un moyen pour les sites de [&hellip;]","og_url":"https:\/\/nelidesign.com\/fr\/divulgation\/","og_site_name":"NeliDesign","article_publisher":"https:\/\/www.facebook.com\/Natalie.NeliDesign\/","article_modified_time":"2024-02-02T21:32:48+00:00","og_image":[{"width":1200,"height":630,"url":"https:\/\/nelidesign.com\/wp-content\/uploads\/2020\/11\/Neli-Design-Yoast-FB-1.png","type":"image\/png"}],"twitter_card":"summary_large_image","twitter_site":"@nelidesign","twitter_misc":{"Dur\u00e9e de lecture estim\u00e9e":"2 minutes"},"schema":{"@context":"https:\/\/schema.org","@graph":[{"@type":"WebPage","@id":"https:\/\/nelidesign.com\/fr\/divulgation\/","url":"https:\/\/nelidesign.com\/fr\/divulgation\/","name":"Divulgation - NeliDesign","isPartOf":{"@id":"https:\/\/nelidesign.com\/fr\/#website"},"datePublished":"2017-06-17T19:05:14+00:00","dateModified":"2024-02-02T21:32:48+00:00","breadcrumb":{"@id":"https:\/\/nelidesign.com\/fr\/divulgation\/#breadcrumb"},"inLanguage":"fr-FR","potentialAction":[{"@type":"ReadAction","target":["https:\/\/nelidesign.com\/fr\/divulgation\/"]}]},{"@type":"BreadcrumbList","@id":"https:\/\/nelidesign.com\/fr\/divulgation\/#breadcrumb","itemListElement":[{"@type":"ListItem","position":1,"name":"Home","item":"https:\/\/nelidesign.com\/fr\/"},{"@type":"ListItem","position":2,"name":"Divulgation"}]},{"@type":"WebSite","@id":"https:\/\/nelidesign.com\/fr\/#website","url":"https:\/\/nelidesign.com\/fr\/","name":"NeliDesign","description":"Projets cr\u00e9atifs pour une d\u00e9co qui vous plait","publisher":{"@id":"https:\/\/nelidesign.com\/fr\/#\/schema\/person\/07194ebfb7711949a8cdd1a9da087cdd"},"potentialAction":[{"@type":"SearchAction","target":{"@type":"EntryPoint","urlTemplate":"https:\/\/nelidesign.com\/fr\/?s={search_term_string}"},"query-input":{"@type":"PropertyValueSpecification","valueRequired":true,"valueName":"search_term_string"}}],"inLanguage":"fr-FR"},{"@type":["Person","Organization"],"@id":"https:\/\/nelidesign.com\/fr\/#\/schema\/person\/07194ebfb7711949a8cdd1a9da087cdd","name":"Natalie","image":{"@type":"ImageObject","inLanguage":"fr-FR","@id":"https:\/\/nelidesign.com\/wp-content\/uploads\/2021\/10\/Natalie2021-1.jpg","url":"https:\/\/nelidesign.com\/wp-content\/uploads\/2021\/10\/Natalie2021-1.jpg","contentUrl":"https:\/\/nelidesign.com\/wp-content\/uploads\/2021\/10\/Natalie2021-1.jpg","width":350,"height":500,"caption":"Natalie"},"logo":{"@id":"https:\/\/nelidesign.com\/wp-content\/uploads\/2021\/10\/Natalie2021-1.jpg"},"sameAs":["https:\/\/nelidesign.com\/about-me2\/","https:\/\/www.facebook.com\/Natalie.NeliDesign\/","https:\/\/www.instagram.com\/Natalie.NeliDesign\/","https:\/\/www.pinterest.com\/nelidesign\/","https:\/\/www.youtube.com\/nelidesign"]}]}},"featured_image_src":null,"featured_image_src_square":null,"_links":{"self":[{"href":"https:\/\/nelidesign.com\/fr\/wp-json\/wp\/v2\/pages\/5842","targetHints":{"allow":["GET"]}}],"collection":[{"href":"https:\/\/nelidesign.com\/fr\/wp-json\/wp\/v2\/pages"}],"about":[{"href":"https:\/\/nelidesign.com\/fr\/wp-json\/wp\/v2\/types\/page"}],"author":[{"embeddable":true,"href":"https:\/\/nelidesign.com\/fr\/wp-json\/wp\/v2\/users\/1"}],"replies":[{"embeddable":true,"href":"https:\/\/nelidesign.com\/fr\/wp-json\/wp\/v2\/comments?post=5842"}],"version-history":[{"count":3,"href":"https:\/\/nelidesign.com\/fr\/wp-json\/wp\/v2\/pages\/5842\/revisions"}],"predecessor-version":[{"id":42339,"href":"https:\/\/nelidesign.com\/fr\/wp-json\/wp\/v2\/pages\/5842\/revisions\/42339"}],"wp:attachment":[{"href":"https:\/\/nelidesign.com\/fr\/wp-json\/wp\/v2\/media?parent=5842"}],"curies":[{"name":"wp","href":"https:\/\/api.w.org\/{rel}","templated":true}]}}