{"id":5840,"date":"2017-06-16T10:33:30","date_gmt":"2017-06-16T14:33:30","guid":{"rendered":"https:\/\/nelidesign.com\/vous-etes-bien-inscrit\/"},"modified":"2021-12-01T11:46:13","modified_gmt":"2021-12-01T16:46:13","slug":"vous-etes-bien-inscrit","status":"publish","type":"page","link":"https:\/\/nelidesign.com\/fr\/vous-etes-bien-inscrit\/","title":{"rendered":"Vous \u00eates bien inscrit!"},"content":{"rendered":"\n<p class=\"has-text-align-center\">Merci pour votre&nbsp;inscription! Il ne&nbsp;vous reste qu'\u00e0 v\u00e9rifier vos courriels pour confirmer le tout!<\/p>\n\n\n\n<p class=\"has-text-align-center\">Le lien&nbsp;et le mot de passe pour la biblioth\u00e8que de NeliDesign vous seront envoy\u00e9s une fois votre inscription confirm\u00e9e.<\/p>\n","protected":false},"excerpt":{"rendered":"<p>Merci pour votre&nbsp;inscription! Il ne&nbsp;vous reste qu'\u00e0 v\u00e9rifier vos courriels pour confirmer le tout! Le lien&nbsp;et le mot de passe pour la biblioth\u00e8que de NeliDesign vous seront envoy\u00e9s une fois votre inscription confirm\u00e9e.<\/p>\n","protected":false},"author":1,"featured_media":0,"parent":0,"menu_order":0,"comment_status":"closed","ping_status":"closed","template":"","meta":{"_genesis_hide_title":false,"_genesis_hide_breadcrumbs":false,"_genesis_hide_singular_image":false,"_genesis_hide_footer_widgets":false,"_genesis_custom_body_class":"","_genesis_custom_post_class":"","_genesis_layout":"","footnotes":""},"class_list":{"0":"post-5840","1":"page","2":"type-page","3":"status-publish","5":"entry"},"yoast_head":"<!-- This site is optimized with the Yoast SEO plugin v27.4 - https:\/\/yoast.com\/product\/yoast-seo-wordpress\/ -->\n<title>Vous \u00eates bien inscrit! - NeliDesign<\/title>\n<meta name=\"robots\" content=\"index, follow, max-snippet:-1, max-image-preview:large, max-video-preview:-1\" \/>\n<link rel=\"canonical\" href=\"https:\/\/nelidesign.com\/fr\/vous-etes-bien-inscrit\/\" \/>\n<meta property=\"og:locale\" content=\"fr_FR\" \/>\n<meta property=\"og:type\" content=\"article\" \/>\n<meta property=\"og:title\" content=\"Vous \u00eates bien inscrit! - NeliDesign\" \/>\n<meta property=\"og:description\" content=\"Merci pour votre&nbsp;inscription! Il ne&nbsp;vous reste qu&#039;\u00e0 v\u00e9rifier vos courriels pour confirmer le tout! Le lien&nbsp;et le mot de passe pour la biblioth\u00e8que de NeliDesign vous seront envoy\u00e9s une fois votre inscription confirm\u00e9e.\" \/>\n<meta property=\"og:url\" content=\"https:\/\/nelidesign.com\/fr\/vous-etes-bien-inscrit\/\" \/>\n<meta property=\"og:site_name\" content=\"NeliDesign\" \/>\n<meta property=\"article:publisher\" content=\"https:\/\/www.facebook.com\/Natalie.NeliDesign\/\" \/>\n<meta property=\"article:modified_time\" content=\"2021-12-01T16:46:13+00:00\" \/>\n<meta property=\"og:image\" content=\"https:\/\/nelidesign.com\/wp-content\/uploads\/2020\/11\/Neli-Design-Yoast-FB-1.png\" \/>\n\t<meta property=\"og:image:width\" content=\"1200\" \/>\n\t<meta property=\"og:image:height\" content=\"630\" \/>\n\t<meta property=\"og:image:type\" content=\"image\/png\" \/>\n<meta name=\"twitter:card\" content=\"summary_large_image\" \/>\n<meta name=\"twitter:site\" content=\"@nelidesign\" \/>\n<meta name=\"twitter:label1\" content=\"Dur\u00e9e de lecture estim\u00e9e\" \/>\n\t<meta name=\"twitter:data1\" content=\"1 minute\" \/>\n<script type=\"application\/ld+json\" class=\"yoast-schema-graph\">{\"@context\":\"https:\\\/\\\/schema.org\",\"@graph\":[{\"@type\":\"WebPage\",\"@id\":\"https:\\\/\\\/nelidesign.com\\\/fr\\\/vous-etes-bien-inscrit\\\/\",\"url\":\"https:\\\/\\\/nelidesign.com\\\/fr\\\/vous-etes-bien-inscrit\\\/\",\"name\":\"Vous \u00eates bien inscrit! - NeliDesign\",\"isPartOf\":{\"@id\":\"https:\\\/\\\/nelidesign.com\\\/fr\\\/#website\"},\"datePublished\":\"2017-06-16T14:33:30+00:00\",\"dateModified\":\"2021-12-01T16:46:13+00:00\",\"breadcrumb\":{\"@id\":\"https:\\\/\\\/nelidesign.com\\\/fr\\\/vous-etes-bien-inscrit\\\/#breadcrumb\"},\"inLanguage\":\"fr-FR\",\"potentialAction\":[{\"@type\":\"ReadAction\",\"target\":[\"https:\\\/\\\/nelidesign.com\\\/fr\\\/vous-etes-bien-inscrit\\\/\"]}]},{\"@type\":\"BreadcrumbList\",\"@id\":\"https:\\\/\\\/nelidesign.com\\\/fr\\\/vous-etes-bien-inscrit\\\/#breadcrumb\",\"itemListElement\":[{\"@type\":\"ListItem\",\"position\":1,\"name\":\"Home\",\"item\":\"https:\\\/\\\/nelidesign.com\\\/fr\\\/\"},{\"@type\":\"ListItem\",\"position\":2,\"name\":\"Vous \u00eates bien inscrit!\"}]},{\"@type\":\"WebSite\",\"@id\":\"https:\\\/\\\/nelidesign.com\\\/fr\\\/#website\",\"url\":\"https:\\\/\\\/nelidesign.com\\\/fr\\\/\",\"name\":\"NeliDesign\",\"description\":\"Projets cr\u00e9atifs pour une d\u00e9co qui vous plait\",\"publisher\":{\"@id\":\"https:\\\/\\\/nelidesign.com\\\/fr\\\/#\\\/schema\\\/person\\\/07194ebfb7711949a8cdd1a9da087cdd\"},\"potentialAction\":[{\"@type\":\"SearchAction\",\"target\":{\"@type\":\"EntryPoint\",\"urlTemplate\":\"https:\\\/\\\/nelidesign.com\\\/fr\\\/?s={search_term_string}\"},\"query-input\":{\"@type\":\"PropertyValueSpecification\",\"valueRequired\":true,\"valueName\":\"search_term_string\"}}],\"inLanguage\":\"fr-FR\"},{\"@type\":[\"Person\",\"Organization\"],\"@id\":\"https:\\\/\\\/nelidesign.com\\\/fr\\\/#\\\/schema\\\/person\\\/07194ebfb7711949a8cdd1a9da087cdd\",\"name\":\"Natalie\",\"image\":{\"@type\":\"ImageObject\",\"inLanguage\":\"fr-FR\",\"@id\":\"https:\\\/\\\/nelidesign.com\\\/wp-content\\\/uploads\\\/2021\\\/10\\\/Natalie2021-1.jpg\",\"url\":\"https:\\\/\\\/nelidesign.com\\\/wp-content\\\/uploads\\\/2021\\\/10\\\/Natalie2021-1.jpg\",\"contentUrl\":\"https:\\\/\\\/nelidesign.com\\\/wp-content\\\/uploads\\\/2021\\\/10\\\/Natalie2021-1.jpg\",\"width\":350,\"height\":500,\"caption\":\"Natalie\"},\"logo\":{\"@id\":\"https:\\\/\\\/nelidesign.com\\\/wp-content\\\/uploads\\\/2021\\\/10\\\/Natalie2021-1.jpg\"},\"sameAs\":[\"https:\\\/\\\/nelidesign.com\\\/about-me2\\\/\",\"https:\\\/\\\/www.facebook.com\\\/Natalie.NeliDesign\\\/\",\"https:\\\/\\\/www.instagram.com\\\/Natalie.NeliDesign\\\/\",\"https:\\\/\\\/www.pinterest.com\\\/nelidesign\\\/\",\"https:\\\/\\\/www.youtube.com\\\/nelidesign\"]}]}<\/script>\n<!-- \/ Yoast SEO plugin. -->","yoast_head_json":{"title":"Vous \u00eates bien inscrit! - NeliDesign","robots":{"index":"index","follow":"follow","max-snippet":"max-snippet:-1","max-image-preview":"max-image-preview:large","max-video-preview":"max-video-preview:-1"},"canonical":"https:\/\/nelidesign.com\/fr\/vous-etes-bien-inscrit\/","og_locale":"fr_FR","og_type":"article","og_title":"Vous \u00eates bien inscrit! - NeliDesign","og_description":"Merci pour votre&nbsp;inscription! Il ne&nbsp;vous reste qu'\u00e0 v\u00e9rifier vos courriels pour confirmer le tout! Le lien&nbsp;et le mot de passe pour la biblioth\u00e8que de NeliDesign vous seront envoy\u00e9s une fois votre inscription confirm\u00e9e.","og_url":"https:\/\/nelidesign.com\/fr\/vous-etes-bien-inscrit\/","og_site_name":"NeliDesign","article_publisher":"https:\/\/www.facebook.com\/Natalie.NeliDesign\/","article_modified_time":"2021-12-01T16:46:13+00:00","og_image":[{"width":1200,"height":630,"url":"https:\/\/nelidesign.com\/wp-content\/uploads\/2020\/11\/Neli-Design-Yoast-FB-1.png","type":"image\/png"}],"twitter_card":"summary_large_image","twitter_site":"@nelidesign","twitter_misc":{"Dur\u00e9e de lecture estim\u00e9e":"1 minute"},"schema":{"@context":"https:\/\/schema.org","@graph":[{"@type":"WebPage","@id":"https:\/\/nelidesign.com\/fr\/vous-etes-bien-inscrit\/","url":"https:\/\/nelidesign.com\/fr\/vous-etes-bien-inscrit\/","name":"Vous \u00eates bien inscrit! - NeliDesign","isPartOf":{"@id":"https:\/\/nelidesign.com\/fr\/#website"},"datePublished":"2017-06-16T14:33:30+00:00","dateModified":"2021-12-01T16:46:13+00:00","breadcrumb":{"@id":"https:\/\/nelidesign.com\/fr\/vous-etes-bien-inscrit\/#breadcrumb"},"inLanguage":"fr-FR","potentialAction":[{"@type":"ReadAction","target":["https:\/\/nelidesign.com\/fr\/vous-etes-bien-inscrit\/"]}]},{"@type":"BreadcrumbList","@id":"https:\/\/nelidesign.com\/fr\/vous-etes-bien-inscrit\/#breadcrumb","itemListElement":[{"@type":"ListItem","position":1,"name":"Home","item":"https:\/\/nelidesign.com\/fr\/"},{"@type":"ListItem","position":2,"name":"Vous \u00eates bien inscrit!"}]},{"@type":"WebSite","@id":"https:\/\/nelidesign.com\/fr\/#website","url":"https:\/\/nelidesign.com\/fr\/","name":"NeliDesign","description":"Projets cr\u00e9atifs pour une d\u00e9co qui vous plait","publisher":{"@id":"https:\/\/nelidesign.com\/fr\/#\/schema\/person\/07194ebfb7711949a8cdd1a9da087cdd"},"potentialAction":[{"@type":"SearchAction","target":{"@type":"EntryPoint","urlTemplate":"https:\/\/nelidesign.com\/fr\/?s={search_term_string}"},"query-input":{"@type":"PropertyValueSpecification","valueRequired":true,"valueName":"search_term_string"}}],"inLanguage":"fr-FR"},{"@type":["Person","Organization"],"@id":"https:\/\/nelidesign.com\/fr\/#\/schema\/person\/07194ebfb7711949a8cdd1a9da087cdd","name":"Natalie","image":{"@type":"ImageObject","inLanguage":"fr-FR","@id":"https:\/\/nelidesign.com\/wp-content\/uploads\/2021\/10\/Natalie2021-1.jpg","url":"https:\/\/nelidesign.com\/wp-content\/uploads\/2021\/10\/Natalie2021-1.jpg","contentUrl":"https:\/\/nelidesign.com\/wp-content\/uploads\/2021\/10\/Natalie2021-1.jpg","width":350,"height":500,"caption":"Natalie"},"logo":{"@id":"https:\/\/nelidesign.com\/wp-content\/uploads\/2021\/10\/Natalie2021-1.jpg"},"sameAs":["https:\/\/nelidesign.com\/about-me2\/","https:\/\/www.facebook.com\/Natalie.NeliDesign\/","https:\/\/www.instagram.com\/Natalie.NeliDesign\/","https:\/\/www.pinterest.com\/nelidesign\/","https:\/\/www.youtube.com\/nelidesign"]}]}},"featured_image_src":null,"featured_image_src_square":null,"_links":{"self":[{"href":"https:\/\/nelidesign.com\/fr\/wp-json\/wp\/v2\/pages\/5840","targetHints":{"allow":["GET"]}}],"collection":[{"href":"https:\/\/nelidesign.com\/fr\/wp-json\/wp\/v2\/pages"}],"about":[{"href":"https:\/\/nelidesign.com\/fr\/wp-json\/wp\/v2\/types\/page"}],"author":[{"embeddable":true,"href":"https:\/\/nelidesign.com\/fr\/wp-json\/wp\/v2\/users\/1"}],"replies":[{"embeddable":true,"href":"https:\/\/nelidesign.com\/fr\/wp-json\/wp\/v2\/comments?post=5840"}],"version-history":[{"count":2,"href":"https:\/\/nelidesign.com\/fr\/wp-json\/wp\/v2\/pages\/5840\/revisions"}],"predecessor-version":[{"id":24628,"href":"https:\/\/nelidesign.com\/fr\/wp-json\/wp\/v2\/pages\/5840\/revisions\/24628"}],"wp:attachment":[{"href":"https:\/\/nelidesign.com\/fr\/wp-json\/wp\/v2\/media?parent=5840"}],"curies":[{"name":"wp","href":"https:\/\/api.w.org\/{rel}","templated":true}]}}