{"id":5836,"date":"2017-04-27T02:28:34","date_gmt":"2017-04-27T02:28:34","guid":{"rendered":"https:\/\/nelidesign.com\/filtrer-par-categorie\/"},"modified":"2021-10-13T17:05:53","modified_gmt":"2021-10-13T21:05:53","slug":"filtrer-par-categorie","status":"publish","type":"page","link":"https:\/\/nelidesign.com\/fr\/filtrer-par-categorie\/","title":{"rendered":"Projets"},"content":{"rendered":"\n<h2 class=\"wp-block-heading\">D\u00e9co<\/h2>\n\n\n<section class=\"gb-block-post-grid featuredpost aligncenter\"><div class=\"gb-post-grid-items is-grid columns-2\"><article id=\"post-44348\" class=\"gb-post-grid-item post-44348 post type-post status-publish format-standard has-post-thumbnail category-autres category-cricut-explore-fr category-cricut-joy-fr category-cricut-maker-fr category-cricut-venture category-derniers-articles category-pour-les-enfants category-saint-valentin entry\"><div class=\"gb-block-post-grid-image\"><a href=\"https:\/\/nelidesign.com\/fr\/tatouages-ephemeres-cricut-guide-complet\/\" rel=\"bookmark\" aria-hidden=\"true\" tabindex=\"-1\"><img decoding=\"async\" fetchpriority=\"high\" width=\"1200\" height=\"1200\" src=\"https:\/\/nelidesign.com\/wp-content\/uploads\/2026\/01\/Feature-tatouages-1.jpg\" class=\"attachment-mv_trellis_4x3 size-mv_trellis_4x3\" alt=\"tatouages \u00e9ph\u00e9m\u00e8res Cricut\" srcset=\"https:\/\/nelidesign.com\/wp-content\/uploads\/2026\/01\/Feature-tatouages-1.jpg 1200w, https:\/\/nelidesign.com\/wp-content\/uploads\/2026\/01\/Feature-tatouages-1-100x100.jpg 100w, https:\/\/nelidesign.com\/wp-content\/uploads\/2026\/01\/Feature-tatouages-1-768x768.jpg 768w, https:\/\/nelidesign.com\/wp-content\/uploads\/2026\/01\/Feature-tatouages-1-600x600.jpg 600w, https:\/\/nelidesign.com\/wp-content\/uploads\/2026\/01\/Feature-tatouages-1-720x720.jpg 720w, https:\/\/nelidesign.com\/wp-content\/uploads\/2026\/01\/Feature-tatouages-1-360x360.jpg 360w, https:\/\/nelidesign.com\/wp-content\/uploads\/2026\/01\/Feature-tatouages-1-180x180.jpg 180w\" sizes=\"(max-width: 1200px) 100vw, 1200px\" \/><\/a><\/div><div class=\"gb-block-post-grid-text\"><header class=\"gb-block-post-grid-header\"><h3 class=\"gb-block-post-grid-title\"><a href=\"https:\/\/nelidesign.com\/fr\/tatouages-ephemeres-cricut-guide-complet\/\" rel=\"bookmark\">Comment faire des tatouages \u00e9ph\u00e9m\u00e8res avec Cricut : guide complet<\/a><\/h3><div class=\"gb-block-post-grid-byline\"><\/div><\/header><div class=\"gb-block-post-grid-excerpt\"><p>Vous avez envie de cr\u00e9er des tatouages temporaires personnalis\u00e9s avec\u2026<\/p>\n<p><a class=\"gb-block-post-grid-more-link gb-text-link\" href=\"https:\/\/nelidesign.com\/fr\/tatouages-ephemeres-cricut-guide-complet\/\" rel=\"bookmark\">Continuer la lecture <span class=\"screen-reader-text\">Comment faire des tatouages \u00e9ph\u00e9m\u00e8res avec Cricut : guide complet<\/span><\/a><\/p><\/div><\/div><\/article>\n<article id=\"post-44268\" class=\"gb-post-grid-item post-44268 post type-post status-publish format-standard has-post-thumbnail category-bricolage category-cricut-explore-fr category-cricut-joy-fr category-cricut-maker-fr category-cricut-venture entry\"><div class=\"gb-block-post-grid-image\"><a href=\"https:\/\/nelidesign.com\/fr\/fabriquer-wobbler-diy\/\" rel=\"bookmark\" aria-hidden=\"true\" tabindex=\"-1\"><img decoding=\"async\" width=\"1200\" height=\"1200\" src=\"https:\/\/nelidesign.com\/wp-content\/uploads\/2025\/11\/DIY-Wobbler.jpg\" class=\"attachment-mv_trellis_4x3 size-mv_trellis_4x3\" alt=\"DIY wobbler ressort\" srcset=\"https:\/\/nelidesign.com\/wp-content\/uploads\/2025\/11\/DIY-Wobbler.jpg 1200w, https:\/\/nelidesign.com\/wp-content\/uploads\/2025\/11\/DIY-Wobbler-100x100.jpg 100w, https:\/\/nelidesign.com\/wp-content\/uploads\/2025\/11\/DIY-Wobbler-768x768.jpg 768w, https:\/\/nelidesign.com\/wp-content\/uploads\/2025\/11\/DIY-Wobbler-600x600.jpg 600w, https:\/\/nelidesign.com\/wp-content\/uploads\/2025\/11\/DIY-Wobbler-720x720.jpg 720w, https:\/\/nelidesign.com\/wp-content\/uploads\/2025\/11\/DIY-Wobbler-360x360.jpg 360w, https:\/\/nelidesign.com\/wp-content\/uploads\/2025\/11\/DIY-Wobbler-180x180.jpg 180w\" sizes=\"(max-width: 1200px) 100vw, 1200px\" \/><\/a><\/div><div class=\"gb-block-post-grid-text\"><header class=\"gb-block-post-grid-header\"><h3 class=\"gb-block-post-grid-title\"><a href=\"https:\/\/nelidesign.com\/fr\/fabriquer-wobbler-diy\/\" rel=\"bookmark\">Comment fabriquer un wobbler DIY pour cartes avec du mat\u00e9riel recycl\u00e9<\/a><\/h3><div class=\"gb-block-post-grid-byline\"><\/div><\/header><div class=\"gb-block-post-grid-excerpt\"><p>Vous cherchez \u00e0 ajouter une touche de fun et de\u2026<\/p>\n<p><a class=\"gb-block-post-grid-more-link gb-text-link\" href=\"https:\/\/nelidesign.com\/fr\/fabriquer-wobbler-diy\/\" rel=\"bookmark\">Continuer la lecture <span class=\"screen-reader-text\">Comment fabriquer un wobbler DIY pour cartes avec du mat\u00e9riel recycl\u00e9<\/span><\/a><\/p><\/div><\/div><\/article>\n<article id=\"post-43608\" class=\"gb-post-grid-item post-43608 post type-post status-publish format-standard has-post-thumbnail category-bricolage category-derniers-articles category-materiaux category-nouvelle-annee category-organisation category-papiers-et-cartons entry\"><div class=\"gb-block-post-grid-image\"><a href=\"https:\/\/nelidesign.com\/fr\/organiser-papier-cartonne\/\" rel=\"bookmark\" aria-hidden=\"true\" tabindex=\"-1\"><img decoding=\"async\" width=\"728\" height=\"546\" src=\"https:\/\/nelidesign.com\/wp-content\/uploads\/2025\/01\/Feature_Rangement-papier-cartonne-1-728x546.jpg\" class=\"attachment-mv_trellis_4x3 size-mv_trellis_4x3\" alt=\"\" srcset=\"https:\/\/nelidesign.com\/wp-content\/uploads\/2025\/01\/Feature_Rangement-papier-cartonne-1-728x546.jpg 728w, https:\/\/nelidesign.com\/wp-content\/uploads\/2025\/01\/Feature_Rangement-papier-cartonne-1-720x540.jpg 720w, https:\/\/nelidesign.com\/wp-content\/uploads\/2025\/01\/Feature_Rangement-papier-cartonne-1-360x270.jpg 360w, https:\/\/nelidesign.com\/wp-content\/uploads\/2025\/01\/Feature_Rangement-papier-cartonne-1-180x135.jpg 180w, https:\/\/nelidesign.com\/wp-content\/uploads\/2025\/01\/Feature_Rangement-papier-cartonne-1-768x576.jpg 768w, https:\/\/nelidesign.com\/wp-content\/uploads\/2025\/01\/Feature_Rangement-papier-cartonne-1-480x360.jpg 480w, https:\/\/nelidesign.com\/wp-content\/uploads\/2025\/01\/Feature_Rangement-papier-cartonne-1-320x240.jpg 320w, https:\/\/nelidesign.com\/wp-content\/uploads\/2025\/01\/Feature_Rangement-papier-cartonne-1-960x720.jpg 960w, https:\/\/nelidesign.com\/wp-content\/uploads\/2025\/01\/Feature_Rangement-papier-cartonne-1-1080x810.jpg 1080w, https:\/\/nelidesign.com\/wp-content\/uploads\/2025\/01\/Feature_Rangement-papier-cartonne-1.jpg 1200w\" sizes=\"(max-width: 728px) 100vw, 728px\" \/><\/a><\/div><div class=\"gb-block-post-grid-text\"><header class=\"gb-block-post-grid-header\"><h3 class=\"gb-block-post-grid-title\"><a href=\"https:\/\/nelidesign.com\/fr\/organiser-papier-cartonne\/\" rel=\"bookmark\">Comment organiser efficacement votre papier cartonn\u00e9<\/a><\/h3><div class=\"gb-block-post-grid-byline\"><\/div><\/header><div class=\"gb-block-post-grid-excerpt\"><p>Lorsque vous accumulez des ann\u00e9es de projets cr\u00e9atifs, le rangement\u2026<\/p>\n<p><a class=\"gb-block-post-grid-more-link gb-text-link\" href=\"https:\/\/nelidesign.com\/fr\/organiser-papier-cartonne\/\" rel=\"bookmark\">Continuer la lecture <span class=\"screen-reader-text\">Comment organiser efficacement votre papier cartonn\u00e9<\/span><\/a><\/p><\/div><\/div><\/article>\n<article id=\"post-12192\" class=\"gb-post-grid-item post-12192 post type-post status-publish format-standard has-post-thumbnail category-bricolage entry\"><div class=\"gb-block-post-grid-image\"><a href=\"https:\/\/nelidesign.com\/fr\/les-meilleures-aubaines-cricut-pour-le-vendredi-fou\/\" rel=\"bookmark\" aria-hidden=\"true\" tabindex=\"-1\"><img decoding=\"async\" width=\"720\" height=\"540\" src=\"https:\/\/nelidesign.com\/wp-content\/uploads\/2020\/11\/FeatureFR2020-720x540.jpg\" class=\"attachment-mv_trellis_4x3 size-mv_trellis_4x3\" alt=\"Meilleures aubaines du vendredi pour sur les produits Cricut et autres black friday canada\" srcset=\"https:\/\/nelidesign.com\/wp-content\/uploads\/2020\/11\/FeatureFR2020-720x540.jpg 720w, https:\/\/nelidesign.com\/wp-content\/uploads\/2020\/11\/FeatureFR2020-480x360.jpg 480w, https:\/\/nelidesign.com\/wp-content\/uploads\/2020\/11\/FeatureFR2020-320x240.jpg 320w\" sizes=\"(max-width: 720px) 100vw, 720px\" \/><\/a><\/div><div class=\"gb-block-post-grid-text\"><header class=\"gb-block-post-grid-header\"><h3 class=\"gb-block-post-grid-title\"><a href=\"https:\/\/nelidesign.com\/fr\/les-meilleures-aubaines-cricut-pour-le-vendredi-fou\/\" rel=\"bookmark\">Les meilleures aubaines Cricut pour le vendredi fou<\/a><\/h3><div class=\"gb-block-post-grid-byline\"><\/div><\/header><div class=\"gb-block-post-grid-excerpt\"><p>C'est ici que vous trouverez en un seul et m\u00eame\u2026<\/p>\n<p><a class=\"gb-block-post-grid-more-link gb-text-link\" href=\"https:\/\/nelidesign.com\/fr\/les-meilleures-aubaines-cricut-pour-le-vendredi-fou\/\" rel=\"bookmark\">Continuer la lecture <span class=\"screen-reader-text\">Les meilleures aubaines Cricut pour le vendredi fou<\/span><\/a><\/p><\/div><\/div><\/article>\n<article id=\"post-11850\" class=\"gb-post-grid-item post-11850 post type-post status-publish format-standard has-post-thumbnail category-autres category-bricolage category-cricut-explore-fr category-cricut-joy-fr category-cricut-maker-fr category-cricut-venture category-derniers-articles category-design-space-fr category-pour-les-enfants entry\"><div class=\"gb-block-post-grid-image\"><a href=\"https:\/\/nelidesign.com\/fr\/film-electrostatique-cricut\/\" rel=\"bookmark\" aria-hidden=\"true\" tabindex=\"-1\"><img decoding=\"async\" width=\"720\" height=\"540\" src=\"https:\/\/nelidesign.com\/wp-content\/uploads\/2019\/10\/Feature_-1-720x540.jpg\" class=\"attachment-mv_trellis_4x3 size-mv_trellis_4x3\" alt=\"Vue de l&#039;ext\u00e9rieur de nuit\" srcset=\"https:\/\/nelidesign.com\/wp-content\/uploads\/2019\/10\/Feature_-1-720x540.jpg 720w, https:\/\/nelidesign.com\/wp-content\/uploads\/2019\/10\/Feature_-1-480x360.jpg 480w, https:\/\/nelidesign.com\/wp-content\/uploads\/2019\/10\/Feature_-1-320x240.jpg 320w\" sizes=\"(max-width: 720px) 100vw, 720px\" \/><\/a><\/div><div class=\"gb-block-post-grid-text\"><header class=\"gb-block-post-grid-header\"><h3 class=\"gb-block-post-grid-title\"><a href=\"https:\/\/nelidesign.com\/fr\/film-electrostatique-cricut\/\" rel=\"bookmark\">Utiliser du film \u00e9lectrostatique pour faire des silhouettes d&#039;Halloween avec votre Cricut<\/a><\/h3><div class=\"gb-block-post-grid-byline\"><\/div><\/header><div class=\"gb-block-post-grid-excerpt\"><p>De belles d\u00e9corations d'Halloween pour vos fen\u00eatres, faciles \u00e0 faire\u2026<\/p>\n<p><a class=\"gb-block-post-grid-more-link gb-text-link\" href=\"https:\/\/nelidesign.com\/fr\/film-electrostatique-cricut\/\" rel=\"bookmark\">Continuer la lecture <span class=\"screen-reader-text\">Utiliser du film \u00e9lectrostatique pour faire des silhouettes d&#039;Halloween avec votre Cricut<\/span><\/a><\/p><\/div><\/div><\/article>\n<article id=\"post-43217\" class=\"gb-post-grid-item post-43217 post type-post status-publish format-standard has-post-thumbnail category-bricolage category-cricut-explore-fr category-cricut-joy-fr category-cricut-maker-fr category-cricut-venture category-derniers-articles category-fichiers-svg category-papiers-et-cartons category-pour-les-enfants entry\"><div class=\"gb-block-post-grid-image\"><a href=\"https:\/\/nelidesign.com\/fr\/marque-pages-halloween-cricut\/\" rel=\"bookmark\" aria-hidden=\"true\" tabindex=\"-1\"><img decoding=\"async\" width=\"728\" height=\"546\" src=\"https:\/\/nelidesign.com\/wp-content\/uploads\/2024\/10\/Signet-de-coin-halloween-Cricut-Feature-728x546.jpg\" class=\"attachment-mv_trellis_4x3 size-mv_trellis_4x3\" alt=\"\" srcset=\"https:\/\/nelidesign.com\/wp-content\/uploads\/2024\/10\/Signet-de-coin-halloween-Cricut-Feature-728x546.jpg 728w, https:\/\/nelidesign.com\/wp-content\/uploads\/2024\/10\/Signet-de-coin-halloween-Cricut-Feature-720x540.jpg 720w, https:\/\/nelidesign.com\/wp-content\/uploads\/2024\/10\/Signet-de-coin-halloween-Cricut-Feature-360x270.jpg 360w, https:\/\/nelidesign.com\/wp-content\/uploads\/2024\/10\/Signet-de-coin-halloween-Cricut-Feature-180x135.jpg 180w, https:\/\/nelidesign.com\/wp-content\/uploads\/2024\/10\/Signet-de-coin-halloween-Cricut-Feature-768x576.jpg 768w, https:\/\/nelidesign.com\/wp-content\/uploads\/2024\/10\/Signet-de-coin-halloween-Cricut-Feature-480x360.jpg 480w, https:\/\/nelidesign.com\/wp-content\/uploads\/2024\/10\/Signet-de-coin-halloween-Cricut-Feature-320x240.jpg 320w, https:\/\/nelidesign.com\/wp-content\/uploads\/2024\/10\/Signet-de-coin-halloween-Cricut-Feature-960x720.jpg 960w, https:\/\/nelidesign.com\/wp-content\/uploads\/2024\/10\/Signet-de-coin-halloween-Cricut-Feature-1080x810.jpg 1080w, https:\/\/nelidesign.com\/wp-content\/uploads\/2024\/10\/Signet-de-coin-halloween-Cricut-Feature.jpg 1200w\" sizes=\"(max-width: 728px) 100vw, 728px\" \/><\/a><\/div><div class=\"gb-block-post-grid-text\"><header class=\"gb-block-post-grid-header\"><h3 class=\"gb-block-post-grid-title\"><a href=\"https:\/\/nelidesign.com\/fr\/marque-pages-halloween-cricut\/\" rel=\"bookmark\">Cr\u00e9er des marque-pages pour l&#039;Halloween avec votre Cricut<\/a><\/h3><div class=\"gb-block-post-grid-byline\"><\/div><\/header><div class=\"gb-block-post-grid-excerpt\"><p>L'Halloween est l'une des f\u00eates les plus amusantes pour exprimer\u2026<\/p>\n<p><a class=\"gb-block-post-grid-more-link gb-text-link\" href=\"https:\/\/nelidesign.com\/fr\/marque-pages-halloween-cricut\/\" rel=\"bookmark\">Continuer la lecture <span class=\"screen-reader-text\">Cr\u00e9er des marque-pages pour l&#039;Halloween avec votre Cricut<\/span><\/a><\/p><\/div><\/div><\/article>\n<article id=\"post-42699\" class=\"gb-post-grid-item post-42699 post type-post status-publish format-standard has-post-thumbnail category-bricolage category-cricut-explore-fr category-cricut-joy-fr category-cricut-maker-fr category-cricut-venture category-derniers-articles category-design-space-fr category-infusible-ink category-materiaux category-presses category-stylos-et-feutres entry\"><div class=\"gb-block-post-grid-image\"><a href=\"https:\/\/nelidesign.com\/fr\/gabarits-cricut-design-space-tasses\/\" rel=\"bookmark\" aria-hidden=\"true\" tabindex=\"-1\"><img decoding=\"async\" width=\"728\" height=\"546\" src=\"https:\/\/nelidesign.com\/wp-content\/uploads\/2024\/04\/Feature_tasses-gabarits-Cricut-1-728x546.jpg\" class=\"attachment-mv_trellis_4x3 size-mv_trellis_4x3\" alt=\"image des 6 gabarits de tasses existants dans Cricut Design Space\" srcset=\"https:\/\/nelidesign.com\/wp-content\/uploads\/2024\/04\/Feature_tasses-gabarits-Cricut-1-728x546.jpg 728w, https:\/\/nelidesign.com\/wp-content\/uploads\/2024\/04\/Feature_tasses-gabarits-Cricut-1-480x360.jpg 480w, https:\/\/nelidesign.com\/wp-content\/uploads\/2024\/04\/Feature_tasses-gabarits-Cricut-1-320x240.jpg 320w\" sizes=\"(max-width: 728px) 100vw, 728px\" \/><\/a><\/div><div class=\"gb-block-post-grid-text\"><header class=\"gb-block-post-grid-header\"><h3 class=\"gb-block-post-grid-title\"><a href=\"https:\/\/nelidesign.com\/fr\/gabarits-cricut-design-space-tasses\/\" rel=\"bookmark\">Utiliser les gabarits dans Cricut Design Space pour personnaliser des tasses<\/a><\/h3><div class=\"gb-block-post-grid-byline\"><\/div><\/header><div class=\"gb-block-post-grid-excerpt\"><p>Si vous utilisez votre Cricut Mug Press pour personnaliser des\u2026<\/p>\n<p><a class=\"gb-block-post-grid-more-link gb-text-link\" href=\"https:\/\/nelidesign.com\/fr\/gabarits-cricut-design-space-tasses\/\" rel=\"bookmark\">Continuer la lecture <span class=\"screen-reader-text\">Utiliser les gabarits dans Cricut Design Space pour personnaliser des tasses<\/span><\/a><\/p><\/div><\/div><\/article>\n<article id=\"post-42505\" class=\"gb-post-grid-item post-42505 post type-post status-publish format-standard has-post-thumbnail category-bricolage category-cricut-explore-fr category-cricut-joy-fr category-cricut-maker-fr category-cricut-venture category-derniers-articles category-vinyle-thermocollant entry\"><div class=\"gb-block-post-grid-image\"><a href=\"https:\/\/nelidesign.com\/fr\/thermocollant-imprimable-cricut\/\" rel=\"bookmark\" aria-hidden=\"true\" tabindex=\"-1\"><img decoding=\"async\" width=\"728\" height=\"546\" src=\"https:\/\/nelidesign.com\/wp-content\/uploads\/2023\/08\/Feature_nouveaux-materiaux-1-728x546.jpg\" class=\"attachment-mv_trellis_4x3 size-mv_trellis_4x3\" alt=\"\" srcset=\"https:\/\/nelidesign.com\/wp-content\/uploads\/2023\/08\/Feature_nouveaux-materiaux-1-728x546.jpg 728w, https:\/\/nelidesign.com\/wp-content\/uploads\/2023\/08\/Feature_nouveaux-materiaux-1-720x540.jpg 720w, https:\/\/nelidesign.com\/wp-content\/uploads\/2023\/08\/Feature_nouveaux-materiaux-1-360x270.jpg 360w, https:\/\/nelidesign.com\/wp-content\/uploads\/2023\/08\/Feature_nouveaux-materiaux-1-180x135.jpg 180w, https:\/\/nelidesign.com\/wp-content\/uploads\/2023\/08\/Feature_nouveaux-materiaux-1-768x576.jpg 768w, https:\/\/nelidesign.com\/wp-content\/uploads\/2023\/08\/Feature_nouveaux-materiaux-1-480x360.jpg 480w, https:\/\/nelidesign.com\/wp-content\/uploads\/2023\/08\/Feature_nouveaux-materiaux-1-320x240.jpg 320w, https:\/\/nelidesign.com\/wp-content\/uploads\/2023\/08\/Feature_nouveaux-materiaux-1-960x720.jpg 960w, https:\/\/nelidesign.com\/wp-content\/uploads\/2023\/08\/Feature_nouveaux-materiaux-1-1080x810.jpg 1080w, https:\/\/nelidesign.com\/wp-content\/uploads\/2023\/08\/Feature_nouveaux-materiaux-1.jpg 1200w\" sizes=\"(max-width: 728px) 100vw, 728px\" \/><\/a><\/div><div class=\"gb-block-post-grid-text\"><header class=\"gb-block-post-grid-header\"><h3 class=\"gb-block-post-grid-title\"><a href=\"https:\/\/nelidesign.com\/fr\/thermocollant-imprimable-cricut\/\" rel=\"bookmark\">Thermocollant imprimable Cricut pour tissus clairs et fonc\u00e9s - tout savoir<\/a><\/h3><div class=\"gb-block-post-grid-byline\"><\/div><\/header><div class=\"gb-block-post-grid-excerpt\"><p>Qu'est-ce que le thermocollant imprimable Cricut et comment l'utiliser? C'est\u2026<\/p>\n<p><a class=\"gb-block-post-grid-more-link gb-text-link\" href=\"https:\/\/nelidesign.com\/fr\/thermocollant-imprimable-cricut\/\" rel=\"bookmark\">Continuer la lecture <span class=\"screen-reader-text\">Thermocollant imprimable Cricut pour tissus clairs et fonc\u00e9s - tout savoir<\/span><\/a><\/p><\/div><\/div><\/article>\n<\/div><\/section>","protected":false},"excerpt":{"rendered":"<p>D\u00e9co<\/p>\n","protected":false},"author":1,"featured_media":0,"parent":0,"menu_order":0,"comment_status":"closed","ping_status":"closed","template":"","meta":{"_genesis_hide_title":false,"_genesis_hide_breadcrumbs":false,"_genesis_hide_singular_image":false,"_genesis_hide_footer_widgets":false,"_genesis_custom_body_class":"","_genesis_custom_post_class":"","_genesis_layout":"","footnotes":""},"class_list":{"0":"post-5836","1":"page","2":"type-page","3":"status-publish","5":"entry"},"yoast_head":"<!-- This site is optimized with the Yoast SEO plugin v27.4 - https:\/\/yoast.com\/product\/yoast-seo-wordpress\/ -->\n<title>Projets - NeliDesign<\/title>\n<meta name=\"robots\" content=\"index, follow, max-snippet:-1, max-image-preview:large, max-video-preview:-1\" \/>\n<link rel=\"canonical\" href=\"https:\/\/nelidesign.com\/fr\/filtrer-par-categorie\/\" \/>\n<meta property=\"og:locale\" content=\"fr_FR\" \/>\n<meta property=\"og:type\" content=\"article\" \/>\n<meta property=\"og:title\" content=\"Projets - NeliDesign\" \/>\n<meta property=\"og:description\" content=\"D\u00e9co\" \/>\n<meta property=\"og:url\" content=\"https:\/\/nelidesign.com\/fr\/filtrer-par-categorie\/\" \/>\n<meta property=\"og:site_name\" content=\"NeliDesign\" \/>\n<meta property=\"article:publisher\" content=\"https:\/\/www.facebook.com\/Natalie.NeliDesign\/\" \/>\n<meta property=\"article:modified_time\" content=\"2021-10-13T21:05:53+00:00\" \/>\n<meta property=\"og:image\" content=\"https:\/\/nelidesign.com\/wp-content\/uploads\/2020\/11\/Neli-Design-Yoast-FB-1.png\" \/>\n\t<meta property=\"og:image:width\" content=\"1200\" \/>\n\t<meta property=\"og:image:height\" content=\"630\" \/>\n\t<meta property=\"og:image:type\" content=\"image\/png\" \/>\n<meta name=\"twitter:card\" content=\"summary_large_image\" \/>\n<meta name=\"twitter:site\" content=\"@nelidesign\" \/>\n<meta name=\"twitter:label1\" content=\"Dur\u00e9e de lecture estim\u00e9e\" \/>\n\t<meta name=\"twitter:data1\" content=\"1 minute\" \/>\n<script type=\"application\/ld+json\" class=\"yoast-schema-graph\">{\"@context\":\"https:\\\/\\\/schema.org\",\"@graph\":[{\"@type\":\"WebPage\",\"@id\":\"https:\\\/\\\/nelidesign.com\\\/fr\\\/filtrer-par-categorie\\\/\",\"url\":\"https:\\\/\\\/nelidesign.com\\\/fr\\\/filtrer-par-categorie\\\/\",\"name\":\"Projets - NeliDesign\",\"isPartOf\":{\"@id\":\"https:\\\/\\\/nelidesign.com\\\/fr\\\/#website\"},\"datePublished\":\"2017-04-27T02:28:34+00:00\",\"dateModified\":\"2021-10-13T21:05:53+00:00\",\"breadcrumb\":{\"@id\":\"https:\\\/\\\/nelidesign.com\\\/fr\\\/filtrer-par-categorie\\\/#breadcrumb\"},\"inLanguage\":\"fr-FR\",\"potentialAction\":[{\"@type\":\"ReadAction\",\"target\":[\"https:\\\/\\\/nelidesign.com\\\/fr\\\/filtrer-par-categorie\\\/\"]}]},{\"@type\":\"BreadcrumbList\",\"@id\":\"https:\\\/\\\/nelidesign.com\\\/fr\\\/filtrer-par-categorie\\\/#breadcrumb\",\"itemListElement\":[{\"@type\":\"ListItem\",\"position\":1,\"name\":\"Home\",\"item\":\"https:\\\/\\\/nelidesign.com\\\/fr\\\/\"},{\"@type\":\"ListItem\",\"position\":2,\"name\":\"Projets\"}]},{\"@type\":\"WebSite\",\"@id\":\"https:\\\/\\\/nelidesign.com\\\/fr\\\/#website\",\"url\":\"https:\\\/\\\/nelidesign.com\\\/fr\\\/\",\"name\":\"NeliDesign\",\"description\":\"Projets cr\u00e9atifs pour une d\u00e9co qui vous plait\",\"publisher\":{\"@id\":\"https:\\\/\\\/nelidesign.com\\\/fr\\\/#\\\/schema\\\/person\\\/07194ebfb7711949a8cdd1a9da087cdd\"},\"potentialAction\":[{\"@type\":\"SearchAction\",\"target\":{\"@type\":\"EntryPoint\",\"urlTemplate\":\"https:\\\/\\\/nelidesign.com\\\/fr\\\/?s={search_term_string}\"},\"query-input\":{\"@type\":\"PropertyValueSpecification\",\"valueRequired\":true,\"valueName\":\"search_term_string\"}}],\"inLanguage\":\"fr-FR\"},{\"@type\":[\"Person\",\"Organization\"],\"@id\":\"https:\\\/\\\/nelidesign.com\\\/fr\\\/#\\\/schema\\\/person\\\/07194ebfb7711949a8cdd1a9da087cdd\",\"name\":\"Natalie\",\"image\":{\"@type\":\"ImageObject\",\"inLanguage\":\"fr-FR\",\"@id\":\"https:\\\/\\\/nelidesign.com\\\/wp-content\\\/uploads\\\/2021\\\/10\\\/Natalie2021-1.jpg\",\"url\":\"https:\\\/\\\/nelidesign.com\\\/wp-content\\\/uploads\\\/2021\\\/10\\\/Natalie2021-1.jpg\",\"contentUrl\":\"https:\\\/\\\/nelidesign.com\\\/wp-content\\\/uploads\\\/2021\\\/10\\\/Natalie2021-1.jpg\",\"width\":350,\"height\":500,\"caption\":\"Natalie\"},\"logo\":{\"@id\":\"https:\\\/\\\/nelidesign.com\\\/wp-content\\\/uploads\\\/2021\\\/10\\\/Natalie2021-1.jpg\"},\"sameAs\":[\"https:\\\/\\\/nelidesign.com\\\/about-me2\\\/\",\"https:\\\/\\\/www.facebook.com\\\/Natalie.NeliDesign\\\/\",\"https:\\\/\\\/www.instagram.com\\\/Natalie.NeliDesign\\\/\",\"https:\\\/\\\/www.pinterest.com\\\/nelidesign\\\/\",\"https:\\\/\\\/www.youtube.com\\\/nelidesign\"]}]}<\/script>\n<!-- \/ Yoast SEO plugin. -->","yoast_head_json":{"title":"Projets - NeliDesign","robots":{"index":"index","follow":"follow","max-snippet":"max-snippet:-1","max-image-preview":"max-image-preview:large","max-video-preview":"max-video-preview:-1"},"canonical":"https:\/\/nelidesign.com\/fr\/filtrer-par-categorie\/","og_locale":"fr_FR","og_type":"article","og_title":"Projets - NeliDesign","og_description":"D\u00e9co","og_url":"https:\/\/nelidesign.com\/fr\/filtrer-par-categorie\/","og_site_name":"NeliDesign","article_publisher":"https:\/\/www.facebook.com\/Natalie.NeliDesign\/","article_modified_time":"2021-10-13T21:05:53+00:00","og_image":[{"width":1200,"height":630,"url":"https:\/\/nelidesign.com\/wp-content\/uploads\/2020\/11\/Neli-Design-Yoast-FB-1.png","type":"image\/png"}],"twitter_card":"summary_large_image","twitter_site":"@nelidesign","twitter_misc":{"Dur\u00e9e de lecture estim\u00e9e":"1 minute"},"schema":{"@context":"https:\/\/schema.org","@graph":[{"@type":"WebPage","@id":"https:\/\/nelidesign.com\/fr\/filtrer-par-categorie\/","url":"https:\/\/nelidesign.com\/fr\/filtrer-par-categorie\/","name":"Projets - NeliDesign","isPartOf":{"@id":"https:\/\/nelidesign.com\/fr\/#website"},"datePublished":"2017-04-27T02:28:34+00:00","dateModified":"2021-10-13T21:05:53+00:00","breadcrumb":{"@id":"https:\/\/nelidesign.com\/fr\/filtrer-par-categorie\/#breadcrumb"},"inLanguage":"fr-FR","potentialAction":[{"@type":"ReadAction","target":["https:\/\/nelidesign.com\/fr\/filtrer-par-categorie\/"]}]},{"@type":"BreadcrumbList","@id":"https:\/\/nelidesign.com\/fr\/filtrer-par-categorie\/#breadcrumb","itemListElement":[{"@type":"ListItem","position":1,"name":"Home","item":"https:\/\/nelidesign.com\/fr\/"},{"@type":"ListItem","position":2,"name":"Projets"}]},{"@type":"WebSite","@id":"https:\/\/nelidesign.com\/fr\/#website","url":"https:\/\/nelidesign.com\/fr\/","name":"NeliDesign","description":"Projets cr\u00e9atifs pour une d\u00e9co qui vous plait","publisher":{"@id":"https:\/\/nelidesign.com\/fr\/#\/schema\/person\/07194ebfb7711949a8cdd1a9da087cdd"},"potentialAction":[{"@type":"SearchAction","target":{"@type":"EntryPoint","urlTemplate":"https:\/\/nelidesign.com\/fr\/?s={search_term_string}"},"query-input":{"@type":"PropertyValueSpecification","valueRequired":true,"valueName":"search_term_string"}}],"inLanguage":"fr-FR"},{"@type":["Person","Organization"],"@id":"https:\/\/nelidesign.com\/fr\/#\/schema\/person\/07194ebfb7711949a8cdd1a9da087cdd","name":"Natalie","image":{"@type":"ImageObject","inLanguage":"fr-FR","@id":"https:\/\/nelidesign.com\/wp-content\/uploads\/2021\/10\/Natalie2021-1.jpg","url":"https:\/\/nelidesign.com\/wp-content\/uploads\/2021\/10\/Natalie2021-1.jpg","contentUrl":"https:\/\/nelidesign.com\/wp-content\/uploads\/2021\/10\/Natalie2021-1.jpg","width":350,"height":500,"caption":"Natalie"},"logo":{"@id":"https:\/\/nelidesign.com\/wp-content\/uploads\/2021\/10\/Natalie2021-1.jpg"},"sameAs":["https:\/\/nelidesign.com\/about-me2\/","https:\/\/www.facebook.com\/Natalie.NeliDesign\/","https:\/\/www.instagram.com\/Natalie.NeliDesign\/","https:\/\/www.pinterest.com\/nelidesign\/","https:\/\/www.youtube.com\/nelidesign"]}]}},"featured_image_src":null,"featured_image_src_square":null,"_links":{"self":[{"href":"https:\/\/nelidesign.com\/fr\/wp-json\/wp\/v2\/pages\/5836","targetHints":{"allow":["GET"]}}],"collection":[{"href":"https:\/\/nelidesign.com\/fr\/wp-json\/wp\/v2\/pages"}],"about":[{"href":"https:\/\/nelidesign.com\/fr\/wp-json\/wp\/v2\/types\/page"}],"author":[{"embeddable":true,"href":"https:\/\/nelidesign.com\/fr\/wp-json\/wp\/v2\/users\/1"}],"replies":[{"embeddable":true,"href":"https:\/\/nelidesign.com\/fr\/wp-json\/wp\/v2\/comments?post=5836"}],"version-history":[{"count":5,"href":"https:\/\/nelidesign.com\/fr\/wp-json\/wp\/v2\/pages\/5836\/revisions"}],"predecessor-version":[{"id":22787,"href":"https:\/\/nelidesign.com\/fr\/wp-json\/wp\/v2\/pages\/5836\/revisions\/22787"}],"wp:attachment":[{"href":"https:\/\/nelidesign.com\/fr\/wp-json\/wp\/v2\/media?parent=5836"}],"curies":[{"name":"wp","href":"https:\/\/api.w.org\/{rel}","templated":true}]}} 