{"id":44489,"date":"2026-04-08T14:13:51","date_gmt":"2026-04-08T18:13:51","guid":{"rendered":"https:\/\/nelidesign.com\/?page_id=44489"},"modified":"2026-04-09T13:36:00","modified_gmt":"2026-04-09T17:36:00","slug":"papier-cartonne-cricut-ressources-et-conseils","status":"publish","type":"page","link":"https:\/\/nelidesign.com\/fr\/papier-cartonne-cricut-ressources-et-conseils\/","title":{"rendered":"Papier cartonn\u00e9 Cricut : ressources et conseils"},"content":{"rendered":"\n<p>Si vous consultez cette page, c'est probablement parce que vous avez achet\u00e9 mon <em><strong><a href=\"https:\/\/shop.nelidesign.com\/products\/guide-cricut-papier-cartonne\">Guide Cricut : papier cartonn\u00e9<\/a><\/strong><\/em>.<\/p>\n\n\n\n<p>Cette page a \u00e9t\u00e9 cr\u00e9\u00e9e pour vous permettre d'acc\u00e9der facilement aux liens et ressources mentionn\u00e9s dans le guide.<\/p>\n\n\n\n<p>Si vous n'avez pas encore le guide, <strong><a href=\"https:\/\/shop.nelidesign.com\/products\/guide-cricut-papier-cartonne\">vous pouvez vous le procurer ici<\/a><\/strong><\/p>\n\n\n\n<p><span style=\"font-weight: 400;\">Cet article contient des liens vers des produits affili\u00e9s pour votre convenance et sans frais suppl\u00e9mentaires pour vous. Je re\u00e7ois des commissions pour les achats effectu\u00e9s via les liens dans cet article<\/span>. <span style=\"font-weight: 400;\"><a href=\"https:\/\/nelidesign.com\/fr\/divulgation\/\" target=\"_blank\" rel=\"noopener noreferrer\">Cliquez ici pour lire ma politique de divulgation compl\u00e8te<\/a>.<\/span><\/p>\n\n\n\n<div class=\"wp-block-group\"><div class=\"wp-block-group__inner-container is-layout-constrained wp-block-group-is-layout-constrained\">\n<h2 class=\"wp-block-heading\">Vid\u00e9os utiles<\/h2>\n\n\n\n<p>Faire un test de coupe<\/p>\n\n\n\n<figure class=\"wp-block-embed is-type-video is-provider-youtube wp-block-embed-youtube wp-embed-aspect-16-9 wp-has-aspect-ratio\"><div class=\"wp-block-embed__wrapper\">\n<iframe title=\"Comment faire un test de coupe pour r\u00e9ussir tous vos projets Cricut\" width=\"500\" height=\"281\" src=\"https:\/\/www.youtube.com\/embed\/F6zft8Gqw-k?feature=oembed\" frameborder=\"0\" allow=\"accelerometer; autoplay; clipboard-write; encrypted-media; gyroscope; picture-in-picture; web-share\" referrerpolicy=\"strict-origin-when-cross-origin\" allowfullscreen><\/iframe>\n<\/div><\/figure>\n\n\n\n<p>Nettoyer son tapis<\/p>\n\n\n\n<figure class=\"wp-block-embed is-type-video is-provider-youtube wp-block-embed-youtube wp-embed-aspect-9-16 wp-has-aspect-ratio\"><div class=\"wp-block-embed__wrapper\">\n<iframe title=\"Comment nettoyer votre tapis Cricut rapidement et facilement! #shorts\" width=\"422\" height=\"750\" src=\"https:\/\/www.youtube.com\/embed\/Mwn-nAC7zuU?feature=oembed\" frameborder=\"0\" allow=\"accelerometer; autoplay; clipboard-write; encrypted-media; gyroscope; picture-in-picture; web-share\" referrerpolicy=\"strict-origin-when-cross-origin\" allowfullscreen><\/iframe>\n<\/div><\/figure>\n<\/div><\/div>\n\n\n\n<div class=\"wp-block-group\"><div class=\"wp-block-group__inner-container is-layout-constrained wp-block-group-is-layout-constrained\">\n<h2 class=\"wp-block-heading\">Produits mentionn\u00e9s<\/h2>\n\n\n\n<ul class=\"wp-block-list\">\n<li><a class=\"thirstylink\" rel=\"nofollow\" target=\"_blank\" title=\"LightGrip mat - Cricut\" href=\"https:\/\/nelidesign.com\/recommends\/lightgrip-mat\/\" data-shortcode=\"true\">Tapis LightGrip<\/a> (bleu)<\/li>\n\n\n\n<li><a class=\"thirstylink\" rel=\"nofollow\" target=\"_blank\" title=\"StandardGrip Mat - Cricut\" href=\"https:\/\/nelidesign.com\/recommends\/standardgrip-mat\/\" data-shortcode=\"true\">Tapis StandardGrip<\/a> (vert)<\/li>\n\n\n\n<li><a class=\"thirstylink\" rel=\"nofollow\" target=\"_blank\" title=\"StrongGrip Mat - Cricut\" href=\"https:\/\/nelidesign.com\/recommends\/stronggrip-mat\/\" data-shortcode=\"true\">Tapis StrongGrip<\/a> (mauve)<\/li>\n\n\n\n<li><a class=\"thirstylink\" rel=\"nofollow\" target=\"_blank\" title=\"Brayer - Cricut\" href=\"https:\/\/nelidesign.com\/recommends\/brayer\/\" data-shortcode=\"true\">Rouleau <\/a>(brayer)<\/li>\n\n\n\n<li><a class=\"thirstylink\" rel=\"nofollow\" target=\"_blank\" title=\"Scraper and Spatula Set - Cricut\" href=\"https:\/\/nelidesign.com\/recommends\/scraper-and-spatula-set\/\" data-shortcode=\"true\">Outils Cricut<\/a> (spatule, grattoir)<\/li>\n<\/ul>\n<\/div><\/div>\n\n\n\n<div class=\"wp-block-group\"><div class=\"wp-block-group__inner-container is-layout-constrained wp-block-group-is-layout-constrained\">\n<h2 class=\"wp-block-heading\">Papiers cartonn\u00e9s recommand\u00e9s<\/h2>\n\n\n\n<p>Le meilleur papier cartonn\u00e9 que j'ai utilis\u00e9 avec ma machine est vraiment celui de Cricut et je mentionne ceci vraiment en toute honn\u00eatet\u00e9.<\/p>\n\n\n\n<ul class=\"wp-block-list\">\n<li><a class=\"thirstylink\" rel=\"nofollow\" target=\"_blank\" title=\"Cardstock All - Cricut\" href=\"https:\/\/nelidesign.com\/recommends\/cardstock-all\/\" data-shortcode=\"true\">Papier cartonn\u00e9 moyen<\/a><\/li>\n\n\n\n<li><a class=\"thirstylink\" rel=\"nofollow\" target=\"_blank\" title=\"Value Cardstock All - Cricut\" href=\"https:\/\/nelidesign.com\/recommends\/value-cardstock-all\/\" data-shortcode=\"true\">Papier cartonn\u00e9 \u00e9conomique<\/a><\/li>\n<\/ul>\n\n\n\n<p class=\"has-text-align-center has-background\" style=\"background-color:#e8f5f4\">Obtenez un rabais sur vos achat Cricut en utilisant mon code promo lorsque vous commandez sur Cricut.com. <a href=\"https:\/\/nelidesign.com\/rabais-cricut\">Cliquez ici pour voir les d\u00e9tails.<\/a><\/p>\n\n\n\n<p>Je sais qu'il n'est pas toujours facile de se procurer le papier cartonn\u00e9 Cricut. J'ai donc ajout\u00e9 d'autres papiers test\u00e9s par des abonn\u00e9s dans ma <a class=\"thirstylink\" rel=\"nofollow\" target=\"_blank\" title=\"Boutique-Amazon\" href=\"https:\/\/amazon.com\/shop\/nelidesign\" data-linkid=\"44258\" data-shortcode=\"true\">boutique Amazon<\/a>. <\/p>\n<\/div><\/div>\n\n\n\n<div class=\"wp-block-group\"><div class=\"wp-block-group__inner-container is-layout-constrained wp-block-group-is-layout-constrained\">\n<h2 class=\"wp-block-heading\">Pour aller plus loin<\/h2>\n\n\n\n<p>Si vous souhaitez approfondir vos connaissances avec votre Cricut, ces ressources pourraient vous \u00eatre utiles :<\/p>\n\n\n\n<figure class=\"wp-block-image size-full\"><img decoding=\"async\" width=\"1500\" height=\"1500\" fetchpriority=\"high\" src=\"https:\/\/nelidesign.com\/wp-content\/uploads\/2024\/08\/Guide-Cricut-outils-et-accessoires-1.jpg\" alt=\"\" class=\"wp-image-43141\" srcset=\"https:\/\/nelidesign.com\/wp-content\/uploads\/2024\/08\/Guide-Cricut-outils-et-accessoires-1.jpg 1500w, https:\/\/nelidesign.com\/wp-content\/uploads\/2024\/08\/Guide-Cricut-outils-et-accessoires-1-100x100.jpg 100w, https:\/\/nelidesign.com\/wp-content\/uploads\/2024\/08\/Guide-Cricut-outils-et-accessoires-1-768x768.jpg 768w, https:\/\/nelidesign.com\/wp-content\/uploads\/2024\/08\/Guide-Cricut-outils-et-accessoires-1-600x600.jpg 600w, https:\/\/nelidesign.com\/wp-content\/uploads\/2024\/08\/Guide-Cricut-outils-et-accessoires-1-728x728.jpg 728w, https:\/\/nelidesign.com\/wp-content\/uploads\/2024\/08\/Guide-Cricut-outils-et-accessoires-1-960x960.jpg 960w, https:\/\/nelidesign.com\/wp-content\/uploads\/2024\/08\/Guide-Cricut-outils-et-accessoires-1-1080x1080.jpg 1080w, https:\/\/nelidesign.com\/wp-content\/uploads\/2024\/08\/Guide-Cricut-outils-et-accessoires-1-1200x1200.jpg 1200w\" sizes=\"(max-width: 1500px) 100vw, 1500px\" \/><\/figure>\n\n\n\n<p>Guide Cricut : outils et accessoires<\/p>\n\n\n\n<p>Un guide simple pour comprendre \u00e0 quoi sert chaque outil et \u00e9viter les achats inutiles.<\/p>\n\n\n\n<div class=\"wp-block-buttons is-content-justification-center is-layout-flex wp-container-core-buttons-is-layout-a89b3969 wp-block-buttons-is-layout-flex\">\n<div class=\"wp-block-button is-style-fill\"><a class=\"wp-block-button__link has-background has-medium-font-size has-custom-font-size wp-element-button\" href=\"https:\/\/shop.nelidesign.com\/discount\/GUIDEPAPIER30?redirect=%2Fproducts%2Fguide-cricut-outils-accessoires\" style=\"background-color:#ef4c80\"><strong>Cliquez ici pour acc\u00e9der au Guide<\/strong><\/a><\/div>\n<\/div>\n\n\n\n<p>Un code promotionnel exclusif est inclus pour les lecteurs et lectrices de ce guide.<\/p>\n<\/div><\/div>\n\n\n\n<div class=\"wp-block-group\"><div class=\"wp-block-group__inner-container is-layout-constrained wp-block-group-is-layout-constrained\">\n<h2 class=\"wp-block-heading\">Suggestion rangement<\/h2>\n\n\n\n<p>Et si vous d\u00e9sirez savoir comment classer et ranger votre papier cartonn\u00e9, voyez la solution que j'ai trouv\u00e9e <a href=\"https:\/\/nelidesign.com\/fr\/organiser-papier-cartonne\/\" type=\"post\" id=\"43608\">dans ce tutoriel.<\/a><\/p>\n\n\n\n<figure class=\"wp-block-image size-full\"><img decoding=\"async\" width=\"860\" height=\"645\" src=\"https:\/\/nelidesign.com\/wp-content\/uploads\/2025\/01\/Rangement-papier-cartonne-1.jpg\" alt=\"\" class=\"wp-image-43626\" srcset=\"https:\/\/nelidesign.com\/wp-content\/uploads\/2025\/01\/Rangement-papier-cartonne-1.jpg 860w, https:\/\/nelidesign.com\/wp-content\/uploads\/2025\/01\/Rangement-papier-cartonne-1-768x576.jpg 768w, https:\/\/nelidesign.com\/wp-content\/uploads\/2025\/01\/Rangement-papier-cartonne-1-728x546.jpg 728w, https:\/\/nelidesign.com\/wp-content\/uploads\/2025\/01\/Rangement-papier-cartonne-1-480x360.jpg 480w, https:\/\/nelidesign.com\/wp-content\/uploads\/2025\/01\/Rangement-papier-cartonne-1-320x240.jpg 320w\" sizes=\"(max-width: 860px) 100vw, 860px\" \/><\/figure>\n<\/div><\/div>\n","protected":false},"excerpt":{"rendered":"<p>Si vous consultez cette page, c'est probablement parce que vous avez achet\u00e9 mon Guide Cricut : papier cartonn\u00e9. Cette page a \u00e9t\u00e9 cr\u00e9\u00e9e pour vous permettre d'acc\u00e9der facilement aux liens et ressources mentionn\u00e9s dans le guide. Si vous n'avez pas encore le guide, vous pouvez vous le procurer ici Vid\u00e9os utiles Faire un test de [&hellip;]<\/p>\n","protected":false},"author":1,"featured_media":0,"parent":0,"menu_order":0,"comment_status":"closed","ping_status":"closed","template":"","meta":{"_genesis_hide_title":false,"_genesis_hide_breadcrumbs":false,"_genesis_hide_singular_image":false,"_genesis_hide_footer_widgets":false,"_genesis_custom_body_class":"","_genesis_custom_post_class":"","_genesis_layout":"","footnotes":""},"class_list":{"0":"post-44489","1":"page","2":"type-page","3":"status-publish","5":"entry"},"yoast_head":"<!-- This site is optimized with the Yoast SEO plugin v27.4 - https:\/\/yoast.com\/product\/yoast-seo-wordpress\/ -->\n<title>Papier cartonn\u00e9 Cricut : ressources et conseils - NeliDesign<\/title>\n<meta name=\"description\" content=\"Acc\u00e9dez aux ressources, vid\u00e9os et outils recommand\u00e9s pour r\u00e9ussir vos d\u00e9coupes de papier cartonn\u00e9 avec Cricut. Conseils pratiques pour de meilleurs r\u00e9sultats.\" \/>\n<meta name=\"robots\" content=\"index, follow, max-snippet:-1, max-image-preview:large, max-video-preview:-1\" \/>\n<link rel=\"canonical\" href=\"https:\/\/nelidesign.com\/fr\/papier-cartonne-cricut-ressources-et-conseils\/\" \/>\n<meta property=\"og:locale\" content=\"fr_FR\" \/>\n<meta property=\"og:type\" content=\"article\" \/>\n<meta property=\"og:title\" content=\"Papier cartonn\u00e9 Cricut : ressources et conseils - NeliDesign\" \/>\n<meta property=\"og:description\" content=\"Acc\u00e9dez aux ressources, vid\u00e9os et outils recommand\u00e9s pour r\u00e9ussir vos d\u00e9coupes de papier cartonn\u00e9 avec Cricut. Conseils pratiques pour de meilleurs r\u00e9sultats.\" \/>\n<meta property=\"og:url\" content=\"https:\/\/nelidesign.com\/fr\/papier-cartonne-cricut-ressources-et-conseils\/\" \/>\n<meta property=\"og:site_name\" content=\"NeliDesign\" \/>\n<meta property=\"article:publisher\" content=\"https:\/\/www.facebook.com\/Natalie.NeliDesign\/\" \/>\n<meta property=\"article:modified_time\" content=\"2026-04-09T17:36:00+00:00\" \/>\n<meta property=\"og:image\" content=\"https:\/\/nelidesign.com\/wp-content\/uploads\/2024\/08\/Guide-Cricut-outils-et-accessoires-1.jpg\" \/>\n<meta name=\"twitter:card\" content=\"summary_large_image\" \/>\n<meta name=\"twitter:site\" content=\"@nelidesign\" \/>\n<meta name=\"twitter:label1\" content=\"Dur\u00e9e de lecture estim\u00e9e\" \/>\n\t<meta name=\"twitter:data1\" content=\"2 minutes\" \/>\n<script type=\"application\/ld+json\" class=\"yoast-schema-graph\">{\"@context\":\"https:\\\/\\\/schema.org\",\"@graph\":[{\"@type\":\"WebPage\",\"@id\":\"https:\\\/\\\/nelidesign.com\\\/fr\\\/papier-cartonne-cricut-ressources-et-conseils\\\/\",\"url\":\"https:\\\/\\\/nelidesign.com\\\/fr\\\/papier-cartonne-cricut-ressources-et-conseils\\\/\",\"name\":\"Papier cartonn\u00e9 Cricut : ressources et conseils - NeliDesign\",\"isPartOf\":{\"@id\":\"https:\\\/\\\/nelidesign.com\\\/fr\\\/#website\"},\"primaryImageOfPage\":{\"@id\":\"https:\\\/\\\/nelidesign.com\\\/fr\\\/papier-cartonne-cricut-ressources-et-conseils\\\/#primaryimage\"},\"image\":{\"@id\":\"https:\\\/\\\/nelidesign.com\\\/fr\\\/papier-cartonne-cricut-ressources-et-conseils\\\/#primaryimage\"},\"thumbnailUrl\":\"https:\\\/\\\/nelidesign.com\\\/wp-content\\\/uploads\\\/2024\\\/08\\\/Guide-Cricut-outils-et-accessoires-1.jpg\",\"datePublished\":\"2026-04-08T18:13:51+00:00\",\"dateModified\":\"2026-04-09T17:36:00+00:00\",\"description\":\"Acc\u00e9dez aux ressources, vid\u00e9os et outils recommand\u00e9s pour r\u00e9ussir vos d\u00e9coupes de papier cartonn\u00e9 avec Cricut. Conseils pratiques pour de meilleurs r\u00e9sultats.\",\"breadcrumb\":{\"@id\":\"https:\\\/\\\/nelidesign.com\\\/fr\\\/papier-cartonne-cricut-ressources-et-conseils\\\/#breadcrumb\"},\"inLanguage\":\"fr-FR\",\"potentialAction\":[{\"@type\":\"ReadAction\",\"target\":[\"https:\\\/\\\/nelidesign.com\\\/fr\\\/papier-cartonne-cricut-ressources-et-conseils\\\/\"]}]},{\"@type\":\"ImageObject\",\"inLanguage\":\"fr-FR\",\"@id\":\"https:\\\/\\\/nelidesign.com\\\/fr\\\/papier-cartonne-cricut-ressources-et-conseils\\\/#primaryimage\",\"url\":\"https:\\\/\\\/nelidesign.com\\\/wp-content\\\/uploads\\\/2024\\\/08\\\/Guide-Cricut-outils-et-accessoires-1.jpg\",\"contentUrl\":\"https:\\\/\\\/nelidesign.com\\\/wp-content\\\/uploads\\\/2024\\\/08\\\/Guide-Cricut-outils-et-accessoires-1.jpg\"},{\"@type\":\"BreadcrumbList\",\"@id\":\"https:\\\/\\\/nelidesign.com\\\/fr\\\/papier-cartonne-cricut-ressources-et-conseils\\\/#breadcrumb\",\"itemListElement\":[{\"@type\":\"ListItem\",\"position\":1,\"name\":\"Home\",\"item\":\"https:\\\/\\\/nelidesign.com\\\/fr\\\/\"},{\"@type\":\"ListItem\",\"position\":2,\"name\":\"Papier cartonn\u00e9 Cricut : ressources et conseils\"}]},{\"@type\":\"WebSite\",\"@id\":\"https:\\\/\\\/nelidesign.com\\\/fr\\\/#website\",\"url\":\"https:\\\/\\\/nelidesign.com\\\/fr\\\/\",\"name\":\"NeliDesign\",\"description\":\"Projets cr\u00e9atifs pour une d\u00e9co qui vous plait\",\"publisher\":{\"@id\":\"https:\\\/\\\/nelidesign.com\\\/fr\\\/#\\\/schema\\\/person\\\/07194ebfb7711949a8cdd1a9da087cdd\"},\"potentialAction\":[{\"@type\":\"SearchAction\",\"target\":{\"@type\":\"EntryPoint\",\"urlTemplate\":\"https:\\\/\\\/nelidesign.com\\\/fr\\\/?s={search_term_string}\"},\"query-input\":{\"@type\":\"PropertyValueSpecification\",\"valueRequired\":true,\"valueName\":\"search_term_string\"}}],\"inLanguage\":\"fr-FR\"},{\"@type\":[\"Person\",\"Organization\"],\"@id\":\"https:\\\/\\\/nelidesign.com\\\/fr\\\/#\\\/schema\\\/person\\\/07194ebfb7711949a8cdd1a9da087cdd\",\"name\":\"Natalie\",\"image\":{\"@type\":\"ImageObject\",\"inLanguage\":\"fr-FR\",\"@id\":\"https:\\\/\\\/nelidesign.com\\\/wp-content\\\/uploads\\\/2021\\\/10\\\/Natalie2021-1.jpg\",\"url\":\"https:\\\/\\\/nelidesign.com\\\/wp-content\\\/uploads\\\/2021\\\/10\\\/Natalie2021-1.jpg\",\"contentUrl\":\"https:\\\/\\\/nelidesign.com\\\/wp-content\\\/uploads\\\/2021\\\/10\\\/Natalie2021-1.jpg\",\"width\":350,\"height\":500,\"caption\":\"Natalie\"},\"logo\":{\"@id\":\"https:\\\/\\\/nelidesign.com\\\/wp-content\\\/uploads\\\/2021\\\/10\\\/Natalie2021-1.jpg\"},\"sameAs\":[\"https:\\\/\\\/nelidesign.com\\\/about-me2\\\/\",\"https:\\\/\\\/www.facebook.com\\\/Natalie.NeliDesign\\\/\",\"https:\\\/\\\/www.instagram.com\\\/Natalie.NeliDesign\\\/\",\"https:\\\/\\\/www.pinterest.com\\\/nelidesign\\\/\",\"https:\\\/\\\/www.youtube.com\\\/nelidesign\"]}]}<\/script>\n<!-- \/ Yoast SEO plugin. -->","yoast_head_json":{"title":"Papier cartonn\u00e9 Cricut : ressources et conseils - NeliDesign","description":"Acc\u00e9dez aux ressources, vid\u00e9os et outils recommand\u00e9s pour r\u00e9ussir vos d\u00e9coupes de papier cartonn\u00e9 avec Cricut. Conseils pratiques pour de meilleurs r\u00e9sultats.","robots":{"index":"index","follow":"follow","max-snippet":"max-snippet:-1","max-image-preview":"max-image-preview:large","max-video-preview":"max-video-preview:-1"},"canonical":"https:\/\/nelidesign.com\/fr\/papier-cartonne-cricut-ressources-et-conseils\/","og_locale":"fr_FR","og_type":"article","og_title":"Papier cartonn\u00e9 Cricut : ressources et conseils - NeliDesign","og_description":"Acc\u00e9dez aux ressources, vid\u00e9os et outils recommand\u00e9s pour r\u00e9ussir vos d\u00e9coupes de papier cartonn\u00e9 avec Cricut. Conseils pratiques pour de meilleurs r\u00e9sultats.","og_url":"https:\/\/nelidesign.com\/fr\/papier-cartonne-cricut-ressources-et-conseils\/","og_site_name":"NeliDesign","article_publisher":"https:\/\/www.facebook.com\/Natalie.NeliDesign\/","article_modified_time":"2026-04-09T17:36:00+00:00","og_image":[{"url":"https:\/\/nelidesign.com\/wp-content\/uploads\/2024\/08\/Guide-Cricut-outils-et-accessoires-1.jpg","type":"","width":"","height":""}],"twitter_card":"summary_large_image","twitter_site":"@nelidesign","twitter_misc":{"Dur\u00e9e de lecture estim\u00e9e":"2 minutes"},"schema":{"@context":"https:\/\/schema.org","@graph":[{"@type":"WebPage","@id":"https:\/\/nelidesign.com\/fr\/papier-cartonne-cricut-ressources-et-conseils\/","url":"https:\/\/nelidesign.com\/fr\/papier-cartonne-cricut-ressources-et-conseils\/","name":"Papier cartonn\u00e9 Cricut : ressources et conseils - NeliDesign","isPartOf":{"@id":"https:\/\/nelidesign.com\/fr\/#website"},"primaryImageOfPage":{"@id":"https:\/\/nelidesign.com\/fr\/papier-cartonne-cricut-ressources-et-conseils\/#primaryimage"},"image":{"@id":"https:\/\/nelidesign.com\/fr\/papier-cartonne-cricut-ressources-et-conseils\/#primaryimage"},"thumbnailUrl":"https:\/\/nelidesign.com\/wp-content\/uploads\/2024\/08\/Guide-Cricut-outils-et-accessoires-1.jpg","datePublished":"2026-04-08T18:13:51+00:00","dateModified":"2026-04-09T17:36:00+00:00","description":"Acc\u00e9dez aux ressources, vid\u00e9os et outils recommand\u00e9s pour r\u00e9ussir vos d\u00e9coupes de papier cartonn\u00e9 avec Cricut. Conseils pratiques pour de meilleurs r\u00e9sultats.","breadcrumb":{"@id":"https:\/\/nelidesign.com\/fr\/papier-cartonne-cricut-ressources-et-conseils\/#breadcrumb"},"inLanguage":"fr-FR","potentialAction":[{"@type":"ReadAction","target":["https:\/\/nelidesign.com\/fr\/papier-cartonne-cricut-ressources-et-conseils\/"]}]},{"@type":"ImageObject","inLanguage":"fr-FR","@id":"https:\/\/nelidesign.com\/fr\/papier-cartonne-cricut-ressources-et-conseils\/#primaryimage","url":"https:\/\/nelidesign.com\/wp-content\/uploads\/2024\/08\/Guide-Cricut-outils-et-accessoires-1.jpg","contentUrl":"https:\/\/nelidesign.com\/wp-content\/uploads\/2024\/08\/Guide-Cricut-outils-et-accessoires-1.jpg"},{"@type":"BreadcrumbList","@id":"https:\/\/nelidesign.com\/fr\/papier-cartonne-cricut-ressources-et-conseils\/#breadcrumb","itemListElement":[{"@type":"ListItem","position":1,"name":"Home","item":"https:\/\/nelidesign.com\/fr\/"},{"@type":"ListItem","position":2,"name":"Papier cartonn\u00e9 Cricut : ressources et conseils"}]},{"@type":"WebSite","@id":"https:\/\/nelidesign.com\/fr\/#website","url":"https:\/\/nelidesign.com\/fr\/","name":"NeliDesign","description":"Projets cr\u00e9atifs pour une d\u00e9co qui vous plait","publisher":{"@id":"https:\/\/nelidesign.com\/fr\/#\/schema\/person\/07194ebfb7711949a8cdd1a9da087cdd"},"potentialAction":[{"@type":"SearchAction","target":{"@type":"EntryPoint","urlTemplate":"https:\/\/nelidesign.com\/fr\/?s={search_term_string}"},"query-input":{"@type":"PropertyValueSpecification","valueRequired":true,"valueName":"search_term_string"}}],"inLanguage":"fr-FR"},{"@type":["Person","Organization"],"@id":"https:\/\/nelidesign.com\/fr\/#\/schema\/person\/07194ebfb7711949a8cdd1a9da087cdd","name":"Natalie","image":{"@type":"ImageObject","inLanguage":"fr-FR","@id":"https:\/\/nelidesign.com\/wp-content\/uploads\/2021\/10\/Natalie2021-1.jpg","url":"https:\/\/nelidesign.com\/wp-content\/uploads\/2021\/10\/Natalie2021-1.jpg","contentUrl":"https:\/\/nelidesign.com\/wp-content\/uploads\/2021\/10\/Natalie2021-1.jpg","width":350,"height":500,"caption":"Natalie"},"logo":{"@id":"https:\/\/nelidesign.com\/wp-content\/uploads\/2021\/10\/Natalie2021-1.jpg"},"sameAs":["https:\/\/nelidesign.com\/about-me2\/","https:\/\/www.facebook.com\/Natalie.NeliDesign\/","https:\/\/www.instagram.com\/Natalie.NeliDesign\/","https:\/\/www.pinterest.com\/nelidesign\/","https:\/\/www.youtube.com\/nelidesign"]}]}},"featured_image_src":null,"featured_image_src_square":null,"_links":{"self":[{"href":"https:\/\/nelidesign.com\/fr\/wp-json\/wp\/v2\/pages\/44489","targetHints":{"allow":["GET"]}}],"collection":[{"href":"https:\/\/nelidesign.com\/fr\/wp-json\/wp\/v2\/pages"}],"about":[{"href":"https:\/\/nelidesign.com\/fr\/wp-json\/wp\/v2\/types\/page"}],"author":[{"embeddable":true,"href":"https:\/\/nelidesign.com\/fr\/wp-json\/wp\/v2\/users\/1"}],"replies":[{"embeddable":true,"href":"https:\/\/nelidesign.com\/fr\/wp-json\/wp\/v2\/comments?post=44489"}],"version-history":[{"count":6,"href":"https:\/\/nelidesign.com\/fr\/wp-json\/wp\/v2\/pages\/44489\/revisions"}],"predecessor-version":[{"id":44498,"href":"https:\/\/nelidesign.com\/fr\/wp-json\/wp\/v2\/pages\/44489\/revisions\/44498"}],"wp:attachment":[{"href":"https:\/\/nelidesign.com\/fr\/wp-json\/wp\/v2\/media?parent=44489"}],"curies":[{"name":"wp","href":"https:\/\/api.w.org\/{rel}","templated":true}]}}