{"id":36068,"date":"2022-09-27T10:32:01","date_gmt":"2022-09-27T14:32:01","guid":{"rendered":"https:\/\/nelidesign.com\/?page_id=36068"},"modified":"2022-09-27T10:35:15","modified_gmt":"2022-09-27T14:35:15","slug":"holiday-cricut-craftfest","status":"publish","type":"page","link":"https:\/\/nelidesign.com\/fr\/holiday-cricut-craftfest\/","title":{"rendered":"Holiday Cricut Craftfest! - C\u2019est gratuit"},"content":{"rendered":"\n<div class=\"wp-block-group\"><div class=\"wp-block-group__inner-container is-layout-flow wp-block-group-is-layout-flow\">\n<p>Je suis ravie de participer au Holiday Cricut Craftfest avec tous ces incroyables experts Cricut!<\/p>\n\n\n\n<figure class=\"wp-block-image size-full\"><img decoding=\"async\" width=\"940\" height=\"788\" fetchpriority=\"high\" src=\"https:\/\/nelidesign.com\/wp-content\/uploads\/2022\/09\/FB-Graphics3-1.png\" alt=\"\" data-skip-lazy class=\"wp-image-36027\" srcset=\"https:\/\/nelidesign.com\/wp-content\/uploads\/2022\/09\/FB-Graphics3-1.png 940w, https:\/\/nelidesign.com\/wp-content\/uploads\/2022\/09\/FB-Graphics3-1-768x644.png 768w, https:\/\/nelidesign.com\/wp-content\/uploads\/2022\/09\/FB-Graphics3-1-735x616.png 735w\" sizes=\"(max-width: 940px) 100vw, 940px\" \/><\/figure>\n<\/div><\/div>\n\n\n\n<p><em>Cet article contient des liens vers des produits affili\u00e9s pour votre convenance et sans frais suppl\u00e9mentaires pour vous. <a rel=\"noreferrer noopener\" href=\"https:\/\/nelidesign.com\/fr\/divulgation\/\" target=\"_blank\">Cliquez ici pour lire ma politique de divulgation compl\u00e8te.<\/a><\/em><\/p>\n\n\n\n<p>Le\u00a0<a href=\"https:\/\/abbikirsten.samcart.com\/referral\/holiday-cricut-craftfest\/g7Em0jXKKTWJBKTS\" target=\"_blank\" rel=\"noreferrer noopener nofollow\"><strong>Holiday Cricut Craftfest<\/strong><\/a>\u00a0est un \u00e9v\u00e9nement\u00a0<strong>gratuit<\/strong>\u00a0de 5 jours pour vous aider \u00e0 cr\u00e9er votre chemin vers la confiance avec plus de 37 projets Cricut inspirants pour tous les niveaux!<\/p>\n\n\n\n<p>Et quand je dis \u00ab Holiday \u00bb, je ne parle pas seulement de No\u00ebl! Oh non!<\/p>\n\n\n\n<p>Vous aurez aussi&nbsp;<strong>des projets pour l'automne et Halloween!<\/strong><\/p>\n\n\n\n<p>Vous pouvez voir\u00a0<a href=\"https:\/\/abbikirsten.samcart.com\/referral\/holiday-cricut-craftfest\/g7Em0jXKKTWJBKTS\" target=\"_blank\" rel=\"noreferrer noopener nofollow\"><strong>tous les d\u00e9tails sur le sommet ici,<\/strong><\/a>\u00a0mais voici un bref aper\u00e7u\u00a0:<\/p>\n\n\n\n<ul class=\"wp-block-list\"><li>Le sommet se d\u00e9roulera du 3 au 7 octobre.<\/li><li>Chaque jour sera rempli de pr\u00e9sentateurs talentueux qui sont pr\u00eats \u00e0 vous aider \u00e0 cr\u00e9er en toute confiance avec votre machine Cricut pour cr\u00e9er des cadeaux, des d\u00e9corations et des projets faits \u00e0 la main pour cette saison!<\/li><li>Nous avons un groupe Facebook o\u00f9 vous partagerez avec d'autres amis Cricut, poserez des questions aux conf\u00e9renciers et beaucoup plus!<\/li><li>Vous pouvez assister au sommet tout \u00e0 fait gratuitement, mais vous pouvez aussi choisir de saisir la passe d'acc\u00e8s VIP du Cricut Craftfest \u00e0 tout moment.<\/li><\/ul>\n\n\n\n<p><strong> <\/strong><a href=\"https:\/\/abbikirsten.samcart.com\/referral\/VIP-EARLY-BIRD\/g7Em0jXKKTWJBKTS\" target=\"_blank\" rel=\"noreferrer noopener nofollow\"><strong>La passe d'acc\u00e8s VIP du Holiday Cricut Craftfest<\/strong><\/a>\u00a0vous donnera un acc\u00e8s \u00e0 vie au sommet (ce qui signifie que vous obtenez toutes les vid\u00e9os \u00e0 vie), ainsi que des fichiers de projet, des transcriptions vid\u00e9o et plus de 500\u00a0$ de bonus Cricut exclusifs de la part des conf\u00e9renciers!<\/p>\n\n\n\n<p> <a href=\"https:\/\/abbikirsten.samcart.com\/referral\/VIP-EARLY-BIRD\/g7Em0jXKKTWJBKTS\" target=\"_blank\" rel=\"noreferrer noopener nofollow\"><strong>La passe VIP\u00a0<\/strong><\/a>est actuellement propos\u00e9e \u00e0 un prix sp\u00e9cial. Une fois que le sommet aura commenc\u00e9 et que tout le monde aura eu la chance de voir \u00e0 quel point le contenu est incroyable, le prix augmentera jusqu'au plein tarif. Alors ne passez pas \u00e0 c\u00f4t\u00e9 de cette offre!<\/p>\n\n\n\n<p>\u00cates-vous pr\u00eat \u00e0 apprendre \u00e0 cr\u00e9er en toute confiance avec tous ces diff\u00e9rents super professeurs?<\/p>\n\n\n\n<p><strong> <\/strong><a href=\"https:\/\/abbikirsten.samcart.com\/referral\/holiday-cricut-craftfest\/g7Em0jXKKTWJBKTS\" target=\"_blank\" rel=\"noreferrer noopener nofollow\"><strong>Rendez-vous ici pour en savoir plus\u00a0<\/strong><\/a><strong>et r\u00e9cup\u00e9rer votre billet gratuit\u00a0<\/strong>- plus d'informations seront envoy\u00e9es directement dans votre bo\u00eete de r\u00e9ception par la suite.<\/p>\n\n\n\n<div class=\"wp-block-group\"><div class=\"wp-block-group__inner-container is-layout-flow wp-block-group-is-layout-flow\">\n<h2 class=\"wp-block-heading\">Mon projet du Cricut Craftfest!<\/h2>\n\n\n\n<p>En ce qui concerne mon projet, je vais vous montrer comment faire des wraps de bougies interchangeables! <strong>Oui, interchangeables! <\/strong>Qui n'aime pas pouvoir utiliser la d\u00e9coration int\u00e9rieure pour plusieurs saisons?<\/p>\n\n\n\n<p>Dans le tutoriel qui sera disponible gratuitement \u00e0 partir du lundi 3 octobre \u00e0 9h HAE jusqu'\u00e0 9h le 4 octobre, je ferai cette version d'automne:<\/p>\n\n\n\n<figure class=\"wp-block-gallery has-nested-images columns-default is-cropped wp-block-gallery-2 is-layout-flex wp-block-gallery-is-layout-flex\">\n<figure class=\"wp-block-image size-large\"><img decoding=\"async\" width=\"860\" height=\"645\" data-id=\"36030\" src=\"https:\/\/nelidesign.com\/wp-content\/uploads\/2022\/09\/candle-wraps-NeliDesign-logo-2.jpg\" alt=\"\" class=\"wp-image-36030\" srcset=\"https:\/\/nelidesign.com\/wp-content\/uploads\/2022\/09\/candle-wraps-NeliDesign-logo-2.jpg 860w, https:\/\/nelidesign.com\/wp-content\/uploads\/2022\/09\/candle-wraps-NeliDesign-logo-2-768x576.jpg 768w, https:\/\/nelidesign.com\/wp-content\/uploads\/2022\/09\/candle-wraps-NeliDesign-logo-2-720x540.jpg 720w, https:\/\/nelidesign.com\/wp-content\/uploads\/2022\/09\/candle-wraps-NeliDesign-logo-2-480x360.jpg 480w, https:\/\/nelidesign.com\/wp-content\/uploads\/2022\/09\/candle-wraps-NeliDesign-logo-2-320x240.jpg 320w, https:\/\/nelidesign.com\/wp-content\/uploads\/2022\/09\/candle-wraps-NeliDesign-logo-2-735x551.jpg 735w\" sizes=\"(max-width: 860px) 100vw, 860px\" \/><\/figure>\n\n\n\n<figure class=\"wp-block-image size-large\"><img decoding=\"async\" width=\"860\" height=\"645\" data-id=\"36029\" src=\"https:\/\/nelidesign.com\/wp-content\/uploads\/2022\/09\/candle-wraps-NeliDesign-logo-3.jpg\" alt=\"\" class=\"wp-image-36029\" srcset=\"https:\/\/nelidesign.com\/wp-content\/uploads\/2022\/09\/candle-wraps-NeliDesign-logo-3.jpg 860w, https:\/\/nelidesign.com\/wp-content\/uploads\/2022\/09\/candle-wraps-NeliDesign-logo-3-768x576.jpg 768w, https:\/\/nelidesign.com\/wp-content\/uploads\/2022\/09\/candle-wraps-NeliDesign-logo-3-720x540.jpg 720w, https:\/\/nelidesign.com\/wp-content\/uploads\/2022\/09\/candle-wraps-NeliDesign-logo-3-480x360.jpg 480w, https:\/\/nelidesign.com\/wp-content\/uploads\/2022\/09\/candle-wraps-NeliDesign-logo-3-320x240.jpg 320w, https:\/\/nelidesign.com\/wp-content\/uploads\/2022\/09\/candle-wraps-NeliDesign-logo-3-735x551.jpg 735w\" sizes=\"(max-width: 860px) 100vw, 860px\" \/><\/figure>\n<\/figure>\n<\/div><\/div>\n\n\n\n<p>Si vous \u00eates int\u00e9ress\u00e9 \u00e0 les faire, commandez les bougies et autres mat\u00e9riaux d\u00e8s maintenant! (voir la liste ci-dessous).<\/p>\n\n\n\n<div class=\"wp-block-group\"><div class=\"wp-block-group__inner-container is-layout-flow wp-block-group-is-layout-flow\">\n<h2 class=\"wp-block-heading\">Voici le mat\u00e9riel et les outils dont vous aurez besoin!<\/h2>\n\n\n\n<ul class=\"has-background wp-block-list\" style=\"background-color:#e8f5f4\"><li><a class=\"thirstylink\" rel=\"nofollow\" target=\"_blank\" title=\"Battery operated LED candles - Amazon\" href=\"https:\/\/amzn.to\/3BQAup3\" data-linkid=\"36034\" data-shortcode=\"true\">3 bougies LED \u00e0 piles <\/a><\/li><li><a class=\"thirstylink\" rel=\"nofollow\" target=\"_blank\" title=\"Maker family - Cricut\" href=\"https:\/\/nelidesign.com\/recommends\/maker-family\/\" data-shortcode=\"true\">Cricut Maker<\/a> ou <a class=\"thirstylink\" rel=\"nofollow\" target=\"_blank\" title=\"Explore family - Cricut\" href=\"https:\/\/nelidesign.com\/recommends\/explore-family\/\" data-shortcode=\"true\">Explore<\/a><\/li><li><a class=\"thirstylink\" rel=\"nofollow\" target=\"_blank\" title=\"Weeding tool set - Cricut\" href=\"https:\/\/nelidesign.com\/recommends\/weeding-tool-set\/\" data-shortcode=\"true\">Outils pour d\u00e9sherber (\u00e9cheniller)<\/a><\/li><li><a class=\"thirstylink\" rel=\"nofollow\" target=\"_blank\" title=\"Scraper and Spatula Set - Cricut\" href=\"https:\/\/nelidesign.com\/recommends\/scraper-and-spatula-set\/\" data-shortcode=\"true\">Grattoir<\/a><\/li><li>Ruban \u00e0 mesurer<\/li><li><a class=\"thirstylink\" rel=\"nofollow\" target=\"_blank\" title=\"Portable trimmer 13in - Cricut\" href=\"https:\/\/nelidesign.com\/recommends\/portable-trimmer-13in\/\" data-shortcode=\"true\">Massicot<\/a><\/li><li>Ciseaux<\/li><li><a class=\"thirstylink\" rel=\"nofollow\" target=\"_blank\" title=\"Premium Vinyl Textured Metallic - Cricut\" href=\"https:\/\/nelidesign.com\/recommends\/premium-vinyl-textured-metallic\/\" data-shortcode=\"true\">Vinyle adh\u00e9sif<\/a> (permanent ou amovible, peu importe) couleur et finition de votre choix. Dans le tutoriel, j'utilise du <a class=\"thirstylink\" rel=\"nofollow\" target=\"_blank\" title=\"Premium Vinyl Textured Metallic - Cricut\" href=\"https:\/\/nelidesign.com\/recommends\/premium-vinyl-textured-metallic\/\" data-shortcode=\"true\">vinyle Premium Textured Metallic couleur cuivre<\/a><\/li><li><a class=\"thirstylink\" rel=\"nofollow\" target=\"_blank\" title=\"Transfer tape - Cricut\" href=\"https:\/\/nelidesign.com\/recommends\/transfer-tape\/\" data-shortcode=\"true\">Papier transfert<\/a><\/li><li><a class=\"thirstylink\" rel=\"nofollow\" target=\"_blank\" title=\"Vellum - Amazon\" href=\"https:\/\/amzn.to\/3BMsBAN\" data-linkid=\"36037\" data-shortcode=\"true\">Papier v\u00e9lin translucide<\/a><\/li><li>Ruban adh\u00e9sif<\/li><li><a class=\"thirstylink\" rel=\"nofollow\" target=\"_blank\" title=\"BrightPad All - Cricut\" href=\"https:\/\/nelidesign.com\/recommends\/brightpad-all\/\" data-shortcode=\"true\">Cricut BrightPad<\/a> (optionnel)<\/li><\/ul>\n<\/div><\/div>\n\n\n\n<div class=\"wp-block-group\"><div class=\"wp-block-group__inner-container is-layout-flow wp-block-group-is-layout-flow\">\n<h2 class=\"wp-block-heading\">Mes bonus de la passe d'acc\u00e8s VIP!<\/h2>\n\n\n\n<p>Comme je l'ai mentionn\u00e9 pr\u00e9c\u00e9demment, si vous achetez votre <a href=\"https:\/\/abbikirsten.samcart.com\/referral\/VIP-EARLY-BIRD\/g7Em0jXKKTWJBKTS\" target=\"_blank\" rel=\"noreferrer noopener nofollow\">passe VIP<\/a>, vous obtiendrez une tonne de bonus de la part des experts!<\/p>\n\n\n\n<p>Le bonus que j'ai personnellement ajout\u00e9 pour le pass VIP sont ces 2 autres fichiers SVG afin que vous puissiez faire durer votre d\u00e9coration de bougie encore plus longtemps! (et vous allez adorer qu'ils ne prennent pas de place lorsque vous les rangez!)<\/p>\n\n\n\n<figure class=\"wp-block-gallery has-nested-images columns-default is-cropped wp-block-gallery-3 is-layout-flex wp-block-gallery-is-layout-flex\">\n<figure class=\"wp-block-image size-large\"><img decoding=\"async\" width=\"860\" height=\"645\" data-id=\"36040\" src=\"https:\/\/nelidesign.com\/wp-content\/uploads\/2022\/09\/candle-wraps-NeliDesign-logo-5.jpg\" alt=\"\" class=\"wp-image-36040\" srcset=\"https:\/\/nelidesign.com\/wp-content\/uploads\/2022\/09\/candle-wraps-NeliDesign-logo-5.jpg 860w, https:\/\/nelidesign.com\/wp-content\/uploads\/2022\/09\/candle-wraps-NeliDesign-logo-5-768x576.jpg 768w, https:\/\/nelidesign.com\/wp-content\/uploads\/2022\/09\/candle-wraps-NeliDesign-logo-5-720x540.jpg 720w, https:\/\/nelidesign.com\/wp-content\/uploads\/2022\/09\/candle-wraps-NeliDesign-logo-5-480x360.jpg 480w, https:\/\/nelidesign.com\/wp-content\/uploads\/2022\/09\/candle-wraps-NeliDesign-logo-5-320x240.jpg 320w, https:\/\/nelidesign.com\/wp-content\/uploads\/2022\/09\/candle-wraps-NeliDesign-logo-5-735x551.jpg 735w\" sizes=\"(max-width: 860px) 100vw, 860px\" \/><\/figure>\n\n\n\n<figure class=\"wp-block-image size-large\"><img decoding=\"async\" width=\"860\" height=\"645\" data-id=\"36039\" src=\"https:\/\/nelidesign.com\/wp-content\/uploads\/2022\/09\/candle-wraps-NeliDesign-logo-6.jpg\" alt=\"\" class=\"wp-image-36039\" srcset=\"https:\/\/nelidesign.com\/wp-content\/uploads\/2022\/09\/candle-wraps-NeliDesign-logo-6.jpg 860w, https:\/\/nelidesign.com\/wp-content\/uploads\/2022\/09\/candle-wraps-NeliDesign-logo-6-768x576.jpg 768w, https:\/\/nelidesign.com\/wp-content\/uploads\/2022\/09\/candle-wraps-NeliDesign-logo-6-720x540.jpg 720w, https:\/\/nelidesign.com\/wp-content\/uploads\/2022\/09\/candle-wraps-NeliDesign-logo-6-480x360.jpg 480w, https:\/\/nelidesign.com\/wp-content\/uploads\/2022\/09\/candle-wraps-NeliDesign-logo-6-320x240.jpg 320w, https:\/\/nelidesign.com\/wp-content\/uploads\/2022\/09\/candle-wraps-NeliDesign-logo-6-735x551.jpg 735w\" sizes=\"(max-width: 860px) 100vw, 860px\" \/><\/figure>\n<\/figure>\n\n\n\n<p>Alors <strong><a href=\"https:\/\/abbikirsten.samcart.com\/referral\/VIP-EARLY-BIRD\/g7Em0jXKKTWJBKTS\" target=\"_blank\" rel=\"noreferrer noopener nofollow\">d\u00e9p\u00eachez-vous et cliquez ici pour obtenir votre pass VIP-Access<\/a><\/strong> avant que le prix n'augmente au d\u00e9but du Craftfest!<\/p>\n<\/div><\/div>\n\n\n\n<div class=\"wp-block-group\"><div class=\"wp-block-group__inner-container is-layout-flow wp-block-group-is-layout-flow\">\n<h2 class=\"wp-block-heading\">Ne manquez pas mon tirage!<\/h2>\n\n\n\n<p>Vous obtiendrez tout ce dont vous avez besoin comme mat\u00e9riaux pour r\u00e9aliser mon projet de bougies!<\/p>\n\n\n\n<figure class=\"wp-block-image size-full\"><img decoding=\"async\" width=\"940\" height=\"788\" src=\"https:\/\/nelidesign.com\/wp-content\/uploads\/2022\/09\/Giveaway-craftfest.jpg\" alt=\"\" class=\"wp-image-36048\" srcset=\"https:\/\/nelidesign.com\/wp-content\/uploads\/2022\/09\/Giveaway-craftfest.jpg 940w, https:\/\/nelidesign.com\/wp-content\/uploads\/2022\/09\/Giveaway-craftfest-768x644.jpg 768w, https:\/\/nelidesign.com\/wp-content\/uploads\/2022\/09\/Giveaway-craftfest-735x616.jpg 735w\" sizes=\"(max-width: 940px) 100vw, 940px\" \/><\/figure>\n\n\n\n<p>Mon tirage s'ouvrira dans le groupe Facebook du Cricut Craftfest le 1er octobre \u00e0 10 h HAE. Les gagnants seront annonc\u00e9s dans le m\u00eame groupe Facebook le 4 octobre.<\/p>\n\n\n\n<p><a href=\"https:\/\/cricutcraftfest.com\/giveaways\/\" target=\"_blank\" rel=\"noreferrer noopener nofollow\">Voir tous les cadeaux ici!<\/a> <\/p>\n<\/div><\/div>\n","protected":false},"excerpt":{"rendered":"<p>Je suis ravie de participer au Holiday Cricut Craftfest avec tous ces incroyables experts Cricut! Cet article contient des liens vers des produits affili\u00e9s pour votre convenance et sans frais suppl\u00e9mentaires pour vous. Cliquez ici pour lire ma politique de divulgation compl\u00e8te. Le\u00a0Holiday Cricut Craftfest\u00a0est un \u00e9v\u00e9nement\u00a0gratuit\u00a0de 5 jours pour vous aider \u00e0 cr\u00e9er votre [&hellip;]<\/p>\n","protected":false},"author":1,"featured_media":0,"parent":0,"menu_order":0,"comment_status":"closed","ping_status":"closed","template":"","meta":{"_genesis_hide_title":false,"_genesis_hide_breadcrumbs":false,"_genesis_hide_singular_image":false,"_genesis_hide_footer_widgets":false,"_genesis_custom_body_class":"","_genesis_custom_post_class":"","_genesis_layout":"","footnotes":""},"class_list":{"0":"post-36068","1":"page","2":"type-page","3":"status-publish","5":"entry","6":"has-post-thumbnail"},"yoast_head":"<!-- This site is optimized with the Yoast SEO plugin v27.4 - https:\/\/yoast.com\/product\/yoast-seo-wordpress\/ -->\n<title>Holiday Cricut Craftfest! - C\u2019est gratuit - NeliDesign<\/title>\n<meta name=\"robots\" content=\"index, follow, max-snippet:-1, max-image-preview:large, max-video-preview:-1\" \/>\n<link rel=\"canonical\" href=\"https:\/\/nelidesign.com\/fr\/holiday-cricut-craftfest\/\" \/>\n<meta property=\"og:locale\" content=\"fr_FR\" \/>\n<meta property=\"og:type\" content=\"article\" \/>\n<meta property=\"og:title\" content=\"Holiday Cricut Craftfest! - C\u2019est gratuit - NeliDesign\" \/>\n<meta property=\"og:description\" content=\"Je suis ravie de participer au Holiday Cricut Craftfest avec tous ces incroyables experts Cricut! Cet article contient des liens vers des produits affili\u00e9s pour votre convenance et sans frais suppl\u00e9mentaires pour vous. Cliquez ici pour lire ma politique de divulgation compl\u00e8te. Le\u00a0Holiday Cricut Craftfest\u00a0est un \u00e9v\u00e9nement\u00a0gratuit\u00a0de 5 jours pour vous aider \u00e0 cr\u00e9er votre [&hellip;]\" \/>\n<meta property=\"og:url\" content=\"https:\/\/nelidesign.com\/fr\/holiday-cricut-craftfest\/\" \/>\n<meta property=\"og:site_name\" content=\"NeliDesign\" \/>\n<meta property=\"article:publisher\" content=\"https:\/\/www.facebook.com\/Natalie.NeliDesign\/\" \/>\n<meta property=\"article:modified_time\" content=\"2022-09-27T14:35:15+00:00\" \/>\n<meta property=\"og:image\" content=\"https:\/\/nelidesign.com\/wp-content\/uploads\/2022\/09\/FB-Graphics3-1.png\" \/>\n<meta name=\"twitter:card\" content=\"summary_large_image\" \/>\n<meta name=\"twitter:site\" content=\"@nelidesign\" \/>\n<meta name=\"twitter:label1\" content=\"Dur\u00e9e de lecture estim\u00e9e\" \/>\n\t<meta name=\"twitter:data1\" content=\"4 minutes\" \/>\n<script type=\"application\/ld+json\" class=\"yoast-schema-graph\">{\"@context\":\"https:\\\/\\\/schema.org\",\"@graph\":[{\"@type\":\"WebPage\",\"@id\":\"https:\\\/\\\/nelidesign.com\\\/fr\\\/holiday-cricut-craftfest\\\/\",\"url\":\"https:\\\/\\\/nelidesign.com\\\/fr\\\/holiday-cricut-craftfest\\\/\",\"name\":\"Holiday Cricut Craftfest! - C\u2019est gratuit - NeliDesign\",\"isPartOf\":{\"@id\":\"https:\\\/\\\/nelidesign.com\\\/fr\\\/#website\"},\"primaryImageOfPage\":{\"@id\":\"https:\\\/\\\/nelidesign.com\\\/fr\\\/holiday-cricut-craftfest\\\/#primaryimage\"},\"image\":{\"@id\":\"https:\\\/\\\/nelidesign.com\\\/fr\\\/holiday-cricut-craftfest\\\/#primaryimage\"},\"thumbnailUrl\":\"https:\\\/\\\/nelidesign.com\\\/wp-content\\\/uploads\\\/2022\\\/09\\\/FB-Graphics3-1.png\",\"datePublished\":\"2022-09-27T14:32:01+00:00\",\"dateModified\":\"2022-09-27T14:35:15+00:00\",\"breadcrumb\":{\"@id\":\"https:\\\/\\\/nelidesign.com\\\/fr\\\/holiday-cricut-craftfest\\\/#breadcrumb\"},\"inLanguage\":\"fr-FR\",\"potentialAction\":[{\"@type\":\"ReadAction\",\"target\":[\"https:\\\/\\\/nelidesign.com\\\/fr\\\/holiday-cricut-craftfest\\\/\"]}]},{\"@type\":\"ImageObject\",\"inLanguage\":\"fr-FR\",\"@id\":\"https:\\\/\\\/nelidesign.com\\\/fr\\\/holiday-cricut-craftfest\\\/#primaryimage\",\"url\":\"https:\\\/\\\/nelidesign.com\\\/wp-content\\\/uploads\\\/2022\\\/09\\\/FB-Graphics3-1.png\",\"contentUrl\":\"https:\\\/\\\/nelidesign.com\\\/wp-content\\\/uploads\\\/2022\\\/09\\\/FB-Graphics3-1.png\"},{\"@type\":\"BreadcrumbList\",\"@id\":\"https:\\\/\\\/nelidesign.com\\\/fr\\\/holiday-cricut-craftfest\\\/#breadcrumb\",\"itemListElement\":[{\"@type\":\"ListItem\",\"position\":1,\"name\":\"Home\",\"item\":\"https:\\\/\\\/nelidesign.com\\\/fr\\\/\"},{\"@type\":\"ListItem\",\"position\":2,\"name\":\"Holiday Cricut Craftfest! - C\u2019est gratuit\"}]},{\"@type\":\"WebSite\",\"@id\":\"https:\\\/\\\/nelidesign.com\\\/fr\\\/#website\",\"url\":\"https:\\\/\\\/nelidesign.com\\\/fr\\\/\",\"name\":\"NeliDesign\",\"description\":\"Projets cr\u00e9atifs pour une d\u00e9co qui vous plait\",\"publisher\":{\"@id\":\"https:\\\/\\\/nelidesign.com\\\/fr\\\/#\\\/schema\\\/person\\\/07194ebfb7711949a8cdd1a9da087cdd\"},\"potentialAction\":[{\"@type\":\"SearchAction\",\"target\":{\"@type\":\"EntryPoint\",\"urlTemplate\":\"https:\\\/\\\/nelidesign.com\\\/fr\\\/?s={search_term_string}\"},\"query-input\":{\"@type\":\"PropertyValueSpecification\",\"valueRequired\":true,\"valueName\":\"search_term_string\"}}],\"inLanguage\":\"fr-FR\"},{\"@type\":[\"Person\",\"Organization\"],\"@id\":\"https:\\\/\\\/nelidesign.com\\\/fr\\\/#\\\/schema\\\/person\\\/07194ebfb7711949a8cdd1a9da087cdd\",\"name\":\"Natalie\",\"image\":{\"@type\":\"ImageObject\",\"inLanguage\":\"fr-FR\",\"@id\":\"https:\\\/\\\/nelidesign.com\\\/wp-content\\\/uploads\\\/2021\\\/10\\\/Natalie2021-1.jpg\",\"url\":\"https:\\\/\\\/nelidesign.com\\\/wp-content\\\/uploads\\\/2021\\\/10\\\/Natalie2021-1.jpg\",\"contentUrl\":\"https:\\\/\\\/nelidesign.com\\\/wp-content\\\/uploads\\\/2021\\\/10\\\/Natalie2021-1.jpg\",\"width\":350,\"height\":500,\"caption\":\"Natalie\"},\"logo\":{\"@id\":\"https:\\\/\\\/nelidesign.com\\\/wp-content\\\/uploads\\\/2021\\\/10\\\/Natalie2021-1.jpg\"},\"sameAs\":[\"https:\\\/\\\/nelidesign.com\\\/about-me2\\\/\",\"https:\\\/\\\/www.facebook.com\\\/Natalie.NeliDesign\\\/\",\"https:\\\/\\\/www.instagram.com\\\/Natalie.NeliDesign\\\/\",\"https:\\\/\\\/www.pinterest.com\\\/nelidesign\\\/\",\"https:\\\/\\\/www.youtube.com\\\/nelidesign\"]}]}<\/script>\n<!-- \/ Yoast SEO plugin. -->","yoast_head_json":{"title":"Holiday Cricut Craftfest! - C\u2019est gratuit - NeliDesign","robots":{"index":"index","follow":"follow","max-snippet":"max-snippet:-1","max-image-preview":"max-image-preview:large","max-video-preview":"max-video-preview:-1"},"canonical":"https:\/\/nelidesign.com\/fr\/holiday-cricut-craftfest\/","og_locale":"fr_FR","og_type":"article","og_title":"Holiday Cricut Craftfest! - C\u2019est gratuit - NeliDesign","og_description":"Je suis ravie de participer au Holiday Cricut Craftfest avec tous ces incroyables experts Cricut! Cet article contient des liens vers des produits affili\u00e9s pour votre convenance et sans frais suppl\u00e9mentaires pour vous. Cliquez ici pour lire ma politique de divulgation compl\u00e8te. Le\u00a0Holiday Cricut Craftfest\u00a0est un \u00e9v\u00e9nement\u00a0gratuit\u00a0de 5 jours pour vous aider \u00e0 cr\u00e9er votre [&hellip;]","og_url":"https:\/\/nelidesign.com\/fr\/holiday-cricut-craftfest\/","og_site_name":"NeliDesign","article_publisher":"https:\/\/www.facebook.com\/Natalie.NeliDesign\/","article_modified_time":"2022-09-27T14:35:15+00:00","og_image":[{"url":"https:\/\/nelidesign.com\/wp-content\/uploads\/2022\/09\/FB-Graphics3-1.png","type":"","width":"","height":""}],"twitter_card":"summary_large_image","twitter_site":"@nelidesign","twitter_misc":{"Dur\u00e9e de lecture estim\u00e9e":"4 minutes"},"schema":{"@context":"https:\/\/schema.org","@graph":[{"@type":"WebPage","@id":"https:\/\/nelidesign.com\/fr\/holiday-cricut-craftfest\/","url":"https:\/\/nelidesign.com\/fr\/holiday-cricut-craftfest\/","name":"Holiday Cricut Craftfest! - C\u2019est gratuit - NeliDesign","isPartOf":{"@id":"https:\/\/nelidesign.com\/fr\/#website"},"primaryImageOfPage":{"@id":"https:\/\/nelidesign.com\/fr\/holiday-cricut-craftfest\/#primaryimage"},"image":{"@id":"https:\/\/nelidesign.com\/fr\/holiday-cricut-craftfest\/#primaryimage"},"thumbnailUrl":"https:\/\/nelidesign.com\/wp-content\/uploads\/2022\/09\/FB-Graphics3-1.png","datePublished":"2022-09-27T14:32:01+00:00","dateModified":"2022-09-27T14:35:15+00:00","breadcrumb":{"@id":"https:\/\/nelidesign.com\/fr\/holiday-cricut-craftfest\/#breadcrumb"},"inLanguage":"fr-FR","potentialAction":[{"@type":"ReadAction","target":["https:\/\/nelidesign.com\/fr\/holiday-cricut-craftfest\/"]}]},{"@type":"ImageObject","inLanguage":"fr-FR","@id":"https:\/\/nelidesign.com\/fr\/holiday-cricut-craftfest\/#primaryimage","url":"https:\/\/nelidesign.com\/wp-content\/uploads\/2022\/09\/FB-Graphics3-1.png","contentUrl":"https:\/\/nelidesign.com\/wp-content\/uploads\/2022\/09\/FB-Graphics3-1.png"},{"@type":"BreadcrumbList","@id":"https:\/\/nelidesign.com\/fr\/holiday-cricut-craftfest\/#breadcrumb","itemListElement":[{"@type":"ListItem","position":1,"name":"Home","item":"https:\/\/nelidesign.com\/fr\/"},{"@type":"ListItem","position":2,"name":"Holiday Cricut Craftfest! - C\u2019est gratuit"}]},{"@type":"WebSite","@id":"https:\/\/nelidesign.com\/fr\/#website","url":"https:\/\/nelidesign.com\/fr\/","name":"NeliDesign","description":"Projets cr\u00e9atifs pour une d\u00e9co qui vous plait","publisher":{"@id":"https:\/\/nelidesign.com\/fr\/#\/schema\/person\/07194ebfb7711949a8cdd1a9da087cdd"},"potentialAction":[{"@type":"SearchAction","target":{"@type":"EntryPoint","urlTemplate":"https:\/\/nelidesign.com\/fr\/?s={search_term_string}"},"query-input":{"@type":"PropertyValueSpecification","valueRequired":true,"valueName":"search_term_string"}}],"inLanguage":"fr-FR"},{"@type":["Person","Organization"],"@id":"https:\/\/nelidesign.com\/fr\/#\/schema\/person\/07194ebfb7711949a8cdd1a9da087cdd","name":"Natalie","image":{"@type":"ImageObject","inLanguage":"fr-FR","@id":"https:\/\/nelidesign.com\/wp-content\/uploads\/2021\/10\/Natalie2021-1.jpg","url":"https:\/\/nelidesign.com\/wp-content\/uploads\/2021\/10\/Natalie2021-1.jpg","contentUrl":"https:\/\/nelidesign.com\/wp-content\/uploads\/2021\/10\/Natalie2021-1.jpg","width":350,"height":500,"caption":"Natalie"},"logo":{"@id":"https:\/\/nelidesign.com\/wp-content\/uploads\/2021\/10\/Natalie2021-1.jpg"},"sameAs":["https:\/\/nelidesign.com\/about-me2\/","https:\/\/www.facebook.com\/Natalie.NeliDesign\/","https:\/\/www.instagram.com\/Natalie.NeliDesign\/","https:\/\/www.pinterest.com\/nelidesign\/","https:\/\/www.youtube.com\/nelidesign"]}]}},"featured_image_src":null,"featured_image_src_square":null,"_links":{"self":[{"href":"https:\/\/nelidesign.com\/fr\/wp-json\/wp\/v2\/pages\/36068","targetHints":{"allow":["GET"]}}],"collection":[{"href":"https:\/\/nelidesign.com\/fr\/wp-json\/wp\/v2\/pages"}],"about":[{"href":"https:\/\/nelidesign.com\/fr\/wp-json\/wp\/v2\/types\/page"}],"author":[{"embeddable":true,"href":"https:\/\/nelidesign.com\/fr\/wp-json\/wp\/v2\/users\/1"}],"replies":[{"embeddable":true,"href":"https:\/\/nelidesign.com\/fr\/wp-json\/wp\/v2\/comments?post=36068"}],"version-history":[{"count":2,"href":"https:\/\/nelidesign.com\/fr\/wp-json\/wp\/v2\/pages\/36068\/revisions"}],"predecessor-version":[{"id":36070,"href":"https:\/\/nelidesign.com\/fr\/wp-json\/wp\/v2\/pages\/36068\/revisions\/36070"}],"wp:attachment":[{"href":"https:\/\/nelidesign.com\/fr\/wp-json\/wp\/v2\/media?parent=36068"}],"curies":[{"name":"wp","href":"https:\/\/api.w.org\/{rel}","templated":true}]}}