{"id":34840,"date":"2022-03-24T13:08:33","date_gmt":"2022-03-24T17:08:33","guid":{"rendered":"https:\/\/nelidesign.com\/?page_id=34840"},"modified":"2022-03-24T13:08:34","modified_gmt":"2022-03-24T17:08:34","slug":"liste-des-materiaux-pour-le-cours-osez-essayer-la-pointe-de-gravure-cricut","status":"publish","type":"page","link":"https:\/\/nelidesign.com\/fr\/liste-des-materiaux-pour-le-cours-osez-essayer-la-pointe-de-gravure-cricut\/","title":{"rendered":"Liste des mat\u00e9riaux pour le cours Osez essayer - la pointe de gravure Cricut"},"content":{"rendered":"\n<p>Cette page s'adresse aux \u00e9tudiants inscrits au cours <em>Osez essayer - la pointe de gravure<\/em> Cricut. Si vous souhaitez vous inscrire ou en savoir plus, <a href=\"https:\/\/nelidesign.com\/osez-essayer-gravure\" target=\"_blank\" rel=\"noreferrer noopener\">cliquez simplement sur ce lien!<\/a><\/p>\n\n\n\n<h2 class=\"wp-block-heading\" id=\"what-you-ll-need-for-all-the-projects\">Ce dont vous aurez besoin pour tous les projets<\/h2>\n\n\n\n<p><em>Cet article contient des liens vers des produits affili\u00e9s pour votre convenance et sans frais suppl\u00e9mentaires pour vous. <a rel=\"noreferrer noopener\" href=\"https:\/\/nelidesign.com\/fr\/divulgation\/\" target=\"_blank\">Cliquez ici pour lire ma politique de divulgation compl\u00e8te.<\/a><\/em><\/p>\n\n\n\n<p class=\"has-background\" style=\"background-color:#e8f5f4\">Obtenez 10% de r\u00e9duction et la livraison gratuite en utilisant mon code promo lorsque vous commandez sur Cricut.com. <a href=\"https:\/\/nelidesign.com\/rabais-cricut\">Cliquez ici pour voir les d\u00e9tails.<\/a><\/p>\n\n\n\n<p><strong>**Pour plus de facilit\u00e9 pour tous, j'ai inclus des liens pour les Canadiens (CA) et aussi pour les Fran\u00e7ais (FR).<\/strong><\/p>\n\n\n\n<p>Bien s\u00fbr, vous aurez besoin d'une Cricut Maker (<a href=\"https:\/\/nelidesign.com\/recommends\/Maker\" target=\"_blank\" rel=\"noreferrer noopener nofollow\">CA<\/a>, <a href=\"https:\/\/amzn.to\/3DnfpD3\" target=\"_blank\" rel=\"noreferrer noopener nofollow\">FR<\/a>) ou d'une Cricut Maker 3 (<a href=\"https:\/\/nelidesign.com\/recommends\/Maker-3\" target=\"_blank\" rel=\"noreferrer noopener nofollow\">CA<\/a>, <a href=\"https:\/\/amzn.to\/38O94C7\" target=\"_blank\" rel=\"noreferrer noopener nofollow\">FR<\/a>) et de la pointe de gravure Cricut (<a href=\"https:\/\/nelidesign.com\/recommends\/Engraving-Tip\" target=\"_blank\" rel=\"noreferrer noopener nofollow\">CA<\/a>, <a href=\"https:\/\/amzn.to\/3jTENYH\" target=\"_blank\" rel=\"noreferrer noopener nofollow\">FR<\/a>) avec le bo\u00eetier Quick Swap (<a href=\"https:\/\/nelidesign.com\/recommends\/Quick-swap-and-engraving\" target=\"_blank\" rel=\"noreferrer noopener nofollow\">CA<\/a>, <a href=\"https:\/\/amzn.to\/3zrCrFj\" target=\"_blank\" rel=\"noreferrer noopener nofollow\">FR<\/a>).<\/p>\n\n\n\n<p>Si vous ne le saviez pas, le bo\u00eetier Quick Swap s'adaptera \u00e9galement \u00e0 la lame ondul\u00e9e (<a href=\"https:\/\/nelidesign.com\/recommends\/Wavy-Blade\" target=\"_blank\" rel=\"noreferrer noopener nofollow\">CA<\/a>, <a href=\"https:\/\/amzn.to\/31pGvL4\" target=\"_blank\" rel=\"noreferrer noopener nofollow\">FR<\/a>), \u00e0 la lame de perforation (<a href=\"https:\/\/nelidesign.com\/recommends\/Perforation-Blade\" target=\"_blank\" rel=\"noreferrer noopener nofollow\">CA<\/a>, <a href=\"https:\/\/amzn.to\/3ryzDWg\" target=\"_blank\" rel=\"noreferrer noopener nofollow\">FR<\/a>), \u00e0 la pointe de d\u00e9bossage (<a href=\"https:\/\/nelidesign.com\/recommends\/Debossing-Tip\" target=\"_blank\" rel=\"noreferrer noopener nofollow\">CA<\/a>, <a href=\"https:\/\/amzn.to\/3quYbOQ\" target=\"_blank\" rel=\"noreferrer noopener nofollow\">FR<\/a>) et \u00e0 la roue de rainage (<a href=\"https:\/\/nelidesign.com\/recommends\/Scoring-Wheel\" target=\"_blank\" rel=\"noreferrer noopener nofollow\">CA<\/a>, <a href=\"https:\/\/amzn.to\/32TTs05\" target=\"_blank\" rel=\"noreferrer noopener nofollow\">FR<\/a>). Vous n'avez donc besoin que <strong>d'un<\/strong> seul bo\u00eetier Quick Swap pour toutes ces pointes.<\/p>\n\n\n\n<p>Aussi, il existe un moyen de graver avec la Cricut Explore Air, mais cela implique une pointe non Cricut, que je ne recommande pas et que je ne couvrirai pas dans ce cours.<\/p>\n\n\n\n<hr class=\"wp-block-separator has-text-color has-background has-fushia-background-color has-fushia-color is-style-wide\"\/>\n\n\n\n<h2 class=\"wp-block-heading\" id=\"day-1-lotus-mandala-from-cutsunsvg\">Graver le plastique<\/h2>\n\n\n\n<div class=\"wp-block-image\"><figure class=\"aligncenter size-full\"><img decoding=\"async\" width=\"800\" height=\"800\" fetchpriority=\"high\" src=\"https:\/\/nelidesign.com\/wp-content\/uploads\/2022\/03\/Feature_Engraving-2.jpg\" alt=\"\" class=\"wp-image-34834\" srcset=\"https:\/\/nelidesign.com\/wp-content\/uploads\/2022\/03\/Feature_Engraving-2.jpg 800w, https:\/\/nelidesign.com\/wp-content\/uploads\/2022\/03\/Feature_Engraving-2-100x100.jpg 100w, https:\/\/nelidesign.com\/wp-content\/uploads\/2022\/03\/Feature_Engraving-2-768x768.jpg 768w, https:\/\/nelidesign.com\/wp-content\/uploads\/2022\/03\/Feature_Engraving-2-600x600.jpg 600w, https:\/\/nelidesign.com\/wp-content\/uploads\/2022\/03\/Feature_Engraving-2-720x720.jpg 720w, https:\/\/nelidesign.com\/wp-content\/uploads\/2022\/03\/Feature_Engraving-2-480x480.jpg 480w, https:\/\/nelidesign.com\/wp-content\/uploads\/2022\/03\/Feature_Engraving-2-320x320.jpg 320w, https:\/\/nelidesign.com\/wp-content\/uploads\/2022\/03\/Feature_Engraving-2-200x200.jpg 200w, https:\/\/nelidesign.com\/wp-content\/uploads\/2022\/03\/Feature_Engraving-2-735x735.jpg 735w\" sizes=\"(max-width: 800px) 100vw, 800px\" \/><\/figure><\/div>\n\n\n\n<div class=\"wp-block-group\"><div class=\"wp-block-group__inner-container is-layout-flow wp-block-group-is-layout-flow\">\n<h3 class=\"wp-block-heading\" id=\"materials\">Mat\u00e9riaux:<\/h3>\n\n\n\n<ul class=\"wp-block-list\"><li>Un <strong>cadre-photo<\/strong> de ton choix (j'ai pris le mien chez IKEA)<\/li><li>Si le cadre a une vitre protectrice au lieu d'un plastique, tu peux te procurer ce <strong>plastique craft de 0.020\" (500 microns)<\/strong> (<a href=\"https:\/\/amzn.to\/3n8sYg8\" target=\"_blank\" rel=\"noreferrer noopener nofollow\">CA<\/a>, <a href=\"https:\/\/amzn.to\/2X2e8zQ\" target=\"_blank\" rel=\"noreferrer noopener\">F<\/a><a href=\"https:\/\/amzn.to\/2X2e8zQ\" target=\"_blank\" rel=\"noreferrer noopener nofollow\">R<\/a>) pour remplacer le verre. Un plastique de 0.007\"(<a href=\"https:\/\/amzn.to\/2X5mbwk\" target=\"_blank\" rel=\"noreferrer noopener nofollow\">CAD<\/a>) ou 250 microns (<a href=\"https:\/\/amzn.to\/3x03QN8\" target=\"_blank\" rel=\"noreferrer noopener nofollow\">FR<\/a>) peut aussi faire l'affaire.<\/li><li><strong>Tapis de d\u00e9coupe Cricut mauve<\/strong> (<a href=\"https:\/\/nelidesign.com\/recommends\/StrongGrip-Mat\" target=\"_blank\" rel=\"noreferrer noopener nofollow\">CA<\/a>, <a href=\"https:\/\/amzn.to\/3zwv3bJ\" target=\"_blank\" rel=\"noreferrer noopener nofollow\">FR<\/a>)<\/li><li><strong>Ruban adh\u00e9sif<\/strong> pour peintre<\/li><li><strong>Rouleau \u00e0 peluches<\/strong><\/li><\/ul>\n<\/div><\/div>\n\n\n\n<hr class=\"wp-block-separator has-text-color has-background has-fushia-background-color has-fushia-color is-style-wide\"\/>\n\n\n\n<h2 class=\"wp-block-heading\">Graver le bois<\/h2>\n\n\n\n<div class=\"wp-block-image\"><figure class=\"aligncenter size-full\"><img decoding=\"async\" width=\"800\" height=\"800\" src=\"https:\/\/nelidesign.com\/wp-content\/uploads\/2022\/03\/Feature_Engraving-1.jpg\" alt=\"\" class=\"wp-image-34836\" srcset=\"https:\/\/nelidesign.com\/wp-content\/uploads\/2022\/03\/Feature_Engraving-1.jpg 800w, https:\/\/nelidesign.com\/wp-content\/uploads\/2022\/03\/Feature_Engraving-1-100x100.jpg 100w, https:\/\/nelidesign.com\/wp-content\/uploads\/2022\/03\/Feature_Engraving-1-768x768.jpg 768w, https:\/\/nelidesign.com\/wp-content\/uploads\/2022\/03\/Feature_Engraving-1-600x600.jpg 600w, https:\/\/nelidesign.com\/wp-content\/uploads\/2022\/03\/Feature_Engraving-1-720x720.jpg 720w, https:\/\/nelidesign.com\/wp-content\/uploads\/2022\/03\/Feature_Engraving-1-480x480.jpg 480w, https:\/\/nelidesign.com\/wp-content\/uploads\/2022\/03\/Feature_Engraving-1-320x320.jpg 320w, https:\/\/nelidesign.com\/wp-content\/uploads\/2022\/03\/Feature_Engraving-1-200x200.jpg 200w, https:\/\/nelidesign.com\/wp-content\/uploads\/2022\/03\/Feature_Engraving-1-735x735.jpg 735w\" sizes=\"(max-width: 800px) 100vw, 800px\" \/><\/figure><\/div>\n\n\n\n<div class=\"wp-block-group\"><div class=\"wp-block-group__inner-container is-layout-flow wp-block-group-is-layout-flow\">\n<h3 class=\"wp-block-heading\" id=\"materials\">Mat\u00e9riaux <strong>:<\/strong><\/h3>\n\n\n\n<ul class=\"wp-block-list\"><li><strong>Bois de tilleul (Basswood)<\/strong> (ne pas utiliser du Balsa) - Recherche une \u00e9paisseur de 1,5 mm (1\/16\") ou moins - Voici ceux que j'ai achet\u00e9: <a href=\"https:\/\/amzn.to\/38O6Nrn\" target=\"_blank\" rel=\"noreferrer noopener nofollow\">CA<\/a>, <a href=\"https:\/\/amzn.to\/2QTgiPM\" target=\"_blank\" rel=\"noreferrer noopener nofollow\">FR<\/a> (Amazon appelle souvent Balsa du bois qui n'est pas du tout du Balsa, donc tu peux te fier \u00e0 mon lien!)<\/li><li><strong>Tapis de d\u00e9coupe Cricut mauve<\/strong> (<a href=\"https:\/\/nelidesign.com\/recommends\/StrongGrip-Mat\" target=\"_blank\" rel=\"noreferrer noopener nofollow\">CA<\/a>, <a href=\"https:\/\/amzn.to\/3zwv3bJ\" target=\"_blank\" rel=\"noreferrer noopener nofollow\">FR<\/a>)<\/li><li><strong>Ruban adh\u00e9sif<\/strong><\/li><li><strong>Papier sabl\u00e9<\/strong> (J'utilise du grain fin #120)<\/li><li><strong>Teinture pour bois<\/strong> (J'utilise la teinture \u00e0 base d'eau Saman couleur #203 Sesame)<\/li><li><strong>Vernis<\/strong> (J'utilise du <a href=\"https:\/\/amzn.to\/39lSKtr\" target=\"_blank\" rel=\"noreferrer noopener nofollow\">Minwax polycrylic<\/a>, et voici <a href=\"https:\/\/amzn.to\/36TthFF\" target=\"_blank\" rel=\"noreferrer noopener nofollow\">quelque chose d'\u00e9quivalent pour la France<\/a>)<\/li><li><strong>Pinceau mousse<\/strong><\/li><\/ul>\n\n\n\n<h3 class=\"wp-block-heading\">Pour accrocher la planche de bois comme je l'ai fait<\/h3>\n\n\n\n<ul class=\"wp-block-list\"><li><strong>Ficelle de jute<\/strong> (<a href=\"https:\/\/amzn.to\/2tovA2V\" target=\"_blank\" rel=\"noreferrer noopener nofollow\">CA<\/a>, <a href=\"https:\/\/amzn.to\/3zuAgAS\" target=\"_blank\" rel=\"noreferrer noopener nofollow\">FR<\/a>)<\/li><li><strong>Crop-A-Dile<\/strong> (pour faire les trous) (<a href=\"https:\/\/amzn.to\/2M1sVCA\" target=\"_blank\" rel=\"noreferrer noopener nofollow\">CA<\/a>, <a href=\"https:\/\/amzn.to\/3eKB1Oo\" target=\"_blank\" rel=\"noreferrer noopener nofollow\">FR<\/a>)<\/li><\/ul>\n<\/div><\/div>\n\n\n\n<hr class=\"wp-block-separator has-text-color has-background has-fushia-background-color has-fushia-color is-style-wide\"\/>\n\n\n\n<h2 class=\"wp-block-heading\">Graver le m\u00e9tal<\/h2>\n\n\n\n<div class=\"wp-block-image\"><figure class=\"aligncenter size-full\"><img decoding=\"async\" width=\"800\" height=\"1200\" src=\"https:\/\/nelidesign.com\/wp-content\/uploads\/2022\/03\/Feature_engraving-2-2.jpg\" alt=\"\" class=\"wp-image-34838\" srcset=\"https:\/\/nelidesign.com\/wp-content\/uploads\/2022\/03\/Feature_engraving-2-2.jpg 800w, https:\/\/nelidesign.com\/wp-content\/uploads\/2022\/03\/Feature_engraving-2-2-768x1152.jpg 768w, https:\/\/nelidesign.com\/wp-content\/uploads\/2022\/03\/Feature_engraving-2-2-735x1103.jpg 735w\" sizes=\"(max-width: 800px) 100vw, 800px\" \/><\/figure><\/div>\n\n\n\n<div class=\"wp-block-group\"><div class=\"wp-block-group__inner-container is-layout-flow wp-block-group-is-layout-flow\">\n<h3 class=\"wp-block-heading\" id=\"cardstock-for-the-box\">Mat\u00e9riaux:<\/h3>\n\n\n\n<ul class=\"wp-block-list\"><li><strong>Feuilles Aluminium Cricut<\/strong> (J'utilise des feuilles de 4\" x 4\") (<a href=\"https:\/\/nelidesign.com\/recommends\/Aluminum-sheets\" target=\"_blank\" rel=\"noreferrer noopener nofollow\">CA<\/a>, <a href=\"https:\/\/amzn.to\/3kPnkBO\" target=\"_blank\" rel=\"noreferrer noopener nofollow\">FR<\/a>)<\/li><li><strong>Tapis de d\u00e9coupe Cricut mauve<\/strong> (<a href=\"https:\/\/nelidesign.com\/recommends\/StrongGrip-Mat\" target=\"_blank\" rel=\"noreferrer noopener nofollow\">CA<\/a>, <a href=\"https:\/\/amzn.to\/3zwv3bJ\" target=\"_blank\" rel=\"noreferrer noopener nofollow\">FR<\/a>)<\/li><li><strong>Ruban adh\u00e9sif<\/strong> pour peintre<\/li><li><strong>Rouleau collant anti-peluche<\/strong><\/li><\/ul>\n<\/div><\/div>\n\n\n\n<h3 class=\"wp-block-heading\">Pour l'encre infusible (facultatif) :<\/h3>\n\n\n\n<ul class=\"wp-block-list\"><li>Easy Press1 ou <strong>EasyPress2 ou 3<\/strong> (<a href=\"http:\/\/shrsl.com\/2qzzg\" target=\"_blank\" rel=\"noreferrer noopener nofollow\">CA<\/a>, <a href=\"https:\/\/amzn.to\/3ruLNgU\" target=\"_blank\" rel=\"noreferrer noopener nofollow\">FR<\/a>) (J'ai la 12\" x 10\" mais tu peux utiliser une plus petite)<\/li><li><strong>Tapis pour la Easy Press<\/strong> (<a href=\"https:\/\/nelidesign.com\/recommends\/EasyPress-Mat-All\" target=\"_blank\" rel=\"noreferrer noopener nofollow\">CA<\/a>, <a href=\"https:\/\/amzn.to\/3hZUfSk\" target=\"_blank\" rel=\"noreferrer noopener nofollow\">FR<\/a>)<\/li><li><strong>Papier cartonn\u00e9<\/strong><\/li><li><strong>Feuille de transfert Infusible Ink<\/strong> (celles-ci sont celles que j'utilise <a href=\"http:\/\/shrsl.com\/2r008\" target=\"_blank\" rel=\"noreferrer noopener nofollow\">CA<\/a>, non disponible sur Amazon FR, mais il y en a <a href=\"https:\/\/amzn.to\/3zrNDSr\" target=\"_blank\" rel=\"noreferrer noopener nofollow\">plein d'autres couleurs<\/a>)<\/li><li><strong>Ruban adh\u00e9sif r\u00e9sistant \u00e0 la chaleur<\/strong> (<a href=\"https:\/\/nelidesign.com\/recommends\/Heat-resistant-tape\" target=\"_blank\" rel=\"noreferrer noopener nofollow\">CA<\/a>, <a href=\"https:\/\/amzn.to\/3iDGgk1\" target=\"_blank\" rel=\"noreferrer noopener nofollow\">FR<\/a>)<\/li><\/ul>\n\n\n\n<h3 class=\"wp-block-heading\">Pour fixer l'aluminium avec des cha\u00eenes comme je l'ai fait:<\/h3>\n\n\n\n<ul class=\"wp-block-list\"><li><strong>Petite cha\u00eene<\/strong><\/li><li><strong>Anneaux<\/strong><\/li><li><strong>Pinces<\/strong> pour la fabrication de bijoux<\/li><li><strong>Crop-A-Dile<\/strong> (pour faire les trous) (<a href=\"https:\/\/amzn.to\/2M1sVCA\" target=\"_blank\" rel=\"noreferrer noopener nofollow\">CA<\/a>, <a href=\"https:\/\/amzn.to\/3eKB1Oo\" target=\"_blank\" rel=\"noreferrer noopener nofollow\">FR<\/a>)<\/li><\/ul>\n\n\n\n<div id=\"mediavine-settings\" data-blocklist-universal-player-desktop=\"1\" data-blocklist-universal-player-mobile=\"1\"><\/div>\n","protected":false},"excerpt":{"rendered":"<p>Cette page s'adresse aux \u00e9tudiants inscrits au cours Osez essayer - la pointe de gravure Cricut. Si vous souhaitez vous inscrire ou en savoir plus, cliquez simplement sur ce lien! Ce dont vous aurez besoin pour tous les projets Cet article contient des liens vers des produits affili\u00e9s pour votre convenance et sans frais suppl\u00e9mentaires [&hellip;]<\/p>\n","protected":false},"author":1,"featured_media":0,"parent":0,"menu_order":0,"comment_status":"closed","ping_status":"closed","template":"","meta":{"_genesis_hide_title":false,"_genesis_hide_breadcrumbs":false,"_genesis_hide_singular_image":false,"_genesis_hide_footer_widgets":false,"_genesis_custom_body_class":"","_genesis_custom_post_class":"","_genesis_layout":"","footnotes":""},"class_list":{"0":"post-34840","1":"page","2":"type-page","3":"status-publish","5":"entry","6":"has-post-thumbnail"},"yoast_head":"<!-- This site is optimized with the Yoast SEO plugin v27.2 - https:\/\/yoast.com\/product\/yoast-seo-wordpress\/ -->\n<title>Liste des mat\u00e9riaux pour le cours Osez essayer - la pointe de gravure Cricut - NeliDesign<\/title>\n<meta name=\"robots\" content=\"index, follow, max-snippet:-1, max-image-preview:large, max-video-preview:-1\" \/>\n<link rel=\"canonical\" href=\"https:\/\/nelidesign.com\/fr\/liste-des-materiaux-pour-le-cours-osez-essayer-la-pointe-de-gravure-cricut\/\" \/>\n<meta property=\"og:locale\" content=\"fr_FR\" \/>\n<meta property=\"og:type\" content=\"article\" \/>\n<meta property=\"og:title\" content=\"Liste des mat\u00e9riaux pour le cours Osez essayer - la pointe de gravure Cricut - NeliDesign\" \/>\n<meta property=\"og:description\" content=\"Cette page s&#039;adresse aux \u00e9tudiants inscrits au cours Osez essayer - la pointe de gravure Cricut. Si vous souhaitez vous inscrire ou en savoir plus, cliquez simplement sur ce lien! Ce dont vous aurez besoin pour tous les projets Cet article contient des liens vers des produits affili\u00e9s pour votre convenance et sans frais suppl\u00e9mentaires [&hellip;]\" \/>\n<meta property=\"og:url\" content=\"https:\/\/nelidesign.com\/fr\/liste-des-materiaux-pour-le-cours-osez-essayer-la-pointe-de-gravure-cricut\/\" \/>\n<meta property=\"og:site_name\" content=\"NeliDesign\" \/>\n<meta property=\"article:publisher\" content=\"https:\/\/www.facebook.com\/Natalie.NeliDesign\/\" \/>\n<meta property=\"article:modified_time\" content=\"2022-03-24T17:08:34+00:00\" \/>\n<meta property=\"og:image\" content=\"https:\/\/nelidesign.com\/wp-content\/uploads\/2022\/03\/Feature_Engraving-2.jpg\" \/>\n<meta name=\"twitter:card\" content=\"summary_large_image\" \/>\n<meta name=\"twitter:site\" content=\"@nelidesign\" \/>\n<meta name=\"twitter:label1\" content=\"Dur\u00e9e de lecture estim\u00e9e\" \/>\n\t<meta name=\"twitter:data1\" content=\"3 minutes\" \/>\n<script type=\"application\/ld+json\" class=\"yoast-schema-graph\">{\"@context\":\"https:\/\/schema.org\",\"@graph\":[{\"@type\":\"WebPage\",\"@id\":\"https:\/\/nelidesign.com\/fr\/liste-des-materiaux-pour-le-cours-osez-essayer-la-pointe-de-gravure-cricut\/\",\"url\":\"https:\/\/nelidesign.com\/fr\/liste-des-materiaux-pour-le-cours-osez-essayer-la-pointe-de-gravure-cricut\/\",\"name\":\"Liste des mat\u00e9riaux pour le cours Osez essayer - la pointe de gravure Cricut - NeliDesign\",\"isPartOf\":{\"@id\":\"https:\/\/nelidesign.com\/fr\/#website\"},\"primaryImageOfPage\":{\"@id\":\"https:\/\/nelidesign.com\/fr\/liste-des-materiaux-pour-le-cours-osez-essayer-la-pointe-de-gravure-cricut\/#primaryimage\"},\"image\":{\"@id\":\"https:\/\/nelidesign.com\/fr\/liste-des-materiaux-pour-le-cours-osez-essayer-la-pointe-de-gravure-cricut\/#primaryimage\"},\"thumbnailUrl\":\"https:\/\/nelidesign.com\/wp-content\/uploads\/2022\/03\/Feature_Engraving-2.jpg\",\"datePublished\":\"2022-03-24T17:08:33+00:00\",\"dateModified\":\"2022-03-24T17:08:34+00:00\",\"breadcrumb\":{\"@id\":\"https:\/\/nelidesign.com\/fr\/liste-des-materiaux-pour-le-cours-osez-essayer-la-pointe-de-gravure-cricut\/#breadcrumb\"},\"inLanguage\":\"fr-FR\",\"potentialAction\":[{\"@type\":\"ReadAction\",\"target\":[\"https:\/\/nelidesign.com\/fr\/liste-des-materiaux-pour-le-cours-osez-essayer-la-pointe-de-gravure-cricut\/\"]}]},{\"@type\":\"ImageObject\",\"inLanguage\":\"fr-FR\",\"@id\":\"https:\/\/nelidesign.com\/fr\/liste-des-materiaux-pour-le-cours-osez-essayer-la-pointe-de-gravure-cricut\/#primaryimage\",\"url\":\"https:\/\/nelidesign.com\/wp-content\/uploads\/2022\/03\/Feature_Engraving-2.jpg\",\"contentUrl\":\"https:\/\/nelidesign.com\/wp-content\/uploads\/2022\/03\/Feature_Engraving-2.jpg\"},{\"@type\":\"BreadcrumbList\",\"@id\":\"https:\/\/nelidesign.com\/fr\/liste-des-materiaux-pour-le-cours-osez-essayer-la-pointe-de-gravure-cricut\/#breadcrumb\",\"itemListElement\":[{\"@type\":\"ListItem\",\"position\":1,\"name\":\"Home\",\"item\":\"https:\/\/nelidesign.com\/fr\/\"},{\"@type\":\"ListItem\",\"position\":2,\"name\":\"Liste des mat\u00e9riaux pour le cours Osez essayer &#8211; la pointe de gravure Cricut\"}]},{\"@type\":\"WebSite\",\"@id\":\"https:\/\/nelidesign.com\/fr\/#website\",\"url\":\"https:\/\/nelidesign.com\/fr\/\",\"name\":\"NeliDesign\",\"description\":\"Projets cr\u00e9atifs pour une d\u00e9co qui vous plait\",\"publisher\":{\"@id\":\"https:\/\/nelidesign.com\/fr\/#\/schema\/person\/07194ebfb7711949a8cdd1a9da087cdd\"},\"potentialAction\":[{\"@type\":\"SearchAction\",\"target\":{\"@type\":\"EntryPoint\",\"urlTemplate\":\"https:\/\/nelidesign.com\/fr\/?s={search_term_string}\"},\"query-input\":{\"@type\":\"PropertyValueSpecification\",\"valueRequired\":true,\"valueName\":\"search_term_string\"}}],\"inLanguage\":\"fr-FR\"},{\"@type\":[\"Person\",\"Organization\"],\"@id\":\"https:\/\/nelidesign.com\/fr\/#\/schema\/person\/07194ebfb7711949a8cdd1a9da087cdd\",\"name\":\"Natalie\",\"image\":{\"@type\":\"ImageObject\",\"inLanguage\":\"fr-FR\",\"@id\":\"https:\/\/nelidesign.com\/wp-content\/uploads\/2021\/10\/Natalie2021-1.jpg\",\"url\":\"https:\/\/nelidesign.com\/wp-content\/uploads\/2021\/10\/Natalie2021-1.jpg\",\"contentUrl\":\"https:\/\/nelidesign.com\/wp-content\/uploads\/2021\/10\/Natalie2021-1.jpg\",\"width\":350,\"height\":500,\"caption\":\"Natalie\"},\"logo\":{\"@id\":\"https:\/\/nelidesign.com\/wp-content\/uploads\/2021\/10\/Natalie2021-1.jpg\"},\"sameAs\":[\"https:\/\/nelidesign.com\/about-me2\/\",\"https:\/\/www.facebook.com\/Natalie.NeliDesign\/\",\"https:\/\/www.instagram.com\/Natalie.NeliDesign\/\",\"https:\/\/www.pinterest.com\/nelidesign\/\",\"https:\/\/www.youtube.com\/nelidesign\"]}]}<\/script>\n<!-- \/ Yoast SEO plugin. -->","yoast_head_json":{"title":"Liste des mat\u00e9riaux pour le cours Osez essayer - la pointe de gravure Cricut - NeliDesign","robots":{"index":"index","follow":"follow","max-snippet":"max-snippet:-1","max-image-preview":"max-image-preview:large","max-video-preview":"max-video-preview:-1"},"canonical":"https:\/\/nelidesign.com\/fr\/liste-des-materiaux-pour-le-cours-osez-essayer-la-pointe-de-gravure-cricut\/","og_locale":"fr_FR","og_type":"article","og_title":"Liste des mat\u00e9riaux pour le cours Osez essayer - la pointe de gravure Cricut - NeliDesign","og_description":"Cette page s'adresse aux \u00e9tudiants inscrits au cours Osez essayer - la pointe de gravure Cricut. Si vous souhaitez vous inscrire ou en savoir plus, cliquez simplement sur ce lien! Ce dont vous aurez besoin pour tous les projets Cet article contient des liens vers des produits affili\u00e9s pour votre convenance et sans frais suppl\u00e9mentaires [&hellip;]","og_url":"https:\/\/nelidesign.com\/fr\/liste-des-materiaux-pour-le-cours-osez-essayer-la-pointe-de-gravure-cricut\/","og_site_name":"NeliDesign","article_publisher":"https:\/\/www.facebook.com\/Natalie.NeliDesign\/","article_modified_time":"2022-03-24T17:08:34+00:00","og_image":[{"url":"https:\/\/nelidesign.com\/wp-content\/uploads\/2022\/03\/Feature_Engraving-2.jpg","type":"","width":"","height":""}],"twitter_card":"summary_large_image","twitter_site":"@nelidesign","twitter_misc":{"Dur\u00e9e de lecture estim\u00e9e":"3 minutes"},"schema":{"@context":"https:\/\/schema.org","@graph":[{"@type":"WebPage","@id":"https:\/\/nelidesign.com\/fr\/liste-des-materiaux-pour-le-cours-osez-essayer-la-pointe-de-gravure-cricut\/","url":"https:\/\/nelidesign.com\/fr\/liste-des-materiaux-pour-le-cours-osez-essayer-la-pointe-de-gravure-cricut\/","name":"Liste des mat\u00e9riaux pour le cours Osez essayer - la pointe de gravure Cricut - NeliDesign","isPartOf":{"@id":"https:\/\/nelidesign.com\/fr\/#website"},"primaryImageOfPage":{"@id":"https:\/\/nelidesign.com\/fr\/liste-des-materiaux-pour-le-cours-osez-essayer-la-pointe-de-gravure-cricut\/#primaryimage"},"image":{"@id":"https:\/\/nelidesign.com\/fr\/liste-des-materiaux-pour-le-cours-osez-essayer-la-pointe-de-gravure-cricut\/#primaryimage"},"thumbnailUrl":"https:\/\/nelidesign.com\/wp-content\/uploads\/2022\/03\/Feature_Engraving-2.jpg","datePublished":"2022-03-24T17:08:33+00:00","dateModified":"2022-03-24T17:08:34+00:00","breadcrumb":{"@id":"https:\/\/nelidesign.com\/fr\/liste-des-materiaux-pour-le-cours-osez-essayer-la-pointe-de-gravure-cricut\/#breadcrumb"},"inLanguage":"fr-FR","potentialAction":[{"@type":"ReadAction","target":["https:\/\/nelidesign.com\/fr\/liste-des-materiaux-pour-le-cours-osez-essayer-la-pointe-de-gravure-cricut\/"]}]},{"@type":"ImageObject","inLanguage":"fr-FR","@id":"https:\/\/nelidesign.com\/fr\/liste-des-materiaux-pour-le-cours-osez-essayer-la-pointe-de-gravure-cricut\/#primaryimage","url":"https:\/\/nelidesign.com\/wp-content\/uploads\/2022\/03\/Feature_Engraving-2.jpg","contentUrl":"https:\/\/nelidesign.com\/wp-content\/uploads\/2022\/03\/Feature_Engraving-2.jpg"},{"@type":"BreadcrumbList","@id":"https:\/\/nelidesign.com\/fr\/liste-des-materiaux-pour-le-cours-osez-essayer-la-pointe-de-gravure-cricut\/#breadcrumb","itemListElement":[{"@type":"ListItem","position":1,"name":"Home","item":"https:\/\/nelidesign.com\/fr\/"},{"@type":"ListItem","position":2,"name":"Liste des mat\u00e9riaux pour le cours Osez essayer &#8211; la pointe de gravure Cricut"}]},{"@type":"WebSite","@id":"https:\/\/nelidesign.com\/fr\/#website","url":"https:\/\/nelidesign.com\/fr\/","name":"NeliDesign","description":"Projets cr\u00e9atifs pour une d\u00e9co qui vous plait","publisher":{"@id":"https:\/\/nelidesign.com\/fr\/#\/schema\/person\/07194ebfb7711949a8cdd1a9da087cdd"},"potentialAction":[{"@type":"SearchAction","target":{"@type":"EntryPoint","urlTemplate":"https:\/\/nelidesign.com\/fr\/?s={search_term_string}"},"query-input":{"@type":"PropertyValueSpecification","valueRequired":true,"valueName":"search_term_string"}}],"inLanguage":"fr-FR"},{"@type":["Person","Organization"],"@id":"https:\/\/nelidesign.com\/fr\/#\/schema\/person\/07194ebfb7711949a8cdd1a9da087cdd","name":"Natalie","image":{"@type":"ImageObject","inLanguage":"fr-FR","@id":"https:\/\/nelidesign.com\/wp-content\/uploads\/2021\/10\/Natalie2021-1.jpg","url":"https:\/\/nelidesign.com\/wp-content\/uploads\/2021\/10\/Natalie2021-1.jpg","contentUrl":"https:\/\/nelidesign.com\/wp-content\/uploads\/2021\/10\/Natalie2021-1.jpg","width":350,"height":500,"caption":"Natalie"},"logo":{"@id":"https:\/\/nelidesign.com\/wp-content\/uploads\/2021\/10\/Natalie2021-1.jpg"},"sameAs":["https:\/\/nelidesign.com\/about-me2\/","https:\/\/www.facebook.com\/Natalie.NeliDesign\/","https:\/\/www.instagram.com\/Natalie.NeliDesign\/","https:\/\/www.pinterest.com\/nelidesign\/","https:\/\/www.youtube.com\/nelidesign"]}]}},"featured_image_src":null,"featured_image_src_square":null,"_links":{"self":[{"href":"https:\/\/nelidesign.com\/fr\/wp-json\/wp\/v2\/pages\/34840","targetHints":{"allow":["GET"]}}],"collection":[{"href":"https:\/\/nelidesign.com\/fr\/wp-json\/wp\/v2\/pages"}],"about":[{"href":"https:\/\/nelidesign.com\/fr\/wp-json\/wp\/v2\/types\/page"}],"author":[{"embeddable":true,"href":"https:\/\/nelidesign.com\/fr\/wp-json\/wp\/v2\/users\/1"}],"replies":[{"embeddable":true,"href":"https:\/\/nelidesign.com\/fr\/wp-json\/wp\/v2\/comments?post=34840"}],"version-history":[{"count":6,"href":"https:\/\/nelidesign.com\/fr\/wp-json\/wp\/v2\/pages\/34840\/revisions"}],"predecessor-version":[{"id":34847,"href":"https:\/\/nelidesign.com\/fr\/wp-json\/wp\/v2\/pages\/34840\/revisions\/34847"}],"wp:attachment":[{"href":"https:\/\/nelidesign.com\/fr\/wp-json\/wp\/v2\/media?parent=34840"}],"curies":[{"name":"wp","href":"https:\/\/api.w.org\/{rel}","templated":true}]}}