{"id":34820,"date":"2022-03-16T12:49:10","date_gmt":"2022-03-16T16:49:10","guid":{"rendered":"https:\/\/nelidesign.com\/?page_id=34820"},"modified":"2025-04-08T10:56:33","modified_gmt":"2025-04-08T14:56:33","slug":"liens-rapides","status":"publish","type":"page","link":"https:\/\/nelidesign.com\/fr\/liens-rapides\/","title":{"rendered":"Liens rapides"},"content":{"rendered":"\n<p><span style=\"font-weight: 400;\">Cet article contient des liens vers des produits affili\u00e9s pour votre convenance et sans frais suppl\u00e9mentaires pour vous. Je re\u00e7ois des commissions pour les achats effectu\u00e9s via les liens dans cet article<\/span>. <span style=\"font-weight: 400;\"><a href=\"https:\/\/nelidesign.com\/fr\/divulgation\/\" target=\"_blank\" rel=\"noopener noreferrer\">Cliquez ici pour lire ma politique de divulgation compl\u00e8te<\/a>.<\/span><\/p>\n\n\n\n<div class=\"wp-block-buttons is-content-justification-center is-layout-flex wp-container-core-buttons-is-layout-a89b3969 wp-block-buttons-is-layout-flex\">\n<div class=\"wp-block-button has-custom-width wp-block-button__width-75 is-style-outline is-style-outline--2\"><a class=\"wp-block-button__link has-white-color has-text-color has-background wp-element-button\" href=\"https:\/\/nelidesign.com\/fr\/category\/derniers-articles\/\" style=\"border-radius:10px;background-color:#057f7b\"><strong>D\u00e9couvrez mes derniers articles ici<\/strong><\/a><\/div>\n\n\n\n<div class=\"wp-block-button has-custom-width wp-block-button__width-75 is-style-outline is-style-outline--3\"><a class=\"wp-block-button__link has-white-color has-text-color has-background wp-element-button\" href=\"https:\/\/shop.nelidesign.com\" style=\"border-radius:10px;background-color:#057f7b\"><strong>Voyez mes aide-m\u00e9moires, ebooks et formations<\/strong><\/a><\/div>\n\n\n\n<div class=\"wp-block-button has-custom-width wp-block-button__width-75 is-style-outline is-style-outline--4\"><a class=\"wp-block-button__link has-white-color has-text-color has-background wp-element-button\" href=\"https:\/\/www.youtube.com\/c\/NeliDesignenfrancais?sub_confirmation=1\" style=\"border-radius:10px;background-color:#057f7b\"><strong>Consultez ma cha\u00eene YouTube<\/strong><\/a><\/div>\n\n\n\n<div class=\"wp-block-button has-custom-width wp-block-button__width-75 is-style-outline is-style-outline--5\"><a class=\"wp-block-button__link has-white-color has-text-color has-background wp-element-button\" href=\"https:\/\/www.facebook.com\/groups\/creerentouteconfiancecricut\/\" style=\"border-radius:10px;background-color:#057f7b\"><strong>Rejoignez mon groupe Facebook<\/strong><\/a><\/div>\n\n\n\n<div class=\"wp-block-button has-custom-width wp-block-button__width-75 is-style-outline is-style-outline--6\"><a class=\"wp-block-button__link has-white-color has-text-color has-background wp-element-button\" href=\"https:\/\/design.cricut.com\/landing\/profile\/5c2635bacd9aaf063255ef19\" style=\"border-radius:10px;background-color:#057f7b\"><strong>Je suis une artiste Cricut, suivez mon profil Cricut Design Space ici<\/strong><\/a><\/div>\n<\/div>\n\n\n\n<div class=\"wp-block-group\"><div class=\"wp-block-group__inner-container is-layout-constrained wp-block-group-is-layout-constrained\">\n<h2 class=\"wp-block-heading\">Pour vos achats Cricut<\/h2>\n\n\n\n<div class=\"wp-block-buttons is-content-justification-center is-layout-flex wp-container-core-buttons-is-layout-a89b3969 wp-block-buttons-is-layout-flex\">\n<div class=\"wp-block-button has-custom-width wp-block-button__width-75 is-style-outline is-style-outline--7\"><a class=\"wp-block-button__link has-white-color has-text-color has-background wp-element-button\" href=\"https:\/\/nelidesign.com\/rabais-cricut\" style=\"border-radius:10px;background-color:#73c9bf\"><strong>Obtenez un code promo pour vos achats Cricut<\/strong><\/a><\/div>\n\n\n\n<div class=\"wp-block-button has-custom-width wp-block-button__width-75 is-style-outline is-style-outline--8\"><a class=\"wp-block-button__link has-white-color has-text-color has-background wp-element-button\" href=\"https:\/\/nelidesign.com\/fr\/acheter-cricut-trouver-meilleur-prix\/\" style=\"border-radius:10px;background-color:#73c9bf\"><strong>Voyez comment obtenir le meilleur prix sur vos achats<\/strong><\/a><\/div>\n\n\n\n<div class=\"wp-block-button has-custom-width wp-block-button__width-75 is-style-outline is-style-outline--9\"><a class=\"wp-block-button__link has-white-color has-text-color has-background wp-element-button\" href=\"https:\/\/nelidesign.com\/fr\/produits-essentiels-cricut-debutant\/\" style=\"border-radius:10px;background-color:#73c9bf\"><strong>Trouvez les outils et mat\u00e9riaux essentiels quand on d\u00e9bute<\/strong><\/a><\/div>\n\n\n\n<div class=\"wp-block-button has-custom-width wp-block-button__width-75 is-style-outline is-style-outline--10\"><a class=\"wp-block-button__link has-white-color has-text-color has-background wp-element-button\" href=\"https:\/\/amazon.ca\/shop\/nelidesign\" style=\"border-radius:10px;background-color:#73c9bf\" target=\"_blank\" rel=\" noreferrer noopener nofollow\"><strong>Voyez ma Boutique Amazon Canada<\/strong><\/a><\/div>\n\n\n\n<div class=\"wp-block-button has-custom-width wp-block-button__width-75 is-style-outline is-style-outline--11\"><a class=\"wp-block-button__link has-white-color has-text-color has-background wp-element-button\" href=\"https:\/\/amazon.fr\/shop\/nelidesign\" style=\"border-radius:10px;background-color:#73c9bf\" target=\"_blank\" rel=\" noreferrer noopener nofollow\"><strong>Voyez ma Boutique Amazon France<\/strong><\/a><\/div>\n<\/div>\n<\/div><\/div>\n\n\n\n<div class=\"wp-block-group\"><div class=\"wp-block-group__inner-container is-layout-constrained wp-block-group-is-layout-constrained\">\n<h2 class=\"wp-block-heading\">Sites pr\u00e9f\u00e9r\u00e9s pour fichiers de d\u00e9coupe gratuits<\/h2>\n\n\n\n<div class=\"wp-block-buttons is-content-justification-center is-layout-flex wp-container-core-buttons-is-layout-a89b3969 wp-block-buttons-is-layout-flex\">\n<div class=\"wp-block-button has-custom-width wp-block-button__width-75 is-style-outline is-style-outline--12\"><a class=\"wp-block-button__link has-white-color has-text-color has-background wp-element-button\" href=\"https:\/\/nelidesign.com\/fr\/obtenir-mot-de-passe\/\" style=\"border-radius:10px;background-color:#ef4c80\"><strong>Biblioth\u00e8que de NeliDesign <\/strong><\/a><\/div>\n\n\n\n<div class=\"wp-block-button has-custom-width wp-block-button__width-75 is-style-outline is-style-outline--13\"><a class=\"wp-block-button__link has-white-color has-text-color has-background wp-element-button\" href=\"https:\/\/creativefabrica.com\/fr\/freebies\/free-crafts\/ref\/1396327\/\" style=\"border-radius:10px;background-color:#ef4c80\" rel=\" nofollow\"><strong>Creative Fabrica <\/strong><\/a><\/div>\n\n\n\n<div class=\"wp-block-button has-custom-width wp-block-button__width-75 is-style-outline is-style-outline--14\"><a class=\"wp-block-button__link has-white-color has-text-color has-background wp-element-button\" href=\"https:\/\/designbundles.net\/free-design-resources\/free-svgs?ref=Aaur0o\" style=\"border-radius:10px;background-color:#ef4c80\" rel=\" nofollow\"><strong>Design Bundles<\/strong><\/a><\/div>\n<\/div>\n<\/div><\/div>\n\n\n\n<div class=\"wp-block-group\"><div class=\"wp-block-group__inner-container is-layout-constrained wp-block-group-is-layout-constrained\">\n<h2 class=\"wp-block-heading\">Sites pr\u00e9f\u00e9r\u00e9s pour polices de caract\u00e8res gratuites<\/h2>\n\n\n\n<div class=\"wp-block-buttons is-content-justification-center is-layout-flex wp-container-core-buttons-is-layout-a89b3969 wp-block-buttons-is-layout-flex\">\n<div class=\"wp-block-button has-custom-width wp-block-button__width-75 is-style-outline is-style-outline--15\"><a class=\"wp-block-button__link has-white-color has-text-color has-background wp-element-button\" href=\"https:\/\/creativefabrica.com\/fr\/freebies\/free-fonts\/ref\/1396327\/\" style=\"border-radius:10px;background-color:#f89a31\" rel=\" nofollow\"><strong>Creative Fabrica <\/strong><\/a><\/div>\n\n\n\n<div class=\"wp-block-button has-custom-width wp-block-button__width-75 is-style-outline is-style-outline--16\"><a class=\"wp-block-button__link has-white-color has-text-color has-background wp-element-button\" href=\"https:\/\/fontbundles.net\/free-fonts?ref=Aaur0o\" style=\"border-radius:10px;background-color:#f89a31\" rel=\" nofollow\"><strong>Font Bundles<\/strong><\/a><\/div>\n<\/div>\n<\/div><\/div>\n\n\n\n<div class=\"wp-block-group\"><div class=\"wp-block-group__inner-container is-layout-constrained wp-block-group-is-layout-constrained\">\n<h2 class=\"wp-block-heading\">Sites pr\u00e9f\u00e9r\u00e9s pour achat de fichiers et polices<\/h2>\n\n\n\n<div class=\"wp-block-buttons is-content-justification-center is-layout-flex wp-container-core-buttons-is-layout-a89b3969 wp-block-buttons-is-layout-flex\">\n<div class=\"wp-block-button has-custom-width wp-block-button__width-75 is-style-outline is-style-outline--17\"><a class=\"wp-block-button__link has-white-color has-text-color has-background wp-element-button\" href=\"https:\/\/shop.nelidesign.com\" style=\"border-radius:10px;background-color:#057f7b\"><strong>Boutique de Neli<\/strong><\/a><\/div>\n\n\n\n<div class=\"wp-block-button has-custom-width wp-block-button__width-75 is-style-outline is-style-outline--18\"><a class=\"wp-block-button__link has-white-color has-text-color has-background wp-element-button\" href=\"https:\/\/creativefabrica.com\/fr\/ref\/1396327\/\" style=\"border-radius:10px;background-color:#057f7b\" rel=\" nofollow\"><strong>Creative Fabrica <\/strong><\/a><\/div>\n\n\n\n<div class=\"wp-block-button has-custom-width wp-block-button__width-75 is-style-outline is-style-outline--19\"><a class=\"wp-block-button__link has-white-color has-text-color has-background wp-element-button\" href=\"https:\/\/designbundles.net\/?ref=Aaur0o\" style=\"border-radius:10px;background-color:#057f7b\" rel=\"nofollow\"><strong>Design Bundles<\/strong><\/a><\/div>\n<\/div>\n<\/div><\/div>\n\n\n\n<div id=\"mediavine-settings\" data-blocklist-leaderboard=\"1\" data-blocklist-sidebar-atf=\"1\" data-blocklist-sidebar-btf=\"1\" data-blocklist-content-desktop=\"1\" data-blocklist-content-mobile=\"1\" data-blocklist-adhesion-mobile=\"1\" data-blocklist-adhesion-tablet=\"1\" data-blocklist-adhesion-desktop=\"1\" data-blocklist-recipe=\"1\" data-blocklist-auto-insert-sticky=\"1\" data-blocklist-in-image=\"1\" data-blocklist-chicory=\"1\" data-blocklist-zergnet=\"1\" data-blocklist-interstitial-mobile=\"1\" data-blocklist-interstitial-desktop=\"1\" data-blocklist-universal-player-desktop=\"1\" data-blocklist-universal-player-mobile=\"1\" ><\/div>\n","protected":false},"excerpt":{"rendered":"<p>Pour vos achats Cricut Sites pr\u00e9f\u00e9r\u00e9s pour fichiers de d\u00e9coupe gratuits Sites pr\u00e9f\u00e9r\u00e9s pour polices de caract\u00e8res gratuites Sites pr\u00e9f\u00e9r\u00e9s pour achat de fichiers et polices<\/p>\n","protected":false},"author":1,"featured_media":0,"parent":0,"menu_order":0,"comment_status":"closed","ping_status":"closed","template":"","meta":{"_genesis_hide_title":false,"_genesis_hide_breadcrumbs":false,"_genesis_hide_singular_image":false,"_genesis_hide_footer_widgets":false,"_genesis_custom_body_class":"","_genesis_custom_post_class":"","_genesis_layout":"","footnotes":""},"class_list":{"0":"post-34820","1":"page","2":"type-page","3":"status-publish","5":"entry","6":"has-post-thumbnail"},"yoast_head":"<!-- This site is optimized with the Yoast SEO plugin v27.4 - https:\/\/yoast.com\/product\/yoast-seo-wordpress\/ -->\n<title>Liens rapides - NeliDesign<\/title>\n<meta name=\"robots\" content=\"index, follow, max-snippet:-1, max-image-preview:large, max-video-preview:-1\" \/>\n<link rel=\"canonical\" href=\"https:\/\/nelidesign.com\/fr\/liens-rapides\/\" \/>\n<meta property=\"og:locale\" content=\"fr_FR\" \/>\n<meta property=\"og:type\" content=\"article\" \/>\n<meta property=\"og:title\" content=\"Liens rapides - NeliDesign\" \/>\n<meta property=\"og:description\" content=\"Pour vos achats Cricut Sites pr\u00e9f\u00e9r\u00e9s pour fichiers de d\u00e9coupe gratuits Sites pr\u00e9f\u00e9r\u00e9s pour polices de caract\u00e8res gratuites Sites pr\u00e9f\u00e9r\u00e9s pour achat de fichiers et polices\" \/>\n<meta property=\"og:url\" content=\"https:\/\/nelidesign.com\/fr\/liens-rapides\/\" \/>\n<meta property=\"og:site_name\" content=\"NeliDesign\" \/>\n<meta property=\"article:publisher\" content=\"https:\/\/www.facebook.com\/Natalie.NeliDesign\/\" \/>\n<meta property=\"article:modified_time\" content=\"2025-04-08T14:56:33+00:00\" \/>\n<meta property=\"og:image\" content=\"https:\/\/nelidesign.com\/wp-content\/uploads\/2020\/11\/Neli-Design-Yoast-FB-1.png\" \/>\n\t<meta property=\"og:image:width\" content=\"1200\" \/>\n\t<meta property=\"og:image:height\" content=\"630\" \/>\n\t<meta property=\"og:image:type\" content=\"image\/png\" \/>\n<meta name=\"twitter:card\" content=\"summary_large_image\" \/>\n<meta name=\"twitter:site\" content=\"@nelidesign\" \/>\n<meta name=\"twitter:label1\" content=\"Dur\u00e9e de lecture estim\u00e9e\" \/>\n\t<meta name=\"twitter:data1\" content=\"1 minute\" \/>\n<script type=\"application\/ld+json\" class=\"yoast-schema-graph\">{\"@context\":\"https:\\\/\\\/schema.org\",\"@graph\":[{\"@type\":\"WebPage\",\"@id\":\"https:\\\/\\\/nelidesign.com\\\/fr\\\/liens-rapides\\\/\",\"url\":\"https:\\\/\\\/nelidesign.com\\\/fr\\\/liens-rapides\\\/\",\"name\":\"Liens rapides - NeliDesign\",\"isPartOf\":{\"@id\":\"https:\\\/\\\/nelidesign.com\\\/fr\\\/#website\"},\"datePublished\":\"2022-03-16T16:49:10+00:00\",\"dateModified\":\"2025-04-08T14:56:33+00:00\",\"breadcrumb\":{\"@id\":\"https:\\\/\\\/nelidesign.com\\\/fr\\\/liens-rapides\\\/#breadcrumb\"},\"inLanguage\":\"fr-FR\",\"potentialAction\":[{\"@type\":\"ReadAction\",\"target\":[\"https:\\\/\\\/nelidesign.com\\\/fr\\\/liens-rapides\\\/\"]}]},{\"@type\":\"BreadcrumbList\",\"@id\":\"https:\\\/\\\/nelidesign.com\\\/fr\\\/liens-rapides\\\/#breadcrumb\",\"itemListElement\":[{\"@type\":\"ListItem\",\"position\":1,\"name\":\"Home\",\"item\":\"https:\\\/\\\/nelidesign.com\\\/fr\\\/\"},{\"@type\":\"ListItem\",\"position\":2,\"name\":\"Liens rapides\"}]},{\"@type\":\"WebSite\",\"@id\":\"https:\\\/\\\/nelidesign.com\\\/fr\\\/#website\",\"url\":\"https:\\\/\\\/nelidesign.com\\\/fr\\\/\",\"name\":\"NeliDesign\",\"description\":\"Projets cr\u00e9atifs pour une d\u00e9co qui vous plait\",\"publisher\":{\"@id\":\"https:\\\/\\\/nelidesign.com\\\/fr\\\/#\\\/schema\\\/person\\\/07194ebfb7711949a8cdd1a9da087cdd\"},\"potentialAction\":[{\"@type\":\"SearchAction\",\"target\":{\"@type\":\"EntryPoint\",\"urlTemplate\":\"https:\\\/\\\/nelidesign.com\\\/fr\\\/?s={search_term_string}\"},\"query-input\":{\"@type\":\"PropertyValueSpecification\",\"valueRequired\":true,\"valueName\":\"search_term_string\"}}],\"inLanguage\":\"fr-FR\"},{\"@type\":[\"Person\",\"Organization\"],\"@id\":\"https:\\\/\\\/nelidesign.com\\\/fr\\\/#\\\/schema\\\/person\\\/07194ebfb7711949a8cdd1a9da087cdd\",\"name\":\"Natalie\",\"image\":{\"@type\":\"ImageObject\",\"inLanguage\":\"fr-FR\",\"@id\":\"https:\\\/\\\/nelidesign.com\\\/wp-content\\\/uploads\\\/2021\\\/10\\\/Natalie2021-1.jpg\",\"url\":\"https:\\\/\\\/nelidesign.com\\\/wp-content\\\/uploads\\\/2021\\\/10\\\/Natalie2021-1.jpg\",\"contentUrl\":\"https:\\\/\\\/nelidesign.com\\\/wp-content\\\/uploads\\\/2021\\\/10\\\/Natalie2021-1.jpg\",\"width\":350,\"height\":500,\"caption\":\"Natalie\"},\"logo\":{\"@id\":\"https:\\\/\\\/nelidesign.com\\\/wp-content\\\/uploads\\\/2021\\\/10\\\/Natalie2021-1.jpg\"},\"sameAs\":[\"https:\\\/\\\/nelidesign.com\\\/about-me2\\\/\",\"https:\\\/\\\/www.facebook.com\\\/Natalie.NeliDesign\\\/\",\"https:\\\/\\\/www.instagram.com\\\/Natalie.NeliDesign\\\/\",\"https:\\\/\\\/www.pinterest.com\\\/nelidesign\\\/\",\"https:\\\/\\\/www.youtube.com\\\/nelidesign\"]}]}<\/script>\n<!-- \/ Yoast SEO plugin. -->","yoast_head_json":{"title":"Liens rapides - NeliDesign","robots":{"index":"index","follow":"follow","max-snippet":"max-snippet:-1","max-image-preview":"max-image-preview:large","max-video-preview":"max-video-preview:-1"},"canonical":"https:\/\/nelidesign.com\/fr\/liens-rapides\/","og_locale":"fr_FR","og_type":"article","og_title":"Liens rapides - NeliDesign","og_description":"Pour vos achats Cricut Sites pr\u00e9f\u00e9r\u00e9s pour fichiers de d\u00e9coupe gratuits Sites pr\u00e9f\u00e9r\u00e9s pour polices de caract\u00e8res gratuites Sites pr\u00e9f\u00e9r\u00e9s pour achat de fichiers et polices","og_url":"https:\/\/nelidesign.com\/fr\/liens-rapides\/","og_site_name":"NeliDesign","article_publisher":"https:\/\/www.facebook.com\/Natalie.NeliDesign\/","article_modified_time":"2025-04-08T14:56:33+00:00","og_image":[{"width":1200,"height":630,"url":"https:\/\/nelidesign.com\/wp-content\/uploads\/2020\/11\/Neli-Design-Yoast-FB-1.png","type":"image\/png"}],"twitter_card":"summary_large_image","twitter_site":"@nelidesign","twitter_misc":{"Dur\u00e9e de lecture estim\u00e9e":"1 minute"},"schema":{"@context":"https:\/\/schema.org","@graph":[{"@type":"WebPage","@id":"https:\/\/nelidesign.com\/fr\/liens-rapides\/","url":"https:\/\/nelidesign.com\/fr\/liens-rapides\/","name":"Liens rapides - NeliDesign","isPartOf":{"@id":"https:\/\/nelidesign.com\/fr\/#website"},"datePublished":"2022-03-16T16:49:10+00:00","dateModified":"2025-04-08T14:56:33+00:00","breadcrumb":{"@id":"https:\/\/nelidesign.com\/fr\/liens-rapides\/#breadcrumb"},"inLanguage":"fr-FR","potentialAction":[{"@type":"ReadAction","target":["https:\/\/nelidesign.com\/fr\/liens-rapides\/"]}]},{"@type":"BreadcrumbList","@id":"https:\/\/nelidesign.com\/fr\/liens-rapides\/#breadcrumb","itemListElement":[{"@type":"ListItem","position":1,"name":"Home","item":"https:\/\/nelidesign.com\/fr\/"},{"@type":"ListItem","position":2,"name":"Liens rapides"}]},{"@type":"WebSite","@id":"https:\/\/nelidesign.com\/fr\/#website","url":"https:\/\/nelidesign.com\/fr\/","name":"NeliDesign","description":"Projets cr\u00e9atifs pour une d\u00e9co qui vous plait","publisher":{"@id":"https:\/\/nelidesign.com\/fr\/#\/schema\/person\/07194ebfb7711949a8cdd1a9da087cdd"},"potentialAction":[{"@type":"SearchAction","target":{"@type":"EntryPoint","urlTemplate":"https:\/\/nelidesign.com\/fr\/?s={search_term_string}"},"query-input":{"@type":"PropertyValueSpecification","valueRequired":true,"valueName":"search_term_string"}}],"inLanguage":"fr-FR"},{"@type":["Person","Organization"],"@id":"https:\/\/nelidesign.com\/fr\/#\/schema\/person\/07194ebfb7711949a8cdd1a9da087cdd","name":"Natalie","image":{"@type":"ImageObject","inLanguage":"fr-FR","@id":"https:\/\/nelidesign.com\/wp-content\/uploads\/2021\/10\/Natalie2021-1.jpg","url":"https:\/\/nelidesign.com\/wp-content\/uploads\/2021\/10\/Natalie2021-1.jpg","contentUrl":"https:\/\/nelidesign.com\/wp-content\/uploads\/2021\/10\/Natalie2021-1.jpg","width":350,"height":500,"caption":"Natalie"},"logo":{"@id":"https:\/\/nelidesign.com\/wp-content\/uploads\/2021\/10\/Natalie2021-1.jpg"},"sameAs":["https:\/\/nelidesign.com\/about-me2\/","https:\/\/www.facebook.com\/Natalie.NeliDesign\/","https:\/\/www.instagram.com\/Natalie.NeliDesign\/","https:\/\/www.pinterest.com\/nelidesign\/","https:\/\/www.youtube.com\/nelidesign"]}]}},"featured_image_src":null,"featured_image_src_square":null,"_links":{"self":[{"href":"https:\/\/nelidesign.com\/fr\/wp-json\/wp\/v2\/pages\/34820","targetHints":{"allow":["GET"]}}],"collection":[{"href":"https:\/\/nelidesign.com\/fr\/wp-json\/wp\/v2\/pages"}],"about":[{"href":"https:\/\/nelidesign.com\/fr\/wp-json\/wp\/v2\/types\/page"}],"author":[{"embeddable":true,"href":"https:\/\/nelidesign.com\/fr\/wp-json\/wp\/v2\/users\/1"}],"replies":[{"embeddable":true,"href":"https:\/\/nelidesign.com\/fr\/wp-json\/wp\/v2\/comments?post=34820"}],"version-history":[{"count":15,"href":"https:\/\/nelidesign.com\/fr\/wp-json\/wp\/v2\/pages\/34820\/revisions"}],"predecessor-version":[{"id":43780,"href":"https:\/\/nelidesign.com\/fr\/wp-json\/wp\/v2\/pages\/34820\/revisions\/43780"}],"wp:attachment":[{"href":"https:\/\/nelidesign.com\/fr\/wp-json\/wp\/v2\/media?parent=34820"}],"curies":[{"name":"wp","href":"https:\/\/api.w.org\/{rel}","templated":true}]}} 