{"id":34540,"date":"2022-02-07T10:20:20","date_gmt":"2022-02-07T15:20:20","guid":{"rendered":"https:\/\/nelidesign.com\/?page_id=34540"},"modified":"2023-10-27T10:44:06","modified_gmt":"2023-10-27T14:44:06","slug":"conditions-dutilisation","status":"publish","type":"page","link":"https:\/\/nelidesign.com\/fr\/conditions-dutilisation\/","title":{"rendered":"Conditions d\u2019utilisation"},"content":{"rendered":"\n<h2 class=\"wp-block-heading\" id=\"terms\">Conditions d'utilisation<\/h2>\n\n\n\n<p>En acc\u00e9dant aux formations de NeliDesign (\u00ab \u00c9cole \u00bb), vous acceptez d'\u00eatre li\u00e9 par les pr\u00e9sentes Conditions d'utilisation, toutes les lois et r\u00e9glementations applicables, et acceptez d'\u00eatre responsable du respect des lois locales applicables. Si vous n'\u00eates pas d'accord avec l'une de ces conditions, il vous est interdit d'utiliser ou d'acc\u00e9der \u00e0 ce site. Le mat\u00e9riel contenu dans cette \u00e9cole est prot\u00e9g\u00e9 par le droit d'auteur et le droit des marques applicables.<\/p>\n\n\n\n<h2 class=\"wp-block-heading\" id=\"email-address-collection\">Collecte d'adresses e-mail<\/h2>\n\n\n\n<p>En rejoignant cette \u00e9cole, vous consentez \u00e0 rejoindre la liste de diffusion de NeliDesign via ConvertKit o\u00f9 vous recevrez des communications r\u00e9guli\u00e8res telles que des bulletins d'information hebdomadaires et des offres promotionnelles occasionnelles. Vous pouvez vous d\u00e9sabonner \u00e0 tout moment au bas de l'e-mail ou en envoyant un e-mail \u00e0 info@nelidesign.com.<\/p>\n\n\n\n<h2 class=\"wp-block-heading\" id=\"use-license\">Licence d'utilisation<\/h2>\n\n\n\n<p>La permission est accord\u00e9e de t\u00e9l\u00e9charger temporairement une copie de tout mat\u00e9riel t\u00e9l\u00e9chargeable (vid\u00e9os, PDF et fichiers texte) sur le site Web de l'\u00c9cole pour une visualisation transitoire personnelle et non commerciale uniquement. Il s'agit de l'octroi d'une licence, et non d'un transfert de titre, et en vertu de cette licence, vous ne pouvez pas :<\/p>\n\n\n\n<ol class=\"wp-block-list\">\n<li>modifier ou copier les documents;<\/li>\n\n\n\n<li>utiliser le mat\u00e9riel \u00e0 des fins commerciales ou pour toute exposition publique (commerciale ou non commerciale);<\/li>\n\n\n\n<li>tenter de d\u00e9compiler ou de d\u00e9composer tout logiciel contenu sur le site Web de l'\u00c9cole;<\/li>\n\n\n\n<li>supprimer tout droit d'auteur ou autre notation de propri\u00e9t\u00e9 du mat\u00e9riel; ou<\/li>\n\n\n\n<li>transf\u00e9rer du mat\u00e9riel \u00e0 une autre personne ou \u00ab mettre en miroir \u00bb le mat\u00e9riel sur tout autre serveur<\/li>\n\n\n\n<li>L'autorisation est accord\u00e9e de t\u00e9l\u00e9charger et de modifier les fichiers de d\u00e9coupe SVG cr\u00e9\u00e9s par NeliDesign sur le site Web de cette \u00e9cole pour un usage personnel. Il s'agit d'une concession de licence, pas d'un transfert de titre.<\/li>\n\n\n\n<li>Cette licence sera automatiquement r\u00e9sili\u00e9e si vous enfreignez l'une de ces restrictions et peut \u00eatre r\u00e9sili\u00e9e \u00e0 tout moment.<\/li>\n<\/ol>\n\n\n\n<h2 class=\"wp-block-heading\" id=\"courses\">Cours<\/h2>\n\n\n\n<p>Le partage ou la revente d'articles ou de fichiers achet\u00e9s dans le cadre d'un cours, ainsi que toute autre information num\u00e9rique exclusive appartenant \u00e0 NeliDesign, est strictement interdit. Tous les fichiers achet\u00e9s aupr\u00e8s de NeliDesign sont destin\u00e9s \u00e0 un usage personnel uniquement. Pour chaque achat d'un cours, un seul utilisateur est autoris\u00e9 \u00e0 acc\u00e9der au contenu du cours. Vous ne pouvez pas acheter un cours \u00e0 partager avec un autre utilisateur.<\/p>\n\n\n\n<h2 class=\"wp-block-heading\">Fichers de d\u00e9coupe<\/h2>\n\n\n\n<p>Tous les fichiers de d\u00e9coupe t\u00e9l\u00e9charg\u00e9s \u00e0 partir de NeliDesign, y compris les achats dans la boutique, sont destin\u00e9s \u00e0 un usage personnel uniquement, sauf si la \u00ab licence commerciale limit\u00e9e \u00bb est achet\u00e9e. Pour plus de d\u00e9tails, consultez le fichier \u00ab Conditions d'utilisation \u00bb t\u00e9l\u00e9charg\u00e9 avec le fichier de d\u00e9coupe.<\/p>\n\n\n\n<h2 class=\"wp-block-heading\" id=\"content\">Contenu<\/h2>\n\n\n\n<p>Tous les textes, graphiques, interfaces utilisateur, interfaces visuelles, photographies, marques de commerce, logos, sons, musique, illustrations et codes informatiques (collectivement, le \u00ab Contenu \u00bb), y compris, mais sans s'y limiter, la conception, la structure, la s\u00e9lection, la coordination, l'expression, \u00ab l'apparence\u00bb et la disposition de ce Contenu, contenus sur le Site sont d\u00e9tenus, contr\u00f4l\u00e9s ou conc\u00e9d\u00e9s sous licence par ou \u00e0 NeliDesign avec tous les droits r\u00e9serv\u00e9s, et sont prot\u00e9g\u00e9s par l'habillage commercial, les lois sur le droit d'auteur, les brevets et les marques de commerce, ainsi que divers autres droits de propri\u00e9t\u00e9 intellectuelle et lois sur la concurrence d\u00e9loyale. Toutes les autres marques de commerce, marques de service et logos utilis\u00e9s sur ce Site sont des marques de commerce, des marques de service ou des logos de leurs propri\u00e9taires respectifs. Sauf disposition expresse dans les pr\u00e9sentes Conditions d'utilisation, aucune partie du Site et aucun Contenu ne peuvent \u00eatre copi\u00e9s, reproduits, republi\u00e9s, t\u00e9l\u00e9charg\u00e9s, affich\u00e9s, affich\u00e9s publiquement, encod\u00e9s, traduits, transmis ou distribu\u00e9s de quelque mani\u00e8re que ce soit (y compris la \u00ab mise en miroir \u00bb) sur tout autre ordinateur, serveur, site Web ou autre support, pour publication ou distribution ou pour toute entreprise commerciale, sans le consentement \u00e9crit pr\u00e9alable expr\u00e8s de NeliDesign.<\/p>\n\n\n\n<h2 class=\"wp-block-heading\" id=\"disclaimer\">Divulgation<\/h2>\n\n\n\n<p>Le mat\u00e9riel sur le site Web de l'\u00c9cole est fourni \u00ab tel quel \u00bb. L'\u00c9cole ne donne aucune garantie, expresse ou implicite, et d\u00e9cline et annule par les pr\u00e9sentes toute autre garantie, y compris, sans s'y limiter, les garanties ou conditions implicites de qualit\u00e9 marchande, d'ad\u00e9quation \u00e0 un usage particulier ou de non-violation de la propri\u00e9t\u00e9 intellectuelle ou de toute autre violation des droits. De plus, l'\u00c9cole ne garantit ni ne fait aucune d\u00e9claration concernant l'exactitude, les r\u00e9sultats probables ou la fiabilit\u00e9 de l'utilisation du mat\u00e9riel sur son site Web ou autrement li\u00e9 \u00e0 ce mat\u00e9riel ou sur tout site li\u00e9 \u00e0 ce site. Bien que NeliDesign fasse tout son possible pour s'assurer que les informations sur ce site Web sont exactes, nous ne pouvons faire aucune d\u00e9claration ou garantie quant \u00e0 l'exactitude ou \u00e0 la fiabilit\u00e9 de toute information fournie sur ce site Web. De m\u00eame, bien que NeliDesign fasse tout son possible pour s'assurer que les images de ce site Web sont exactes, nous ne pouvons faire aucune d\u00e9claration ou garantie quant \u00e0 l'exactitude ou \u00e0 la fiabilit\u00e9 des images fournies sur ce site Web. NeliDesign ne fait aucune garantie ou repr\u00e9sentation de quelque nature que ce soit en ce qui concerne tout produit fourni.<\/p>\n\n\n\n<h2 class=\"wp-block-heading\" id=\"limitations\">Limitations<\/h2>\n\n\n\n<p>En aucun cas, l'\u00c9cole ne sera responsable des dommages (y compris, sans s'y limiter, les dommages pour perte de donn\u00e9es ou de profit, ou en raison d'une interruption d'activit\u00e9) d\u00e9coulant de l'utilisation ou de l'incapacit\u00e9 d'utiliser le mat\u00e9riel sur le site Web de l'\u00c9cole, m\u00eame si l'\u00c9cole ou un autoris\u00e9 de l'\u00c9cole a \u00e9t\u00e9 inform\u00e9 oralement ou par \u00e9crit de la possibilit\u00e9 de tels dommages. \u00c9tant donn\u00e9 que certaines juridictions n'autorisent pas les limitations sur les garanties implicites ou les limitations de responsabilit\u00e9 pour les dommages indirects ou accessoires, ces limitations peuvent ne pas s'appliquer \u00e0 vous.<\/p>\n\n\n\n<h2 class=\"wp-block-heading\" id=\"revisions-and-errata\">R\u00e9visions et errata<\/h2>\n\n\n\n<p>Les documents figurant sur le site Web de l'\u00c9cole peuvent contenir des erreurs techniques, typographiques ou photographiques. L'\u00c9cole ne garantit pas que les documents sur son site Web sont exacts, complets ou \u00e0 jour. NeliDesign peut apporter des modifications \u00e0 tout produit ou service offert sur le Site, ou aux prix applicables pour ces produits ou services, y compris toute exp\u00e9dition et manutention applicable, \u00e0 tout moment, sans pr\u00e9avis. Le mat\u00e9riel sur le Site en ce qui concerne les produits et services peut \u00eatre obsol\u00e8te, et NeliDesign ne s'engage pas \u00e0 mettre \u00e0 jour le mat\u00e9riel sur le Site en ce qui concerne ces produits et services. NeliDesign ne s'engage toutefois pas \u00e0 mettre \u00e0 jour les documents.<\/p>\n\n\n\n<h2 class=\"wp-block-heading\" id=\"links\">Liens<\/h2>\n\n\n\n<p>L'\u00c9cole n'a pas examin\u00e9 tous les sites li\u00e9s \u00e0 son site Web et n'est pas responsable du contenu de ces sites li\u00e9s. L'inclusion de tout lien n'implique pas l'approbation du site par l'\u00c9cole. L'utilisation d'un tel site Web li\u00e9 est aux risques et p\u00e9rils de l'utilisateur.<\/p>\n\n\n\n<h2 class=\"wp-block-heading\" id=\"site-terms-of-use-modifications\">Modifications des conditions d'utilisation du site<\/h2>\n\n\n\n<p>L'\u00c9cole peut r\u00e9viser les pr\u00e9sentes conditions d'utilisation de son site Web \u00e0 tout moment et sans pr\u00e9avis. En utilisant ce site Web, vous acceptez d'\u00eatre li\u00e9 par la version actuelle des pr\u00e9sentes conditions d'utilisation.<\/p>\n\n\n\n<h2 class=\"wp-block-heading\" id=\"governing-law\">Droit applicable<\/h2>\n\n\n\n<p>Toute r\u00e9clamation relative au site Web de l'\u00c9cole sera r\u00e9gie par les lois de la juridiction d'origine du propri\u00e9taire de l'\u00c9cole, sans \u00e9gard \u00e0 ses dispositions en mati\u00e8re de conflit de lois.<\/p>\n\n\n\n<h2 class=\"wp-block-heading\" id=\"confidential-and-proprietary-information\">Informations confidentielles et exclusives<\/h2>\n\n\n\n<p>NeliDesign ne cherche ni ne veut recevoir d'informations confidentielles ou exclusives de votre part via le Site. Veuillez noter que toute information ou tout mat\u00e9riel envoy\u00e9 \u00e0 NeliDesign par l'interm\u00e9diaire du Site sera consid\u00e9r\u00e9 comme n'\u00e9tant PAS confidentiel. En envoyant \u00e0 NeliDesign toute information ou mat\u00e9riel, vous accordez \u00e0 NeliDesign une licence illimit\u00e9e, irr\u00e9vocable, mondiale et libre de redevance pour utiliser, reproduire, afficher, ex\u00e9cuter, modifier, transmettre et distribuer ces mat\u00e9riaux ou informations, et vous acceptez \u00e9galement que NeliDesign soit libre d'utiliser les id\u00e9es, concepts, savoir-faire ou techniques que vous nous envoyez \u00e0 quelque fin que ce soit.<\/p>\n\n\n\n<div id=\"mediavine-settings\" data-blocklist-all=\"1\"><\/div>\n","protected":false},"excerpt":{"rendered":"<p>Conditions d'utilisation En acc\u00e9dant aux formations de NeliDesign (\u00ab \u00c9cole \u00bb), vous acceptez d'\u00eatre li\u00e9 par les pr\u00e9sentes Conditions d'utilisation, toutes les lois et r\u00e9glementations applicables, et acceptez d'\u00eatre responsable du respect des lois locales applicables. Si vous n'\u00eates pas d'accord avec l'une de ces conditions, il vous est interdit d'utiliser ou d'acc\u00e9der \u00e0 ce [&hellip;]<\/p>\n","protected":false},"author":1,"featured_media":0,"parent":0,"menu_order":0,"comment_status":"closed","ping_status":"closed","template":"","meta":{"_genesis_hide_title":false,"_genesis_hide_breadcrumbs":false,"_genesis_hide_singular_image":false,"_genesis_hide_footer_widgets":false,"_genesis_custom_body_class":"","_genesis_custom_post_class":"","_genesis_layout":"","footnotes":""},"class_list":{"0":"post-34540","1":"page","2":"type-page","3":"status-publish","5":"entry"},"yoast_head":"<!-- This site is optimized with the Yoast SEO plugin v27.3 - https:\/\/yoast.com\/product\/yoast-seo-wordpress\/ -->\n<title>Conditions d\u2019utilisation - NeliDesign<\/title>\n<meta name=\"robots\" content=\"index, follow, max-snippet:-1, max-image-preview:large, max-video-preview:-1\" \/>\n<link rel=\"canonical\" href=\"https:\/\/nelidesign.com\/fr\/conditions-dutilisation\/\" \/>\n<meta property=\"og:locale\" content=\"fr_FR\" \/>\n<meta property=\"og:type\" content=\"article\" \/>\n<meta property=\"og:title\" content=\"Conditions d\u2019utilisation - NeliDesign\" \/>\n<meta property=\"og:description\" content=\"Conditions d&#039;utilisation En acc\u00e9dant aux formations de NeliDesign (\u00ab \u00c9cole \u00bb), vous acceptez d&#039;\u00eatre li\u00e9 par les pr\u00e9sentes Conditions d&#039;utilisation, toutes les lois et r\u00e9glementations applicables, et acceptez d&#039;\u00eatre responsable du respect des lois locales applicables. Si vous n&#039;\u00eates pas d&#039;accord avec l&#039;une de ces conditions, il vous est interdit d&#039;utiliser ou d&#039;acc\u00e9der \u00e0 ce [&hellip;]\" \/>\n<meta property=\"og:url\" content=\"https:\/\/nelidesign.com\/fr\/conditions-dutilisation\/\" \/>\n<meta property=\"og:site_name\" content=\"NeliDesign\" \/>\n<meta property=\"article:publisher\" content=\"https:\/\/www.facebook.com\/Natalie.NeliDesign\/\" \/>\n<meta property=\"article:modified_time\" content=\"2023-10-27T14:44:06+00:00\" \/>\n<meta property=\"og:image\" content=\"https:\/\/nelidesign.com\/wp-content\/uploads\/2020\/11\/Neli-Design-Yoast-FB-1.png\" \/>\n\t<meta property=\"og:image:width\" content=\"1200\" \/>\n\t<meta property=\"og:image:height\" content=\"630\" \/>\n\t<meta property=\"og:image:type\" content=\"image\/png\" \/>\n<meta name=\"twitter:card\" content=\"summary_large_image\" \/>\n<meta name=\"twitter:site\" content=\"@nelidesign\" \/>\n<meta name=\"twitter:label1\" content=\"Dur\u00e9e de lecture estim\u00e9e\" \/>\n\t<meta name=\"twitter:data1\" content=\"6 minutes\" \/>\n<script type=\"application\/ld+json\" class=\"yoast-schema-graph\">{\"@context\":\"https:\\\/\\\/schema.org\",\"@graph\":[{\"@type\":\"WebPage\",\"@id\":\"https:\\\/\\\/nelidesign.com\\\/fr\\\/conditions-dutilisation\\\/\",\"url\":\"https:\\\/\\\/nelidesign.com\\\/fr\\\/conditions-dutilisation\\\/\",\"name\":\"Conditions d\u2019utilisation - NeliDesign\",\"isPartOf\":{\"@id\":\"https:\\\/\\\/nelidesign.com\\\/fr\\\/#website\"},\"datePublished\":\"2022-02-07T15:20:20+00:00\",\"dateModified\":\"2023-10-27T14:44:06+00:00\",\"breadcrumb\":{\"@id\":\"https:\\\/\\\/nelidesign.com\\\/fr\\\/conditions-dutilisation\\\/#breadcrumb\"},\"inLanguage\":\"fr-FR\",\"potentialAction\":[{\"@type\":\"ReadAction\",\"target\":[\"https:\\\/\\\/nelidesign.com\\\/fr\\\/conditions-dutilisation\\\/\"]}]},{\"@type\":\"BreadcrumbList\",\"@id\":\"https:\\\/\\\/nelidesign.com\\\/fr\\\/conditions-dutilisation\\\/#breadcrumb\",\"itemListElement\":[{\"@type\":\"ListItem\",\"position\":1,\"name\":\"Home\",\"item\":\"https:\\\/\\\/nelidesign.com\\\/fr\\\/\"},{\"@type\":\"ListItem\",\"position\":2,\"name\":\"Conditions d\u2019utilisation\"}]},{\"@type\":\"WebSite\",\"@id\":\"https:\\\/\\\/nelidesign.com\\\/fr\\\/#website\",\"url\":\"https:\\\/\\\/nelidesign.com\\\/fr\\\/\",\"name\":\"NeliDesign\",\"description\":\"Projets cr\u00e9atifs pour une d\u00e9co qui vous plait\",\"publisher\":{\"@id\":\"https:\\\/\\\/nelidesign.com\\\/fr\\\/#\\\/schema\\\/person\\\/07194ebfb7711949a8cdd1a9da087cdd\"},\"potentialAction\":[{\"@type\":\"SearchAction\",\"target\":{\"@type\":\"EntryPoint\",\"urlTemplate\":\"https:\\\/\\\/nelidesign.com\\\/fr\\\/?s={search_term_string}\"},\"query-input\":{\"@type\":\"PropertyValueSpecification\",\"valueRequired\":true,\"valueName\":\"search_term_string\"}}],\"inLanguage\":\"fr-FR\"},{\"@type\":[\"Person\",\"Organization\"],\"@id\":\"https:\\\/\\\/nelidesign.com\\\/fr\\\/#\\\/schema\\\/person\\\/07194ebfb7711949a8cdd1a9da087cdd\",\"name\":\"Natalie\",\"image\":{\"@type\":\"ImageObject\",\"inLanguage\":\"fr-FR\",\"@id\":\"https:\\\/\\\/nelidesign.com\\\/wp-content\\\/uploads\\\/2021\\\/10\\\/Natalie2021-1.jpg\",\"url\":\"https:\\\/\\\/nelidesign.com\\\/wp-content\\\/uploads\\\/2021\\\/10\\\/Natalie2021-1.jpg\",\"contentUrl\":\"https:\\\/\\\/nelidesign.com\\\/wp-content\\\/uploads\\\/2021\\\/10\\\/Natalie2021-1.jpg\",\"width\":350,\"height\":500,\"caption\":\"Natalie\"},\"logo\":{\"@id\":\"https:\\\/\\\/nelidesign.com\\\/wp-content\\\/uploads\\\/2021\\\/10\\\/Natalie2021-1.jpg\"},\"sameAs\":[\"https:\\\/\\\/nelidesign.com\\\/about-me2\\\/\",\"https:\\\/\\\/www.facebook.com\\\/Natalie.NeliDesign\\\/\",\"https:\\\/\\\/www.instagram.com\\\/Natalie.NeliDesign\\\/\",\"https:\\\/\\\/www.pinterest.com\\\/nelidesign\\\/\",\"https:\\\/\\\/www.youtube.com\\\/nelidesign\"]}]}<\/script>\n<!-- \/ Yoast SEO plugin. -->","yoast_head_json":{"title":"Conditions d\u2019utilisation - NeliDesign","robots":{"index":"index","follow":"follow","max-snippet":"max-snippet:-1","max-image-preview":"max-image-preview:large","max-video-preview":"max-video-preview:-1"},"canonical":"https:\/\/nelidesign.com\/fr\/conditions-dutilisation\/","og_locale":"fr_FR","og_type":"article","og_title":"Conditions d\u2019utilisation - NeliDesign","og_description":"Conditions d'utilisation En acc\u00e9dant aux formations de NeliDesign (\u00ab \u00c9cole \u00bb), vous acceptez d'\u00eatre li\u00e9 par les pr\u00e9sentes Conditions d'utilisation, toutes les lois et r\u00e9glementations applicables, et acceptez d'\u00eatre responsable du respect des lois locales applicables. Si vous n'\u00eates pas d'accord avec l'une de ces conditions, il vous est interdit d'utiliser ou d'acc\u00e9der \u00e0 ce [&hellip;]","og_url":"https:\/\/nelidesign.com\/fr\/conditions-dutilisation\/","og_site_name":"NeliDesign","article_publisher":"https:\/\/www.facebook.com\/Natalie.NeliDesign\/","article_modified_time":"2023-10-27T14:44:06+00:00","og_image":[{"width":1200,"height":630,"url":"https:\/\/nelidesign.com\/wp-content\/uploads\/2020\/11\/Neli-Design-Yoast-FB-1.png","type":"image\/png"}],"twitter_card":"summary_large_image","twitter_site":"@nelidesign","twitter_misc":{"Dur\u00e9e de lecture estim\u00e9e":"6 minutes"},"schema":{"@context":"https:\/\/schema.org","@graph":[{"@type":"WebPage","@id":"https:\/\/nelidesign.com\/fr\/conditions-dutilisation\/","url":"https:\/\/nelidesign.com\/fr\/conditions-dutilisation\/","name":"Conditions d\u2019utilisation - NeliDesign","isPartOf":{"@id":"https:\/\/nelidesign.com\/fr\/#website"},"datePublished":"2022-02-07T15:20:20+00:00","dateModified":"2023-10-27T14:44:06+00:00","breadcrumb":{"@id":"https:\/\/nelidesign.com\/fr\/conditions-dutilisation\/#breadcrumb"},"inLanguage":"fr-FR","potentialAction":[{"@type":"ReadAction","target":["https:\/\/nelidesign.com\/fr\/conditions-dutilisation\/"]}]},{"@type":"BreadcrumbList","@id":"https:\/\/nelidesign.com\/fr\/conditions-dutilisation\/#breadcrumb","itemListElement":[{"@type":"ListItem","position":1,"name":"Home","item":"https:\/\/nelidesign.com\/fr\/"},{"@type":"ListItem","position":2,"name":"Conditions d\u2019utilisation"}]},{"@type":"WebSite","@id":"https:\/\/nelidesign.com\/fr\/#website","url":"https:\/\/nelidesign.com\/fr\/","name":"NeliDesign","description":"Projets cr\u00e9atifs pour une d\u00e9co qui vous plait","publisher":{"@id":"https:\/\/nelidesign.com\/fr\/#\/schema\/person\/07194ebfb7711949a8cdd1a9da087cdd"},"potentialAction":[{"@type":"SearchAction","target":{"@type":"EntryPoint","urlTemplate":"https:\/\/nelidesign.com\/fr\/?s={search_term_string}"},"query-input":{"@type":"PropertyValueSpecification","valueRequired":true,"valueName":"search_term_string"}}],"inLanguage":"fr-FR"},{"@type":["Person","Organization"],"@id":"https:\/\/nelidesign.com\/fr\/#\/schema\/person\/07194ebfb7711949a8cdd1a9da087cdd","name":"Natalie","image":{"@type":"ImageObject","inLanguage":"fr-FR","@id":"https:\/\/nelidesign.com\/wp-content\/uploads\/2021\/10\/Natalie2021-1.jpg","url":"https:\/\/nelidesign.com\/wp-content\/uploads\/2021\/10\/Natalie2021-1.jpg","contentUrl":"https:\/\/nelidesign.com\/wp-content\/uploads\/2021\/10\/Natalie2021-1.jpg","width":350,"height":500,"caption":"Natalie"},"logo":{"@id":"https:\/\/nelidesign.com\/wp-content\/uploads\/2021\/10\/Natalie2021-1.jpg"},"sameAs":["https:\/\/nelidesign.com\/about-me2\/","https:\/\/www.facebook.com\/Natalie.NeliDesign\/","https:\/\/www.instagram.com\/Natalie.NeliDesign\/","https:\/\/www.pinterest.com\/nelidesign\/","https:\/\/www.youtube.com\/nelidesign"]}]}},"featured_image_src":null,"featured_image_src_square":null,"_links":{"self":[{"href":"https:\/\/nelidesign.com\/fr\/wp-json\/wp\/v2\/pages\/34540","targetHints":{"allow":["GET"]}}],"collection":[{"href":"https:\/\/nelidesign.com\/fr\/wp-json\/wp\/v2\/pages"}],"about":[{"href":"https:\/\/nelidesign.com\/fr\/wp-json\/wp\/v2\/types\/page"}],"author":[{"embeddable":true,"href":"https:\/\/nelidesign.com\/fr\/wp-json\/wp\/v2\/users\/1"}],"replies":[{"embeddable":true,"href":"https:\/\/nelidesign.com\/fr\/wp-json\/wp\/v2\/comments?post=34540"}],"version-history":[{"count":6,"href":"https:\/\/nelidesign.com\/fr\/wp-json\/wp\/v2\/pages\/34540\/revisions"}],"predecessor-version":[{"id":41755,"href":"https:\/\/nelidesign.com\/fr\/wp-json\/wp\/v2\/pages\/34540\/revisions\/41755"}],"wp:attachment":[{"href":"https:\/\/nelidesign.com\/fr\/wp-json\/wp\/v2\/media?parent=34540"}],"curies":[{"name":"wp","href":"https:\/\/api.w.org\/{rel}","templated":true}]}} 