{"id":34508,"date":"2022-01-30T13:41:12","date_gmt":"2022-01-30T18:41:12","guid":{"rendered":"https:\/\/nelidesign.com\/?page_id=34508"},"modified":"2023-12-15T10:55:07","modified_gmt":"2023-12-15T15:55:07","slug":"reglements-concours","status":"publish","type":"page","link":"https:\/\/nelidesign.com\/fr\/reglements-concours\/","title":{"rendered":"R\u00e8glements concours"},"content":{"rendered":"\n<p>Veuillez lire l'int\u00e9gralit\u00e9 de ce r\u00e8glement (le \u00ab r\u00e8glement \u00bb) du concours \"Cricuter c'est bien, mais \u00e0 deux, c'est mieux\"<strong> <\/strong>(le \u00ab concours \u00bb), avant de participer au concours. Ne participez pas au concours \u00e0 moins d'avoir accept\u00e9 ce r\u00e8glement du concours. La participation au concours constitue votre approbation et votre acceptation de ce r\u00e8glement du concours, qui est d\u00e9finitif en tout ce qui concerne le concours. En participant \u00e0 ce concours, vous acceptez d'\u00eatre li\u00e9 par les d\u00e9cisions du jury du concours qui sont d\u00e9finitives et ex\u00e9cutoires \u00e0 tous les \u00e9gards.\u00a0<\/p>\n\n\n\n<p>Le concours est commandit\u00e9 par Cricut.<\/p>\n\n\n\n<p>Le concours est organis\u00e9 par Natalie Desrochers propri\u00e9taire de NeliDesign (\u00abl'organisateur \u00bb). Le concours d\u00e9bute le 15 d\u00e9cembre 2023 \u00e0 00 h 00, heure normale de l'Est (\u00ab HNE \u00bb), et prend fin le 20 d\u00e9cembre 2023 \u00e0 23 h 59, heure normale de l'Est (\u00ab HNE \u00bb) (la \u00ab p\u00e9riode du concours \u00bb).<\/p>\n\n\n\n<div class=\"wp-block-group\"><div class=\"wp-block-group__inner-container is-layout-flow wp-block-group-is-layout-flow\">\n<ol class=\"wp-block-list\">\n<li><strong>Admissibilit\u00e9<\/strong><\/li>\n<\/ol>\n\n\n\n<p>Le concours est offert \u00e0 tout r\u00e9sident en r\u00e8gle du Canada et des \u00c9tats-Unis ayant atteint l'\u00e2ge de majorit\u00e9 dans son \u00c9tat, sa province\/son territoire de r\u00e9sidence \u00e0 la date de d\u00e9but du concours ou avant celle-ci. L'organisateur, ses employ\u00e9s, agents ou repr\u00e9sentants, ainsi que les membres de leur famille imm\u00e9diate et les personnes avec lesquelles ils habitent, ne sont pas admissibles \u00e0 participer \u00e0 ce concours. \u00ab Famille imm\u00e9diate \u00bb d\u00e9crit les parents, fr\u00e8res et s\u0153urs, enfants et conjoints.<\/p>\n<\/div><\/div>\n\n\n\n<div class=\"wp-block-group\"><div class=\"wp-block-group__inner-container is-layout-flow wp-block-group-is-layout-flow\">\n<ol class=\"wp-block-list\" start=\"2\">\n<li><strong>Conditions de participation<\/strong><\/li>\n<\/ol>\n\n\n\n<p>AUCUN ACHAT N'EST REQUIS.<\/p>\n\n\n\n<p>Pendant la p\u00e9riode du concours, les participants peuvent participer au concours en remplissant les conditions disponibles sur la publication Facebook de la page \"<a href=\"https:\/\/www.facebook.com\/concoursnelidesign\">Concours Cricut Qu\u00e9bec par NeliDesign<\/a>\"<\/p>\n\n\n\n<p>Limite d'une seule participation par personne (duo) pendant la p\u00e9riode du concours, sans \u00e9gard \u00e0 l'adresse de courriel utilis\u00e9e ou la m\u00e9thode de participation. S'il est d\u00e9couvert que vous avez particip\u00e9 plus d'une fois, seule votre premi\u00e8re participation sera incluse au tirage dans le cadre du concours.<\/p>\n<\/div><\/div>\n\n\n\n<div class=\"wp-block-group\"><div class=\"wp-block-group__inner-container is-layout-flow wp-block-group-is-layout-flow\">\n<ol class=\"wp-block-list\" start=\"3\">\n<li><strong>Attribution et description <\/strong><strong>du<\/strong><strong> prix<\/strong><\/li>\n<\/ol>\n\n\n\n<p>Prix : Joy Xtra + Everything Bundle (un par personne du duo) d'une valeur de 384$ chacun.<\/p>\n\n\n\n<p>Les gagnants seront d\u00e9termin\u00e9s par un tirage au sort qui sera effectu\u00e9 effectu\u00e9 par un ou plusieurs repr\u00e9sentants autoris\u00e9s de l'organisateur (le \u00ab jury du concours \u00bb) parmi toutes les inscriptions re\u00e7ues pendant la p\u00e9riode du concours.<\/p>\n\n\n\n<p>Le tirage aura lieu le 21 d\u00e9cembre 2023 \u00e0 10 h 00 (HNE) et le nom des gagnants sera publi\u00e9 sur la page Facebook de \"<a href=\"https:\/\/www.facebook.com\/concoursnelidesign\">Concours Cricut Quebec par NeliDesign<\/a>\"<\/p>\n\n\n\n<p>Le prix doit \u00eatre accept\u00e9 tel que d\u00e9crit dans ce r\u00e8glement du concours et ne peut pas \u00eatre remplac\u00e9 par un autre prix ou \u00e9chang\u00e9 en tout ou en partie. Le refus par un participant d'accepter un prix ou une partie du prix d\u00e9gage \u00e0 jamais l'organisateur et ses agents de toute obligation li\u00e9e au prix, y compris sa livraison. Le prix ne peut pas \u00eatre vendu ou c\u00e9d\u00e9 et n'est pas monnayable.<\/p>\n\n\n\n<p>Si, pour une raison \u00e9chappant \u00e0 son contr\u00f4le et non li\u00e9e aux gagnants, l'organisateur se trouve dans l'impossibilit\u00e9 de d\u00e9cerner le prix d\u00e9crit dans ce r\u00e8glement du concours, il remplacera le prix, en tout ou en partie, par un prix de nature semblable et de valeur \u00e9gale ou sup\u00e9rieure, et ce, \u00e0 son enti\u00e8re discr\u00e9tion.<\/p>\n<\/div><\/div>\n\n\n\n<div class=\"wp-block-group\"><div class=\"wp-block-group__inner-container is-layout-flow wp-block-group-is-layout-flow\">\n<ol class=\"wp-block-list\" start=\"4\">\n<li><strong>Question d'habilet\u00e9<\/strong><\/li>\n<\/ol>\n\n\n\n<p>Pour \u00eatre reconnu gagnant, le participant s\u00e9lectionn\u00e9 devra r\u00e9pondre correctement \u00e0 une question d'habilet\u00e9 math\u00e9matique.<\/p>\n<\/div><\/div>\n\n\n\n<div class=\"wp-block-group\"><div class=\"wp-block-group__inner-container is-layout-flow wp-block-group-is-layout-flow\">\n<ol class=\"wp-block-list\" start=\"5\">\n<li><strong>Chances de gagner<\/strong><\/li>\n<\/ol>\n\n\n\n<p>Les chances de gagner le prix varient en fonction du nombre total de participations admissibles re\u00e7ues pendant la p\u00e9riode du concours.<\/p>\n<\/div><\/div>\n\n\n\n<div class=\"wp-block-group\"><div class=\"wp-block-group__inner-container is-layout-flow wp-block-group-is-layout-flow\">\n<ol class=\"wp-block-list\" start=\"6\">\n<li><strong>Distribution et avis aux gagnants<\/strong><\/li>\n<\/ol>\n\n\n\n<p>Dans les 48 heures suivant la date applicable du tirage, des tentatives seront faites pour joindre par courriel le participant choisi. Si un participant choisi manque de r\u00e9pondre apr\u00e8s deux tentatives en cinq jours cons\u00e9cutifs apr\u00e8s la premi\u00e8re tentative de communiquer avec le participant choisi, sa participation sera disqualifi\u00e9e et le participant choisi ne gagnera aucun prix. Un autre participant sera choisi. Ce processus se poursuivra jusqu'\u00e0 ce qu'un gagnant soit d\u00e9clar\u00e9 ou qu'il ne reste plus de participations admissibles \u00e0 partir desquelles choisir.<\/p>\n\n\n\n<p>Le prix sera livr\u00e9 \u00e0 l'adresse postale fournie par le gagnant en provenance directement de Cricut.<\/p>\n<\/div><\/div>\n\n\n\n<ol class=\"wp-block-list\" start=\"7\">\n<li><strong>Conditions g\u00e9n\u00e9rales<\/strong>\n<ol class=\"wp-block-list\">\n<li>Les participations en ligne doivent \u00eatre faites avec les frappes originales et manuelles du participant particulier. L'utilisation de toute aide m\u00e9canique, de logiciels \u00e0 remplir les formulaires ou d'aide robotique est strictement interdite. La preuve de transmission d'une participation ne constitue pas une preuve de livraison ou de r\u00e9ception par l'organisateur. Le formulaire de participation ne peut indiquer le nom que d'un seul participant. En cas de litige concernant l'identit\u00e9 de la personne qui a transmis la participation en ligne, il sera consid\u00e9r\u00e9 que la participation a \u00e9t\u00e9 transmise par le d\u00e9tenteur autoris\u00e9 du compte de l'adresse de courriel fournie dans sa participation. \u00ab D\u00e9tenteur autoris\u00e9 du compte \u00bb d\u00e9finit la personne physique \u00e0 qui est attribu\u00e9e une adresse de courriel par un fournisseur d'acc\u00e8s Internet, un fournisseur de service en ligne ou tout organisme responsable d'attribuer les adresses de courriel pour le domaine associ\u00e9 \u00e0 l'adresse de courriel.<\/li>\n\n\n\n<li>En participant \u00e0 ce concours, les participants choisis permettent \u00e0 l'organisateur et \u00e0 ses repr\u00e9sentants de communiquer directement avec eux en employant les coordonn\u00e9es qu'ils ont indiqu\u00e9es dans leur participation au concours.<\/li>\n\n\n\n<li>Les participations peuvent \u00eatre v\u00e9rifi\u00e9es par le jury du concours. L'organisateur n'est aucunement responsables (i) tout manquement de recevoir des participations \u00e0 cause d'un \u00e9chec de transmission, de tonalit\u00e9s d'occupation, de congestion sur Internet ou \u00e0 tout site Web ou de d\u00e9faillances techniques de toute sorte, y compris, sans s'y limiter, un mauvais fonctionnement de tout r\u00e9seau, serveur, fournisseur d'acc\u00e8s, mat\u00e9riel ou logiciel, que ce mauvais fonctionnement ait lieu du c\u00f4t\u00e9 de l'envoyeur ou de celui du destinataire; ou (iii) de toute blessure ou tout dommage \u00e0 l'ordinateur ou autre propri\u00e9t\u00e9 du participant ou de toute autre personne, li\u00e9s \u00e0 la participation au concours ou au t\u00e9l\u00e9chargement de tout mat\u00e9riel li\u00e9 \u00e0 ce concours ou en r\u00e9sultant, ou des violations de la vie priv\u00e9e caus\u00e9es par une interf\u00e9rence par des \u00ab pirates \u00bb informatiques.&nbsp;<\/li>\n\n\n\n<li>L'organisateur se r\u00e9serve le droit, sous r\u00e9serve de la juridiction de la R\u00e9gie des alcools, des courses et jeux dans la province de Qu\u00e9bec, d'annuler toute participation et\/ou d'annuler ou modifier le concours en tout ou en partie (sans avis individuel aux participants) pour toute raison, y compris, \u00e0 son enti\u00e8re discr\u00e9tion, s'il d\u00e9termine que pour tout motif (comme le sabotage ou l'infection par virus informatique ou autre motif \u00e9chappant \u00e0 son contr\u00f4le), le concours ne peut pas se d\u00e9rouler de la fa\u00e7on initialement envisag\u00e9e ou que des fraudes, d\u00e9faillances techniques ou des erreurs humaines, d'impression ou de distribution, ou toute autre cause ou survenance, ont compromis la gestion, la s\u00e9curit\u00e9, l'\u00e9quit\u00e9 ou l'int\u00e9grit\u00e9 du concours. Le r\u00e8glement du concours peut changer \u00e0 la discr\u00e9tion de l'organisateur, sous r\u00e9serve de la juridiction de la R\u00e9gie des alcools, des courses et des jeux dans la province de Qu\u00e9bec, et ce, sans pr\u00e9avis individuel aux participants. Toute personne participant \u00e0 ce concours ou tentant de le faire par quelque moyen qui va \u00e0 l'encontre de l'intention de ce r\u00e8glement du concours (par exemple, piratage informatique, utilisation frauduleuse d'un ou de plusieurs codes d'acc\u00e8s ou obtention de codes d'acc\u00e8s par moyeux frauduleux, etc.) sera automatiquement disqualifi\u00e9e et l'organisateur se r\u00e9serve le droit de r\u00e9clamer alors des dommages-int\u00e9r\u00eats dans la plus vaste mesure permise par la loi, y compris des poursuites criminelles.<\/li>\n\n\n\n<li>En participant \u00e0 ce concours, les participants acceptent ce r\u00e8glement du concours et acceptent d'\u00eatre li\u00e9s par celui-ci, ainsi que par les d\u00e9cisions de l'organisateur et du jury du concours, qui sont finales, ex\u00e9cutoires et d\u00e9finitives en tout ce qui a trait \u00e0 ce concours.<\/li>\n\n\n\n<li>Pour les r\u00e9sidents du Qu\u00e9bec seulement : Un diff\u00e9rend quant \u00e0 l'organisation ou \u00e0 la conduite d'un concours publicitaire peut \u00eatre soumis \u00e0 la R\u00e9gie des alcools, des courses et des jeux afin qu'il soit tranch\u00e9. Un diff\u00e9rend quant \u00e0 l'attribution d'un prix peut \u00eatre soumis \u00e0 la R\u00e9gie uniquement aux fins d'une intervention pour tenter de le r\u00e9gler.<\/li>\n\n\n\n<li>En cas de diff\u00e9rend entre tout d\u00e9tail du concours indiqu\u00e9 dans ce r\u00e8glement du concours et tout d\u00e9tail du concours indiqu\u00e9 dans tout mat\u00e9riel promotionnel ou m\u00e9dia (le mat\u00e9riel du concours), les d\u00e9tails du concours indiqu\u00e9s dans ce r\u00e8glement du concours pr\u00e9vaudront.<\/li>\n\n\n\n<li>Le public peut obtenir les noms du gagnant du concours en \u00e9crivant \u00e0 <a href=\"mailto:info@nelidesign.com\">info@nelidesign.com<\/a> dans les 14 jours suivant la fin du concours.<\/li>\n\n\n\n<li>En participant \u00e0 ce concours, chaque participant permet \u00e0 l'organisateur, ses agences, agences de promotion, repr\u00e9sentants, jury du concours et soci\u00e9t\u00e9s filiales et affili\u00e9es de l'organisateur de recueillir les renseignements transmis avec sa participation et de les utiliser pour g\u00e9rer le concours. Si un participant l'indique, l'organisateur, ses soci\u00e9t\u00e9s filiales et ses soci\u00e9t\u00e9s affili\u00e9es peuvent communiquer avec le participant de diff\u00e9rentes fa\u00e7ons dont par t\u00e9l\u00e9phone, par ordinateur ou par la poste en employant les coordonn\u00e9es fournies par le participant, pour signaler au participant les produits ou services qui pourraient l'int\u00e9resser. l'organisateur respectera les choix du participant autrement indiqu\u00e9s et le participant pourra se d\u00e9sabonner en tout temps.&nbsp;<\/li>\n\n\n\n<li>Pour obtenir plus d'information, consultez la politique en mati\u00e8re de confidentialit\u00e9 de NeliDesign \u00e0 <a href=\"https:\/\/nelidesign.com\/fr\/politique-de-confidentialite\/\">https:\/\/nelidesign.com\/fr\/politique-de-confidentialite\/<\/a><\/li>\n\n\n\n<li>Avis de non-responsabilit\u00e9 Facebook : Les participants doivent comprendre qu'ils fournissent leurs informations \u00e0 l'organisateur et non \u00e0 Facebook. Cette promotion n'est en aucun cas sponsoris\u00e9e, approuv\u00e9e ou administr\u00e9e par, ou associ\u00e9e \u00e0 Facebook.<\/li>\n<\/ol>\n<\/li>\n<\/ol>\n\n\n\n<div id=\"mediavine-settings\" data-blocklist-leaderboard=\"1\" data-blocklist-content-desktop=\"1\" data-blocklist-content-mobile=\"1\" data-blocklist-recipe=\"1\" data-blocklist-auto-insert-sticky=\"1\" data-blocklist-in-image=\"1\" data-blocklist-chicory=\"1\" data-blocklist-zergnet=\"1\" data-blocklist-interstitial-mobile=\"1\" data-blocklist-universal-player-desktop=\"1\" data-blocklist-universal-player-mobile=\"1\"><\/div>\n","protected":false},"excerpt":{"rendered":"<p>Veuillez lire l'int\u00e9gralit\u00e9 de ce r\u00e8glement (le \u00ab r\u00e8glement \u00bb) du concours \"Cricuter c'est bien, mais \u00e0 deux, c'est mieux\" (le \u00ab concours \u00bb), avant de participer au concours. Ne participez pas au concours \u00e0 moins d'avoir accept\u00e9 ce r\u00e8glement du concours. La participation au concours constitue votre approbation et votre acceptation de ce r\u00e8glement [&hellip;]<\/p>\n","protected":false},"author":1,"featured_media":0,"parent":0,"menu_order":0,"comment_status":"closed","ping_status":"closed","template":"","meta":{"_genesis_hide_title":false,"_genesis_hide_breadcrumbs":false,"_genesis_hide_singular_image":false,"_genesis_hide_footer_widgets":false,"_genesis_custom_body_class":"","_genesis_custom_post_class":"","_genesis_layout":"","footnotes":""},"class_list":{"0":"post-34508","1":"page","2":"type-page","3":"status-publish","5":"entry"},"yoast_head":"<!-- This site is optimized with the Yoast SEO plugin v27.4 - https:\/\/yoast.com\/product\/yoast-seo-wordpress\/ -->\n<title>R\u00e8glements concours - NeliDesign<\/title>\n<meta name=\"robots\" content=\"index, follow, max-snippet:-1, max-image-preview:large, max-video-preview:-1\" \/>\n<link rel=\"canonical\" href=\"https:\/\/nelidesign.com\/fr\/reglements-concours\/\" \/>\n<meta property=\"og:locale\" content=\"fr_FR\" \/>\n<meta property=\"og:type\" content=\"article\" \/>\n<meta property=\"og:title\" content=\"R\u00e8glements concours - NeliDesign\" \/>\n<meta property=\"og:description\" content=\"Veuillez lire l&#039;int\u00e9gralit\u00e9 de ce r\u00e8glement (le \u00ab r\u00e8glement \u00bb) du concours &quot;Cricuter c&#039;est bien, mais \u00e0 deux, c&#039;est mieux&quot; (le \u00ab concours \u00bb), avant de participer au concours. Ne participez pas au concours \u00e0 moins d&#039;avoir accept\u00e9 ce r\u00e8glement du concours. La participation au concours constitue votre approbation et votre acceptation de ce r\u00e8glement [&hellip;]\" \/>\n<meta property=\"og:url\" content=\"https:\/\/nelidesign.com\/fr\/reglements-concours\/\" \/>\n<meta property=\"og:site_name\" content=\"NeliDesign\" \/>\n<meta property=\"article:publisher\" content=\"https:\/\/www.facebook.com\/Natalie.NeliDesign\/\" \/>\n<meta property=\"article:modified_time\" content=\"2023-12-15T15:55:07+00:00\" \/>\n<meta property=\"og:image\" content=\"https:\/\/nelidesign.com\/wp-content\/uploads\/2020\/11\/Neli-Design-Yoast-FB-1.png\" \/>\n\t<meta property=\"og:image:width\" content=\"1200\" \/>\n\t<meta property=\"og:image:height\" content=\"630\" \/>\n\t<meta property=\"og:image:type\" content=\"image\/png\" \/>\n<meta name=\"twitter:card\" content=\"summary_large_image\" \/>\n<meta name=\"twitter:site\" content=\"@nelidesign\" \/>\n<meta name=\"twitter:label1\" content=\"Dur\u00e9e de lecture estim\u00e9e\" \/>\n\t<meta name=\"twitter:data1\" content=\"7 minutes\" \/>\n<script type=\"application\/ld+json\" class=\"yoast-schema-graph\">{\"@context\":\"https:\\\/\\\/schema.org\",\"@graph\":[{\"@type\":\"WebPage\",\"@id\":\"https:\\\/\\\/nelidesign.com\\\/fr\\\/reglements-concours\\\/\",\"url\":\"https:\\\/\\\/nelidesign.com\\\/fr\\\/reglements-concours\\\/\",\"name\":\"R\u00e8glements concours - NeliDesign\",\"isPartOf\":{\"@id\":\"https:\\\/\\\/nelidesign.com\\\/fr\\\/#website\"},\"datePublished\":\"2022-01-30T18:41:12+00:00\",\"dateModified\":\"2023-12-15T15:55:07+00:00\",\"breadcrumb\":{\"@id\":\"https:\\\/\\\/nelidesign.com\\\/fr\\\/reglements-concours\\\/#breadcrumb\"},\"inLanguage\":\"fr-FR\",\"potentialAction\":[{\"@type\":\"ReadAction\",\"target\":[\"https:\\\/\\\/nelidesign.com\\\/fr\\\/reglements-concours\\\/\"]}]},{\"@type\":\"BreadcrumbList\",\"@id\":\"https:\\\/\\\/nelidesign.com\\\/fr\\\/reglements-concours\\\/#breadcrumb\",\"itemListElement\":[{\"@type\":\"ListItem\",\"position\":1,\"name\":\"Home\",\"item\":\"https:\\\/\\\/nelidesign.com\\\/fr\\\/\"},{\"@type\":\"ListItem\",\"position\":2,\"name\":\"R\u00e8glements concours\"}]},{\"@type\":\"WebSite\",\"@id\":\"https:\\\/\\\/nelidesign.com\\\/fr\\\/#website\",\"url\":\"https:\\\/\\\/nelidesign.com\\\/fr\\\/\",\"name\":\"NeliDesign\",\"description\":\"Projets cr\u00e9atifs pour une d\u00e9co qui vous plait\",\"publisher\":{\"@id\":\"https:\\\/\\\/nelidesign.com\\\/fr\\\/#\\\/schema\\\/person\\\/07194ebfb7711949a8cdd1a9da087cdd\"},\"potentialAction\":[{\"@type\":\"SearchAction\",\"target\":{\"@type\":\"EntryPoint\",\"urlTemplate\":\"https:\\\/\\\/nelidesign.com\\\/fr\\\/?s={search_term_string}\"},\"query-input\":{\"@type\":\"PropertyValueSpecification\",\"valueRequired\":true,\"valueName\":\"search_term_string\"}}],\"inLanguage\":\"fr-FR\"},{\"@type\":[\"Person\",\"Organization\"],\"@id\":\"https:\\\/\\\/nelidesign.com\\\/fr\\\/#\\\/schema\\\/person\\\/07194ebfb7711949a8cdd1a9da087cdd\",\"name\":\"Natalie\",\"image\":{\"@type\":\"ImageObject\",\"inLanguage\":\"fr-FR\",\"@id\":\"https:\\\/\\\/nelidesign.com\\\/wp-content\\\/uploads\\\/2021\\\/10\\\/Natalie2021-1.jpg\",\"url\":\"https:\\\/\\\/nelidesign.com\\\/wp-content\\\/uploads\\\/2021\\\/10\\\/Natalie2021-1.jpg\",\"contentUrl\":\"https:\\\/\\\/nelidesign.com\\\/wp-content\\\/uploads\\\/2021\\\/10\\\/Natalie2021-1.jpg\",\"width\":350,\"height\":500,\"caption\":\"Natalie\"},\"logo\":{\"@id\":\"https:\\\/\\\/nelidesign.com\\\/wp-content\\\/uploads\\\/2021\\\/10\\\/Natalie2021-1.jpg\"},\"sameAs\":[\"https:\\\/\\\/nelidesign.com\\\/about-me2\\\/\",\"https:\\\/\\\/www.facebook.com\\\/Natalie.NeliDesign\\\/\",\"https:\\\/\\\/www.instagram.com\\\/Natalie.NeliDesign\\\/\",\"https:\\\/\\\/www.pinterest.com\\\/nelidesign\\\/\",\"https:\\\/\\\/www.youtube.com\\\/nelidesign\"]}]}<\/script>\n<!-- \/ Yoast SEO plugin. -->","yoast_head_json":{"title":"R\u00e8glements concours - NeliDesign","robots":{"index":"index","follow":"follow","max-snippet":"max-snippet:-1","max-image-preview":"max-image-preview:large","max-video-preview":"max-video-preview:-1"},"canonical":"https:\/\/nelidesign.com\/fr\/reglements-concours\/","og_locale":"fr_FR","og_type":"article","og_title":"R\u00e8glements concours - NeliDesign","og_description":"Veuillez lire l'int\u00e9gralit\u00e9 de ce r\u00e8glement (le \u00ab r\u00e8glement \u00bb) du concours \"Cricuter c'est bien, mais \u00e0 deux, c'est mieux\" (le \u00ab concours \u00bb), avant de participer au concours. Ne participez pas au concours \u00e0 moins d'avoir accept\u00e9 ce r\u00e8glement du concours. La participation au concours constitue votre approbation et votre acceptation de ce r\u00e8glement [&hellip;]","og_url":"https:\/\/nelidesign.com\/fr\/reglements-concours\/","og_site_name":"NeliDesign","article_publisher":"https:\/\/www.facebook.com\/Natalie.NeliDesign\/","article_modified_time":"2023-12-15T15:55:07+00:00","og_image":[{"width":1200,"height":630,"url":"https:\/\/nelidesign.com\/wp-content\/uploads\/2020\/11\/Neli-Design-Yoast-FB-1.png","type":"image\/png"}],"twitter_card":"summary_large_image","twitter_site":"@nelidesign","twitter_misc":{"Dur\u00e9e de lecture estim\u00e9e":"7 minutes"},"schema":{"@context":"https:\/\/schema.org","@graph":[{"@type":"WebPage","@id":"https:\/\/nelidesign.com\/fr\/reglements-concours\/","url":"https:\/\/nelidesign.com\/fr\/reglements-concours\/","name":"R\u00e8glements concours - NeliDesign","isPartOf":{"@id":"https:\/\/nelidesign.com\/fr\/#website"},"datePublished":"2022-01-30T18:41:12+00:00","dateModified":"2023-12-15T15:55:07+00:00","breadcrumb":{"@id":"https:\/\/nelidesign.com\/fr\/reglements-concours\/#breadcrumb"},"inLanguage":"fr-FR","potentialAction":[{"@type":"ReadAction","target":["https:\/\/nelidesign.com\/fr\/reglements-concours\/"]}]},{"@type":"BreadcrumbList","@id":"https:\/\/nelidesign.com\/fr\/reglements-concours\/#breadcrumb","itemListElement":[{"@type":"ListItem","position":1,"name":"Home","item":"https:\/\/nelidesign.com\/fr\/"},{"@type":"ListItem","position":2,"name":"R\u00e8glements concours"}]},{"@type":"WebSite","@id":"https:\/\/nelidesign.com\/fr\/#website","url":"https:\/\/nelidesign.com\/fr\/","name":"NeliDesign","description":"Projets cr\u00e9atifs pour une d\u00e9co qui vous plait","publisher":{"@id":"https:\/\/nelidesign.com\/fr\/#\/schema\/person\/07194ebfb7711949a8cdd1a9da087cdd"},"potentialAction":[{"@type":"SearchAction","target":{"@type":"EntryPoint","urlTemplate":"https:\/\/nelidesign.com\/fr\/?s={search_term_string}"},"query-input":{"@type":"PropertyValueSpecification","valueRequired":true,"valueName":"search_term_string"}}],"inLanguage":"fr-FR"},{"@type":["Person","Organization"],"@id":"https:\/\/nelidesign.com\/fr\/#\/schema\/person\/07194ebfb7711949a8cdd1a9da087cdd","name":"Natalie","image":{"@type":"ImageObject","inLanguage":"fr-FR","@id":"https:\/\/nelidesign.com\/wp-content\/uploads\/2021\/10\/Natalie2021-1.jpg","url":"https:\/\/nelidesign.com\/wp-content\/uploads\/2021\/10\/Natalie2021-1.jpg","contentUrl":"https:\/\/nelidesign.com\/wp-content\/uploads\/2021\/10\/Natalie2021-1.jpg","width":350,"height":500,"caption":"Natalie"},"logo":{"@id":"https:\/\/nelidesign.com\/wp-content\/uploads\/2021\/10\/Natalie2021-1.jpg"},"sameAs":["https:\/\/nelidesign.com\/about-me2\/","https:\/\/www.facebook.com\/Natalie.NeliDesign\/","https:\/\/www.instagram.com\/Natalie.NeliDesign\/","https:\/\/www.pinterest.com\/nelidesign\/","https:\/\/www.youtube.com\/nelidesign"]}]}},"featured_image_src":null,"featured_image_src_square":null,"_links":{"self":[{"href":"https:\/\/nelidesign.com\/fr\/wp-json\/wp\/v2\/pages\/34508","targetHints":{"allow":["GET"]}}],"collection":[{"href":"https:\/\/nelidesign.com\/fr\/wp-json\/wp\/v2\/pages"}],"about":[{"href":"https:\/\/nelidesign.com\/fr\/wp-json\/wp\/v2\/types\/page"}],"author":[{"embeddable":true,"href":"https:\/\/nelidesign.com\/fr\/wp-json\/wp\/v2\/users\/1"}],"replies":[{"embeddable":true,"href":"https:\/\/nelidesign.com\/fr\/wp-json\/wp\/v2\/comments?post=34508"}],"version-history":[{"count":16,"href":"https:\/\/nelidesign.com\/fr\/wp-json\/wp\/v2\/pages\/34508\/revisions"}],"predecessor-version":[{"id":42248,"href":"https:\/\/nelidesign.com\/fr\/wp-json\/wp\/v2\/pages\/34508\/revisions\/42248"}],"wp:attachment":[{"href":"https:\/\/nelidesign.com\/fr\/wp-json\/wp\/v2\/media?parent=34508"}],"curies":[{"name":"wp","href":"https:\/\/api.w.org\/{rel}","templated":true}]}}