{"id":34505,"date":"2022-01-30T13:40:25","date_gmt":"2022-01-30T18:40:25","guid":{"rendered":"https:\/\/nelidesign.com\/?page_id=34505"},"modified":"2022-09-24T17:08:42","modified_gmt":"2022-09-24T21:08:42","slug":"concours-gagnez-une-cricut-explore-3-pour-la-saint-valentin","status":"publish","type":"page","link":"https:\/\/nelidesign.com\/fr\/concours-gagnez-une-cricut-explore-3-pour-la-saint-valentin\/","title":{"rendered":"Concours - Gagnez une Cricut Explore 3 pour la Saint-Valentin"},"content":{"rendered":"\n<div class=\"wp-block-group\"><div class=\"wp-block-group__inner-container is-layout-flow wp-block-group-is-layout-flow\">\n<h2 class=\"has-text-align-center wp-block-heading\" id=\"courrez-la-chance-de-gagner-une-cricut-explore-3-grace-a-cricut-et-nelidesign\">Courrez la chance de gagner <strong>une Cricut Explore 3<\/strong> gr\u00e2ce \u00e0 Cricut et NeliDesign!<\/h2>\n\n\n\n<figure class=\"wp-block-image size-full is-style-default\"><img decoding=\"async\" width=\"940\" height=\"788\" fetchpriority=\"high\" src=\"https:\/\/nelidesign.com\/wp-content\/uploads\/2022\/01\/2.png\" alt=\"\" data-skip-lazy class=\"wp-image-34513\" srcset=\"https:\/\/nelidesign.com\/wp-content\/uploads\/2022\/01\/2.png 940w, https:\/\/nelidesign.com\/wp-content\/uploads\/2022\/01\/2-768x644.png 768w, https:\/\/nelidesign.com\/wp-content\/uploads\/2022\/01\/2-735x616.png 735w\" sizes=\"(max-width: 940px) 100vw, 940px\" \/><\/figure>\n\n\n\n<p>Le prix \u00e0 gagner est une Cricut Explore 3 d'une valeur de 399,99$<\/p>\n<\/div><\/div>\n\n\n\n<hr class=\"wp-block-separator has-text-color has-background has-fushia-background-color has-fushia-color is-style-wide\"\/>\n\n\n\n<div class=\"wp-block-group\"><div class=\"wp-block-group__inner-container is-layout-flow wp-block-group-is-layout-flow\">\n<h2 class=\"wp-block-heading\" id=\"pour-participer-remplissez-le-formulaire-ci-dessous\">Pour participer, remplissez le formulaire ci-dessous <\/h2>\n\n\n\n<p>Pour participer, r\u00e9pondez simplement \u00e0 la question math\u00e9matique au premier point du formulaire plus bas.<\/p>\n\n\n\n<h3 class=\"wp-block-heading\" id=\"pour-obtenir-des-chances-supplementaires-de-gagner\">Pour obtenir des chances suppl\u00e9mentaires de gagner:<\/h3>\n\n\n\n<p class=\"has-background\" style=\"background-color:#e8f5f4\">Visionnez les vid\u00e9os publi\u00e9es les 2, 3 et 10 f\u00e9vrier 2022 <a href=\"https:\/\/www.youtube.com\/c\/NeliDesignenfrancais?sub_confirmation=1\" target=\"_blank\" rel=\"noreferrer noopener\">sur la cha\u00eene YouTube en fran\u00e7ais de NeliDesign<\/a> (les liens des vid\u00e9os sont dans le formulaire de participation) et r\u00e9pondez aux questions identifi\u00e9es dans le formulaire.<\/p>\n\n\n\n<p>Pour \u00e9viter de manquer les vid\u00e9os, assurez-vous de <a href=\"https:\/\/www.youtube.com\/c\/NeliDesignenfrancais?sub_confirmation=1\" target=\"_blank\" rel=\"noreferrer noopener\">vous abonner \u00e0 ma cha\u00eene en cliquant ici<\/a> et cliquez sur la petite \ud83d\udd14 pour \u00eatre notifi\u00e9 lorsqu'une nouvelle vid\u00e9o sera publi\u00e9e! (Notez que vous devez \u00eatre connect\u00e9 \u00e0 votre compte YouTube pour vous abonner)<\/p>\n\n\n\n<p>Si vous avez de la difficult\u00e9 \u00e0 voir le formulaire sur votre cellulaire, s.v.p. consulter-le sur votre ordinateur de bureau.<\/p>\n\n\n\n<p>Et la gagnante est H\u00e9l\u00e8ne Dubeau! F\u00e9licitations!<\/p>\n\n\n\n<figure class=\"wp-block-video\"><video height=\"1080\" style=\"aspect-ratio: 1920 \/ 1080;\" width=\"1920\" controls src=\"https:\/\/nelidesign.com\/wp-content\/uploads\/2022\/02\/2022-gagnant-concours-Explore3.mp4\"><\/video><\/figure>\n\n\n\n<div class=\"wp-block-group has-fushia-background-color has-background\"><div class=\"wp-block-group__inner-container is-layout-flow wp-block-group-is-layout-flow\">\n<h2 class=\"has-text-align-center wp-block-heading\" id=\"formulaire-a-remplir-pour-le-concours-ici\">Formulaire \u00e0 remplir pour le concours ici \ud83d\udc47<\/h2>\n\n\n\n<a class=\"rcptr\" href=\"http:\/\/www.rafflecopter.com\/rafl\/display\/dbd32b956\/\" rel=\"nofollow\" data-raflid=\"dbd32b956\" data-theme=\"classic\" data-template=\"\" id=\"rcwidget_fqccgusa\">a Rafflecopter giveaway<\/a>\n<script src=\"https:\/\/widget-prime.rafflecopter.com\/launch.js\"><\/script>\n<\/div><\/div>\n\n\n\n<p>Le concours d\u00e9bute le 5 f\u00e9vrier 2022 \u00e0 00 h 00 (HNE) et se termine le 13 f\u00e9vrier 2022 \u00e0 23 h 59 (HNE) et est offert <strong>\u00e0 tout r\u00e9sident en r\u00e8gle du Canada<\/strong> ayant atteint l'\u00e2ge de la majorit\u00e9 dans sa province\/son territoire de r\u00e9sidence \u00e0 la date de d\u00e9but du concours ou avant celle-ci.<\/p>\n\n\n\n<p>Le tirage aura lieu le 14 f\u00e9vrier 2022 \u00e0 10 h 00 (HNE) <strong>et sera annonc\u00e9 ici, sur cette page <\/strong>et sur la page Facebook <a href=\"https:\/\/www.facebook.com\/groups\/creerentouteconfiancecricut\/\" target=\"_blank\" rel=\"noreferrer noopener\">\"Concours Cricut Qu\u00e9bec par NeliDesign\"<\/a><\/p>\n\n\n\n<p>Ce concours est commandit\u00e9 par Cricut.<\/p>\n\n\n\n<p><a href=\"https:\/\/nelidesign.com\/fr\/reglements-concours-gagner-une-cricut-explore-3-pour-la-saint-valentin\/\">Cliquez ici pour consulter les r\u00e8glements du concours<\/a><\/p>\n<\/div><\/div>\n\n\n\n<div id=\"mediavine-settings\" data-blocklist-auto-insert-sticky=\"1\" data-blocklist-universal-player-desktop=\"1\" data-blocklist-universal-player-mobile=\"1\"><\/div>\n","protected":false},"excerpt":{"rendered":"<p>Courrez la chance de gagner une Cricut Explore 3 gr\u00e2ce \u00e0 Cricut et NeliDesign! Le prix \u00e0 gagner est une Cricut Explore 3 d'une valeur de 399,99$ Pour participer, remplissez le formulaire ci-dessous Pour participer, r\u00e9pondez simplement \u00e0 la question math\u00e9matique au premier point du formulaire plus bas. Pour obtenir des chances suppl\u00e9mentaires de gagner: [&hellip;]<\/p>\n","protected":false},"author":1,"featured_media":0,"parent":0,"menu_order":0,"comment_status":"closed","ping_status":"closed","template":"","meta":{"_genesis_hide_title":false,"_genesis_hide_breadcrumbs":false,"_genesis_hide_singular_image":false,"_genesis_hide_footer_widgets":false,"_genesis_custom_body_class":"","_genesis_custom_post_class":"","_genesis_layout":"","footnotes":""},"class_list":{"0":"post-34505","1":"page","2":"type-page","3":"status-publish","5":"entry","6":"has-post-thumbnail"},"yoast_head":"<!-- This site is optimized with the Yoast SEO plugin v27.4 - https:\/\/yoast.com\/product\/yoast-seo-wordpress\/ -->\n<title>Concours - Gagnez une Cricut Explore 3 pour la Saint-Valentin - NeliDesign<\/title>\n<meta name=\"robots\" content=\"index, follow, max-snippet:-1, max-image-preview:large, max-video-preview:-1\" \/>\n<link rel=\"canonical\" href=\"https:\/\/nelidesign.com\/fr\/concours-gagnez-une-cricut-explore-3-pour-la-saint-valentin\/\" \/>\n<meta property=\"og:locale\" content=\"fr_FR\" \/>\n<meta property=\"og:type\" content=\"article\" \/>\n<meta property=\"og:title\" content=\"Concours - Gagnez une Cricut Explore 3 pour la Saint-Valentin - NeliDesign\" \/>\n<meta property=\"og:description\" content=\"Courrez la chance de gagner une Cricut Explore 3 gr\u00e2ce \u00e0 Cricut et NeliDesign! Le prix \u00e0 gagner est une Cricut Explore 3 d&#039;une valeur de 399,99$ Pour participer, remplissez le formulaire ci-dessous Pour participer, r\u00e9pondez simplement \u00e0 la question math\u00e9matique au premier point du formulaire plus bas. Pour obtenir des chances suppl\u00e9mentaires de gagner: [&hellip;]\" \/>\n<meta property=\"og:url\" content=\"https:\/\/nelidesign.com\/fr\/concours-gagnez-une-cricut-explore-3-pour-la-saint-valentin\/\" \/>\n<meta property=\"og:site_name\" content=\"NeliDesign\" \/>\n<meta property=\"article:publisher\" content=\"https:\/\/www.facebook.com\/Natalie.NeliDesign\/\" \/>\n<meta property=\"article:modified_time\" content=\"2022-09-24T21:08:42+00:00\" \/>\n<meta property=\"og:image\" content=\"https:\/\/nelidesign.com\/wp-content\/uploads\/2022\/01\/2.png\" \/>\n<meta name=\"twitter:card\" content=\"summary_large_image\" \/>\n<meta name=\"twitter:site\" content=\"@nelidesign\" \/>\n<meta name=\"twitter:label1\" content=\"Dur\u00e9e de lecture estim\u00e9e\" \/>\n\t<meta name=\"twitter:data1\" content=\"2 minutes\" \/>\n<script type=\"application\/ld+json\" class=\"yoast-schema-graph\">{\"@context\":\"https:\\\/\\\/schema.org\",\"@graph\":[{\"@type\":\"WebPage\",\"@id\":\"https:\\\/\\\/nelidesign.com\\\/fr\\\/concours-gagnez-une-cricut-explore-3-pour-la-saint-valentin\\\/\",\"url\":\"https:\\\/\\\/nelidesign.com\\\/fr\\\/concours-gagnez-une-cricut-explore-3-pour-la-saint-valentin\\\/\",\"name\":\"Concours - Gagnez une Cricut Explore 3 pour la Saint-Valentin - NeliDesign\",\"isPartOf\":{\"@id\":\"https:\\\/\\\/nelidesign.com\\\/fr\\\/#website\"},\"primaryImageOfPage\":{\"@id\":\"https:\\\/\\\/nelidesign.com\\\/fr\\\/concours-gagnez-une-cricut-explore-3-pour-la-saint-valentin\\\/#primaryimage\"},\"image\":{\"@id\":\"https:\\\/\\\/nelidesign.com\\\/fr\\\/concours-gagnez-une-cricut-explore-3-pour-la-saint-valentin\\\/#primaryimage\"},\"thumbnailUrl\":\"https:\\\/\\\/nelidesign.com\\\/wp-content\\\/uploads\\\/2022\\\/01\\\/2.png\",\"datePublished\":\"2022-01-30T18:40:25+00:00\",\"dateModified\":\"2022-09-24T21:08:42+00:00\",\"breadcrumb\":{\"@id\":\"https:\\\/\\\/nelidesign.com\\\/fr\\\/concours-gagnez-une-cricut-explore-3-pour-la-saint-valentin\\\/#breadcrumb\"},\"inLanguage\":\"fr-FR\",\"potentialAction\":[{\"@type\":\"ReadAction\",\"target\":[\"https:\\\/\\\/nelidesign.com\\\/fr\\\/concours-gagnez-une-cricut-explore-3-pour-la-saint-valentin\\\/\"]}]},{\"@type\":\"ImageObject\",\"inLanguage\":\"fr-FR\",\"@id\":\"https:\\\/\\\/nelidesign.com\\\/fr\\\/concours-gagnez-une-cricut-explore-3-pour-la-saint-valentin\\\/#primaryimage\",\"url\":\"https:\\\/\\\/nelidesign.com\\\/wp-content\\\/uploads\\\/2022\\\/01\\\/2.png\",\"contentUrl\":\"https:\\\/\\\/nelidesign.com\\\/wp-content\\\/uploads\\\/2022\\\/01\\\/2.png\"},{\"@type\":\"BreadcrumbList\",\"@id\":\"https:\\\/\\\/nelidesign.com\\\/fr\\\/concours-gagnez-une-cricut-explore-3-pour-la-saint-valentin\\\/#breadcrumb\",\"itemListElement\":[{\"@type\":\"ListItem\",\"position\":1,\"name\":\"Home\",\"item\":\"https:\\\/\\\/nelidesign.com\\\/fr\\\/\"},{\"@type\":\"ListItem\",\"position\":2,\"name\":\"Concours - Gagnez une Cricut Explore 3 pour la Saint-Valentin\"}]},{\"@type\":\"WebSite\",\"@id\":\"https:\\\/\\\/nelidesign.com\\\/fr\\\/#website\",\"url\":\"https:\\\/\\\/nelidesign.com\\\/fr\\\/\",\"name\":\"NeliDesign\",\"description\":\"Projets cr\u00e9atifs pour une d\u00e9co qui vous plait\",\"publisher\":{\"@id\":\"https:\\\/\\\/nelidesign.com\\\/fr\\\/#\\\/schema\\\/person\\\/07194ebfb7711949a8cdd1a9da087cdd\"},\"potentialAction\":[{\"@type\":\"SearchAction\",\"target\":{\"@type\":\"EntryPoint\",\"urlTemplate\":\"https:\\\/\\\/nelidesign.com\\\/fr\\\/?s={search_term_string}\"},\"query-input\":{\"@type\":\"PropertyValueSpecification\",\"valueRequired\":true,\"valueName\":\"search_term_string\"}}],\"inLanguage\":\"fr-FR\"},{\"@type\":[\"Person\",\"Organization\"],\"@id\":\"https:\\\/\\\/nelidesign.com\\\/fr\\\/#\\\/schema\\\/person\\\/07194ebfb7711949a8cdd1a9da087cdd\",\"name\":\"Natalie\",\"image\":{\"@type\":\"ImageObject\",\"inLanguage\":\"fr-FR\",\"@id\":\"https:\\\/\\\/nelidesign.com\\\/wp-content\\\/uploads\\\/2021\\\/10\\\/Natalie2021-1.jpg\",\"url\":\"https:\\\/\\\/nelidesign.com\\\/wp-content\\\/uploads\\\/2021\\\/10\\\/Natalie2021-1.jpg\",\"contentUrl\":\"https:\\\/\\\/nelidesign.com\\\/wp-content\\\/uploads\\\/2021\\\/10\\\/Natalie2021-1.jpg\",\"width\":350,\"height\":500,\"caption\":\"Natalie\"},\"logo\":{\"@id\":\"https:\\\/\\\/nelidesign.com\\\/wp-content\\\/uploads\\\/2021\\\/10\\\/Natalie2021-1.jpg\"},\"sameAs\":[\"https:\\\/\\\/nelidesign.com\\\/about-me2\\\/\",\"https:\\\/\\\/www.facebook.com\\\/Natalie.NeliDesign\\\/\",\"https:\\\/\\\/www.instagram.com\\\/Natalie.NeliDesign\\\/\",\"https:\\\/\\\/www.pinterest.com\\\/nelidesign\\\/\",\"https:\\\/\\\/www.youtube.com\\\/nelidesign\"]}]}<\/script>\n<!-- \/ Yoast SEO plugin. -->","yoast_head_json":{"title":"Concours - Gagnez une Cricut Explore 3 pour la Saint-Valentin - NeliDesign","robots":{"index":"index","follow":"follow","max-snippet":"max-snippet:-1","max-image-preview":"max-image-preview:large","max-video-preview":"max-video-preview:-1"},"canonical":"https:\/\/nelidesign.com\/fr\/concours-gagnez-une-cricut-explore-3-pour-la-saint-valentin\/","og_locale":"fr_FR","og_type":"article","og_title":"Concours - Gagnez une Cricut Explore 3 pour la Saint-Valentin - NeliDesign","og_description":"Courrez la chance de gagner une Cricut Explore 3 gr\u00e2ce \u00e0 Cricut et NeliDesign! Le prix \u00e0 gagner est une Cricut Explore 3 d'une valeur de 399,99$ Pour participer, remplissez le formulaire ci-dessous Pour participer, r\u00e9pondez simplement \u00e0 la question math\u00e9matique au premier point du formulaire plus bas. Pour obtenir des chances suppl\u00e9mentaires de gagner: [&hellip;]","og_url":"https:\/\/nelidesign.com\/fr\/concours-gagnez-une-cricut-explore-3-pour-la-saint-valentin\/","og_site_name":"NeliDesign","article_publisher":"https:\/\/www.facebook.com\/Natalie.NeliDesign\/","article_modified_time":"2022-09-24T21:08:42+00:00","og_image":[{"url":"https:\/\/nelidesign.com\/wp-content\/uploads\/2022\/01\/2.png","type":"","width":"","height":""}],"twitter_card":"summary_large_image","twitter_site":"@nelidesign","twitter_misc":{"Dur\u00e9e de lecture estim\u00e9e":"2 minutes"},"schema":{"@context":"https:\/\/schema.org","@graph":[{"@type":"WebPage","@id":"https:\/\/nelidesign.com\/fr\/concours-gagnez-une-cricut-explore-3-pour-la-saint-valentin\/","url":"https:\/\/nelidesign.com\/fr\/concours-gagnez-une-cricut-explore-3-pour-la-saint-valentin\/","name":"Concours - Gagnez une Cricut Explore 3 pour la Saint-Valentin - NeliDesign","isPartOf":{"@id":"https:\/\/nelidesign.com\/fr\/#website"},"primaryImageOfPage":{"@id":"https:\/\/nelidesign.com\/fr\/concours-gagnez-une-cricut-explore-3-pour-la-saint-valentin\/#primaryimage"},"image":{"@id":"https:\/\/nelidesign.com\/fr\/concours-gagnez-une-cricut-explore-3-pour-la-saint-valentin\/#primaryimage"},"thumbnailUrl":"https:\/\/nelidesign.com\/wp-content\/uploads\/2022\/01\/2.png","datePublished":"2022-01-30T18:40:25+00:00","dateModified":"2022-09-24T21:08:42+00:00","breadcrumb":{"@id":"https:\/\/nelidesign.com\/fr\/concours-gagnez-une-cricut-explore-3-pour-la-saint-valentin\/#breadcrumb"},"inLanguage":"fr-FR","potentialAction":[{"@type":"ReadAction","target":["https:\/\/nelidesign.com\/fr\/concours-gagnez-une-cricut-explore-3-pour-la-saint-valentin\/"]}]},{"@type":"ImageObject","inLanguage":"fr-FR","@id":"https:\/\/nelidesign.com\/fr\/concours-gagnez-une-cricut-explore-3-pour-la-saint-valentin\/#primaryimage","url":"https:\/\/nelidesign.com\/wp-content\/uploads\/2022\/01\/2.png","contentUrl":"https:\/\/nelidesign.com\/wp-content\/uploads\/2022\/01\/2.png"},{"@type":"BreadcrumbList","@id":"https:\/\/nelidesign.com\/fr\/concours-gagnez-une-cricut-explore-3-pour-la-saint-valentin\/#breadcrumb","itemListElement":[{"@type":"ListItem","position":1,"name":"Home","item":"https:\/\/nelidesign.com\/fr\/"},{"@type":"ListItem","position":2,"name":"Concours - Gagnez une Cricut Explore 3 pour la Saint-Valentin"}]},{"@type":"WebSite","@id":"https:\/\/nelidesign.com\/fr\/#website","url":"https:\/\/nelidesign.com\/fr\/","name":"NeliDesign","description":"Projets cr\u00e9atifs pour une d\u00e9co qui vous plait","publisher":{"@id":"https:\/\/nelidesign.com\/fr\/#\/schema\/person\/07194ebfb7711949a8cdd1a9da087cdd"},"potentialAction":[{"@type":"SearchAction","target":{"@type":"EntryPoint","urlTemplate":"https:\/\/nelidesign.com\/fr\/?s={search_term_string}"},"query-input":{"@type":"PropertyValueSpecification","valueRequired":true,"valueName":"search_term_string"}}],"inLanguage":"fr-FR"},{"@type":["Person","Organization"],"@id":"https:\/\/nelidesign.com\/fr\/#\/schema\/person\/07194ebfb7711949a8cdd1a9da087cdd","name":"Natalie","image":{"@type":"ImageObject","inLanguage":"fr-FR","@id":"https:\/\/nelidesign.com\/wp-content\/uploads\/2021\/10\/Natalie2021-1.jpg","url":"https:\/\/nelidesign.com\/wp-content\/uploads\/2021\/10\/Natalie2021-1.jpg","contentUrl":"https:\/\/nelidesign.com\/wp-content\/uploads\/2021\/10\/Natalie2021-1.jpg","width":350,"height":500,"caption":"Natalie"},"logo":{"@id":"https:\/\/nelidesign.com\/wp-content\/uploads\/2021\/10\/Natalie2021-1.jpg"},"sameAs":["https:\/\/nelidesign.com\/about-me2\/","https:\/\/www.facebook.com\/Natalie.NeliDesign\/","https:\/\/www.instagram.com\/Natalie.NeliDesign\/","https:\/\/www.pinterest.com\/nelidesign\/","https:\/\/www.youtube.com\/nelidesign"]}]}},"featured_image_src":null,"featured_image_src_square":null,"_links":{"self":[{"href":"https:\/\/nelidesign.com\/fr\/wp-json\/wp\/v2\/pages\/34505","targetHints":{"allow":["GET"]}}],"collection":[{"href":"https:\/\/nelidesign.com\/fr\/wp-json\/wp\/v2\/pages"}],"about":[{"href":"https:\/\/nelidesign.com\/fr\/wp-json\/wp\/v2\/types\/page"}],"author":[{"embeddable":true,"href":"https:\/\/nelidesign.com\/fr\/wp-json\/wp\/v2\/users\/1"}],"replies":[{"embeddable":true,"href":"https:\/\/nelidesign.com\/fr\/wp-json\/wp\/v2\/comments?post=34505"}],"version-history":[{"count":7,"href":"https:\/\/nelidesign.com\/fr\/wp-json\/wp\/v2\/pages\/34505\/revisions"}],"predecessor-version":[{"id":34558,"href":"https:\/\/nelidesign.com\/fr\/wp-json\/wp\/v2\/pages\/34505\/revisions\/34558"}],"wp:attachment":[{"href":"https:\/\/nelidesign.com\/fr\/wp-json\/wp\/v2\/media?parent=34505"}],"curies":[{"name":"wp","href":"https:\/\/api.w.org\/{rel}","templated":true}]}}