{"id":22788,"date":"2021-10-13T17:09:58","date_gmt":"2021-10-13T21:09:58","guid":{"rendered":"https:\/\/nelidesign.com\/?page_id=22788"},"modified":"2021-10-13T17:09:59","modified_gmt":"2021-10-13T21:09:59","slug":"cricut-page","status":"publish","type":"page","link":"https:\/\/nelidesign.com\/fr\/cricut-page\/","title":{"rendered":"Cricut"},"content":{"rendered":"<section class=\"gb-block-post-grid featuredpost aligncenter\"><div class=\"gb-post-grid-items is-grid columns-2\"><article id=\"post-44499\" class=\"gb-post-grid-item post-44499 post type-post status-publish format-standard has-post-thumbnail category-derniers-articles category-design-space-fr entry\"><div class=\"gb-block-post-grid-image\"><a href=\"https:\/\/nelidesign.com\/fr\/autocollants-stickers-cricut\/\" rel=\"bookmark\" aria-hidden=\"true\" tabindex=\"-1\"><img decoding=\"async\" fetchpriority=\"high\" width=\"1200\" height=\"1200\" src=\"https:\/\/nelidesign.com\/wp-content\/uploads\/2026\/04\/Feature-autocollants-stickers-cricut-1.jpg\" class=\"attachment-mv_trellis_4x3 size-mv_trellis_4x3\" alt=\"Cricut Design Space parcours guid\u00e9s stickers et \u00e9tiquettes\" srcset=\"https:\/\/nelidesign.com\/wp-content\/uploads\/2026\/04\/Feature-autocollants-stickers-cricut-1.jpg 1200w, https:\/\/nelidesign.com\/wp-content\/uploads\/2026\/04\/Feature-autocollants-stickers-cricut-1-100x100.jpg 100w, https:\/\/nelidesign.com\/wp-content\/uploads\/2026\/04\/Feature-autocollants-stickers-cricut-1-768x768.jpg 768w, https:\/\/nelidesign.com\/wp-content\/uploads\/2026\/04\/Feature-autocollants-stickers-cricut-1-600x600.jpg 600w, https:\/\/nelidesign.com\/wp-content\/uploads\/2026\/04\/Feature-autocollants-stickers-cricut-1-720x720.jpg 720w, https:\/\/nelidesign.com\/wp-content\/uploads\/2026\/04\/Feature-autocollants-stickers-cricut-1-360x360.jpg 360w, https:\/\/nelidesign.com\/wp-content\/uploads\/2026\/04\/Feature-autocollants-stickers-cricut-1-180x180.jpg 180w\" sizes=\"(max-width: 1200px) 100vw, 1200px\" \/><\/a><\/div><div class=\"gb-block-post-grid-text\"><header class=\"gb-block-post-grid-header\"><h3 class=\"gb-block-post-grid-title\"><a href=\"https:\/\/nelidesign.com\/fr\/autocollants-stickers-cricut\/\" rel=\"bookmark\">Autocollants Cricut : Comment ma\u00eetriser le parcours guid\u00e9 \u00ab stickers et \u00e9tiquettes \u00bb dans Design Space<\/a><\/h3><div class=\"gb-block-post-grid-byline\"><\/div><\/header><div class=\"gb-block-post-grid-excerpt\"><p>Les autocollants Cricut, aussi appel\u00e9s stickers, sont plus populaires que\u2026<\/p>\n<p><a class=\"gb-block-post-grid-more-link gb-text-link\" href=\"https:\/\/nelidesign.com\/fr\/autocollants-stickers-cricut\/\" rel=\"bookmark\">Lire la suite <span class=\"screen-reader-text\">Autocollants Cricut : Comment ma\u00eetriser le parcours guid\u00e9 \u00ab stickers et \u00e9tiquettes \u00bb dans Design Space<\/span><\/a><\/p><\/div><\/div><\/article>\n<article id=\"post-44399\" class=\"gb-post-grid-item post-44399 post type-post status-publish format-standard has-post-thumbnail category-cricut-explore-fr category-cricut-joy-fr category-cricut-maker-fr category-cricut-venture category-derniers-articles category-stylos-et-feutres entry\"><div class=\"gb-block-post-grid-image\"><a href=\"https:\/\/nelidesign.com\/fr\/nouveaux-stylos-cricut\/\" rel=\"bookmark\" aria-hidden=\"true\" tabindex=\"-1\"><img decoding=\"async\" width=\"1200\" height=\"1200\" src=\"https:\/\/nelidesign.com\/wp-content\/uploads\/2026\/02\/Feature-Nouveaux-stylos-Cricut-1.jpg\" class=\"attachment-mv_trellis_4x3 size-mv_trellis_4x3\" alt=\"Nouveaux stylos Cricut et adaptateur\" srcset=\"https:\/\/nelidesign.com\/wp-content\/uploads\/2026\/02\/Feature-Nouveaux-stylos-Cricut-1.jpg 1200w, https:\/\/nelidesign.com\/wp-content\/uploads\/2026\/02\/Feature-Nouveaux-stylos-Cricut-1-100x100.jpg 100w, https:\/\/nelidesign.com\/wp-content\/uploads\/2026\/02\/Feature-Nouveaux-stylos-Cricut-1-768x768.jpg 768w, https:\/\/nelidesign.com\/wp-content\/uploads\/2026\/02\/Feature-Nouveaux-stylos-Cricut-1-600x600.jpg 600w, https:\/\/nelidesign.com\/wp-content\/uploads\/2026\/02\/Feature-Nouveaux-stylos-Cricut-1-720x720.jpg 720w, https:\/\/nelidesign.com\/wp-content\/uploads\/2026\/02\/Feature-Nouveaux-stylos-Cricut-1-360x360.jpg 360w, https:\/\/nelidesign.com\/wp-content\/uploads\/2026\/02\/Feature-Nouveaux-stylos-Cricut-1-180x180.jpg 180w\" sizes=\"(max-width: 1200px) 100vw, 1200px\" \/><\/a><\/div><div class=\"gb-block-post-grid-text\"><header class=\"gb-block-post-grid-header\"><h3 class=\"gb-block-post-grid-title\"><a href=\"https:\/\/nelidesign.com\/fr\/nouveaux-stylos-cricut\/\" rel=\"bookmark\">Nouveaux stylos Cricut : compatibilit\u00e9, changements et ce qu'il faut comprendre<\/a><\/h3><div class=\"gb-block-post-grid-byline\"><\/div><\/header><div class=\"gb-block-post-grid-excerpt\"><p>Avec l'arriv\u00e9e des nouvelles machines Cricut, Cricut introduit aussi une\u2026<\/p>\n<p><a class=\"gb-block-post-grid-more-link gb-text-link\" href=\"https:\/\/nelidesign.com\/fr\/nouveaux-stylos-cricut\/\" rel=\"bookmark\">Lire la suite <span class=\"screen-reader-text\">Nouveaux stylos Cricut : compatibilit\u00e9, changements et ce qu'il faut comprendre<\/span><\/a><\/p><\/div><\/div><\/article>\n<article id=\"post-44395\" class=\"gb-post-grid-item post-44395 post type-post status-publish format-standard has-post-thumbnail category-cricut-explore-fr category-cricut-joy-fr category-derniers-articles entry\"><div class=\"gb-block-post-grid-image\"><a href=\"https:\/\/nelidesign.com\/fr\/joy-2-explore-5\/\" rel=\"bookmark\" aria-hidden=\"true\" tabindex=\"-1\"><img decoding=\"async\" width=\"1200\" height=\"1200\" src=\"https:\/\/nelidesign.com\/wp-content\/uploads\/2026\/02\/Feature-Explore-5-et-Joy-2-1.jpg\" class=\"attachment-mv_trellis_4x3 size-mv_trellis_4x3\" alt=\"Explore 5 et Joy 2\" srcset=\"https:\/\/nelidesign.com\/wp-content\/uploads\/2026\/02\/Feature-Explore-5-et-Joy-2-1.jpg 1200w, https:\/\/nelidesign.com\/wp-content\/uploads\/2026\/02\/Feature-Explore-5-et-Joy-2-1-100x100.jpg 100w, https:\/\/nelidesign.com\/wp-content\/uploads\/2026\/02\/Feature-Explore-5-et-Joy-2-1-768x768.jpg 768w, https:\/\/nelidesign.com\/wp-content\/uploads\/2026\/02\/Feature-Explore-5-et-Joy-2-1-600x600.jpg 600w, https:\/\/nelidesign.com\/wp-content\/uploads\/2026\/02\/Feature-Explore-5-et-Joy-2-1-720x720.jpg 720w, https:\/\/nelidesign.com\/wp-content\/uploads\/2026\/02\/Feature-Explore-5-et-Joy-2-1-360x360.jpg 360w, https:\/\/nelidesign.com\/wp-content\/uploads\/2026\/02\/Feature-Explore-5-et-Joy-2-1-180x180.jpg 180w\" sizes=\"(max-width: 1200px) 100vw, 1200px\" \/><\/a><\/div><div class=\"gb-block-post-grid-text\"><header class=\"gb-block-post-grid-header\"><h3 class=\"gb-block-post-grid-title\"><a href=\"https:\/\/nelidesign.com\/fr\/joy-2-explore-5\/\" rel=\"bookmark\">Nouvelles machines Cricut : ce qui change vraiment (Joy 2 et Explore 5)<\/a><\/h3><div class=\"gb-block-post-grid-byline\"><\/div><\/header><div class=\"gb-block-post-grid-excerpt\"><p>Cricut lance une nouvelle g\u00e9n\u00e9ration de machines avec la Cricut\u2026<\/p>\n<p><a class=\"gb-block-post-grid-more-link gb-text-link\" href=\"https:\/\/nelidesign.com\/fr\/joy-2-explore-5\/\" rel=\"bookmark\">Lire la suite <span class=\"screen-reader-text\">Nouvelles machines Cricut : ce qui change vraiment (Joy 2 et Explore 5)<\/span><\/a><\/p><\/div><\/div><\/article>\n<article id=\"post-44348\" class=\"gb-post-grid-item post-44348 post type-post status-publish format-standard has-post-thumbnail category-autres category-cricut-explore-fr category-cricut-joy-fr category-cricut-maker-fr category-cricut-venture category-derniers-articles category-pour-les-enfants category-saint-valentin entry\"><div class=\"gb-block-post-grid-image\"><a href=\"https:\/\/nelidesign.com\/fr\/tatouages-ephemeres-cricut-guide-complet\/\" rel=\"bookmark\" aria-hidden=\"true\" tabindex=\"-1\"><img decoding=\"async\" width=\"1200\" height=\"1200\" src=\"https:\/\/nelidesign.com\/wp-content\/uploads\/2026\/01\/Feature-tatouages-1.jpg\" class=\"attachment-mv_trellis_4x3 size-mv_trellis_4x3\" alt=\"tatouages \u00e9ph\u00e9m\u00e8res Cricut\" srcset=\"https:\/\/nelidesign.com\/wp-content\/uploads\/2026\/01\/Feature-tatouages-1.jpg 1200w, https:\/\/nelidesign.com\/wp-content\/uploads\/2026\/01\/Feature-tatouages-1-100x100.jpg 100w, https:\/\/nelidesign.com\/wp-content\/uploads\/2026\/01\/Feature-tatouages-1-768x768.jpg 768w, https:\/\/nelidesign.com\/wp-content\/uploads\/2026\/01\/Feature-tatouages-1-600x600.jpg 600w, https:\/\/nelidesign.com\/wp-content\/uploads\/2026\/01\/Feature-tatouages-1-720x720.jpg 720w, https:\/\/nelidesign.com\/wp-content\/uploads\/2026\/01\/Feature-tatouages-1-360x360.jpg 360w, https:\/\/nelidesign.com\/wp-content\/uploads\/2026\/01\/Feature-tatouages-1-180x180.jpg 180w\" sizes=\"(max-width: 1200px) 100vw, 1200px\" \/><\/a><\/div><div class=\"gb-block-post-grid-text\"><header class=\"gb-block-post-grid-header\"><h3 class=\"gb-block-post-grid-title\"><a href=\"https:\/\/nelidesign.com\/fr\/tatouages-ephemeres-cricut-guide-complet\/\" rel=\"bookmark\">Comment faire des tatouages \u00e9ph\u00e9m\u00e8res avec Cricut : guide complet<\/a><\/h3><div class=\"gb-block-post-grid-byline\"><\/div><\/header><div class=\"gb-block-post-grid-excerpt\"><p>Vous avez envie de cr\u00e9er des tatouages temporaires personnalis\u00e9s avec\u2026<\/p>\n<p><a class=\"gb-block-post-grid-more-link gb-text-link\" href=\"https:\/\/nelidesign.com\/fr\/tatouages-ephemeres-cricut-guide-complet\/\" rel=\"bookmark\">Lire la suite <span class=\"screen-reader-text\">Comment faire des tatouages \u00e9ph\u00e9m\u00e8res avec Cricut : guide complet<\/span><\/a><\/p><\/div><\/div><\/article>\n<article id=\"post-44330\" class=\"gb-post-grid-item post-44330 post type-post status-publish format-standard has-post-thumbnail category-cricut-explore-fr category-cricut-joy-fr category-cricut-maker-fr category-cricut-venture category-derniers-articles category-design-space-fr category-fichiers-svg category-noel category-papiers-et-cartons category-stylos-et-feutres category-vinyle-thermocollant entry\"><div class=\"gb-block-post-grid-image\"><a href=\"https:\/\/nelidesign.com\/fr\/thermocollant-floque-cricut\/\" rel=\"bookmark\" aria-hidden=\"true\" tabindex=\"-1\"><img decoding=\"async\" width=\"1200\" height=\"1200\" src=\"https:\/\/nelidesign.com\/wp-content\/uploads\/2025\/12\/Feature-thermocollant-floque-1.jpg\" class=\"attachment-mv_trellis_4x3 size-mv_trellis_4x3\" alt=\"Thermocollant floqu\u00e9 Cricut\" srcset=\"https:\/\/nelidesign.com\/wp-content\/uploads\/2025\/12\/Feature-thermocollant-floque-1.jpg 1200w, https:\/\/nelidesign.com\/wp-content\/uploads\/2025\/12\/Feature-thermocollant-floque-1-100x100.jpg 100w, https:\/\/nelidesign.com\/wp-content\/uploads\/2025\/12\/Feature-thermocollant-floque-1-768x768.jpg 768w, https:\/\/nelidesign.com\/wp-content\/uploads\/2025\/12\/Feature-thermocollant-floque-1-600x600.jpg 600w, https:\/\/nelidesign.com\/wp-content\/uploads\/2025\/12\/Feature-thermocollant-floque-1-720x720.jpg 720w, https:\/\/nelidesign.com\/wp-content\/uploads\/2025\/12\/Feature-thermocollant-floque-1-360x360.jpg 360w, https:\/\/nelidesign.com\/wp-content\/uploads\/2025\/12\/Feature-thermocollant-floque-1-180x180.jpg 180w\" sizes=\"(max-width: 1200px) 100vw, 1200px\" \/><\/a><\/div><div class=\"gb-block-post-grid-text\"><header class=\"gb-block-post-grid-header\"><h3 class=\"gb-block-post-grid-title\"><a href=\"https:\/\/nelidesign.com\/fr\/thermocollant-floque-cricut\/\" rel=\"bookmark\">Thermocollant floqu\u00e9 Cricut : test, astuces et id\u00e9es cr\u00e9atives<\/a><\/h3><div class=\"gb-block-post-grid-byline\"><\/div><\/header><div class=\"gb-block-post-grid-excerpt\"><p>Le thermocollant floqu\u00e9, c'est un peu le doudou du vinyle\u2026<\/p>\n<p><a class=\"gb-block-post-grid-more-link gb-text-link\" href=\"https:\/\/nelidesign.com\/fr\/thermocollant-floque-cricut\/\" rel=\"bookmark\">Lire la suite <span class=\"screen-reader-text\">Thermocollant floqu\u00e9 Cricut : test, astuces et id\u00e9es cr\u00e9atives<\/span><\/a><\/p><\/div><\/div><\/article>\n<article id=\"post-44318\" class=\"gb-post-grid-item post-44318 post type-post status-publish format-standard has-post-thumbnail category-cricut-explore-fr category-cricut-joy-fr category-cricut-maker-fr category-cricut-venture category-derniers-articles category-design-space-fr entry\"><div class=\"gb-block-post-grid-image\"><a href=\"https:\/\/nelidesign.com\/fr\/imprimer-puis-decouper-recto-verso-cricut\/\" rel=\"bookmark\" aria-hidden=\"true\" tabindex=\"-1\"><img decoding=\"async\" width=\"1200\" height=\"1200\" src=\"https:\/\/nelidesign.com\/wp-content\/uploads\/2025\/11\/Feature-recto-verso-1.jpg\" class=\"attachment-mv_trellis_4x3 size-mv_trellis_4x3\" alt=\"\u00c9tiquettes recto-verso Cricut\" srcset=\"https:\/\/nelidesign.com\/wp-content\/uploads\/2025\/11\/Feature-recto-verso-1.jpg 1200w, https:\/\/nelidesign.com\/wp-content\/uploads\/2025\/11\/Feature-recto-verso-1-100x100.jpg 100w, https:\/\/nelidesign.com\/wp-content\/uploads\/2025\/11\/Feature-recto-verso-1-768x768.jpg 768w, https:\/\/nelidesign.com\/wp-content\/uploads\/2025\/11\/Feature-recto-verso-1-600x600.jpg 600w, https:\/\/nelidesign.com\/wp-content\/uploads\/2025\/11\/Feature-recto-verso-1-720x720.jpg 720w, https:\/\/nelidesign.com\/wp-content\/uploads\/2025\/11\/Feature-recto-verso-1-360x360.jpg 360w, https:\/\/nelidesign.com\/wp-content\/uploads\/2025\/11\/Feature-recto-verso-1-180x180.jpg 180w\" sizes=\"(max-width: 1200px) 100vw, 1200px\" \/><\/a><\/div><div class=\"gb-block-post-grid-text\"><header class=\"gb-block-post-grid-header\"><h3 class=\"gb-block-post-grid-title\"><a href=\"https:\/\/nelidesign.com\/fr\/imprimer-puis-decouper-recto-verso-cricut\/\" rel=\"bookmark\">Imprimer puis d\u00e9couper recto-verso avec Cricut<\/a><\/h3><div class=\"gb-block-post-grid-byline\"><\/div><\/header><div class=\"gb-block-post-grid-excerpt\"><p>Dans ce tutoriel, vous apprendrez comment utiliser un gabarit personnalis\u00e9\u2026<\/p>\n<p><a class=\"gb-block-post-grid-more-link gb-text-link\" href=\"https:\/\/nelidesign.com\/fr\/imprimer-puis-decouper-recto-verso-cricut\/\" rel=\"bookmark\">Lire la suite <span class=\"screen-reader-text\">Imprimer puis d\u00e9couper recto-verso avec Cricut<\/span><\/a><\/p><\/div><\/div><\/article>\n<article id=\"post-44268\" class=\"gb-post-grid-item post-44268 post type-post status-publish format-standard has-post-thumbnail category-bricolage category-cricut-explore-fr category-cricut-joy-fr category-cricut-maker-fr category-cricut-venture entry\"><div class=\"gb-block-post-grid-image\"><a href=\"https:\/\/nelidesign.com\/fr\/fabriquer-wobbler-diy\/\" rel=\"bookmark\" aria-hidden=\"true\" tabindex=\"-1\"><img decoding=\"async\" width=\"1200\" height=\"1200\" src=\"https:\/\/nelidesign.com\/wp-content\/uploads\/2025\/11\/DIY-Wobbler.jpg\" class=\"attachment-mv_trellis_4x3 size-mv_trellis_4x3\" alt=\"DIY wobbler ressort\" srcset=\"https:\/\/nelidesign.com\/wp-content\/uploads\/2025\/11\/DIY-Wobbler.jpg 1200w, https:\/\/nelidesign.com\/wp-content\/uploads\/2025\/11\/DIY-Wobbler-100x100.jpg 100w, https:\/\/nelidesign.com\/wp-content\/uploads\/2025\/11\/DIY-Wobbler-768x768.jpg 768w, https:\/\/nelidesign.com\/wp-content\/uploads\/2025\/11\/DIY-Wobbler-600x600.jpg 600w, https:\/\/nelidesign.com\/wp-content\/uploads\/2025\/11\/DIY-Wobbler-720x720.jpg 720w, https:\/\/nelidesign.com\/wp-content\/uploads\/2025\/11\/DIY-Wobbler-360x360.jpg 360w, https:\/\/nelidesign.com\/wp-content\/uploads\/2025\/11\/DIY-Wobbler-180x180.jpg 180w\" sizes=\"(max-width: 1200px) 100vw, 1200px\" \/><\/a><\/div><div class=\"gb-block-post-grid-text\"><header class=\"gb-block-post-grid-header\"><h3 class=\"gb-block-post-grid-title\"><a href=\"https:\/\/nelidesign.com\/fr\/fabriquer-wobbler-diy\/\" rel=\"bookmark\">Comment fabriquer un wobbler DIY pour cartes avec du mat\u00e9riel recycl\u00e9<\/a><\/h3><div class=\"gb-block-post-grid-byline\"><\/div><\/header><div class=\"gb-block-post-grid-excerpt\"><p>Vous cherchez \u00e0 ajouter une touche de fun et de\u2026<\/p>\n<p><a class=\"gb-block-post-grid-more-link gb-text-link\" href=\"https:\/\/nelidesign.com\/fr\/fabriquer-wobbler-diy\/\" rel=\"bookmark\">Lire la suite <span class=\"screen-reader-text\">Comment fabriquer un wobbler DIY pour cartes avec du mat\u00e9riel recycl\u00e9<\/span><\/a><\/p><\/div><\/div><\/article>\n<article id=\"post-44252\" class=\"gb-post-grid-item post-44252 post type-post status-publish format-standard has-post-thumbnail category-design-space-fr entry\"><div class=\"gb-block-post-grid-image\"><a href=\"https:\/\/nelidesign.com\/fr\/cricut-design-space-decouvrez-le-nouveau-panneau-outils-et-les-zones-de-conception\/\" rel=\"bookmark\" aria-hidden=\"true\" tabindex=\"-1\"><img decoding=\"async\" width=\"1200\" height=\"1200\" src=\"https:\/\/nelidesign.com\/wp-content\/uploads\/2025\/10\/Nouveau-Cricut-Design-Space-outils-et-gabarits.jpg\" class=\"attachment-mv_trellis_4x3 size-mv_trellis_4x3\" alt=\"Cricut Design Space nouveaut\u00e9\" srcset=\"https:\/\/nelidesign.com\/wp-content\/uploads\/2025\/10\/Nouveau-Cricut-Design-Space-outils-et-gabarits.jpg 1200w, https:\/\/nelidesign.com\/wp-content\/uploads\/2025\/10\/Nouveau-Cricut-Design-Space-outils-et-gabarits-100x100.jpg 100w, https:\/\/nelidesign.com\/wp-content\/uploads\/2025\/10\/Nouveau-Cricut-Design-Space-outils-et-gabarits-768x768.jpg 768w, https:\/\/nelidesign.com\/wp-content\/uploads\/2025\/10\/Nouveau-Cricut-Design-Space-outils-et-gabarits-600x600.jpg 600w, https:\/\/nelidesign.com\/wp-content\/uploads\/2025\/10\/Nouveau-Cricut-Design-Space-outils-et-gabarits-720x720.jpg 720w, https:\/\/nelidesign.com\/wp-content\/uploads\/2025\/10\/Nouveau-Cricut-Design-Space-outils-et-gabarits-360x360.jpg 360w, https:\/\/nelidesign.com\/wp-content\/uploads\/2025\/10\/Nouveau-Cricut-Design-Space-outils-et-gabarits-180x180.jpg 180w\" sizes=\"(max-width: 1200px) 100vw, 1200px\" \/><\/a><\/div><div class=\"gb-block-post-grid-text\"><header class=\"gb-block-post-grid-header\"><h3 class=\"gb-block-post-grid-title\"><a href=\"https:\/\/nelidesign.com\/fr\/cricut-design-space-decouvrez-le-nouveau-panneau-outils-et-les-zones-de-conception\/\" rel=\"bookmark\">Cricut Design Space : d\u00e9couvrez le nouveau panneau d'outils et les zones de conception<\/a><\/h3><div class=\"gb-block-post-grid-byline\"><\/div><\/header><div class=\"gb-block-post-grid-excerpt\"><p>Cricut met souvent \u00e0 jour Design Space, et cette fois,\u2026<\/p>\n<p><a class=\"gb-block-post-grid-more-link gb-text-link\" href=\"https:\/\/nelidesign.com\/fr\/cricut-design-space-decouvrez-le-nouveau-panneau-outils-et-les-zones-de-conception\/\" rel=\"bookmark\">Lire la suite <span class=\"screen-reader-text\">Cricut Design Space : d\u00e9couvrez le nouveau panneau d'outils et les zones de conception<\/span><\/a><\/p><\/div><\/div><\/article>\n<\/div><\/section>","protected":false},"excerpt":{"rendered":"","protected":false},"author":1,"featured_media":0,"parent":0,"menu_order":0,"comment_status":"closed","ping_status":"closed","template":"","meta":{"_genesis_hide_title":false,"_genesis_hide_breadcrumbs":false,"_genesis_hide_singular_image":false,"_genesis_hide_footer_widgets":false,"_genesis_custom_body_class":"","_genesis_custom_post_class":"","_genesis_layout":"","footnotes":""},"class_list":{"0":"post-22788","1":"page","2":"type-page","3":"status-publish","5":"entry"},"yoast_head":"<!-- This site is optimized with the Yoast SEO plugin v27.4 - https:\/\/yoast.com\/product\/yoast-seo-wordpress\/ -->\n<title>Cricut - NeliDesign<\/title>\n<meta name=\"robots\" content=\"index, follow, max-snippet:-1, max-image-preview:large, max-video-preview:-1\" \/>\n<link rel=\"canonical\" href=\"https:\/\/nelidesign.com\/fr\/cricut-page\/\" \/>\n<meta property=\"og:locale\" content=\"fr_FR\" \/>\n<meta property=\"og:type\" content=\"article\" \/>\n<meta property=\"og:title\" content=\"Cricut - NeliDesign\" \/>\n<meta property=\"og:url\" content=\"https:\/\/nelidesign.com\/fr\/cricut-page\/\" \/>\n<meta property=\"og:site_name\" content=\"NeliDesign\" \/>\n<meta property=\"article:publisher\" content=\"https:\/\/www.facebook.com\/Natalie.NeliDesign\/\" \/>\n<meta property=\"article:modified_time\" content=\"2021-10-13T21:09:59+00:00\" \/>\n<meta property=\"og:image\" content=\"https:\/\/nelidesign.com\/wp-content\/uploads\/2020\/11\/Neli-Design-Yoast-FB-1.png\" \/>\n\t<meta property=\"og:image:width\" content=\"1200\" \/>\n\t<meta property=\"og:image:height\" content=\"630\" \/>\n\t<meta property=\"og:image:type\" content=\"image\/png\" \/>\n<meta name=\"twitter:card\" content=\"summary_large_image\" \/>\n<meta name=\"twitter:site\" content=\"@nelidesign\" \/>\n<script type=\"application\/ld+json\" class=\"yoast-schema-graph\">{\"@context\":\"https:\\\/\\\/schema.org\",\"@graph\":[{\"@type\":\"WebPage\",\"@id\":\"https:\\\/\\\/nelidesign.com\\\/fr\\\/cricut-page\\\/\",\"url\":\"https:\\\/\\\/nelidesign.com\\\/fr\\\/cricut-page\\\/\",\"name\":\"Cricut - NeliDesign\",\"isPartOf\":{\"@id\":\"https:\\\/\\\/nelidesign.com\\\/fr\\\/#website\"},\"datePublished\":\"2021-10-13T21:09:58+00:00\",\"dateModified\":\"2021-10-13T21:09:59+00:00\",\"breadcrumb\":{\"@id\":\"https:\\\/\\\/nelidesign.com\\\/fr\\\/cricut-page\\\/#breadcrumb\"},\"inLanguage\":\"fr-FR\",\"potentialAction\":[{\"@type\":\"ReadAction\",\"target\":[\"https:\\\/\\\/nelidesign.com\\\/fr\\\/cricut-page\\\/\"]}]},{\"@type\":\"BreadcrumbList\",\"@id\":\"https:\\\/\\\/nelidesign.com\\\/fr\\\/cricut-page\\\/#breadcrumb\",\"itemListElement\":[{\"@type\":\"ListItem\",\"position\":1,\"name\":\"Home\",\"item\":\"https:\\\/\\\/nelidesign.com\\\/fr\\\/\"},{\"@type\":\"ListItem\",\"position\":2,\"name\":\"Cricut\"}]},{\"@type\":\"WebSite\",\"@id\":\"https:\\\/\\\/nelidesign.com\\\/fr\\\/#website\",\"url\":\"https:\\\/\\\/nelidesign.com\\\/fr\\\/\",\"name\":\"NeliDesign\",\"description\":\"Projets cr\u00e9atifs pour une d\u00e9co qui vous plait\",\"publisher\":{\"@id\":\"https:\\\/\\\/nelidesign.com\\\/fr\\\/#\\\/schema\\\/person\\\/07194ebfb7711949a8cdd1a9da087cdd\"},\"potentialAction\":[{\"@type\":\"SearchAction\",\"target\":{\"@type\":\"EntryPoint\",\"urlTemplate\":\"https:\\\/\\\/nelidesign.com\\\/fr\\\/?s={search_term_string}\"},\"query-input\":{\"@type\":\"PropertyValueSpecification\",\"valueRequired\":true,\"valueName\":\"search_term_string\"}}],\"inLanguage\":\"fr-FR\"},{\"@type\":[\"Person\",\"Organization\"],\"@id\":\"https:\\\/\\\/nelidesign.com\\\/fr\\\/#\\\/schema\\\/person\\\/07194ebfb7711949a8cdd1a9da087cdd\",\"name\":\"Natalie\",\"image\":{\"@type\":\"ImageObject\",\"inLanguage\":\"fr-FR\",\"@id\":\"https:\\\/\\\/nelidesign.com\\\/wp-content\\\/uploads\\\/2021\\\/10\\\/Natalie2021-1.jpg\",\"url\":\"https:\\\/\\\/nelidesign.com\\\/wp-content\\\/uploads\\\/2021\\\/10\\\/Natalie2021-1.jpg\",\"contentUrl\":\"https:\\\/\\\/nelidesign.com\\\/wp-content\\\/uploads\\\/2021\\\/10\\\/Natalie2021-1.jpg\",\"width\":350,\"height\":500,\"caption\":\"Natalie\"},\"logo\":{\"@id\":\"https:\\\/\\\/nelidesign.com\\\/wp-content\\\/uploads\\\/2021\\\/10\\\/Natalie2021-1.jpg\"},\"sameAs\":[\"https:\\\/\\\/nelidesign.com\\\/about-me2\\\/\",\"https:\\\/\\\/www.facebook.com\\\/Natalie.NeliDesign\\\/\",\"https:\\\/\\\/www.instagram.com\\\/Natalie.NeliDesign\\\/\",\"https:\\\/\\\/www.pinterest.com\\\/nelidesign\\\/\",\"https:\\\/\\\/www.youtube.com\\\/nelidesign\"]}]}<\/script>\n<!-- \/ Yoast SEO plugin. -->","yoast_head_json":{"title":"Cricut - NeliDesign","robots":{"index":"index","follow":"follow","max-snippet":"max-snippet:-1","max-image-preview":"max-image-preview:large","max-video-preview":"max-video-preview:-1"},"canonical":"https:\/\/nelidesign.com\/fr\/cricut-page\/","og_locale":"fr_FR","og_type":"article","og_title":"Cricut - NeliDesign","og_url":"https:\/\/nelidesign.com\/fr\/cricut-page\/","og_site_name":"NeliDesign","article_publisher":"https:\/\/www.facebook.com\/Natalie.NeliDesign\/","article_modified_time":"2021-10-13T21:09:59+00:00","og_image":[{"width":1200,"height":630,"url":"https:\/\/nelidesign.com\/wp-content\/uploads\/2020\/11\/Neli-Design-Yoast-FB-1.png","type":"image\/png"}],"twitter_card":"summary_large_image","twitter_site":"@nelidesign","schema":{"@context":"https:\/\/schema.org","@graph":[{"@type":"WebPage","@id":"https:\/\/nelidesign.com\/fr\/cricut-page\/","url":"https:\/\/nelidesign.com\/fr\/cricut-page\/","name":"Cricut - NeliDesign","isPartOf":{"@id":"https:\/\/nelidesign.com\/fr\/#website"},"datePublished":"2021-10-13T21:09:58+00:00","dateModified":"2021-10-13T21:09:59+00:00","breadcrumb":{"@id":"https:\/\/nelidesign.com\/fr\/cricut-page\/#breadcrumb"},"inLanguage":"fr-FR","potentialAction":[{"@type":"ReadAction","target":["https:\/\/nelidesign.com\/fr\/cricut-page\/"]}]},{"@type":"BreadcrumbList","@id":"https:\/\/nelidesign.com\/fr\/cricut-page\/#breadcrumb","itemListElement":[{"@type":"ListItem","position":1,"name":"Home","item":"https:\/\/nelidesign.com\/fr\/"},{"@type":"ListItem","position":2,"name":"Cricut"}]},{"@type":"WebSite","@id":"https:\/\/nelidesign.com\/fr\/#website","url":"https:\/\/nelidesign.com\/fr\/","name":"NeliDesign","description":"Projets cr\u00e9atifs pour une d\u00e9co qui vous plait","publisher":{"@id":"https:\/\/nelidesign.com\/fr\/#\/schema\/person\/07194ebfb7711949a8cdd1a9da087cdd"},"potentialAction":[{"@type":"SearchAction","target":{"@type":"EntryPoint","urlTemplate":"https:\/\/nelidesign.com\/fr\/?s={search_term_string}"},"query-input":{"@type":"PropertyValueSpecification","valueRequired":true,"valueName":"search_term_string"}}],"inLanguage":"fr-FR"},{"@type":["Person","Organization"],"@id":"https:\/\/nelidesign.com\/fr\/#\/schema\/person\/07194ebfb7711949a8cdd1a9da087cdd","name":"Natalie","image":{"@type":"ImageObject","inLanguage":"fr-FR","@id":"https:\/\/nelidesign.com\/wp-content\/uploads\/2021\/10\/Natalie2021-1.jpg","url":"https:\/\/nelidesign.com\/wp-content\/uploads\/2021\/10\/Natalie2021-1.jpg","contentUrl":"https:\/\/nelidesign.com\/wp-content\/uploads\/2021\/10\/Natalie2021-1.jpg","width":350,"height":500,"caption":"Natalie"},"logo":{"@id":"https:\/\/nelidesign.com\/wp-content\/uploads\/2021\/10\/Natalie2021-1.jpg"},"sameAs":["https:\/\/nelidesign.com\/about-me2\/","https:\/\/www.facebook.com\/Natalie.NeliDesign\/","https:\/\/www.instagram.com\/Natalie.NeliDesign\/","https:\/\/www.pinterest.com\/nelidesign\/","https:\/\/www.youtube.com\/nelidesign"]}]}},"featured_image_src":null,"featured_image_src_square":null,"_links":{"self":[{"href":"https:\/\/nelidesign.com\/fr\/wp-json\/wp\/v2\/pages\/22788","targetHints":{"allow":["GET"]}}],"collection":[{"href":"https:\/\/nelidesign.com\/fr\/wp-json\/wp\/v2\/pages"}],"about":[{"href":"https:\/\/nelidesign.com\/fr\/wp-json\/wp\/v2\/types\/page"}],"author":[{"embeddable":true,"href":"https:\/\/nelidesign.com\/fr\/wp-json\/wp\/v2\/users\/1"}],"replies":[{"embeddable":true,"href":"https:\/\/nelidesign.com\/fr\/wp-json\/wp\/v2\/comments?post=22788"}],"version-history":[{"count":1,"href":"https:\/\/nelidesign.com\/fr\/wp-json\/wp\/v2\/pages\/22788\/revisions"}],"predecessor-version":[{"id":22789,"href":"https:\/\/nelidesign.com\/fr\/wp-json\/wp\/v2\/pages\/22788\/revisions\/22789"}],"wp:attachment":[{"href":"https:\/\/nelidesign.com\/fr\/wp-json\/wp\/v2\/media?parent=22788"}],"curies":[{"name":"wp","href":"https:\/\/api.w.org\/{rel}","templated":true}]}} 