{"id":22580,"date":"2021-10-15T13:10:03","date_gmt":"2021-10-15T17:10:03","guid":{"rendered":"https:\/\/nelidesign.com\/?page_id=22580"},"modified":"2024-10-27T13:59:44","modified_gmt":"2024-10-27T17:59:44","slug":"jecreenoel","status":"publish","type":"page","link":"https:\/\/nelidesign.com\/fr\/jecreenoel\/","title":{"rendered":"Je Cr\u00e9e No\u00ebl"},"content":{"rendered":"\n<div class=\"wp-block-group\"><div class=\"wp-block-group__inner-container is-layout-constrained wp-block-group-is-layout-constrained\">\n<p><span style=\"font-weight: 400;\">Cet article contient des liens vers des produits affili\u00e9s pour votre convenance et sans frais suppl\u00e9mentaires pour vous. Je re\u00e7ois des commissions pour les achats effectu\u00e9s via les liens dans cet article<\/span>. <span style=\"font-weight: 400;\"><a href=\"https:\/\/nelidesign.com\/fr\/divulgation\/\" target=\"_blank\" rel=\"noopener noreferrer\">Cliquez ici pour lire ma politique de divulgation compl\u00e8te<\/a>.<\/span><\/p>\n\n\n\n<figure class=\"wp-block-image size-full\"><a href=\"https:\/\/nelidesign.com\/recommends\/jcn-billet-gratuit\/\" target=\"_blank\" rel=\"no follow noreferrer noopener\"><img decoding=\"async\" width=\"1272\" height=\"460\" fetchpriority=\"high\" src=\"https:\/\/nelidesign.com\/wp-content\/uploads\/2024\/10\/Capture-decran-2024-10-27-122733.png\" alt=\"\" data-skip-lazy class=\"wp-image-43454\" srcset=\"https:\/\/nelidesign.com\/wp-content\/uploads\/2024\/10\/Capture-decran-2024-10-27-122733.png 1272w, https:\/\/nelidesign.com\/wp-content\/uploads\/2024\/10\/Capture-decran-2024-10-27-122733-720x260.png 720w, https:\/\/nelidesign.com\/wp-content\/uploads\/2024\/10\/Capture-decran-2024-10-27-122733-360x130.png 360w, https:\/\/nelidesign.com\/wp-content\/uploads\/2024\/10\/Capture-decran-2024-10-27-122733-180x65.png 180w, https:\/\/nelidesign.com\/wp-content\/uploads\/2024\/10\/Capture-decran-2024-10-27-122733-768x278.png 768w, https:\/\/nelidesign.com\/wp-content\/uploads\/2024\/10\/Capture-decran-2024-10-27-122733-960x347.png 960w, https:\/\/nelidesign.com\/wp-content\/uploads\/2024\/10\/Capture-decran-2024-10-27-122733-1080x391.png 1080w, https:\/\/nelidesign.com\/wp-content\/uploads\/2024\/10\/Capture-decran-2024-10-27-122733-1200x434.png 1200w\" sizes=\"(max-width: 1272px) 100vw, 1272px\" \/><\/a><\/figure>\n\n\n\n<h2 class=\"wp-block-heading\">Obtenez votre billet gratuit pour le Festival Je Cr\u00e9e No\u00ebl 2024!<\/h2>\n\n\n\n<p class=\"has-text-align-center\" style=\"font-size:25px\"><strong>&gt;&gt; Cliquez ici pour obtenir votre billet gratuit &lt;&lt;<\/strong><\/p>\n\n\n\n<hr class=\"wp-block-separator has-alpha-channel-opacity\"\/>\n<\/div><\/div>\n\n\n\n<div class=\"wp-block-group\"><div class=\"wp-block-group__inner-container is-layout-constrained wp-block-group-is-layout-constrained\">\n<h2 class=\"wp-block-heading\">Mon tutoriel<\/h2>\n\n\n\n<p>Dans le cadre du Festival Je Cr\u00e9e No\u00ebl 2024, je vous pr\u00e9sente un tutoriel pour r\u00e9aliser ce joli accroche-porte.<\/p>\n\n\n<div class=\"wp-block-image\">\n<figure class=\"aligncenter size-full is-resized\"><img decoding=\"async\" width=\"1200\" height=\"1200\" src=\"https:\/\/nelidesign.com\/wp-content\/uploads\/2024\/10\/Photo-accroche-porte-2.jpg\" alt=\"\" class=\"wp-image-43352\" style=\"width:464px;height:auto\" srcset=\"https:\/\/nelidesign.com\/wp-content\/uploads\/2024\/10\/Photo-accroche-porte-2.jpg 1200w, https:\/\/nelidesign.com\/wp-content\/uploads\/2024\/10\/Photo-accroche-porte-2-100x100.jpg 100w, https:\/\/nelidesign.com\/wp-content\/uploads\/2024\/10\/Photo-accroche-porte-2-768x768.jpg 768w, https:\/\/nelidesign.com\/wp-content\/uploads\/2024\/10\/Photo-accroche-porte-2-600x600.jpg 600w, https:\/\/nelidesign.com\/wp-content\/uploads\/2024\/10\/Photo-accroche-porte-2-728x728.jpg 728w, https:\/\/nelidesign.com\/wp-content\/uploads\/2024\/10\/Photo-accroche-porte-2-960x960.jpg 960w, https:\/\/nelidesign.com\/wp-content\/uploads\/2024\/10\/Photo-accroche-porte-2-1080x1080.jpg 1080w\" sizes=\"(max-width: 1200px) 100vw, 1200px\" \/><\/figure>\n<\/div>\n\n\n<p>Non, je ne vous montre donne pas le fichier SVG tout fait!<\/p>\n\n\n\n<p>Je vais plut\u00f4t vous montrer comment <strong>cr\u00e9er vous m\u00eame votre accroche-porte personnalis\u00e9.<\/strong><\/p>\n<\/div><\/div>\n\n\n\n<div class=\"wp-block-group has-background\" style=\"background-color:#e8f5f4\"><div class=\"wp-block-group__inner-container is-layout-constrained wp-block-group-is-layout-constrained\">\n<h3 class=\"wp-block-heading\">Voici tout ce dont vous avez besoin pour mon projet <\/h3>\n\n\n\n<ul class=\"wp-block-list\">\n<li>N'importe quelle Cricut (familles <a class=\"thirstylink\" rel=\"nofollow\" target=\"_blank\" title=\"Joy family - Cricut\" href=\"https:\/\/nelidesign.com\/recommends\/joy-family\/\" data-shortcode=\"true\">Joy<\/a>, <a class=\"thirstylink\" rel=\"nofollow\" target=\"_blank\" title=\"Explore family - Cricut\" href=\"https:\/\/nelidesign.com\/recommends\/explore-family\/\" data-shortcode=\"true\">Explore<\/a> ou <a class=\"thirstylink\" rel=\"nofollow\" target=\"_blank\" title=\"Maker family - Cricut\" href=\"https:\/\/nelidesign.com\/recommends\/maker-family\/\" data-shortcode=\"true\">Maker <\/a>ou m\u00eame la Cricut <a class=\"thirstylink\" rel=\"nofollow\" target=\"_blank\" title=\"Venture - Cricut\" href=\"https:\/\/nelidesign.com\/recommends\/venture\/\" data-shortcode=\"true\">Venture<\/a>)<\/li>\n\n\n\n<li>Lame \u00e0 pointe fine<\/li>\n\n\n\n<li>Tapis <a class=\"thirstylink\" rel=\"nofollow\" target=\"_blank\" title=\"StandardGrip Mat - Cricut\" href=\"https:\/\/nelidesign.com\/recommends\/standardgrip-mat\/\" data-shortcode=\"true\">Standard Grip<\/a> (vert)<\/li>\n\n\n\n<li><a class=\"thirstylink\" rel=\"nofollow\" target=\"_blank\" title=\"EasyPress mini - Cricut\" href=\"https:\/\/nelidesign.com\/recommends\/easypress-mini\/\" data-shortcode=\"true\">EasyPress<\/a> (ou fer \u00e0 repasser)<\/li>\n\n\n\n<li><a class=\"thirstylink\" rel=\"nofollow\" target=\"_blank\" title=\"Kraft board - Cricut\" href=\"https:\/\/nelidesign.com\/recommends\/kraft-board\/\" data-shortcode=\"true\">Carton Kraft <\/a>(ou bo\u00eete de c\u00e9r\u00e9ales) - ramassez vos bo\u00eetes de c\u00e9r\u00e9ales d\u00e8s maintenant!<\/li>\n\n\n\n<li><a class=\"thirstylink\" rel=\"nofollow\" target=\"_blank\" title=\"Cardstock All - Cricut\" href=\"https:\/\/nelidesign.com\/recommends\/cardstock-all\/\" data-shortcode=\"true\">Papier cartonn\u00e9<\/a> (Scrapbooking et\/ou papiers cartonn\u00e9s unis)<\/li>\n\n\n\n<li><a class=\"thirstylink\" rel=\"nofollow\" target=\"_blank\" title=\"Iron-on Glitter - Cricut\" href=\"https:\/\/nelidesign.com\/recommends\/iron-on-glitter\/\" data-shortcode=\"true\">Thermocollant paillet\u00e9<\/a><\/li>\n\n\n\n<li><a class=\"thirstylink\" rel=\"nofollow\" target=\"_blank\" title=\"Bearly art glue-Amazon\" href=\"https:\/\/amzn.to\/46pShBt\" data-linkid=\"41525\" data-shortcode=\"true\">Colle<\/a><\/li>\n\n\n\n<li><a class=\"thirstylink\" rel=\"nofollow\" target=\"_blank\" title=\"Bearly art-3 mm-6mm-Cleofoam-Foam 3D-Amazon\" href=\"https:\/\/amzn.to\/3BKJJue\" data-linkid=\"43291\" data-shortcode=\"true\">Mousse autocollante 3D<\/a> (optionnel)<\/li>\n\n\n\n<li><a class=\"thirstylink\" rel=\"nofollow\" target=\"_blank\" title=\"Daubers - Amazon\" href=\"https:\/\/amzn.to\/3sXZ9r9\" data-linkid=\"42039\" data-shortcode=\"true\">Daubers - AmazonEncre et daubers (optionne<\/a><a class=\"thirstylink\" rel=\"nofollow\" target=\"_blank\" title=\"Distress Ink pad - Amazon\" href=\"https:\/\/amzn.to\/3uBwlFk\" data-linkid=\"42040\" data-shortcode=\"true\">l)<\/a><\/li>\n<\/ul>\n\n\n\n<p><strong>Fichiers et polices <\/strong><\/p>\n\n\n\n<ul class=\"wp-block-list\">\n<li>Police \"Merry Sugar\" provenant du \"<a href=\"https:\/\/www.creativefabrica.com\/product\/crafty-christmas-font-bundle\/ref\/1396327\/\" target=\"_blank\" rel=\"noreferrer noopener nofollow\">Crafty Christmas Font Bundle<\/a>\"<\/li>\n\n\n\n<li>Flocons de neige provenant du \"<a href=\"https:\/\/www.creativefabrica.com\/product\/christmas-svg-big-bundle\/ref\/1396327\/\" target=\"_blank\" rel=\"noreferrer noopener nofollow\">Christmas SVG Big Bundle<\/a>\" sp\u00e9cifiquement du \"Christmas Snowflakes Clipart Set\"<\/li>\n<\/ul>\n<\/div><\/div>\n\n\n\n<div class=\"wp-block-group\"><div class=\"wp-block-group__inner-container is-layout-constrained wp-block-group-is-layout-constrained\">\n<p>Lors de la diffusion de mon tutoriel pendant le Festival Je Cr\u00e9e No\u00ebl, <strong>j'aurai un bonus exclusif <\/strong>et gratuit pour vous! (indice: il s'agit de 6 fichiers SVG in\u00e9dits \ud83e\udd2b)<\/p>\n\n\n\n<p>Pour y avoir droit, vous devez absolument avoir votre billet gratuit et visionner la vid\u00e9o lors de sa diffusion!<\/p>\n\n\n\n<p>Alors n'h\u00e9sitez pas et procurez-vous votre billet gratuit imm\u00e9diatement ici!<\/p>\n\n\n\n<h2 class=\"wp-block-heading\">Vous avez aim\u00e9 mon tutoriel?<\/h2>\n\n\n\n<div id=\"cbox-KhDlLl8M01fM3Ktn\"><\/div>\n\n\n\n<p>J'ai une cha\u00eene YouTube uniquement en fran\u00e7ais! <a href=\"https:\/\/www.youtube.com\/c\/NeliDesignenfrancais?sub_confirmation=1\" target=\"_blank\" rel=\"noreferrer noopener nofollow\">N'h\u00e9sitez pas \u00e0 vous inscrire <\/a>pour des trucs et astuces pour <em>Cr\u00e9er en toute confiance<\/em> avec Cricut!<\/p>\n<\/div><\/div>\n","protected":false},"excerpt":{"rendered":"<p>Obtenez votre billet gratuit pour le Festival Je Cr\u00e9e No\u00ebl 2024! &gt;&gt; Cliquez ici pour obtenir votre billet gratuit &lt;&lt; Mon tutoriel Dans le cadre du Festival Je Cr\u00e9e No\u00ebl 2024, je vous pr\u00e9sente un tutoriel pour r\u00e9aliser ce joli accroche-porte. Non, je ne vous montre donne pas le fichier SVG tout fait! Je vais [&hellip;]<\/p>\n","protected":false},"author":1,"featured_media":43454,"parent":0,"menu_order":0,"comment_status":"closed","ping_status":"closed","template":"","meta":{"_genesis_hide_title":false,"_genesis_hide_breadcrumbs":false,"_genesis_hide_singular_image":false,"_genesis_hide_footer_widgets":false,"_genesis_custom_body_class":"","_genesis_custom_post_class":"","_genesis_layout":"","footnotes":""},"class_list":{"0":"post-22580","1":"page","2":"type-page","3":"status-publish","4":"has-post-thumbnail","6":"entry"},"yoast_head":"<!-- This site is optimized with the Yoast SEO plugin v27.4 - https:\/\/yoast.com\/product\/yoast-seo-wordpress\/ -->\n<title>Je Cr\u00e9e No\u00ebl - NeliDesign<\/title>\n<meta name=\"description\" content=\"Personnalisez vos Sacs du P\u00e8re-No\u00ebl incluant le fichier de d\u00e9coupe SVG gratuit en fran\u00e7ais\" \/>\n<meta name=\"robots\" content=\"index, follow, max-snippet:-1, max-image-preview:large, max-video-preview:-1\" \/>\n<link rel=\"canonical\" href=\"https:\/\/nelidesign.com\/fr\/jecreenoel\/\" \/>\n<meta property=\"og:locale\" content=\"fr_FR\" \/>\n<meta property=\"og:type\" content=\"article\" \/>\n<meta property=\"og:title\" content=\"Je Cr\u00e9e No\u00ebl - NeliDesign\" \/>\n<meta property=\"og:description\" content=\"Personnalisez vos Sacs du P\u00e8re-No\u00ebl incluant le fichier de d\u00e9coupe SVG gratuit en fran\u00e7ais\" \/>\n<meta property=\"og:url\" content=\"https:\/\/nelidesign.com\/fr\/jecreenoel\/\" \/>\n<meta property=\"og:site_name\" content=\"NeliDesign\" \/>\n<meta property=\"article:publisher\" content=\"https:\/\/www.facebook.com\/Natalie.NeliDesign\/\" \/>\n<meta property=\"article:modified_time\" content=\"2024-10-27T17:59:44+00:00\" \/>\n<meta property=\"og:image\" content=\"https:\/\/nelidesign.com\/wp-content\/uploads\/2024\/10\/Capture-decran-2024-10-27-122733.png\" \/>\n\t<meta property=\"og:image:width\" content=\"1272\" \/>\n\t<meta property=\"og:image:height\" content=\"460\" \/>\n\t<meta property=\"og:image:type\" content=\"image\/png\" \/>\n<meta name=\"twitter:card\" content=\"summary_large_image\" \/>\n<meta name=\"twitter:site\" content=\"@nelidesign\" \/>\n<meta name=\"twitter:label1\" content=\"Dur\u00e9e de lecture estim\u00e9e\" \/>\n\t<meta name=\"twitter:data1\" content=\"5 minutes\" \/>\n<script type=\"application\/ld+json\" class=\"yoast-schema-graph\">{\"@context\":\"https:\\\/\\\/schema.org\",\"@graph\":[{\"@type\":\"WebPage\",\"@id\":\"https:\\\/\\\/nelidesign.com\\\/fr\\\/jecreenoel\\\/\",\"url\":\"https:\\\/\\\/nelidesign.com\\\/fr\\\/jecreenoel\\\/\",\"name\":\"Je Cr\u00e9e No\u00ebl - NeliDesign\",\"isPartOf\":{\"@id\":\"https:\\\/\\\/nelidesign.com\\\/fr\\\/#website\"},\"primaryImageOfPage\":{\"@id\":\"https:\\\/\\\/nelidesign.com\\\/fr\\\/jecreenoel\\\/#primaryimage\"},\"image\":{\"@id\":\"https:\\\/\\\/nelidesign.com\\\/fr\\\/jecreenoel\\\/#primaryimage\"},\"thumbnailUrl\":\"https:\\\/\\\/nelidesign.com\\\/wp-content\\\/uploads\\\/2024\\\/10\\\/Capture-decran-2024-10-27-122733.png\",\"datePublished\":\"2021-10-15T17:10:03+00:00\",\"dateModified\":\"2024-10-27T17:59:44+00:00\",\"description\":\"Personnalisez vos Sacs du P\u00e8re-No\u00ebl incluant le fichier de d\u00e9coupe SVG gratuit en fran\u00e7ais\",\"breadcrumb\":{\"@id\":\"https:\\\/\\\/nelidesign.com\\\/fr\\\/jecreenoel\\\/#breadcrumb\"},\"inLanguage\":\"fr-FR\",\"potentialAction\":[{\"@type\":\"ReadAction\",\"target\":[\"https:\\\/\\\/nelidesign.com\\\/fr\\\/jecreenoel\\\/\"]}]},{\"@type\":\"ImageObject\",\"inLanguage\":\"fr-FR\",\"@id\":\"https:\\\/\\\/nelidesign.com\\\/fr\\\/jecreenoel\\\/#primaryimage\",\"url\":\"https:\\\/\\\/nelidesign.com\\\/wp-content\\\/uploads\\\/2024\\\/10\\\/Capture-decran-2024-10-27-122733.png\",\"contentUrl\":\"https:\\\/\\\/nelidesign.com\\\/wp-content\\\/uploads\\\/2024\\\/10\\\/Capture-decran-2024-10-27-122733.png\",\"width\":1272,\"height\":460},{\"@type\":\"BreadcrumbList\",\"@id\":\"https:\\\/\\\/nelidesign.com\\\/fr\\\/jecreenoel\\\/#breadcrumb\",\"itemListElement\":[{\"@type\":\"ListItem\",\"position\":1,\"name\":\"Home\",\"item\":\"https:\\\/\\\/nelidesign.com\\\/fr\\\/\"},{\"@type\":\"ListItem\",\"position\":2,\"name\":\"Je Cr\u00e9e No\u00ebl\"}]},{\"@type\":\"WebSite\",\"@id\":\"https:\\\/\\\/nelidesign.com\\\/fr\\\/#website\",\"url\":\"https:\\\/\\\/nelidesign.com\\\/fr\\\/\",\"name\":\"NeliDesign\",\"description\":\"Projets cr\u00e9atifs pour une d\u00e9co qui vous plait\",\"publisher\":{\"@id\":\"https:\\\/\\\/nelidesign.com\\\/fr\\\/#\\\/schema\\\/person\\\/07194ebfb7711949a8cdd1a9da087cdd\"},\"potentialAction\":[{\"@type\":\"SearchAction\",\"target\":{\"@type\":\"EntryPoint\",\"urlTemplate\":\"https:\\\/\\\/nelidesign.com\\\/fr\\\/?s={search_term_string}\"},\"query-input\":{\"@type\":\"PropertyValueSpecification\",\"valueRequired\":true,\"valueName\":\"search_term_string\"}}],\"inLanguage\":\"fr-FR\"},{\"@type\":[\"Person\",\"Organization\"],\"@id\":\"https:\\\/\\\/nelidesign.com\\\/fr\\\/#\\\/schema\\\/person\\\/07194ebfb7711949a8cdd1a9da087cdd\",\"name\":\"Natalie\",\"image\":{\"@type\":\"ImageObject\",\"inLanguage\":\"fr-FR\",\"@id\":\"https:\\\/\\\/nelidesign.com\\\/wp-content\\\/uploads\\\/2021\\\/10\\\/Natalie2021-1.jpg\",\"url\":\"https:\\\/\\\/nelidesign.com\\\/wp-content\\\/uploads\\\/2021\\\/10\\\/Natalie2021-1.jpg\",\"contentUrl\":\"https:\\\/\\\/nelidesign.com\\\/wp-content\\\/uploads\\\/2021\\\/10\\\/Natalie2021-1.jpg\",\"width\":350,\"height\":500,\"caption\":\"Natalie\"},\"logo\":{\"@id\":\"https:\\\/\\\/nelidesign.com\\\/wp-content\\\/uploads\\\/2021\\\/10\\\/Natalie2021-1.jpg\"},\"sameAs\":[\"https:\\\/\\\/nelidesign.com\\\/about-me2\\\/\",\"https:\\\/\\\/www.facebook.com\\\/Natalie.NeliDesign\\\/\",\"https:\\\/\\\/www.instagram.com\\\/Natalie.NeliDesign\\\/\",\"https:\\\/\\\/www.pinterest.com\\\/nelidesign\\\/\",\"https:\\\/\\\/www.youtube.com\\\/nelidesign\"]}]}<\/script>\n<!-- \/ Yoast SEO plugin. -->","yoast_head_json":{"title":"Je Cr\u00e9e No\u00ebl - NeliDesign","description":"Personnalisez vos Sacs du P\u00e8re-No\u00ebl incluant le fichier de d\u00e9coupe SVG gratuit en fran\u00e7ais","robots":{"index":"index","follow":"follow","max-snippet":"max-snippet:-1","max-image-preview":"max-image-preview:large","max-video-preview":"max-video-preview:-1"},"canonical":"https:\/\/nelidesign.com\/fr\/jecreenoel\/","og_locale":"fr_FR","og_type":"article","og_title":"Je Cr\u00e9e No\u00ebl - NeliDesign","og_description":"Personnalisez vos Sacs du P\u00e8re-No\u00ebl incluant le fichier de d\u00e9coupe SVG gratuit en fran\u00e7ais","og_url":"https:\/\/nelidesign.com\/fr\/jecreenoel\/","og_site_name":"NeliDesign","article_publisher":"https:\/\/www.facebook.com\/Natalie.NeliDesign\/","article_modified_time":"2024-10-27T17:59:44+00:00","og_image":[{"width":1272,"height":460,"url":"https:\/\/nelidesign.com\/wp-content\/uploads\/2024\/10\/Capture-decran-2024-10-27-122733.png","type":"image\/png"}],"twitter_card":"summary_large_image","twitter_site":"@nelidesign","twitter_misc":{"Dur\u00e9e de lecture estim\u00e9e":"5 minutes"},"schema":{"@context":"https:\/\/schema.org","@graph":[{"@type":"WebPage","@id":"https:\/\/nelidesign.com\/fr\/jecreenoel\/","url":"https:\/\/nelidesign.com\/fr\/jecreenoel\/","name":"Je Cr\u00e9e No\u00ebl - NeliDesign","isPartOf":{"@id":"https:\/\/nelidesign.com\/fr\/#website"},"primaryImageOfPage":{"@id":"https:\/\/nelidesign.com\/fr\/jecreenoel\/#primaryimage"},"image":{"@id":"https:\/\/nelidesign.com\/fr\/jecreenoel\/#primaryimage"},"thumbnailUrl":"https:\/\/nelidesign.com\/wp-content\/uploads\/2024\/10\/Capture-decran-2024-10-27-122733.png","datePublished":"2021-10-15T17:10:03+00:00","dateModified":"2024-10-27T17:59:44+00:00","description":"Personnalisez vos Sacs du P\u00e8re-No\u00ebl incluant le fichier de d\u00e9coupe SVG gratuit en fran\u00e7ais","breadcrumb":{"@id":"https:\/\/nelidesign.com\/fr\/jecreenoel\/#breadcrumb"},"inLanguage":"fr-FR","potentialAction":[{"@type":"ReadAction","target":["https:\/\/nelidesign.com\/fr\/jecreenoel\/"]}]},{"@type":"ImageObject","inLanguage":"fr-FR","@id":"https:\/\/nelidesign.com\/fr\/jecreenoel\/#primaryimage","url":"https:\/\/nelidesign.com\/wp-content\/uploads\/2024\/10\/Capture-decran-2024-10-27-122733.png","contentUrl":"https:\/\/nelidesign.com\/wp-content\/uploads\/2024\/10\/Capture-decran-2024-10-27-122733.png","width":1272,"height":460},{"@type":"BreadcrumbList","@id":"https:\/\/nelidesign.com\/fr\/jecreenoel\/#breadcrumb","itemListElement":[{"@type":"ListItem","position":1,"name":"Home","item":"https:\/\/nelidesign.com\/fr\/"},{"@type":"ListItem","position":2,"name":"Je Cr\u00e9e No\u00ebl"}]},{"@type":"WebSite","@id":"https:\/\/nelidesign.com\/fr\/#website","url":"https:\/\/nelidesign.com\/fr\/","name":"NeliDesign","description":"Projets cr\u00e9atifs pour une d\u00e9co qui vous plait","publisher":{"@id":"https:\/\/nelidesign.com\/fr\/#\/schema\/person\/07194ebfb7711949a8cdd1a9da087cdd"},"potentialAction":[{"@type":"SearchAction","target":{"@type":"EntryPoint","urlTemplate":"https:\/\/nelidesign.com\/fr\/?s={search_term_string}"},"query-input":{"@type":"PropertyValueSpecification","valueRequired":true,"valueName":"search_term_string"}}],"inLanguage":"fr-FR"},{"@type":["Person","Organization"],"@id":"https:\/\/nelidesign.com\/fr\/#\/schema\/person\/07194ebfb7711949a8cdd1a9da087cdd","name":"Natalie","image":{"@type":"ImageObject","inLanguage":"fr-FR","@id":"https:\/\/nelidesign.com\/wp-content\/uploads\/2021\/10\/Natalie2021-1.jpg","url":"https:\/\/nelidesign.com\/wp-content\/uploads\/2021\/10\/Natalie2021-1.jpg","contentUrl":"https:\/\/nelidesign.com\/wp-content\/uploads\/2021\/10\/Natalie2021-1.jpg","width":350,"height":500,"caption":"Natalie"},"logo":{"@id":"https:\/\/nelidesign.com\/wp-content\/uploads\/2021\/10\/Natalie2021-1.jpg"},"sameAs":["https:\/\/nelidesign.com\/about-me2\/","https:\/\/www.facebook.com\/Natalie.NeliDesign\/","https:\/\/www.instagram.com\/Natalie.NeliDesign\/","https:\/\/www.pinterest.com\/nelidesign\/","https:\/\/www.youtube.com\/nelidesign"]}]}},"featured_image_src":"https:\/\/nelidesign.com\/wp-content\/uploads\/2024\/10\/Capture-decran-2024-10-27-122733-600x400.png","featured_image_src_square":"https:\/\/nelidesign.com\/wp-content\/uploads\/2024\/10\/Capture-decran-2024-10-27-122733-600x460.png","_links":{"self":[{"href":"https:\/\/nelidesign.com\/fr\/wp-json\/wp\/v2\/pages\/22580","targetHints":{"allow":["GET"]}}],"collection":[{"href":"https:\/\/nelidesign.com\/fr\/wp-json\/wp\/v2\/pages"}],"about":[{"href":"https:\/\/nelidesign.com\/fr\/wp-json\/wp\/v2\/types\/page"}],"author":[{"embeddable":true,"href":"https:\/\/nelidesign.com\/fr\/wp-json\/wp\/v2\/users\/1"}],"replies":[{"embeddable":true,"href":"https:\/\/nelidesign.com\/fr\/wp-json\/wp\/v2\/comments?post=22580"}],"version-history":[{"count":44,"href":"https:\/\/nelidesign.com\/fr\/wp-json\/wp\/v2\/pages\/22580\/revisions"}],"predecessor-version":[{"id":43459,"href":"https:\/\/nelidesign.com\/fr\/wp-json\/wp\/v2\/pages\/22580\/revisions\/43459"}],"wp:featuredmedia":[{"embeddable":true,"href":"https:\/\/nelidesign.com\/fr\/wp-json\/wp\/v2\/media\/43454"}],"wp:attachment":[{"href":"https:\/\/nelidesign.com\/fr\/wp-json\/wp\/v2\/media?parent=22580"}],"curies":[{"name":"wp","href":"https:\/\/api.w.org\/{rel}","templated":true}]}}