{"id":13659,"date":"2020-04-27T15:12:35","date_gmt":"2020-04-27T19:12:35","guid":{"rendered":"https:\/\/nelidesign.com\/?page_id=13659"},"modified":"2020-11-19T14:44:34","modified_gmt":"2020-11-19T19:44:34","slug":"svg-playa-del-patio-gratuit","status":"publish","type":"page","link":"https:\/\/nelidesign.com\/fr\/svg-playa-del-patio-gratuit\/","title":{"rendered":"Fichier de d\u00e9coupe Playa Del Patio gratuit"},"content":{"rendered":"\n<div class=\"wp-block-columns are-vertically-aligned-center is-layout-flex wp-container-core-columns-is-layout-28f84493 wp-block-columns-is-layout-flex\">\n<div class=\"wp-block-column is-vertically-aligned-center is-layout-flow wp-block-column-is-layout-flow\" style=\"flex-basis:33.33%\">\n<figure class=\"wp-block-image size-large\"><img decoding=\"async\" width=\"600\" height=\"600\" fetchpriority=\"high\" src=\"https:\/\/nelidesign.com\/wp-content\/uploads\/2020\/04\/SVG-DXF-playa-del-patio-FR.jpg\" alt=\"\" data-skip-lazy class=\"wp-image-13661\" srcset=\"https:\/\/nelidesign.com\/wp-content\/uploads\/2020\/04\/SVG-DXF-playa-del-patio-FR.jpg 600w, https:\/\/nelidesign.com\/wp-content\/uploads\/2020\/04\/SVG-DXF-playa-del-patio-FR-48x48.jpg 48w, https:\/\/nelidesign.com\/wp-content\/uploads\/2020\/04\/SVG-DXF-playa-del-patio-FR-250x250.jpg 250w, https:\/\/nelidesign.com\/wp-content\/uploads\/2020\/04\/SVG-DXF-playa-del-patio-FR-550x550.jpg 550w, https:\/\/nelidesign.com\/wp-content\/uploads\/2020\/04\/SVG-DXF-playa-del-patio-FR-180x180.jpg 180w, https:\/\/nelidesign.com\/wp-content\/uploads\/2020\/04\/SVG-DXF-playa-del-patio-FR-300x300.jpg 300w, https:\/\/nelidesign.com\/wp-content\/uploads\/2020\/04\/SVG-DXF-playa-del-patio-FR-500x500.jpg 500w\" sizes=\"(max-width: 600px) 100vw, 600px\" \/><\/figure>\n\n\n\n<p><\/p>\n<\/div>\n\n\n\n<div class=\"wp-block-column is-vertically-aligned-center is-layout-flow wp-block-column-is-layout-flow\" style=\"flex-basis:66.66%\">\n<h4 class=\"has-text-align-center wp-block-heading\">Obtenez ce fichier gratuitement et beaucoup plus!<\/h4>\n\n\n\n<p><strong>Premi\u00e8rement<\/strong>, <a href=\"https:\/\/www.youtube.com\/nelidesign?sub_confirmation=1\" target=\"_blank\" rel=\"noreferrer noopener\" aria-label=\"inscrivez vous \u00e0 ma cha\u00eene YouTube (opens in a new tab)\">inscrivez vous \u00e0 ma cha\u00eene YouTube<\/a> pour ne rien manquer de mes trucs et astuces sur les projets Cricut!<\/p>\n\n\n\n<p><strong>Deuxi\u00e8mement<\/strong>, remplissez le formulaire ci-dessous pour vous abonner \u00e0 mon infolettre et avoir acc\u00e8s \u00e0 une biblioth\u00e8que remplie de fichiers de d\u00e9coupe gratuits, incluant celui-ci. <\/p>\n\n\n\n<center><script src=\"https:\/\/embed.lpcontent.net\/leadboxes\/current\/embed.js\" async defer><\/script> <button data-leadbox-popup=\"JeGgNcze4RznXW8Lq3CXrA\" data-leadbox-domain=\"nelidesign.lpages.co\" style=\"background: rgb(247, 155, 49);border-color: rgb(247, 155, 49);border-radius: 4px;color: #FFFFFF;display: inline-block;vertical-align: middle;padding: 16px 32px;min-width: 192px;border: 1px solid rgb(247, 155, 49);font-size: 1rem;font-family: Helvetica, Arial, sans-serif;text-align: center;outline: 0;line-height: 1;cursor: pointer;-webkit-transition: background 0.3s, color 0.3s, border 0.3s;transition: background 0.3s, color 0.3s, border 0.3s;  box-shadow: 0px 2px 5px rgba(0, 0, 0, 0.6);\">INSCRIVEZ-VOUS<\/button> <\/center>\n<\/div>\n<\/div>\n","protected":false},"excerpt":{"rendered":"<p>Obtenez ce fichier gratuitement et beaucoup plus! Premi\u00e8rement, inscrivez vous \u00e0 ma cha\u00eene YouTube pour ne rien manquer de mes trucs et astuces sur les projets Cricut! Deuxi\u00e8mement, remplissez le formulaire ci-dessous pour vous abonner \u00e0 mon infolettre et avoir acc\u00e8s \u00e0 une biblioth\u00e8que remplie de fichiers de d\u00e9coupe gratuits, incluant celui-ci. INSCRIVEZ-VOUS<\/p>\n","protected":false},"author":1,"featured_media":0,"parent":0,"menu_order":0,"comment_status":"closed","ping_status":"closed","template":"","meta":{"_genesis_hide_title":false,"_genesis_hide_breadcrumbs":false,"_genesis_hide_singular_image":false,"_genesis_hide_footer_widgets":false,"_genesis_custom_body_class":"","_genesis_custom_post_class":"","_genesis_layout":"","footnotes":""},"class_list":{"0":"post-13659","1":"page","2":"type-page","3":"status-publish","5":"entry","6":"has-post-thumbnail"},"yoast_head":"<!-- This site is optimized with the Yoast SEO plugin v27.4 - https:\/\/yoast.com\/product\/yoast-seo-wordpress\/ -->\n<title>Fichier de d\u00e9coupe Playa Del Patio gratuit - NeliDesign<\/title>\n<meta name=\"description\" content=\"Fichier de d\u00e9coupe Playa del Patio gratuit \u00e0 t\u00e9l\u00e9charger en formats SVG, DXF, PNG et PDF. Fichier multicouches pour machine Cricut ou autre.\" \/>\n<meta name=\"robots\" content=\"index, follow, max-snippet:-1, max-image-preview:large, max-video-preview:-1\" \/>\n<link rel=\"canonical\" href=\"https:\/\/nelidesign.com\/fr\/svg-playa-del-patio-gratuit\/\" \/>\n<meta property=\"og:locale\" content=\"fr_FR\" \/>\n<meta property=\"og:type\" content=\"article\" \/>\n<meta property=\"og:title\" content=\"Fichier de d\u00e9coupe Playa Del Patio gratuit - NeliDesign\" \/>\n<meta property=\"og:description\" content=\"Fichier de d\u00e9coupe Playa del Patio gratuit \u00e0 t\u00e9l\u00e9charger en formats SVG, DXF, PNG et PDF. Fichier multicouches pour machine Cricut ou autre.\" \/>\n<meta property=\"og:url\" content=\"https:\/\/nelidesign.com\/fr\/svg-playa-del-patio-gratuit\/\" \/>\n<meta property=\"og:site_name\" content=\"NeliDesign\" \/>\n<meta property=\"article:publisher\" content=\"https:\/\/www.facebook.com\/Natalie.NeliDesign\/\" \/>\n<meta property=\"article:modified_time\" content=\"2020-11-19T19:44:34+00:00\" \/>\n<meta property=\"og:image\" content=\"https:\/\/nelidesign.com\/wp-content\/uploads\/2020\/04\/SVG-DXF-playa-del-patio-FR.jpg\" \/>\n<meta name=\"twitter:card\" content=\"summary_large_image\" \/>\n<meta name=\"twitter:site\" content=\"@nelidesign\" \/>\n<script type=\"application\/ld+json\" class=\"yoast-schema-graph\">{\"@context\":\"https:\\\/\\\/schema.org\",\"@graph\":[{\"@type\":\"WebPage\",\"@id\":\"https:\\\/\\\/nelidesign.com\\\/fr\\\/svg-playa-del-patio-gratuit\\\/\",\"url\":\"https:\\\/\\\/nelidesign.com\\\/fr\\\/svg-playa-del-patio-gratuit\\\/\",\"name\":\"Fichier de d\u00e9coupe Playa Del Patio gratuit - NeliDesign\",\"isPartOf\":{\"@id\":\"https:\\\/\\\/nelidesign.com\\\/fr\\\/#website\"},\"primaryImageOfPage\":{\"@id\":\"https:\\\/\\\/nelidesign.com\\\/fr\\\/svg-playa-del-patio-gratuit\\\/#primaryimage\"},\"image\":{\"@id\":\"https:\\\/\\\/nelidesign.com\\\/fr\\\/svg-playa-del-patio-gratuit\\\/#primaryimage\"},\"thumbnailUrl\":\"https:\\\/\\\/nelidesign.com\\\/wp-content\\\/uploads\\\/2020\\\/04\\\/SVG-DXF-playa-del-patio-FR.jpg\",\"datePublished\":\"2020-04-27T19:12:35+00:00\",\"dateModified\":\"2020-11-19T19:44:34+00:00\",\"description\":\"Fichier de d\u00e9coupe Playa del Patio gratuit \u00e0 t\u00e9l\u00e9charger en formats SVG, DXF, PNG et PDF. Fichier multicouches pour machine Cricut ou autre.\",\"breadcrumb\":{\"@id\":\"https:\\\/\\\/nelidesign.com\\\/fr\\\/svg-playa-del-patio-gratuit\\\/#breadcrumb\"},\"inLanguage\":\"fr-FR\",\"potentialAction\":[{\"@type\":\"ReadAction\",\"target\":[\"https:\\\/\\\/nelidesign.com\\\/fr\\\/svg-playa-del-patio-gratuit\\\/\"]}]},{\"@type\":\"ImageObject\",\"inLanguage\":\"fr-FR\",\"@id\":\"https:\\\/\\\/nelidesign.com\\\/fr\\\/svg-playa-del-patio-gratuit\\\/#primaryimage\",\"url\":\"https:\\\/\\\/nelidesign.com\\\/wp-content\\\/uploads\\\/2020\\\/04\\\/SVG-DXF-playa-del-patio-FR.jpg\",\"contentUrl\":\"https:\\\/\\\/nelidesign.com\\\/wp-content\\\/uploads\\\/2020\\\/04\\\/SVG-DXF-playa-del-patio-FR.jpg\"},{\"@type\":\"BreadcrumbList\",\"@id\":\"https:\\\/\\\/nelidesign.com\\\/fr\\\/svg-playa-del-patio-gratuit\\\/#breadcrumb\",\"itemListElement\":[{\"@type\":\"ListItem\",\"position\":1,\"name\":\"Home\",\"item\":\"https:\\\/\\\/nelidesign.com\\\/fr\\\/\"},{\"@type\":\"ListItem\",\"position\":2,\"name\":\"Fichier de d\u00e9coupe Playa Del Patio gratuit\"}]},{\"@type\":\"WebSite\",\"@id\":\"https:\\\/\\\/nelidesign.com\\\/fr\\\/#website\",\"url\":\"https:\\\/\\\/nelidesign.com\\\/fr\\\/\",\"name\":\"NeliDesign\",\"description\":\"Projets cr\u00e9atifs pour une d\u00e9co qui vous plait\",\"publisher\":{\"@id\":\"https:\\\/\\\/nelidesign.com\\\/fr\\\/#\\\/schema\\\/person\\\/07194ebfb7711949a8cdd1a9da087cdd\"},\"potentialAction\":[{\"@type\":\"SearchAction\",\"target\":{\"@type\":\"EntryPoint\",\"urlTemplate\":\"https:\\\/\\\/nelidesign.com\\\/fr\\\/?s={search_term_string}\"},\"query-input\":{\"@type\":\"PropertyValueSpecification\",\"valueRequired\":true,\"valueName\":\"search_term_string\"}}],\"inLanguage\":\"fr-FR\"},{\"@type\":[\"Person\",\"Organization\"],\"@id\":\"https:\\\/\\\/nelidesign.com\\\/fr\\\/#\\\/schema\\\/person\\\/07194ebfb7711949a8cdd1a9da087cdd\",\"name\":\"Natalie\",\"image\":{\"@type\":\"ImageObject\",\"inLanguage\":\"fr-FR\",\"@id\":\"https:\\\/\\\/nelidesign.com\\\/wp-content\\\/uploads\\\/2021\\\/10\\\/Natalie2021-1.jpg\",\"url\":\"https:\\\/\\\/nelidesign.com\\\/wp-content\\\/uploads\\\/2021\\\/10\\\/Natalie2021-1.jpg\",\"contentUrl\":\"https:\\\/\\\/nelidesign.com\\\/wp-content\\\/uploads\\\/2021\\\/10\\\/Natalie2021-1.jpg\",\"width\":350,\"height\":500,\"caption\":\"Natalie\"},\"logo\":{\"@id\":\"https:\\\/\\\/nelidesign.com\\\/wp-content\\\/uploads\\\/2021\\\/10\\\/Natalie2021-1.jpg\"},\"sameAs\":[\"https:\\\/\\\/nelidesign.com\\\/about-me2\\\/\",\"https:\\\/\\\/www.facebook.com\\\/Natalie.NeliDesign\\\/\",\"https:\\\/\\\/www.instagram.com\\\/Natalie.NeliDesign\\\/\",\"https:\\\/\\\/www.pinterest.com\\\/nelidesign\\\/\",\"https:\\\/\\\/www.youtube.com\\\/nelidesign\"]}]}<\/script>\n<!-- \/ Yoast SEO plugin. -->","yoast_head_json":{"title":"Fichier de d\u00e9coupe Playa Del Patio gratuit - NeliDesign","description":"Fichier de d\u00e9coupe Playa del Patio gratuit \u00e0 t\u00e9l\u00e9charger en formats SVG, DXF, PNG et PDF. Fichier multicouches pour machine Cricut ou autre.","robots":{"index":"index","follow":"follow","max-snippet":"max-snippet:-1","max-image-preview":"max-image-preview:large","max-video-preview":"max-video-preview:-1"},"canonical":"https:\/\/nelidesign.com\/fr\/svg-playa-del-patio-gratuit\/","og_locale":"fr_FR","og_type":"article","og_title":"Fichier de d\u00e9coupe Playa Del Patio gratuit - NeliDesign","og_description":"Fichier de d\u00e9coupe Playa del Patio gratuit \u00e0 t\u00e9l\u00e9charger en formats SVG, DXF, PNG et PDF. Fichier multicouches pour machine Cricut ou autre.","og_url":"https:\/\/nelidesign.com\/fr\/svg-playa-del-patio-gratuit\/","og_site_name":"NeliDesign","article_publisher":"https:\/\/www.facebook.com\/Natalie.NeliDesign\/","article_modified_time":"2020-11-19T19:44:34+00:00","og_image":[{"url":"https:\/\/nelidesign.com\/wp-content\/uploads\/2020\/04\/SVG-DXF-playa-del-patio-FR.jpg","type":"","width":"","height":""}],"twitter_card":"summary_large_image","twitter_site":"@nelidesign","schema":{"@context":"https:\/\/schema.org","@graph":[{"@type":"WebPage","@id":"https:\/\/nelidesign.com\/fr\/svg-playa-del-patio-gratuit\/","url":"https:\/\/nelidesign.com\/fr\/svg-playa-del-patio-gratuit\/","name":"Fichier de d\u00e9coupe Playa Del Patio gratuit - NeliDesign","isPartOf":{"@id":"https:\/\/nelidesign.com\/fr\/#website"},"primaryImageOfPage":{"@id":"https:\/\/nelidesign.com\/fr\/svg-playa-del-patio-gratuit\/#primaryimage"},"image":{"@id":"https:\/\/nelidesign.com\/fr\/svg-playa-del-patio-gratuit\/#primaryimage"},"thumbnailUrl":"https:\/\/nelidesign.com\/wp-content\/uploads\/2020\/04\/SVG-DXF-playa-del-patio-FR.jpg","datePublished":"2020-04-27T19:12:35+00:00","dateModified":"2020-11-19T19:44:34+00:00","description":"Fichier de d\u00e9coupe Playa del Patio gratuit \u00e0 t\u00e9l\u00e9charger en formats SVG, DXF, PNG et PDF. Fichier multicouches pour machine Cricut ou autre.","breadcrumb":{"@id":"https:\/\/nelidesign.com\/fr\/svg-playa-del-patio-gratuit\/#breadcrumb"},"inLanguage":"fr-FR","potentialAction":[{"@type":"ReadAction","target":["https:\/\/nelidesign.com\/fr\/svg-playa-del-patio-gratuit\/"]}]},{"@type":"ImageObject","inLanguage":"fr-FR","@id":"https:\/\/nelidesign.com\/fr\/svg-playa-del-patio-gratuit\/#primaryimage","url":"https:\/\/nelidesign.com\/wp-content\/uploads\/2020\/04\/SVG-DXF-playa-del-patio-FR.jpg","contentUrl":"https:\/\/nelidesign.com\/wp-content\/uploads\/2020\/04\/SVG-DXF-playa-del-patio-FR.jpg"},{"@type":"BreadcrumbList","@id":"https:\/\/nelidesign.com\/fr\/svg-playa-del-patio-gratuit\/#breadcrumb","itemListElement":[{"@type":"ListItem","position":1,"name":"Home","item":"https:\/\/nelidesign.com\/fr\/"},{"@type":"ListItem","position":2,"name":"Fichier de d\u00e9coupe Playa Del Patio gratuit"}]},{"@type":"WebSite","@id":"https:\/\/nelidesign.com\/fr\/#website","url":"https:\/\/nelidesign.com\/fr\/","name":"NeliDesign","description":"Projets cr\u00e9atifs pour une d\u00e9co qui vous plait","publisher":{"@id":"https:\/\/nelidesign.com\/fr\/#\/schema\/person\/07194ebfb7711949a8cdd1a9da087cdd"},"potentialAction":[{"@type":"SearchAction","target":{"@type":"EntryPoint","urlTemplate":"https:\/\/nelidesign.com\/fr\/?s={search_term_string}"},"query-input":{"@type":"PropertyValueSpecification","valueRequired":true,"valueName":"search_term_string"}}],"inLanguage":"fr-FR"},{"@type":["Person","Organization"],"@id":"https:\/\/nelidesign.com\/fr\/#\/schema\/person\/07194ebfb7711949a8cdd1a9da087cdd","name":"Natalie","image":{"@type":"ImageObject","inLanguage":"fr-FR","@id":"https:\/\/nelidesign.com\/wp-content\/uploads\/2021\/10\/Natalie2021-1.jpg","url":"https:\/\/nelidesign.com\/wp-content\/uploads\/2021\/10\/Natalie2021-1.jpg","contentUrl":"https:\/\/nelidesign.com\/wp-content\/uploads\/2021\/10\/Natalie2021-1.jpg","width":350,"height":500,"caption":"Natalie"},"logo":{"@id":"https:\/\/nelidesign.com\/wp-content\/uploads\/2021\/10\/Natalie2021-1.jpg"},"sameAs":["https:\/\/nelidesign.com\/about-me2\/","https:\/\/www.facebook.com\/Natalie.NeliDesign\/","https:\/\/www.instagram.com\/Natalie.NeliDesign\/","https:\/\/www.pinterest.com\/nelidesign\/","https:\/\/www.youtube.com\/nelidesign"]}]}},"featured_image_src":null,"featured_image_src_square":null,"_links":{"self":[{"href":"https:\/\/nelidesign.com\/fr\/wp-json\/wp\/v2\/pages\/13659","targetHints":{"allow":["GET"]}}],"collection":[{"href":"https:\/\/nelidesign.com\/fr\/wp-json\/wp\/v2\/pages"}],"about":[{"href":"https:\/\/nelidesign.com\/fr\/wp-json\/wp\/v2\/types\/page"}],"author":[{"embeddable":true,"href":"https:\/\/nelidesign.com\/fr\/wp-json\/wp\/v2\/users\/1"}],"replies":[{"embeddable":true,"href":"https:\/\/nelidesign.com\/fr\/wp-json\/wp\/v2\/comments?post=13659"}],"version-history":[{"count":2,"href":"https:\/\/nelidesign.com\/fr\/wp-json\/wp\/v2\/pages\/13659\/revisions"}],"predecessor-version":[{"id":19438,"href":"https:\/\/nelidesign.com\/fr\/wp-json\/wp\/v2\/pages\/13659\/revisions\/19438"}],"wp:attachment":[{"href":"https:\/\/nelidesign.com\/fr\/wp-json\/wp\/v2\/media?parent=13659"}],"curies":[{"name":"wp","href":"https:\/\/api.w.org\/{rel}","templated":true}]}}