{"id":13415,"date":"2020-02-28T12:27:51","date_gmt":"2020-02-28T17:27:51","guid":{"rendered":"https:\/\/nelidesign.com\/?page_id=13415"},"modified":"2024-07-15T13:40:03","modified_gmt":"2024-07-15T17:40:03","slug":"obtenir-mot-de-passe","status":"publish","type":"page","link":"https:\/\/nelidesign.com\/fr\/obtenir-mot-de-passe\/","title":{"rendered":"Obtenir un mot de passe"},"content":{"rendered":"\n<div class=\"wp-block-group\"><div class=\"wp-block-group__inner-container is-layout-constrained wp-block-group-is-layout-constrained\">\n<p>Salut toi! Int\u00e9ress\u00e9 par des gratuit\u00e9s? <\/p>\n\n\n\n<p>J'en ai tout plein dans ma biblioth\u00e8que! C'est \u00e0 cet endroit que je conserve tous mes fichiers imprimables, mes fichiers de d\u00e9coupe, etc. <\/p>\n\n\n\n<p>J'adore les cr\u00e9er et les partager avec vous!<\/p>\n\n\n\n<p>Ma biblioth\u00e8que <strong>est gratuite et ouverte \u00e0 tous!<\/strong> Pour y avoir acc\u00e8s, vous aurez besoin d'un mot de passe. Remplissez le formulaire ci-dessous pour le recevoir.<\/p>\n\n\n\n<p>Pssst: ce mot de passe vous donnera \u00e9galement acc\u00e8s au groupe Facebook exclusif de NeliDesign \"<a href=\"https:\/\/www.facebook.com\/groups\/creerentouteconfiancecricut\">Cr\u00e9er en toute confiance avec Cricut<\/a>\".<\/p>\n\n\n<div class=\"convertkit-form wp-block-convertkit-form\" style=\"\"><script async data-uid=\"d125806186\" src=\"https:\/\/nelidesign.kit.com\/d125806186\/index.js\" data-jetpack-boost=\"ignore\" data-no-defer=\"1\" nowprocket><\/script><\/div><\/div><\/div>\n\n\n\n<div class=\"wp-block-group\"><div class=\"wp-block-group__inner-container is-layout-constrained wp-block-group-is-layout-constrained\">\n<p>Le lien et le mot de passe pour vous donner acc\u00e8s \u00e0 la biblioth\u00e8que vous seront envoy\u00e9s directement dans votre bo\u00eete courriel, <strong>tout de suite apr\u00e8s avoir confirm\u00e9 votre inscription.<\/strong><\/p>\n\n\n\n<p><strong>Si vous ne pouvez pas les trouver, n'oubliez pas de v\u00e9rifier vos pourriels!<\/strong><\/p>\n\n\n\n<p>La biblioth\u00e8que est constamment mise \u00e0 jour et contient <strong>des gabarits, fichiers imprimables, fichiers de d\u00e9coupe et plus encore.<\/strong><\/p>\n<\/div><\/div>\n\n\n\n<div class=\"wp-block-group\"><div class=\"wp-block-group__inner-container is-layout-constrained wp-block-group-is-layout-constrained\">\n<h2 class=\"wp-block-heading\">Si vous avez d\u00e9j\u00e0 un mot de passe<\/h2>\n\n\n\n<p>Si vous avez d\u00e9j\u00e0 un mot de passe, vous pouvez acc\u00e9der \u00e0 la biblioth\u00e8que ici:<\/p>\n\n\n\n<div class=\"wp-block-button is-style-fill\"><a class=\"wp-block-button__link has-white-color has-text-color has-background has-link-color wp-element-button\" href=\"https:\/\/nelidesign.com\/fr\/bibliotheque-gratuite\/\" style=\"border-radius:5px;background-color:#ef4c80\"><strong><mark style=\"background-color:rgba(0, 0, 0, 0)\" class=\"has-inline-color has-white-color\">Entrer dans la biblioth\u00e8que<\/mark><\/strong><\/a><\/div>\n<\/div><\/div>\n\n\n\n<div class=\"wp-block-group\"><div class=\"wp-block-group__inner-container is-layout-flow wp-block-group-is-layout-flow\">\n<h2 class=\"wp-block-heading\">Avez-vous de la difficult\u00e9 \u00e0 t\u00e9l\u00e9charger les fichiers?<\/h2>\n\n\n\n<p>Regardez cette vid\u00e9o et n'oubliez pas de <a rel=\"noreferrer noopener\" aria-label=\"vous inscrire \u00e0 ma cha\u00eene (opens in a new tab)\" href=\"https:\/\/www.youtube.com\/nelidesign?sub_confirmation=1\" target=\"_blank\">vous inscrire \u00e0 ma cha\u00eene<\/a>!<\/p>\n\n\n\n<figure class=\"wp-block-embed aligncenter is-type-video is-provider-youtube wp-block-embed-youtube wp-embed-aspect-16-9 wp-has-aspect-ratio\"><div class=\"wp-block-embed__wrapper\">\n<iframe title=\"Comment t\u00e9l\u00e9charger les SVG de la biblioth\u00e8que de NeliDesign et les importer dans Design Space.\" width=\"500\" height=\"281\" src=\"https:\/\/www.youtube.com\/embed\/kBuyV7_hunA?feature=oembed\" frameborder=\"0\" allow=\"accelerometer; autoplay; clipboard-write; encrypted-media; gyroscope; picture-in-picture; web-share\" referrerpolicy=\"strict-origin-when-cross-origin\" allowfullscreen><\/iframe>\n<\/div><\/figure>\n<\/div><\/div>\n\n\n\n<div class=\"wp-block-group\"><div class=\"wp-block-group__inner-container is-layout-flow wp-block-group-is-layout-flow\">\n<h2 class=\"wp-block-heading\">Vous avez perdu votre mot de passe?<\/h2>\n\n\n\n<p>Aucun probl\u00e8me! Le mot de passe est au bas de tous les courriels que je vous envoie. Simplement rechercher vos courriel pour \"nelidesign\".<\/p>\n\n\n\n<p>Si vous ne pouvez toujours pas le retrouver, remplissez de nouveau le formulaire ci-dessus.<\/p>\n<\/div><\/div>\n\n\n\n<div id=\"mediavine-settings\" data-blocklist-auto-insert-sticky=\"1\" data-blocklist-universal-player-desktop=\"1\" data-blocklist-universal-player-mobile=\"1\"><\/div>\n","protected":false},"excerpt":{"rendered":"<p>Salut toi! Int\u00e9ress\u00e9 par des gratuit\u00e9s? J'en ai tout plein dans ma biblioth\u00e8que! C'est \u00e0 cet endroit que je conserve tous mes fichiers imprimables, mes fichiers de d\u00e9coupe, etc. J'adore les cr\u00e9er et les partager avec vous! Ma biblioth\u00e8que est gratuite et ouverte \u00e0 tous! Pour y avoir acc\u00e8s, vous aurez besoin d'un mot de [&hellip;]<\/p>\n","protected":false},"author":1,"featured_media":0,"parent":0,"menu_order":0,"comment_status":"closed","ping_status":"closed","template":"","meta":{"_genesis_hide_title":false,"_genesis_hide_breadcrumbs":false,"_genesis_hide_singular_image":false,"_genesis_hide_footer_widgets":false,"_genesis_custom_body_class":"","_genesis_custom_post_class":"","_genesis_layout":"","footnotes":""},"class_list":{"0":"post-13415","1":"page","2":"type-page","3":"status-publish","5":"entry"},"yoast_head":"<!-- This site is optimized with the Yoast SEO plugin v27.4 - https:\/\/yoast.com\/product\/yoast-seo-wordpress\/ -->\n<title>Obtenir un mot de passe - NeliDesign<\/title>\n<meta name=\"robots\" content=\"index, follow, max-snippet:-1, max-image-preview:large, max-video-preview:-1\" \/>\n<link rel=\"canonical\" href=\"https:\/\/nelidesign.com\/fr\/obtenir-mot-de-passe\/\" \/>\n<meta property=\"og:locale\" content=\"fr_FR\" \/>\n<meta property=\"og:type\" content=\"article\" \/>\n<meta property=\"og:title\" content=\"Obtenir un mot de passe - NeliDesign\" \/>\n<meta property=\"og:description\" content=\"Salut toi! Int\u00e9ress\u00e9 par des gratuit\u00e9s? J&#039;en ai tout plein dans ma biblioth\u00e8que! C&#039;est \u00e0 cet endroit que je conserve tous mes fichiers imprimables, mes fichiers de d\u00e9coupe, etc. J&#039;adore les cr\u00e9er et les partager avec vous! Ma biblioth\u00e8que est gratuite et ouverte \u00e0 tous! Pour y avoir acc\u00e8s, vous aurez besoin d&#039;un mot de [&hellip;]\" \/>\n<meta property=\"og:url\" content=\"https:\/\/nelidesign.com\/fr\/obtenir-mot-de-passe\/\" \/>\n<meta property=\"og:site_name\" content=\"NeliDesign\" \/>\n<meta property=\"article:publisher\" content=\"https:\/\/www.facebook.com\/Natalie.NeliDesign\/\" \/>\n<meta property=\"article:modified_time\" content=\"2024-07-15T17:40:03+00:00\" \/>\n<meta property=\"og:image\" content=\"https:\/\/nelidesign.com\/wp-content\/uploads\/2020\/11\/Neli-Design-Yoast-FB-1.png\" \/>\n\t<meta property=\"og:image:width\" content=\"1200\" \/>\n\t<meta property=\"og:image:height\" content=\"630\" \/>\n\t<meta property=\"og:image:type\" content=\"image\/png\" \/>\n<meta name=\"twitter:card\" content=\"summary_large_image\" \/>\n<meta name=\"twitter:site\" content=\"@nelidesign\" \/>\n<meta name=\"twitter:label1\" content=\"Dur\u00e9e de lecture estim\u00e9e\" \/>\n\t<meta name=\"twitter:data1\" content=\"2 minutes\" \/>\n<script type=\"application\/ld+json\" class=\"yoast-schema-graph\">{\"@context\":\"https:\\\/\\\/schema.org\",\"@graph\":[{\"@type\":\"WebPage\",\"@id\":\"https:\\\/\\\/nelidesign.com\\\/fr\\\/obtenir-mot-de-passe\\\/\",\"url\":\"https:\\\/\\\/nelidesign.com\\\/fr\\\/obtenir-mot-de-passe\\\/\",\"name\":\"Obtenir un mot de passe - NeliDesign\",\"isPartOf\":{\"@id\":\"https:\\\/\\\/nelidesign.com\\\/fr\\\/#website\"},\"datePublished\":\"2020-02-28T17:27:51+00:00\",\"dateModified\":\"2024-07-15T17:40:03+00:00\",\"breadcrumb\":{\"@id\":\"https:\\\/\\\/nelidesign.com\\\/fr\\\/obtenir-mot-de-passe\\\/#breadcrumb\"},\"inLanguage\":\"fr-FR\",\"potentialAction\":[{\"@type\":\"ReadAction\",\"target\":[\"https:\\\/\\\/nelidesign.com\\\/fr\\\/obtenir-mot-de-passe\\\/\"]}]},{\"@type\":\"BreadcrumbList\",\"@id\":\"https:\\\/\\\/nelidesign.com\\\/fr\\\/obtenir-mot-de-passe\\\/#breadcrumb\",\"itemListElement\":[{\"@type\":\"ListItem\",\"position\":1,\"name\":\"Home\",\"item\":\"https:\\\/\\\/nelidesign.com\\\/fr\\\/\"},{\"@type\":\"ListItem\",\"position\":2,\"name\":\"Obtenir un mot de passe\"}]},{\"@type\":\"WebSite\",\"@id\":\"https:\\\/\\\/nelidesign.com\\\/fr\\\/#website\",\"url\":\"https:\\\/\\\/nelidesign.com\\\/fr\\\/\",\"name\":\"NeliDesign\",\"description\":\"Projets cr\u00e9atifs pour une d\u00e9co qui vous plait\",\"publisher\":{\"@id\":\"https:\\\/\\\/nelidesign.com\\\/fr\\\/#\\\/schema\\\/person\\\/07194ebfb7711949a8cdd1a9da087cdd\"},\"potentialAction\":[{\"@type\":\"SearchAction\",\"target\":{\"@type\":\"EntryPoint\",\"urlTemplate\":\"https:\\\/\\\/nelidesign.com\\\/fr\\\/?s={search_term_string}\"},\"query-input\":{\"@type\":\"PropertyValueSpecification\",\"valueRequired\":true,\"valueName\":\"search_term_string\"}}],\"inLanguage\":\"fr-FR\"},{\"@type\":[\"Person\",\"Organization\"],\"@id\":\"https:\\\/\\\/nelidesign.com\\\/fr\\\/#\\\/schema\\\/person\\\/07194ebfb7711949a8cdd1a9da087cdd\",\"name\":\"Natalie\",\"image\":{\"@type\":\"ImageObject\",\"inLanguage\":\"fr-FR\",\"@id\":\"https:\\\/\\\/nelidesign.com\\\/wp-content\\\/uploads\\\/2021\\\/10\\\/Natalie2021-1.jpg\",\"url\":\"https:\\\/\\\/nelidesign.com\\\/wp-content\\\/uploads\\\/2021\\\/10\\\/Natalie2021-1.jpg\",\"contentUrl\":\"https:\\\/\\\/nelidesign.com\\\/wp-content\\\/uploads\\\/2021\\\/10\\\/Natalie2021-1.jpg\",\"width\":350,\"height\":500,\"caption\":\"Natalie\"},\"logo\":{\"@id\":\"https:\\\/\\\/nelidesign.com\\\/wp-content\\\/uploads\\\/2021\\\/10\\\/Natalie2021-1.jpg\"},\"sameAs\":[\"https:\\\/\\\/nelidesign.com\\\/about-me2\\\/\",\"https:\\\/\\\/www.facebook.com\\\/Natalie.NeliDesign\\\/\",\"https:\\\/\\\/www.instagram.com\\\/Natalie.NeliDesign\\\/\",\"https:\\\/\\\/www.pinterest.com\\\/nelidesign\\\/\",\"https:\\\/\\\/www.youtube.com\\\/nelidesign\"]}]}<\/script>\n<!-- \/ Yoast SEO plugin. -->","yoast_head_json":{"title":"Obtenir un mot de passe - NeliDesign","robots":{"index":"index","follow":"follow","max-snippet":"max-snippet:-1","max-image-preview":"max-image-preview:large","max-video-preview":"max-video-preview:-1"},"canonical":"https:\/\/nelidesign.com\/fr\/obtenir-mot-de-passe\/","og_locale":"fr_FR","og_type":"article","og_title":"Obtenir un mot de passe - NeliDesign","og_description":"Salut toi! Int\u00e9ress\u00e9 par des gratuit\u00e9s? J'en ai tout plein dans ma biblioth\u00e8que! C'est \u00e0 cet endroit que je conserve tous mes fichiers imprimables, mes fichiers de d\u00e9coupe, etc. J'adore les cr\u00e9er et les partager avec vous! Ma biblioth\u00e8que est gratuite et ouverte \u00e0 tous! Pour y avoir acc\u00e8s, vous aurez besoin d'un mot de [&hellip;]","og_url":"https:\/\/nelidesign.com\/fr\/obtenir-mot-de-passe\/","og_site_name":"NeliDesign","article_publisher":"https:\/\/www.facebook.com\/Natalie.NeliDesign\/","article_modified_time":"2024-07-15T17:40:03+00:00","og_image":[{"width":1200,"height":630,"url":"https:\/\/nelidesign.com\/wp-content\/uploads\/2020\/11\/Neli-Design-Yoast-FB-1.png","type":"image\/png"}],"twitter_card":"summary_large_image","twitter_site":"@nelidesign","twitter_misc":{"Dur\u00e9e de lecture estim\u00e9e":"2 minutes"},"schema":{"@context":"https:\/\/schema.org","@graph":[{"@type":"WebPage","@id":"https:\/\/nelidesign.com\/fr\/obtenir-mot-de-passe\/","url":"https:\/\/nelidesign.com\/fr\/obtenir-mot-de-passe\/","name":"Obtenir un mot de passe - NeliDesign","isPartOf":{"@id":"https:\/\/nelidesign.com\/fr\/#website"},"datePublished":"2020-02-28T17:27:51+00:00","dateModified":"2024-07-15T17:40:03+00:00","breadcrumb":{"@id":"https:\/\/nelidesign.com\/fr\/obtenir-mot-de-passe\/#breadcrumb"},"inLanguage":"fr-FR","potentialAction":[{"@type":"ReadAction","target":["https:\/\/nelidesign.com\/fr\/obtenir-mot-de-passe\/"]}]},{"@type":"BreadcrumbList","@id":"https:\/\/nelidesign.com\/fr\/obtenir-mot-de-passe\/#breadcrumb","itemListElement":[{"@type":"ListItem","position":1,"name":"Home","item":"https:\/\/nelidesign.com\/fr\/"},{"@type":"ListItem","position":2,"name":"Obtenir un mot de passe"}]},{"@type":"WebSite","@id":"https:\/\/nelidesign.com\/fr\/#website","url":"https:\/\/nelidesign.com\/fr\/","name":"NeliDesign","description":"Projets cr\u00e9atifs pour une d\u00e9co qui vous plait","publisher":{"@id":"https:\/\/nelidesign.com\/fr\/#\/schema\/person\/07194ebfb7711949a8cdd1a9da087cdd"},"potentialAction":[{"@type":"SearchAction","target":{"@type":"EntryPoint","urlTemplate":"https:\/\/nelidesign.com\/fr\/?s={search_term_string}"},"query-input":{"@type":"PropertyValueSpecification","valueRequired":true,"valueName":"search_term_string"}}],"inLanguage":"fr-FR"},{"@type":["Person","Organization"],"@id":"https:\/\/nelidesign.com\/fr\/#\/schema\/person\/07194ebfb7711949a8cdd1a9da087cdd","name":"Natalie","image":{"@type":"ImageObject","inLanguage":"fr-FR","@id":"https:\/\/nelidesign.com\/wp-content\/uploads\/2021\/10\/Natalie2021-1.jpg","url":"https:\/\/nelidesign.com\/wp-content\/uploads\/2021\/10\/Natalie2021-1.jpg","contentUrl":"https:\/\/nelidesign.com\/wp-content\/uploads\/2021\/10\/Natalie2021-1.jpg","width":350,"height":500,"caption":"Natalie"},"logo":{"@id":"https:\/\/nelidesign.com\/wp-content\/uploads\/2021\/10\/Natalie2021-1.jpg"},"sameAs":["https:\/\/nelidesign.com\/about-me2\/","https:\/\/www.facebook.com\/Natalie.NeliDesign\/","https:\/\/www.instagram.com\/Natalie.NeliDesign\/","https:\/\/www.pinterest.com\/nelidesign\/","https:\/\/www.youtube.com\/nelidesign"]}]}},"featured_image_src":null,"featured_image_src_square":null,"_links":{"self":[{"href":"https:\/\/nelidesign.com\/fr\/wp-json\/wp\/v2\/pages\/13415","targetHints":{"allow":["GET"]}}],"collection":[{"href":"https:\/\/nelidesign.com\/fr\/wp-json\/wp\/v2\/pages"}],"about":[{"href":"https:\/\/nelidesign.com\/fr\/wp-json\/wp\/v2\/types\/page"}],"author":[{"embeddable":true,"href":"https:\/\/nelidesign.com\/fr\/wp-json\/wp\/v2\/users\/1"}],"replies":[{"embeddable":true,"href":"https:\/\/nelidesign.com\/fr\/wp-json\/wp\/v2\/comments?post=13415"}],"version-history":[{"count":11,"href":"https:\/\/nelidesign.com\/fr\/wp-json\/wp\/v2\/pages\/13415\/revisions"}],"predecessor-version":[{"id":43011,"href":"https:\/\/nelidesign.com\/fr\/wp-json\/wp\/v2\/pages\/13415\/revisions\/43011"}],"wp:attachment":[{"href":"https:\/\/nelidesign.com\/fr\/wp-json\/wp\/v2\/media?parent=13415"}],"curies":[{"name":"wp","href":"https:\/\/api.w.org\/{rel}","templated":true}]}} 