{"id":13040,"date":"2020-01-13T16:42:51","date_gmt":"2020-01-13T21:42:51","guid":{"rendered":"https:\/\/nelidesign.com\/?page_id=13040"},"modified":"2023-03-03T10:19:29","modified_gmt":"2023-03-03T15:19:29","slug":"a-propos","status":"publish","type":"page","link":"https:\/\/nelidesign.com\/fr\/a-propos\/","title":{"rendered":"\u00c0 propos"},"content":{"rendered":"\n<p>Salut! Je suis tellement contente que vous soyez l\u00e0!<\/p>\n\n\n\n<p>Je m'appelle Natalie!<\/p>\n\n\n\n<p>J'aide les gens \u00e0 obtenir le maximum de leurs produits Cricut en r\u00e9alisant des bricos utiles pour la d\u00e9co et l'organisation de leur maison.<\/p>\n\n\n\n<p>Je vous connais vous! Oui, oui, VOUS l\u00e0!<\/p>\n\n\n\n<p>Vous avez une super machine Cricut.&nbsp;<\/p>\n\n\n\n<p>Elle est l\u00e0, sur votre table de travail (ou peut-\u00eatre m\u00eame encore dans sa bo\u00eete ????? )<\/p>\n\n\n\n<p>Vous voulez l'apprivoiser, mais vous ne savez pas par o\u00f9 commencer.<\/p>\n\n\n\n<p>Juste la regarder vous intimide.<\/p>\n\n\n\n<p>Toutes les fonctions, les lames, les tapis -- vous vous sentez tellement d\u00e9pass\u00e9!<\/p>\n\n\n\n<p>Et chercher les r\u00e9ponses sur internet vous donne des maux de t\u00eate\u2026<\/p>\n\n\n\n<p>Et bien, ARR\u00caTEZ tout de suite de vous en faire, puisque vous avez finalement trouv\u00e9 la solution!<\/p>\n\n\n\n<p>Je suis l\u00e0 pour vous montrer comment utiliser vos produits Cricut \u00e0 leur plein potentiel tout en faisant des bricos jolies et utiles.<\/p>\n\n\n\n<p>Savez-vous pourquoi? Et bien, parce que j'ai d\u00e9j\u00e0 \u00e9t\u00e9 exactement o\u00f9 vous \u00eates!<\/p>\n\n\n\n<p>Vous voyez, j'ai achet\u00e9 une des toutes premi\u00e8res Cricut qui a \u00e9t\u00e9 vendue. Dans ce temps, il fallait acheter des cartouches pour couper quoi que ce soit et, soyons honn\u00eates, c'\u00e9tait \u00e9pouvantable! Et tellement dispendieux pour avoir m\u00eame une <em>toute petite<\/em> vari\u00e9t\u00e9.<\/p>\n\n\n\n<p>Mais les produits Cricut ont \u00e9volu\u00e9s bien au-del\u00e0 des cartouches! Avec tous les outils maintenant disponibles, les fa\u00e7ons de les utiliser pour d\u00e9corer et organiser votre maison sont infinies.<\/p>\n\n\n\n<p>Et vous savez quoi? Je continue d'apprendre de nouvelles choses tous les jours et je partagerai tous mes trucs et astuces avec vous.<\/p>\n\n\n\n<p>Je crois profond\u00e9ment que:<\/p>\n\n\n\n<ul class=\"wp-block-list\">\n<li>Vous avez d\u00e9pens\u00e9 assez d'argent sur cette machine. Vous devriez \u00eatre capable de faire tout ce que vous voulez!<\/li>\n\n\n\n<li>Vous ne devriez pas avoir \u00e0 \u00eatre un g\u00e9nie technique pour faire fonctionner une Cricut.<\/li>\n\n\n\n<li>Il n'y a pas de probl\u00e8mes, juste des solutions!<\/li>\n\n\n\n<li>Et pour \u00eatre honn\u00eate, je crois aussi qu'un verre de vin et une bonne s\u00e9rie Netflix peuvent gu\u00e9rir n'importe quelle mauvaise journ\u00e9e (mais \u00e7a, c'est pour une autre conversation!)<\/li>\n<\/ul>\n\n\n\n<h2 class=\"wp-block-heading\">Comment tout a d\u00e9but\u00e9<\/h2>\n\n\n\n<p>J'ai commenc\u00e9 ce blogue en 2012 dans le but de pouvoir exprimer mon c\u00f4t\u00e9 artistique. Je suis une personne tr\u00e8s cr\u00e9ative, mais le domaine dans lequel je travaillais ne me permettait pas d'utiliser pleinement cette cr\u00e9ativit\u00e9. J'ai donc commenc\u00e9 \u00e0 faire du scrapbooking lorsque j'ai eu ma fille (qui peut r\u00e9sister \u00e0 des photos de b\u00e9b\u00e9s!) et j'ai ensuite fait de plus en plus de projets de d\u00e9cos et d'organisation pour la maison, les partageant \u00e0 une audience grandissante.<\/p>\n\n\n\n<p>Mon blogue est rapidement devenu mon obsession apr\u00e8s-boulot.<\/p>\n\n\n\n<p>Un jour, mon mari m'a donn\u00e9 une Cricut Maker et un nouveau monde de possibilit\u00e9s s'est r\u00e9v\u00e9l\u00e9. Je ne pense pas qu'il savait dans quoi il s'\u00e9tait embarqu\u00e9! Haha!<\/p>\n\n\n\n<p>J'avais d\u00e9j\u00e0 eu une Cricut, la toute premi\u00e8re autour de 2007, celle qui fonctionnait avec des cartouches et qui \u00e9tait tr\u00e8s limit\u00e9e! Je l'utilisais surtout pour faire du lettrage dans mes pages de Scrapbooking. Entre cette Cricut et la Maker, c'\u00e9tait toute une \u00e9volution! Tellement, que j'\u00e9tais comme vous, je regardais ma Maker et je me disais: \"Mais par o\u00f9 je commence?\"<\/p>\n\n\n\n<p>J'ai ainsi d\u00e9cid\u00e9 de combiner mes deux passions ensemble: blogue et Cricut pour vous enseigner toutes les possibilit\u00e9s!<\/p>\n\n\n\n<p>Je suis d\u00e9di\u00e9 \u00e0 vous montrer comment ma\u00eetriser votre Cricut en vous donnant des projets pratiques qui vous m\u00e8neront graduellement de d\u00e9butant \u00e0 professionnel!<\/p>\n\n\n\n<p>Avant de vous quitter, je veux vous inviter \u00e0 rejoindre ma communaut\u00e9 et ma liste de diffusion. En vous inscrivant (c'est gratuit), vous aurez acc\u00e8s ma <strong>biblioth\u00e8que de ressources digitales<\/strong> vous permettant de <strong>t\u00e9l\u00e9charger des fichiers gratuitement<\/strong>, tels que des <strong>fichiers de d\u00e9coupe SVG<\/strong>, des aide-m\u00e9moires Cricut et des patrons.<\/p>\n\n\n\n<p>Simplement remplir le formulaire ci-dessous.<\/p>\n\n\n\n\n\n<h2 class=\"wp-block-heading\">Un peu plus \u00e0 propos de moi<\/h2>\n\n\n<div class=\"wp-block-image\">\n<figure class=\"aligncenter size-large\"><img decoding=\"async\" width=\"750\" height=\"500\" fetchpriority=\"high\" src=\"https:\/\/nelidesign.com\/wp-content\/uploads\/2021\/03\/Natalie-Irlande.jpg\" alt=\"\" class=\"wp-image-20531\" srcset=\"https:\/\/nelidesign.com\/wp-content\/uploads\/2021\/03\/Natalie-Irlande.jpg 750w, https:\/\/nelidesign.com\/wp-content\/uploads\/2021\/03\/Natalie-Irlande-600x400.jpg 600w, https:\/\/nelidesign.com\/wp-content\/uploads\/2021\/03\/Natalie-Irlande-250x167.jpg 250w, https:\/\/nelidesign.com\/wp-content\/uploads\/2021\/03\/Natalie-Irlande-550x367.jpg 550w\" sizes=\"(max-width: 750px) 100vw, 750px\" \/><\/figure>\n<\/div>\n\n\n<p>H\u00e9, c'est moi sur cette photo! Si vous vous demandez d'o\u00f9 vient ce mignon accent, et bien, il vient du Qu\u00e9bec, Canada.<\/p>\n\n\n\n<p>Que mes vid\u00e9os soient en anglais ou en fran\u00e7ais, la majorit\u00e9 de la plan\u00e8te trouve que j'ai un accent! C'est la magie d'internet! Mais tant qu'on se comprend, c'est l'important!<\/p>\n\n\n\n<p>Alors quoi dire de plus. J'ai deux enfants et un mari que j'adore. Oh, et un oh-trop-mignon Labrador qui se nomme Dash. Mes enfants n'arr\u00eatent pas de me dire que je l'aime trop! Mais c'est mon b\u00e9b\u00e9 et avouez qu'il est mignon!!<\/p>\n\n\n\n<figure class=\"wp-block-image size-large\"><img decoding=\"async\" width=\"860\" height=\"645\" src=\"https:\/\/nelidesign.com\/wp-content\/uploads\/2021\/03\/Natalie-1.jpg\" alt=\"\" class=\"wp-image-20535\" srcset=\"https:\/\/nelidesign.com\/wp-content\/uploads\/2021\/03\/Natalie-1.jpg 860w, https:\/\/nelidesign.com\/wp-content\/uploads\/2021\/03\/Natalie-1-250x188.jpg 250w, https:\/\/nelidesign.com\/wp-content\/uploads\/2021\/03\/Natalie-1-550x413.jpg 550w, https:\/\/nelidesign.com\/wp-content\/uploads\/2021\/03\/Natalie-1-800x600.jpg 800w\" sizes=\"(max-width: 860px) 100vw, 860px\" \/><\/figure>\n\n\n\n<p>Merci d'\u00eatre l\u00e0!<br><\/p>\n\n\n\n<p>Natalie<\/p>\n","protected":false},"excerpt":{"rendered":"<p>Salut! Je suis tellement contente que vous soyez l\u00e0! Je m'appelle Natalie! J'aide les gens \u00e0 obtenir le maximum de leurs produits Cricut en r\u00e9alisant des bricos utiles pour la d\u00e9co et l'organisation de leur maison. Je vous connais vous! Oui, oui, VOUS l\u00e0! Vous avez une super machine Cricut.&nbsp; Elle est l\u00e0, sur votre [&hellip;]<\/p>\n","protected":false},"author":1,"featured_media":0,"parent":0,"menu_order":0,"comment_status":"closed","ping_status":"closed","template":"layouts\/content-width-no-heading.php","meta":{"_genesis_hide_title":false,"_genesis_hide_breadcrumbs":false,"_genesis_hide_singular_image":false,"_genesis_hide_footer_widgets":false,"_genesis_custom_body_class":"","_genesis_custom_post_class":"","_genesis_layout":"","footnotes":""},"class_list":{"0":"post-13040","1":"page","2":"type-page","3":"status-publish","5":"entry","6":"has-post-thumbnail"},"yoast_head":"<!-- This site is optimized with the Yoast SEO plugin v27.3 - https:\/\/yoast.com\/product\/yoast-seo-wordpress\/ -->\n<title>\u00c0 propos - NeliDesign<\/title>\n<meta name=\"description\" content=\"Je suis l\u00e0 pour vous montrer, avec des tutoriels en fran\u00e7ais, comment utiliser vos produits Cricut tout en faisant des bricos jolies et utiles.\" \/>\n<meta name=\"robots\" content=\"index, follow, max-snippet:-1, max-image-preview:large, max-video-preview:-1\" \/>\n<link rel=\"canonical\" href=\"https:\/\/nelidesign.com\/fr\/a-propos\/\" \/>\n<meta property=\"og:locale\" content=\"fr_FR\" \/>\n<meta property=\"og:type\" content=\"article\" \/>\n<meta property=\"og:title\" content=\"\u00c0 propos - NeliDesign\" \/>\n<meta property=\"og:description\" content=\"Je suis l\u00e0 pour vous montrer, avec des tutoriels en fran\u00e7ais, comment utiliser vos produits Cricut tout en faisant des bricos jolies et utiles.\" \/>\n<meta property=\"og:url\" content=\"https:\/\/nelidesign.com\/fr\/a-propos\/\" \/>\n<meta property=\"og:site_name\" content=\"NeliDesign\" \/>\n<meta property=\"article:publisher\" content=\"https:\/\/www.facebook.com\/Natalie.NeliDesign\/\" \/>\n<meta property=\"article:modified_time\" content=\"2023-03-03T15:19:29+00:00\" \/>\n<meta property=\"og:image\" content=\"https:\/\/nelidesign.com\/wp-content\/uploads\/2021\/03\/Natalie-Irlande.jpg\" \/>\n<meta name=\"twitter:card\" content=\"summary_large_image\" \/>\n<meta name=\"twitter:site\" content=\"@nelidesign\" \/>\n<meta name=\"twitter:label1\" content=\"Dur\u00e9e de lecture estim\u00e9e\" \/>\n\t<meta name=\"twitter:data1\" content=\"4 minutes\" \/>\n<script type=\"application\/ld+json\" class=\"yoast-schema-graph\">{\"@context\":\"https:\\\/\\\/schema.org\",\"@graph\":[{\"@type\":\"WebPage\",\"@id\":\"https:\\\/\\\/nelidesign.com\\\/fr\\\/a-propos\\\/\",\"url\":\"https:\\\/\\\/nelidesign.com\\\/fr\\\/a-propos\\\/\",\"name\":\"\u00c0 propos - NeliDesign\",\"isPartOf\":{\"@id\":\"https:\\\/\\\/nelidesign.com\\\/fr\\\/#website\"},\"primaryImageOfPage\":{\"@id\":\"https:\\\/\\\/nelidesign.com\\\/fr\\\/a-propos\\\/#primaryimage\"},\"image\":{\"@id\":\"https:\\\/\\\/nelidesign.com\\\/fr\\\/a-propos\\\/#primaryimage\"},\"thumbnailUrl\":\"https:\\\/\\\/nelidesign.com\\\/wp-content\\\/uploads\\\/2021\\\/03\\\/Natalie-Irlande.jpg\",\"datePublished\":\"2020-01-13T21:42:51+00:00\",\"dateModified\":\"2023-03-03T15:19:29+00:00\",\"description\":\"Je suis l\u00e0 pour vous montrer, avec des tutoriels en fran\u00e7ais, comment utiliser vos produits Cricut tout en faisant des bricos jolies et utiles.\",\"breadcrumb\":{\"@id\":\"https:\\\/\\\/nelidesign.com\\\/fr\\\/a-propos\\\/#breadcrumb\"},\"inLanguage\":\"fr-FR\",\"potentialAction\":[{\"@type\":\"ReadAction\",\"target\":[\"https:\\\/\\\/nelidesign.com\\\/fr\\\/a-propos\\\/\"]}]},{\"@type\":\"ImageObject\",\"inLanguage\":\"fr-FR\",\"@id\":\"https:\\\/\\\/nelidesign.com\\\/fr\\\/a-propos\\\/#primaryimage\",\"url\":\"https:\\\/\\\/nelidesign.com\\\/wp-content\\\/uploads\\\/2021\\\/03\\\/Natalie-Irlande.jpg\",\"contentUrl\":\"https:\\\/\\\/nelidesign.com\\\/wp-content\\\/uploads\\\/2021\\\/03\\\/Natalie-Irlande.jpg\"},{\"@type\":\"BreadcrumbList\",\"@id\":\"https:\\\/\\\/nelidesign.com\\\/fr\\\/a-propos\\\/#breadcrumb\",\"itemListElement\":[{\"@type\":\"ListItem\",\"position\":1,\"name\":\"Home\",\"item\":\"https:\\\/\\\/nelidesign.com\\\/fr\\\/\"},{\"@type\":\"ListItem\",\"position\":2,\"name\":\"\u00c0 propos\"}]},{\"@type\":\"WebSite\",\"@id\":\"https:\\\/\\\/nelidesign.com\\\/fr\\\/#website\",\"url\":\"https:\\\/\\\/nelidesign.com\\\/fr\\\/\",\"name\":\"NeliDesign\",\"description\":\"Projets cr\u00e9atifs pour une d\u00e9co qui vous plait\",\"publisher\":{\"@id\":\"https:\\\/\\\/nelidesign.com\\\/fr\\\/#\\\/schema\\\/person\\\/07194ebfb7711949a8cdd1a9da087cdd\"},\"potentialAction\":[{\"@type\":\"SearchAction\",\"target\":{\"@type\":\"EntryPoint\",\"urlTemplate\":\"https:\\\/\\\/nelidesign.com\\\/fr\\\/?s={search_term_string}\"},\"query-input\":{\"@type\":\"PropertyValueSpecification\",\"valueRequired\":true,\"valueName\":\"search_term_string\"}}],\"inLanguage\":\"fr-FR\"},{\"@type\":[\"Person\",\"Organization\"],\"@id\":\"https:\\\/\\\/nelidesign.com\\\/fr\\\/#\\\/schema\\\/person\\\/07194ebfb7711949a8cdd1a9da087cdd\",\"name\":\"Natalie\",\"image\":{\"@type\":\"ImageObject\",\"inLanguage\":\"fr-FR\",\"@id\":\"https:\\\/\\\/nelidesign.com\\\/wp-content\\\/uploads\\\/2021\\\/10\\\/Natalie2021-1.jpg\",\"url\":\"https:\\\/\\\/nelidesign.com\\\/wp-content\\\/uploads\\\/2021\\\/10\\\/Natalie2021-1.jpg\",\"contentUrl\":\"https:\\\/\\\/nelidesign.com\\\/wp-content\\\/uploads\\\/2021\\\/10\\\/Natalie2021-1.jpg\",\"width\":350,\"height\":500,\"caption\":\"Natalie\"},\"logo\":{\"@id\":\"https:\\\/\\\/nelidesign.com\\\/wp-content\\\/uploads\\\/2021\\\/10\\\/Natalie2021-1.jpg\"},\"sameAs\":[\"https:\\\/\\\/nelidesign.com\\\/about-me2\\\/\",\"https:\\\/\\\/www.facebook.com\\\/Natalie.NeliDesign\\\/\",\"https:\\\/\\\/www.instagram.com\\\/Natalie.NeliDesign\\\/\",\"https:\\\/\\\/www.pinterest.com\\\/nelidesign\\\/\",\"https:\\\/\\\/www.youtube.com\\\/nelidesign\"]}]}<\/script>\n<!-- \/ Yoast SEO plugin. -->","yoast_head_json":{"title":"\u00c0 propos - NeliDesign","description":"Je suis l\u00e0 pour vous montrer, avec des tutoriels en fran\u00e7ais, comment utiliser vos produits Cricut tout en faisant des bricos jolies et utiles.","robots":{"index":"index","follow":"follow","max-snippet":"max-snippet:-1","max-image-preview":"max-image-preview:large","max-video-preview":"max-video-preview:-1"},"canonical":"https:\/\/nelidesign.com\/fr\/a-propos\/","og_locale":"fr_FR","og_type":"article","og_title":"\u00c0 propos - NeliDesign","og_description":"Je suis l\u00e0 pour vous montrer, avec des tutoriels en fran\u00e7ais, comment utiliser vos produits Cricut tout en faisant des bricos jolies et utiles.","og_url":"https:\/\/nelidesign.com\/fr\/a-propos\/","og_site_name":"NeliDesign","article_publisher":"https:\/\/www.facebook.com\/Natalie.NeliDesign\/","article_modified_time":"2023-03-03T15:19:29+00:00","og_image":[{"url":"https:\/\/nelidesign.com\/wp-content\/uploads\/2021\/03\/Natalie-Irlande.jpg","type":"","width":"","height":""}],"twitter_card":"summary_large_image","twitter_site":"@nelidesign","twitter_misc":{"Dur\u00e9e de lecture estim\u00e9e":"4 minutes"},"schema":{"@context":"https:\/\/schema.org","@graph":[{"@type":"WebPage","@id":"https:\/\/nelidesign.com\/fr\/a-propos\/","url":"https:\/\/nelidesign.com\/fr\/a-propos\/","name":"\u00c0 propos - NeliDesign","isPartOf":{"@id":"https:\/\/nelidesign.com\/fr\/#website"},"primaryImageOfPage":{"@id":"https:\/\/nelidesign.com\/fr\/a-propos\/#primaryimage"},"image":{"@id":"https:\/\/nelidesign.com\/fr\/a-propos\/#primaryimage"},"thumbnailUrl":"https:\/\/nelidesign.com\/wp-content\/uploads\/2021\/03\/Natalie-Irlande.jpg","datePublished":"2020-01-13T21:42:51+00:00","dateModified":"2023-03-03T15:19:29+00:00","description":"Je suis l\u00e0 pour vous montrer, avec des tutoriels en fran\u00e7ais, comment utiliser vos produits Cricut tout en faisant des bricos jolies et utiles.","breadcrumb":{"@id":"https:\/\/nelidesign.com\/fr\/a-propos\/#breadcrumb"},"inLanguage":"fr-FR","potentialAction":[{"@type":"ReadAction","target":["https:\/\/nelidesign.com\/fr\/a-propos\/"]}]},{"@type":"ImageObject","inLanguage":"fr-FR","@id":"https:\/\/nelidesign.com\/fr\/a-propos\/#primaryimage","url":"https:\/\/nelidesign.com\/wp-content\/uploads\/2021\/03\/Natalie-Irlande.jpg","contentUrl":"https:\/\/nelidesign.com\/wp-content\/uploads\/2021\/03\/Natalie-Irlande.jpg"},{"@type":"BreadcrumbList","@id":"https:\/\/nelidesign.com\/fr\/a-propos\/#breadcrumb","itemListElement":[{"@type":"ListItem","position":1,"name":"Home","item":"https:\/\/nelidesign.com\/fr\/"},{"@type":"ListItem","position":2,"name":"\u00c0 propos"}]},{"@type":"WebSite","@id":"https:\/\/nelidesign.com\/fr\/#website","url":"https:\/\/nelidesign.com\/fr\/","name":"NeliDesign","description":"Projets cr\u00e9atifs pour une d\u00e9co qui vous plait","publisher":{"@id":"https:\/\/nelidesign.com\/fr\/#\/schema\/person\/07194ebfb7711949a8cdd1a9da087cdd"},"potentialAction":[{"@type":"SearchAction","target":{"@type":"EntryPoint","urlTemplate":"https:\/\/nelidesign.com\/fr\/?s={search_term_string}"},"query-input":{"@type":"PropertyValueSpecification","valueRequired":true,"valueName":"search_term_string"}}],"inLanguage":"fr-FR"},{"@type":["Person","Organization"],"@id":"https:\/\/nelidesign.com\/fr\/#\/schema\/person\/07194ebfb7711949a8cdd1a9da087cdd","name":"Natalie","image":{"@type":"ImageObject","inLanguage":"fr-FR","@id":"https:\/\/nelidesign.com\/wp-content\/uploads\/2021\/10\/Natalie2021-1.jpg","url":"https:\/\/nelidesign.com\/wp-content\/uploads\/2021\/10\/Natalie2021-1.jpg","contentUrl":"https:\/\/nelidesign.com\/wp-content\/uploads\/2021\/10\/Natalie2021-1.jpg","width":350,"height":500,"caption":"Natalie"},"logo":{"@id":"https:\/\/nelidesign.com\/wp-content\/uploads\/2021\/10\/Natalie2021-1.jpg"},"sameAs":["https:\/\/nelidesign.com\/about-me2\/","https:\/\/www.facebook.com\/Natalie.NeliDesign\/","https:\/\/www.instagram.com\/Natalie.NeliDesign\/","https:\/\/www.pinterest.com\/nelidesign\/","https:\/\/www.youtube.com\/nelidesign"]}]}},"featured_image_src":null,"featured_image_src_square":null,"_links":{"self":[{"href":"https:\/\/nelidesign.com\/fr\/wp-json\/wp\/v2\/pages\/13040","targetHints":{"allow":["GET"]}}],"collection":[{"href":"https:\/\/nelidesign.com\/fr\/wp-json\/wp\/v2\/pages"}],"about":[{"href":"https:\/\/nelidesign.com\/fr\/wp-json\/wp\/v2\/types\/page"}],"author":[{"embeddable":true,"href":"https:\/\/nelidesign.com\/fr\/wp-json\/wp\/v2\/users\/1"}],"replies":[{"embeddable":true,"href":"https:\/\/nelidesign.com\/fr\/wp-json\/wp\/v2\/comments?post=13040"}],"version-history":[{"count":5,"href":"https:\/\/nelidesign.com\/fr\/wp-json\/wp\/v2\/pages\/13040\/revisions"}],"predecessor-version":[{"id":38726,"href":"https:\/\/nelidesign.com\/fr\/wp-json\/wp\/v2\/pages\/13040\/revisions\/38726"}],"wp:attachment":[{"href":"https:\/\/nelidesign.com\/fr\/wp-json\/wp\/v2\/media?parent=13040"}],"curies":[{"name":"wp","href":"https:\/\/api.w.org\/{rel}","templated":true}]}} 